{"id":28033,"date":"2024-09-23T07:37:03","date_gmt":"2024-09-23T07:37:03","guid":{"rendered":"https:\/\/bizum.com\/es\/integrar-bizum-per-donacions\/"},"modified":"2025-01-16T13:22:25","modified_gmt":"2025-01-16T13:22:25","slug":"integrar-bizum-per-donacions","status":"publish","type":"page","link":"https:\/\/bizum.com\/es\/ca\/integrar-bizum-per-donacions\/","title":{"rendered":"Integra Bizum per a donacions"},"content":{"rendered":"\n<div class=\"wp-block-columns is-layout-flex wp-container-core-columns-is-layout-28f84493 wp-block-columns-is-layout-flex\">\n<div class=\"wp-block-column is-vertically-aligned-center is-layout-flow wp-block-column-is-layout-flow\">\n<h2 class=\"wp-block-heading has-xl-font-size\">Descobreix com rebre donacions amb Bizum<\/h2>\n\n\n\n<p style=\"padding-top:var(--wp--preset--spacing--2);padding-bottom:var(--wp--preset--spacing--2)\">Aconsegueix el teu codi de donaci\u00f3 de cinc xifres i posa-ho f\u00e0cil als teus donants per col\u00b7laborar<\/p>\n<\/div>\n\n\n\n<div class=\"wp-block-column is-layout-flow wp-block-column-is-layout-flow\">\n\n<figure \n  class=\"wp-ax-image  wp-animated-image ax-image__x has-square-left  has-blue-squares ax-image__double \" \n  class=\"align wp-block-acf-mnz-animated-image\" \n  >\n  <div class=\"ax-image__item ax-image__bar-wrapper\">\n    <div class=\"ax-image__item-bar ax-image__item-bar-1\"><\/div>\n          <div class=\"ax-image__item-bar ax-image__item-bar-2\"><\/div>\n      <\/div>\n  <figure class=\"ax-image__item ax-image__figure\">\n    <img loading=\"lazy\" decoding=\"async\" width=\"616\" height=\"598\" src=\"https:\/\/bizum.com\/es\/wp-content\/uploads\/2024\/07\/identificador-online-bizum.png\" class=\"attachment-full size-full\" alt=\"\" srcset=\"https:\/\/bizum.com\/es\/wp-content\/uploads\/2024\/07\/identificador-online-bizum.png 616w, https:\/\/bizum.com\/es\/wp-content\/uploads\/2024\/07\/identificador-online-bizum-300x291.png 300w\" sizes=\"auto, (max-width: 616px) 100vw, 616px\" \/>  <\/figure>\n<\/figure><\/div>\n<\/div>\n\n<div class=\"wp-block-columns has-white-100-color has-background-blue-600-background-color has-text-color has-background has-link-color wp-elements-1f1d7b3167c703e7b8909bb4ee0ee441 is-layout-flex wp-container-core-columns-is-layout-966ac77c wp-block-columns-is-layout-flex\" style=\"border-radius:32px;margin-top:var(--wp--preset--spacing--2);margin-bottom:var(--wp--preset--spacing--2);padding-top:var(--wp--preset--spacing--2);padding-right:var(--wp--preset--spacing--2);padding-bottom:var(--wp--preset--spacing--2);padding-left:var(--wp--preset--spacing--2)\">\n<div class=\"wp-block-column is-layout-flow wp-block-column-is-layout-flow\">\n<h2 class=\"wp-block-heading has-text-align-center has-text-white-500-color has-text-color has-link-color has-l-font-size wp-elements-12bbbce40c8aa98b26ed519006460592\" style=\"padding-bottom:var(--wp--preset--spacing--2)\">Com oferir Bizum a la teva organitzaci\u00f3?<\/h2>\n\n\n\n<div class=\"wp-block-columns is-layout-flex wp-container-core-columns-is-layout-28f84493 wp-block-columns-is-layout-flex\">\n<div class=\"wp-block-column is-vertically-aligned-center is-layout-flow wp-block-column-is-layout-flow\" style=\"padding-bottom:var(--wp--preset--spacing--3)\">\n<p class=\"has-text-align-center has-text-white-500-color has-text-color has-link-color wp-elements-9f25242398499cc2a8e947555ee9fc3c\">Per qualsevol dubte sobre el proc\u00e9s, contacta amb la teva entitat banc\u00e0ria o amb Bizum<\/p>\n\n\n\n<div class=\"wp-button-wrapper wp-elements-47657151367af767be8d4668ab5306b8\">\n  <a class=\"align-center wp-button-link has-border-bottom has-icon is-underlined has-icon-after icon-arrow-up-right has-button-link-white-500-color is-center wp-elements-47657151367af767be8d4668ab5306b8\"\n    data-event=\"null\"\n        target=\"\"\n    href=\"https:\/\/bizum.com\/contacto\/\"\n        style=\"margin-top:var(--wp--preset--spacing--1);margin-bottom:var(--wp--preset--spacing--1);\" class=\"aligncenter wp-elements-47657151367af767be8d4668ab5306b8 wp-block-acf-mnz-button-link has-text-color has-button-link-white-500-color\">\n          <span class=\"cta-icon\">\n        <svg width=\"24\" height=\"24\" viewBox=\"0 0 24 24\" fill=\"none\" xmlns=\"http:\/\/www.w3.org\/2000\/svg\">\n<path d=\"M7.92308 6H18M18 6V16.0769M18 6L6 18\" stroke=\"black\" stroke-width=\"2\" stroke-linecap=\"round\" stroke-linejoin=\"round\"\/>\n<\/svg>\n      <\/span>\n    \n    <span class=\"cta-title\">\n      Contacta    <\/span>\n\n  <\/a>\n<\/div><\/div>\n<\/div>\n\n\n\n<div class=\"wp-block-columns is-layout-flex wp-container-core-columns-is-layout-28f84493 wp-block-columns-is-layout-flex\">\n<div class=\"wp-block-column is-layout-flow wp-block-column-is-layout-flow\">\n<div class=\"wp-chip  wp-chip has-background-blue-500-background-color wp-chip--text\" style=\"margin-bottom:var(--wp--preset--spacing--15);\" class=\"align wp-block-acf-mnz-chip has-background has-background-blue-500-background-color\">\n  01\n<\/div>\n\n\n<p class=\"has-text-white-500-color has-text-color has-link-color has-m-font-size wp-elements-f88172b94d18922d345df30a106025df\" style=\"padding-bottom:var(--wp--preset--spacing--1)\"><strong>Contacta amb el teu banc<\/strong><\/p>\n\n\n\n<p class=\"has-text-white-500-color has-text-color has-link-color wp-elements-b51d26324b5b324d195b6c0b630a9f2c\" style=\"padding-bottom:var(--wp--preset--spacing--1)\">Consulta el llistat de bancs que disposa de Bizum per a entitats socials<\/p>\n<\/div>\n\n\n\n<div class=\"wp-block-column is-layout-flow wp-block-column-is-layout-flow\">\n<div class=\"wp-chip  wp-chip has-background-blue-500-background-color wp-chip--text\" style=\"margin-bottom:var(--wp--preset--spacing--15);\" class=\"align wp-block-acf-mnz-chip has-background has-background-blue-500-background-color\">\n  02\n<\/div>\n\n\n<p class=\"has-text-white-500-color has-text-color has-link-color has-m-font-size wp-elements-f9263180693dd5320816b06569eab40d\" style=\"padding-bottom:var(--wp--preset--spacing--1)\"><strong>Habilita el teu codi  <\/strong><\/p>\n\n\n\n<p class=\"has-text-white-500-color has-text-color has-link-color wp-elements-0179c6565b575d4548f3db93802f03f1\" style=\"padding-bottom:var(--wp--preset--spacing--1)\">Demana al teu banc crear un codi de donaci\u00f3 de Bizum, format per cinc xifres, per a la teva causa<\/p>\n<\/div>\n\n\n\n<div class=\"wp-block-column is-layout-flow wp-block-column-is-layout-flow\">\n<div class=\"wp-chip  wp-chip has-background-blue-500-background-color wp-chip--text\" style=\"margin-bottom:var(--wp--preset--spacing--15);\" class=\"align wp-block-acf-mnz-chip has-background has-background-blue-500-background-color\">\n  03\n<\/div>\n\n\n<p class=\"has-text-white-500-color has-text-color has-link-color has-m-font-size wp-elements-585850aa91f61618142964b5d6706d00\" style=\"margin-bottom:var(--wp--preset--spacing--1)\"><strong>Rep donacions<\/strong><\/p>\n\n\n\n<p class=\"has-text-white-500-color has-text-color has-link-color wp-elements-355d0d4bf969f57f1eb42f3c57b9f745\" style=\"margin-bottom:var(--wp--preset--spacing--1)\">Un cop habilitat el codi de Bizum, podr\u00e0s comen\u00e7ar a rebre donacions directament al teu compte<\/p>\n<\/div>\n<\/div>\n<\/div>\n<\/div>\n\n<div class=\"wp-block-columns is-layout-flex wp-container-core-columns-is-layout-91ca3140 wp-block-columns-is-layout-flex\" style=\"border-radius:32px;margin-top:var(--wp--preset--spacing--2);margin-bottom:var(--wp--preset--spacing--2)\">\n<div class=\"wp-block-column is-layout-flow wp-block-column-is-layout-flow\">\n<h2 class=\"wp-block-heading has-l-font-size\">Bancs amb qu\u00e8 podr\u00e0s integrar Bizum<\/h2>\n\n\n\n<p class=\"has-sm-font-size\" style=\"padding-top:var(--wp--preset--spacing--1);padding-bottom:var(--wp--preset--spacing--2)\">Descobreix si l&#8217;entitat amb qu\u00e8 col\u00b7labores ofereix Bizum per a entitats socials. Si no la trobes, posa&#8217;t en contacte amb el teu banc per saber si estan treballant per oferir la soluci\u00f3 <\/p>\n\n\n\n<div id=\"content-entidades\"\n  data-filter=\"[56]\"\n  data-show-total=\"false\" \n  data-display-search-form=\"true\"\n  class=\"content-entidades\n  content-entidades-items-with-shadow\">\n<\/div><\/div>\n<\/div>\n\n<div class=\"wp-block-columns has-background-blue-600-background-color has-background is-layout-flex wp-container-core-columns-is-layout-a663031c wp-block-columns-is-layout-flex\" style=\"border-radius:32px;margin-bottom:var(--wp--preset--spacing--2);padding-top:var(--wp--preset--spacing--2);padding-right:var(--wp--preset--spacing--2);padding-bottom:var(--wp--preset--spacing--2);padding-left:var(--wp--preset--spacing--2)\">\n<div class=\"wp-block-column is-layout-flow wp-block-column-is-layout-flow\">\n<h2 class=\"wp-block-heading has-text-white-500-color has-text-color has-link-color has-l-font-size wp-elements-892f0b05c9e42b2abb8cdc40291f664f\">Contacta&#8217;ns i resoldrem els teus dubtes<\/h2>\n\n\n\n<p class=\"has-text-white-500-color has-text-color has-link-color wp-elements-0bb07cc563edc0379ce4c313625dff07\" style=\"padding-top:var(--wp--preset--spacing--2);padding-bottom:var(--wp--preset--spacing--2)\">Escriu-nos i ens posarem en contacte amb tu tan aviat com puguem<\/p>\n<\/div>\n\n\n\n<div class=\"wp-block-column is-layout-flow wp-block-column-is-layout-flow\">\n<div class=\"wpcf7 no-js\" id=\"wpcf7-f29071-o1\" lang=\"ca\" dir=\"ltr\" data-wpcf7-id=\"29071\">\n<div class=\"screen-reader-response\"><p role=\"status\" aria-live=\"polite\" aria-atomic=\"true\"><\/p> <ul><\/ul><\/div>\n<form action=\"\/es\/ca\/wp-json\/wp\/v2\/pages\/28033#wpcf7-f29071-o1\" method=\"post\" class=\"wpcf7-form init\" aria-label=\"Contact form\" enctype=\"multipart\/form-data\" novalidate=\"novalidate\" data-status=\"init\">\n<fieldset class=\"hidden-fields-container\"><input type=\"hidden\" name=\"_wpcf7\" value=\"29071\" \/><input type=\"hidden\" name=\"_wpcf7_version\" value=\"6.1.5\" \/><input type=\"hidden\" name=\"_wpcf7_locale\" value=\"ca\" \/><input type=\"hidden\" name=\"_wpcf7_unit_tag\" value=\"wpcf7-f29071-o1\" \/><input type=\"hidden\" name=\"_wpcf7_container_post\" value=\"0\" \/><input type=\"hidden\" name=\"_wpcf7_posted_data_hash\" value=\"\" \/>\n<\/fieldset>\n<div id=\"contact\" class=\"content-form\">\n  <div class=\"grid-2 gap-2\">\n    <div class=\"item field\">\n      <label for=\"firstName\">Nom*<\/label>\n<span class=\"wpcf7-form-control-wrap\" data-name=\"firstName\"><input size=\"40\" maxlength=\"400\" class=\"wpcf7-form-control wpcf7-text wpcf7-validates-as-required text\" id=\"firstName\" aria-required=\"true\" aria-invalid=\"false\" placeholder=\"Nom\" value=\"\" type=\"text\" name=\"firstName\" \/><\/span>\n    <\/div>\n    <div class=\"item field\">\n      <label for=\"lastName\">Cognoms*<\/label>\n<span class=\"wpcf7-form-control-wrap\" data-name=\"lastName\"><input size=\"40\" maxlength=\"400\" class=\"wpcf7-form-control wpcf7-text wpcf7-validates-as-required text\" id=\"lastName\" aria-required=\"true\" aria-invalid=\"false\" placeholder=\"Cognoms\" value=\"\" type=\"text\" name=\"lastName\" \/><\/span>\n    <\/div>\n    <div class=\"item field\">\n      <label for=\"userEmail\">Email*<\/label>\n<span class=\"wpcf7-form-control-wrap\" data-name=\"userEmail\"><input size=\"40\" maxlength=\"400\" class=\"wpcf7-form-control wpcf7-email wpcf7-validates-as-required wpcf7-text wpcf7-validates-as-email text\" id=\"userEmail\" aria-required=\"true\" aria-invalid=\"false\" placeholder=\"Email\" value=\"\" type=\"email\" name=\"userEmail\" \/><\/span>\n    <\/div>\n    <div class=\"item field\">\n      <label for=\"queEres\">Qu\u00e8 ets?*<\/label>\n<span class=\"wpcf7-form-control-wrap\" data-name=\"queEres\"><select class=\"wpcf7-form-control wpcf7-select wpcf7-validates-as-required text\" id=\"queEres\" aria-required=\"true\" aria-invalid=\"false\" name=\"queEres\"><option value=\"Particular\">Particular<\/option><option value=\"Empresa\">Empresa<\/option><option value=\"ONG\">ONG<\/option><option value=\"Un altre\">Un altre<\/option><\/select><\/span>\n    <\/div>\n    <div class=\"item field\">\n      <label for=\"entidadBancaria\">Entitat banc\u00e0ria*<\/label>\n      <select name=\"elige_entidad\" class=\"text wpcf7-validates-as-required\" id=\"elige_entidad\" aria-required=\"true\" required=\"required\" aria-invalid=\"false\"> <option value=\"\" disabled selected>Trieu la vostra entitat<\/option><option value=\"caixabank\">CaixaBank<\/option><option value=\"santander\">Banco Santander<\/option><option value=\"bbva\">BBVA<\/option><option value=\"sabadell\">Banco Sabadell<\/option><option value=\"unicaja\">Unicaja<\/option><option value=\"kutxabank\">Kutxabank<\/option><option value=\"caja-rural\">Caja Rural<\/option><option value=\"bankinter\">Bankinter<\/option><option value=\"ibercaja\">Ibercaja<\/option><option value=\"cajamar\">Cajamar<\/option><option value=\"abanca\">Abanca<\/option><option value=\"laboral-kutxa\">Laboral Kutxa<\/option><option value=\"banca-march\">Banca March<\/option><option value=\"eurocaja-rural\">Eurocaja Rural<\/option><option value=\"caja-de-ingenieros\">Caja de Ingenieros<\/option><option value=\"banca-pueyo\">Banca Pueyo<\/option><option value=\"banco-mediolanum\">Banco Mediolanum<\/option><option value=\"cajalmendralejo\">Cajalmendralejo<\/option><option value=\"arquia\">Arquia<\/option><option value=\"b100\">B100<\/option><option value=\"banco-de-depositos\">Banco de Dep\u00f3sitos<\/option><option value=\"banco-pichincha\">Banco Pichincha<\/option><option value=\"bunq\">Bunq<\/option><option value=\"caixa-guissona\">Caixa Guissona<\/option><option value=\"caixa-ontinyent\">Caixa Ontinyent<\/option><option value=\"cbnk\">CBNK<\/option><option value=\"colonya-caixa-pollenca\">Colonya Caixa Pollen\u00e7a<\/option><option value=\"creand\">Creand<\/option><option value=\"deutsche-bank\">Deutsche Bank<\/option><option value=\"imagin\">Imagin<\/option><option value=\"ing\">ING<\/option><option value=\"morabanc\">Morabanc<\/option><option value=\"myandbank\">myandbank<\/option><option value=\"myinvestor\">MyInvestor<\/option><option value=\"n26\">N26<\/option><option value=\"openbank\">Openbank<\/option><option value=\"renta4\">Renta4<\/option><option value=\"revolut\">Revolut<\/option><option value=\"trade-republic\">Trade Republic<\/option> <\/select>\n    <\/div>\n    <div class=\"item field\">\n      <label for=\"userPhone\">Adjunta un fitxer<\/label>\n      <span class=\"wpcf7-form-control-wrap\" data-name=\"file-1\"><input size=\"40\" class=\"wpcf7-form-control wpcf7-file file\" id=\"file-1\" accept=\"audio\/*,video\/*,image\/*\" aria-invalid=\"false\" type=\"file\" name=\"file-1\" \/><\/span>\n    <\/div>\n  <\/div>\n  <div class=\"item field pt-1\">\n    <label for=\"userWebsite\">Assumpte<\/label>\n<span class=\"wpcf7-form-control-wrap\" data-name=\"asunto\"><select class=\"wpcf7-form-control wpcf7-select wpcf7-validates-as-required text\" id=\"asunto\" aria-required=\"true\" aria-invalid=\"false\" name=\"asunto\"><option value=\"\">Selecciona<\/option><option value=\"Activaci\u00f3\">Activaci\u00f3<\/option><option value=\"Consulta\">Consulta<\/option><option value=\"Incid\u00e8ncia\">Incid\u00e8ncia<\/option><option value=\"Estafa\">Estafa<\/option><option value=\"Exercici de drets\">Exercici de drets<\/option><option value=\"Un altre\">Un altre<\/option><\/select><\/span>\n  <\/div>\n  <div id=\"field-asuntoEspecificar\" class=\"field pt-1\" style=\"display:none;\">\n    <label for=\"userWebsite\">Especificar assumpte<\/label>\n\n <span class=\"wpcf7-form-control-wrap\" data-name=\"asuntoEspecificar\"><input size=\"40\" maxlength=\"400\" class=\"wpcf7-form-control wpcf7-text text\" id=\"asuntoEspecificar\" aria-invalid=\"false\" placeholder=\"Especificar assumpte\" value=\"\" type=\"text\" name=\"asuntoEspecificar\" \/><\/span>\n\n  <\/div>\n  <div class=\"field pt-1\">\n    <label for=\"message\">En qu\u00e8 et podem ajudar?<\/label>\n    <span class=\"wpcf7-form-control-wrap\" data-name=\"message\"><textarea cols=\"40\" rows=\"10\" maxlength=\"2000\" class=\"wpcf7-form-control wpcf7-textarea text\" id=\"message\" aria-invalid=\"false\" placeholder=\"Explica&#039;ns el que necessites\" name=\"message\"><\/textarea><\/span>\n  <\/div>\n  <div class=\"item field field-checkbox pt-1\">\n    <span class=\"wpcf7-form-control-wrap\" data-name=\"termsAndConditions\"><span class=\"wpcf7-form-control wpcf7-acceptance\"><span class=\"wpcf7-list-item\"><label><input type=\"checkbox\" name=\"termsAndConditions\" value=\"1\" class=\"checkbox\" aria-invalid=\"false\" \/><span class=\"wpcf7-list-item-label\">Accepto els <a href=\"https:\/\/bizum.com\/es\/ca\/politica-de-privacitat\/\" target=\"_blank\">termes i condicions, pol\u00edtiques de privadesa<\/a> i <a target=\"_blank\" href=\"https:\/\/bizum.com\/es\/ca\/avis-legal\/\">av\u00eds legal<\/a> .<\/span><\/label><\/span><\/span><\/span>\n  <\/div>\n  <div class=\"item field field-checkbox pt-1\">\n    <span class=\"wpcf7-form-control-wrap\" data-name=\"acceptPromotionalContent\"><span class=\"wpcf7-form-control wpcf7-acceptance optional\"><span class=\"wpcf7-list-item\"><label><input type=\"checkbox\" name=\"acceptPromotionalContent\" value=\"1\" class=\"checkbox\" id=\"acceptPromotionalContent\" aria-invalid=\"false\" \/><span class=\"wpcf7-list-item-label\">Accepto rebre comunicacions per correu electr\u00f2nic.<\/span><\/label><\/span><\/span><\/span>\n  <\/div>\n  <div class=\"field field-submit pt-2\">\n    <input class=\"wpcf7-form-control wpcf7-submit has-spinner wp-button wp-button-arrow-up-right is-outlined\" type=\"submit\" value=\"Enviar consulta\" \/>\n  <\/div>\n<\/div><div class=\"wpcf7-response-output\" aria-hidden=\"true\"><\/div>\n<\/form>\n<\/div>\n\n<\/div>\n<\/div>\n\n<section class=\"p-2 has-background-gray-100-background-color br-m mb-2\">\n\n  <div class=\"pb-1\">\n    <h3 class=\"has-text-black-500-color fw-500\">\n      Subscriu-te a la nostra newsletter    <\/h3>\n  <\/div>\n\n  <div id=\"signup-newsletter\" class=\"test content-form has-text-black-500-color d-flex\">\n\n          <div class=\"content-form-newsletter\">\n        <script charset=\"utf-8\" type=\"text\/javascript\" src=\"\/\/js-eu1.hsforms.net\/forms\/embed\/v2.js\"><\/script>\n        <script>\n          hbspt.forms.create({\n            portalId: \"146523971\",\n            formId: \"e82ad9fe-679b-4783-9027-c951e7df98b5\",\n            region: \"eu1\"\n          });\n        <\/script>\n      <\/div>\n    \n      <\/div>\n<\/section>","protected":false},"excerpt":{"rendered":"<p>Descobreix com rebre donacions amb Bizum Aconsegueix el teu codi de donaci\u00f3 de cinc xifres i posa-ho f\u00e0cil als teus donants per col\u00b7laborar Com oferir Bizum a la teva organitzaci\u00f3? Per qualsevol dubte sobre el proc\u00e9s, contacta amb la teva entitat banc\u00e0ria o amb Bizum Contacta amb el teu banc Consulta el llistat de bancs [&hellip;]<\/p>\n","protected":false},"author":14,"featured_media":0,"parent":0,"menu_order":0,"comment_status":"closed","ping_status":"closed","template":"","meta":{"_acf_changed":false,"footnotes":""},"class_list":["post-28033","page","type-page","status-publish","hentry"],"acf":[],"yoast_head":"<!-- This site is optimized with the Yoast SEO plugin v27.5 - https:\/\/yoast.com\/product\/yoast-seo-wordpress\/ -->\n<title>Integra Bizum per a donacions - Bizum<\/title>\n<meta name=\"robots\" content=\"index, follow, max-snippet:-1, max-image-preview:large, max-video-preview:-1\" \/>\n<link rel=\"canonical\" href=\"https:\/\/bizum.com\/es\/ca\/integrar-bizum-per-donacions\/\" \/>\n<meta property=\"og:locale\" content=\"ca_ES\" \/>\n<meta property=\"og:type\" content=\"article\" \/>\n<meta property=\"og:title\" content=\"Integra Bizum per a donacions - Bizum\" \/>\n<meta property=\"og:description\" content=\"Descobreix com rebre donacions amb Bizum Aconsegueix el teu codi de donaci\u00f3 de cinc xifres i posa-ho f\u00e0cil als teus donants per col\u00b7laborar Com oferir Bizum a la teva organitzaci\u00f3? Per qualsevol dubte sobre el proc\u00e9s, contacta amb la teva entitat banc\u00e0ria o amb Bizum Contacta amb el teu banc Consulta el llistat de bancs [&hellip;]\" \/>\n<meta property=\"og:url\" content=\"https:\/\/bizum.com\/es\/ca\/integrar-bizum-per-donacions\/\" \/>\n<meta property=\"og:site_name\" content=\"Bizum\" \/>\n<meta property=\"article:modified_time\" content=\"2025-01-16T13:22:25+00:00\" \/>\n<meta name=\"twitter:card\" content=\"summary_large_image\" \/>\n<meta name=\"twitter:label1\" content=\"Est. reading time\" \/>\n\t<meta name=\"twitter:data1\" content=\"1 minute\" \/>\n<script type=\"application\/ld+json\" class=\"yoast-schema-graph\">{\"@context\":\"https:\\\/\\\/schema.org\",\"@graph\":[{\"@type\":\"WebPage\",\"@id\":\"https:\\\/\\\/bizum.com\\\/es\\\/ca\\\/integrar-bizum-per-donacions\\\/\",\"url\":\"https:\\\/\\\/bizum.com\\\/es\\\/ca\\\/integrar-bizum-per-donacions\\\/\",\"name\":\"Integra Bizum per a donacions - Bizum\",\"isPartOf\":{\"@id\":\"https:\\\/\\\/bizum.com\\\/es\\\/#website\"},\"datePublished\":\"2024-09-23T07:37:03+00:00\",\"dateModified\":\"2025-01-16T13:22:25+00:00\",\"breadcrumb\":{\"@id\":\"https:\\\/\\\/bizum.com\\\/es\\\/ca\\\/integrar-bizum-per-donacions\\\/#breadcrumb\"},\"inLanguage\":\"ca\",\"potentialAction\":[{\"@type\":\"ReadAction\",\"target\":[\"https:\\\/\\\/bizum.com\\\/es\\\/ca\\\/integrar-bizum-per-donacions\\\/\"]}]},{\"@type\":\"BreadcrumbList\",\"@id\":\"https:\\\/\\\/bizum.com\\\/es\\\/ca\\\/integrar-bizum-per-donacions\\\/#breadcrumb\",\"itemListElement\":[{\"@type\":\"ListItem\",\"position\":1,\"name\":\"Home\",\"item\":\"https:\\\/\\\/bizum.com\\\/es\\\/ca\\\/\"},{\"@type\":\"ListItem\",\"position\":2,\"name\":\"Integra Bizum per a donacions\"}]},{\"@type\":\"WebSite\",\"@id\":\"https:\\\/\\\/bizum.com\\\/es\\\/#website\",\"url\":\"https:\\\/\\\/bizum.com\\\/es\\\/\",\"name\":\"Bizum\",\"description\":\"Con Bizum puedes enviar y recibir dinero entre amigos, pagar en comercios online y donar a la ONG que tu elijas, todo desde tu m\u00f3vil.\",\"potentialAction\":[{\"@type\":\"SearchAction\",\"target\":{\"@type\":\"EntryPoint\",\"urlTemplate\":\"https:\\\/\\\/bizum.com\\\/es\\\/?s={search_term_string}\"},\"query-input\":{\"@type\":\"PropertyValueSpecification\",\"valueRequired\":true,\"valueName\":\"search_term_string\"}}],\"inLanguage\":\"ca\"}]}<\/script>\n<!-- \/ Yoast SEO plugin. -->","yoast_head_json":{"title":"Integra Bizum per a donacions - Bizum","robots":{"index":"index","follow":"follow","max-snippet":"max-snippet:-1","max-image-preview":"max-image-preview:large","max-video-preview":"max-video-preview:-1"},"canonical":"https:\/\/bizum.com\/es\/ca\/integrar-bizum-per-donacions\/","og_locale":"ca_ES","og_type":"article","og_title":"Integra Bizum per a donacions - Bizum","og_description":"Descobreix com rebre donacions amb Bizum Aconsegueix el teu codi de donaci\u00f3 de cinc xifres i posa-ho f\u00e0cil als teus donants per col\u00b7laborar Com oferir Bizum a la teva organitzaci\u00f3? Per qualsevol dubte sobre el proc\u00e9s, contacta amb la teva entitat banc\u00e0ria o amb Bizum Contacta amb el teu banc Consulta el llistat de bancs [&hellip;]","og_url":"https:\/\/bizum.com\/es\/ca\/integrar-bizum-per-donacions\/","og_site_name":"Bizum","article_modified_time":"2025-01-16T13:22:25+00:00","twitter_card":"summary_large_image","twitter_misc":{"Est. reading time":"1 minute"},"schema":{"@context":"https:\/\/schema.org","@graph":[{"@type":"WebPage","@id":"https:\/\/bizum.com\/es\/ca\/integrar-bizum-per-donacions\/","url":"https:\/\/bizum.com\/es\/ca\/integrar-bizum-per-donacions\/","name":"Integra Bizum per a donacions - Bizum","isPartOf":{"@id":"https:\/\/bizum.com\/es\/#website"},"datePublished":"2024-09-23T07:37:03+00:00","dateModified":"2025-01-16T13:22:25+00:00","breadcrumb":{"@id":"https:\/\/bizum.com\/es\/ca\/integrar-bizum-per-donacions\/#breadcrumb"},"inLanguage":"ca","potentialAction":[{"@type":"ReadAction","target":["https:\/\/bizum.com\/es\/ca\/integrar-bizum-per-donacions\/"]}]},{"@type":"BreadcrumbList","@id":"https:\/\/bizum.com\/es\/ca\/integrar-bizum-per-donacions\/#breadcrumb","itemListElement":[{"@type":"ListItem","position":1,"name":"Home","item":"https:\/\/bizum.com\/es\/ca\/"},{"@type":"ListItem","position":2,"name":"Integra Bizum per a donacions"}]},{"@type":"WebSite","@id":"https:\/\/bizum.com\/es\/#website","url":"https:\/\/bizum.com\/es\/","name":"Bizum","description":"Con Bizum puedes enviar y recibir dinero entre amigos, pagar en comercios online y donar a la ONG que tu elijas, todo desde tu m\u00f3vil.","potentialAction":[{"@type":"SearchAction","target":{"@type":"EntryPoint","urlTemplate":"https:\/\/bizum.com\/es\/?s={search_term_string}"},"query-input":{"@type":"PropertyValueSpecification","valueRequired":true,"valueName":"search_term_string"}}],"inLanguage":"ca"}]}},"_links":{"self":[{"href":"https:\/\/bizum.com\/es\/ca\/wp-json\/wp\/v2\/pages\/28033","targetHints":{"allow":["GET"]}}],"collection":[{"href":"https:\/\/bizum.com\/es\/ca\/wp-json\/wp\/v2\/pages"}],"about":[{"href":"https:\/\/bizum.com\/es\/ca\/wp-json\/wp\/v2\/types\/page"}],"author":[{"embeddable":true,"href":"https:\/\/bizum.com\/es\/ca\/wp-json\/wp\/v2\/users\/14"}],"replies":[{"embeddable":true,"href":"https:\/\/bizum.com\/es\/ca\/wp-json\/wp\/v2\/comments?post=28033"}],"version-history":[{"count":1,"href":"https:\/\/bizum.com\/es\/ca\/wp-json\/wp\/v2\/pages\/28033\/revisions"}],"predecessor-version":[{"id":30777,"href":"https:\/\/bizum.com\/es\/ca\/wp-json\/wp\/v2\/pages\/28033\/revisions\/30777"}],"wp:attachment":[{"href":"https:\/\/bizum.com\/es\/ca\/wp-json\/wp\/v2\/media?parent=28033"}],"curies":[{"name":"wp","href":"https:\/\/api.w.org\/{rel}","templated":true}]}}