{"id":28210,"date":"2024-06-07T13:35:09","date_gmt":"2024-06-07T13:35:09","guid":{"rendered":"https:\/\/bizum.com\/es\/persones-amb-bizum\/"},"modified":"2025-04-09T00:24:42","modified_gmt":"2025-04-09T00:24:42","slug":"persones-amb-bizum","status":"publish","type":"page","link":"https:\/\/bizum.com\/es\/ca\/persones-amb-bizum\/","title":{"rendered":"Activa&#8217;l"},"content":{"rendered":"\n<div class=\"wp-block-columns is-layout-flex wp-container-core-columns-is-layout-28f84493 wp-block-columns-is-layout-flex\">\n<div class=\"wp-block-column is-layout-flow wp-block-column-is-layout-flow\" style=\"flex-basis:70%\">\n<h2 class=\"wp-block-heading has-black-500-color has-text-color has-link-color has-xl-font-size wp-elements-5293aaf1f58c580806379d49de02094f\">Activa ara Bizum<\/h2>\n\n\n\n<p class=\"has-gray-500-color has-text-color has-link-color has-sm-font-size wp-elements-af4ab828e305c688f5c30d4febcc19a5\">Seguiu aquests passos per poder activar Bizum amb la vostra entitat banc\u00e0ria<\/p>\n<\/div>\n\n\n\n<div class=\"wp-block-column is-layout-flow wp-block-column-is-layout-flow\"><\/div>\n<\/div>\n\n\n\n<div class=\"wp-block-columns is-layout-flex wp-container-core-columns-is-layout-e478efe7 wp-block-columns-is-layout-flex\" style=\"margin-top:var(--wp--preset--spacing--4);margin-bottom:var(--wp--preset--spacing--2)\">\n<div class=\"wp-block-column is-vertically-aligned-center is-content-justification-left is-layout-constrained wp-container-core-column-is-layout-7b80a102 wp-block-column-is-layout-constrained\">\n<div class=\"wp-chips-with-icon  wp-chip-with-icon has-icon has-icon-bank\"\n  class=\"align wp-block-acf-mnz-chip-with-icon\">\n\n      <div class=\"chips-icon\">\n      <img decoding=\"async\" src=\"https:\/\/bizum.com\/es\/wp-content\/themes\/bizum-wp2025\/assets\/images\/icons-color\/bank.svg\"\n        loading=\"lazy\"\n        alt=\"Bank icon\"\n      >\n    <\/div>\n  \n  <div class=\"chips-text\">\n    <div class=\"acf-innerblocks-container\">\n\n<p>Selecciona el teu banc<\/p>\n\n<\/div>\n  <\/div>\n  \n<\/div>\n\n\n<p class=\"has-gray-500-color has-text-color has-link-color wp-elements-e05c68197ae7716a8d1f4deeae50f215\" style=\"margin-bottom:var(--wp--preset--spacing--3)\">Consulta el llistat de bancs que treballen amb Bizum i troba el teu<\/p>\n\n\n\n<div class=\"wp-chips-with-icon  wp-chip-with-icon has-icon has-icon-activate\"\n  class=\"align wp-block-acf-mnz-chip-with-icon\">\n\n      <div class=\"chips-icon\">\n      <img decoding=\"async\" src=\"https:\/\/bizum.com\/es\/wp-content\/themes\/bizum-wp2025\/assets\/images\/icons-color\/activate.svg\"\n        loading=\"lazy\"\n        alt=\"Activate icon\"\n      >\n    <\/div>\n  \n  <div class=\"chips-text\">\n    <div class=\"acf-innerblocks-container\">\n\n<p>Descarrega&#8217;t la seva app<\/p>\n\n<\/div>\n  <\/div>\n  \n<\/div>\n\n\n<p class=\"has-gray-500-color has-text-color has-link-color wp-elements-27d198afb0f86a77ab6b0c8a19a2ae03\" style=\"margin-bottom:var(--wp--preset--spacing--3)\">Si encara no en disposes. Pots accedir a la desc\u00e0rrega des de la web o des de la botiga d&#8217;aplicacions   <\/p>\n\n\n\n<div class=\"wp-chips-with-icon  wp-chip-with-icon has-icon has-icon-download\"\n  class=\"align wp-block-acf-mnz-chip-with-icon\">\n\n      <div class=\"chips-icon\">\n      <img decoding=\"async\" src=\"https:\/\/bizum.com\/es\/wp-content\/themes\/bizum-wp2025\/assets\/images\/icons-color\/download.svg\"\n        loading=\"lazy\"\n        alt=\"Download icon\"\n      >\n    <\/div>\n  \n  <div class=\"chips-text\">\n    <div class=\"acf-innerblocks-container\">\n\n<p>Entra a l&#8217;app i activa-ho!<\/p>\n\n<\/div>\n  <\/div>\n  \n<\/div>\n\n\n<p class=\"has-gray-500-color has-text-color has-link-color wp-elements-01729169567c2a5494bc29fbe48ee70b\">Cerca l&#8217;opci\u00f3 enviar i rebre diners amb Bizum i activa el servei amb el n\u00famero de tel\u00e8fon associat al teu compte<\/p>\n<\/div>\n\n\n\n<div class=\"wp-block-column is-layout-flow wp-block-column-is-layout-flow\">\n\n<figure \n  class=\"wp-ax-image  wp-animated-image ax-image__y has-square-left is-round has-blue-squares ax-image__double \" \n  class=\"align wp-block-acf-mnz-animated-image\" \n  >\n  <div class=\"ax-image__item ax-image__bar-wrapper\">\n    <div class=\"ax-image__item-bar ax-image__item-bar-1\"><\/div>\n          <div class=\"ax-image__item-bar ax-image__item-bar-2\"><\/div>\n      <\/div>\n  <figure class=\"ax-image__item ax-image__figure\">\n    <img loading=\"lazy\" decoding=\"async\" width=\"616\" height=\"598\" src=\"https:\/\/bizum.com\/es\/wp-content\/uploads\/2024\/07\/personas-con-bizum.png\" class=\"attachment-full size-full\" alt=\"\" srcset=\"https:\/\/bizum.com\/es\/wp-content\/uploads\/2024\/07\/personas-con-bizum.png 616w, https:\/\/bizum.com\/es\/wp-content\/uploads\/2024\/07\/personas-con-bizum-300x291.png 300w\" sizes=\"auto, (max-width: 616px) 100vw, 616px\" \/>  <\/figure>\n<\/figure><\/div>\n<\/div>\n\n\n\n<div class=\"wp-block-columns has-background-gray-100-background-color has-background is-layout-flex wp-container-core-columns-is-layout-d2bee81c wp-block-columns-is-layout-flex\" style=\"border-radius:32px;padding-top:var(--wp--preset--spacing--2);padding-right:var(--wp--preset--spacing--2);padding-bottom:var(--wp--preset--spacing--2);padding-left:var(--wp--preset--spacing--2)\">\n<div class=\"wp-block-column is-layout-flow wp-block-column-is-layout-flow\">\n<h2 class=\"wp-block-heading has-l-font-size\">Bancs amb qu\u00e8 podr\u00e0s activar Bizum<\/h2>\n\n\n\n<p style=\"padding-top:var(--wp--preset--spacing--1);padding-bottom:var(--wp--preset--spacing--1)\">Seleccioneu el vostre banc per obtenir m\u00e9s informaci\u00f3 sobre el servei i descarregar la seva app si encara no la tens. Ja est\u00e0, ja pots comen\u00e7ar a fer servir Bizum! <\/p>\n\n\n\n<div id=\"content-entidades\"\n  data-filter=\"[53]\"\n  data-show-total=\"false\" \n  data-display-search-form=\"true\"\n  class=\"content-entidades\n  \">\n<\/div><\/div>\n<\/div>\n\n\n\n<section class=\"d-flex content-accessibility mt-2 mb-2  wp-accessibility content-accessibility__blue\"\n  style=\"margin-top:var(--wp--preset--spacing--2);margin-bottom:var(--wp--preset--spacing--2);\" class=\"align wp-block-acf-mnz-accessibility\">\n  <div class=\"item item-logo\">\n    <img loading=\"lazy\" decoding=\"async\" width=\"240\" height=\"72\" src=\"https:\/\/bizum.com\/es\/wp-content\/uploads\/2024\/06\/bizum-website-accessibility-logo.png\" class=\"logo\" alt=\"\" \/>  \n    \n  <\/div>\n\n  <div class=\"item item-social\">\n                          <\/div>\n<\/section>\n\n\n<section class=\"p-2 has-background-gray-100-background-color br-m mb-2\">\n\n  <div class=\"pb-1\">\n    <h3 class=\"has-text-black-500-color fw-500\">\n      Subscriu-te a la nostra newsletter    <\/h3>\n  <\/div>\n\n  <div id=\"signup-newsletter\" class=\"test content-form has-text-black-500-color d-flex\">\n\n          <div class=\"content-form-newsletter\">\n        <script charset=\"utf-8\" type=\"text\/javascript\" src=\"\/\/js-eu1.hsforms.net\/forms\/embed\/v2.js\"><\/script>\n        <script>\n          hbspt.forms.create({\n            portalId: \"146523971\",\n            formId: \"e82ad9fe-679b-4783-9027-c951e7df98b5\",\n            region: \"eu1\"\n          });\n        <\/script>\n      <\/div>\n    \n      <\/div>\n<\/section>","protected":false},"excerpt":{"rendered":"<p>Activa ara Bizum Seguiu aquests passos per poder activar Bizum amb la vostra entitat banc\u00e0ria Consulta el llistat de bancs que treballen amb Bizum i troba el teu Si encara no en disposes. Pots accedir a la desc\u00e0rrega des de la web o des de la botiga d&#8217;aplicacions Cerca l&#8217;opci\u00f3 enviar i rebre diners amb [&hellip;]<\/p>\n","protected":false},"author":14,"featured_media":0,"parent":0,"menu_order":0,"comment_status":"closed","ping_status":"closed","template":"","meta":{"_acf_changed":false,"footnotes":""},"class_list":["post-28210","page","type-page","status-publish","hentry"],"acf":[],"yoast_head":"<!-- This site is optimized with the Yoast SEO plugin v27.4 - https:\/\/yoast.com\/product\/yoast-seo-wordpress\/ -->\n<title>Descobreix com activar Bizum a l&#039;app del teu banc Entra i activa-ho!<\/title>\n<meta name=\"description\" content=\"Segueix els passos per poder activar Bizum amb la teva entitat banc\u00e0ria: Selecciona el teu banc, descarrega&#039;t la seva app, entra a l&#039;app i Activa&#039;l!\" \/>\n<meta name=\"robots\" content=\"index, follow, max-snippet:-1, max-image-preview:large, max-video-preview:-1\" \/>\n<link rel=\"canonical\" href=\"https:\/\/bizum.com\/es\/ca\/persones-amb-bizum\/\" \/>\n<meta property=\"og:locale\" content=\"ca_ES\" \/>\n<meta property=\"og:type\" content=\"article\" \/>\n<meta property=\"og:title\" content=\"Descobreix com activar Bizum a l&#039;app del teu banc Entra i activa-ho!\" \/>\n<meta property=\"og:description\" content=\"Segueix els passos per poder activar Bizum amb la teva entitat banc\u00e0ria: Selecciona el teu banc, descarrega&#039;t la seva app, entra a l&#039;app i Activa&#039;l!\" \/>\n<meta property=\"og:url\" content=\"https:\/\/bizum.com\/es\/ca\/persones-amb-bizum\/\" \/>\n<meta property=\"og:site_name\" content=\"Bizum\" \/>\n<meta property=\"article:modified_time\" content=\"2025-04-09T00:24:42+00:00\" \/>\n<meta name=\"twitter:card\" content=\"summary_large_image\" \/>\n<meta name=\"twitter:label1\" content=\"Est. reading time\" \/>\n\t<meta name=\"twitter:data1\" content=\"1 minute\" \/>\n<script type=\"application\/ld+json\" class=\"yoast-schema-graph\">{\"@context\":\"https:\\\/\\\/schema.org\",\"@graph\":[{\"@type\":\"WebPage\",\"@id\":\"https:\\\/\\\/bizum.com\\\/es\\\/ca\\\/persones-amb-bizum\\\/\",\"url\":\"https:\\\/\\\/bizum.com\\\/es\\\/ca\\\/persones-amb-bizum\\\/\",\"name\":\"Descobreix com activar Bizum a l'app del teu banc Entra i activa-ho!\",\"isPartOf\":{\"@id\":\"https:\\\/\\\/bizum.com\\\/es\\\/#website\"},\"datePublished\":\"2024-06-07T13:35:09+00:00\",\"dateModified\":\"2025-04-09T00:24:42+00:00\",\"description\":\"Segueix els passos per poder activar Bizum amb la teva entitat banc\u00e0ria: Selecciona el teu banc, descarrega't la seva app, entra a l'app i Activa'l!\",\"breadcrumb\":{\"@id\":\"https:\\\/\\\/bizum.com\\\/es\\\/ca\\\/persones-amb-bizum\\\/#breadcrumb\"},\"inLanguage\":\"ca\",\"potentialAction\":[{\"@type\":\"ReadAction\",\"target\":[\"https:\\\/\\\/bizum.com\\\/es\\\/ca\\\/persones-amb-bizum\\\/\"]}]},{\"@type\":\"BreadcrumbList\",\"@id\":\"https:\\\/\\\/bizum.com\\\/es\\\/ca\\\/persones-amb-bizum\\\/#breadcrumb\",\"itemListElement\":[{\"@type\":\"ListItem\",\"position\":1,\"name\":\"Home\",\"item\":\"https:\\\/\\\/bizum.com\\\/es\\\/ca\\\/\"},{\"@type\":\"ListItem\",\"position\":2,\"name\":\"Activa&#8217;l\"}]},{\"@type\":\"WebSite\",\"@id\":\"https:\\\/\\\/bizum.com\\\/es\\\/#website\",\"url\":\"https:\\\/\\\/bizum.com\\\/es\\\/\",\"name\":\"Bizum\",\"description\":\"Con Bizum puedes enviar y recibir dinero entre amigos, pagar en comercios online y donar a la ONG que tu elijas, todo desde tu m\u00f3vil.\",\"potentialAction\":[{\"@type\":\"SearchAction\",\"target\":{\"@type\":\"EntryPoint\",\"urlTemplate\":\"https:\\\/\\\/bizum.com\\\/es\\\/?s={search_term_string}\"},\"query-input\":{\"@type\":\"PropertyValueSpecification\",\"valueRequired\":true,\"valueName\":\"search_term_string\"}}],\"inLanguage\":\"ca\"}]}<\/script>\n<!-- \/ Yoast SEO plugin. -->","yoast_head_json":{"title":"Descobreix com activar Bizum a l'app del teu banc Entra i activa-ho!","description":"Segueix els passos per poder activar Bizum amb la teva entitat banc\u00e0ria: Selecciona el teu banc, descarrega't la seva app, entra a l'app i Activa'l!","robots":{"index":"index","follow":"follow","max-snippet":"max-snippet:-1","max-image-preview":"max-image-preview:large","max-video-preview":"max-video-preview:-1"},"canonical":"https:\/\/bizum.com\/es\/ca\/persones-amb-bizum\/","og_locale":"ca_ES","og_type":"article","og_title":"Descobreix com activar Bizum a l'app del teu banc Entra i activa-ho!","og_description":"Segueix els passos per poder activar Bizum amb la teva entitat banc\u00e0ria: Selecciona el teu banc, descarrega't la seva app, entra a l'app i Activa'l!","og_url":"https:\/\/bizum.com\/es\/ca\/persones-amb-bizum\/","og_site_name":"Bizum","article_modified_time":"2025-04-09T00:24:42+00:00","twitter_card":"summary_large_image","twitter_misc":{"Est. reading time":"1 minute"},"schema":{"@context":"https:\/\/schema.org","@graph":[{"@type":"WebPage","@id":"https:\/\/bizum.com\/es\/ca\/persones-amb-bizum\/","url":"https:\/\/bizum.com\/es\/ca\/persones-amb-bizum\/","name":"Descobreix com activar Bizum a l'app del teu banc Entra i activa-ho!","isPartOf":{"@id":"https:\/\/bizum.com\/es\/#website"},"datePublished":"2024-06-07T13:35:09+00:00","dateModified":"2025-04-09T00:24:42+00:00","description":"Segueix els passos per poder activar Bizum amb la teva entitat banc\u00e0ria: Selecciona el teu banc, descarrega't la seva app, entra a l'app i Activa'l!","breadcrumb":{"@id":"https:\/\/bizum.com\/es\/ca\/persones-amb-bizum\/#breadcrumb"},"inLanguage":"ca","potentialAction":[{"@type":"ReadAction","target":["https:\/\/bizum.com\/es\/ca\/persones-amb-bizum\/"]}]},{"@type":"BreadcrumbList","@id":"https:\/\/bizum.com\/es\/ca\/persones-amb-bizum\/#breadcrumb","itemListElement":[{"@type":"ListItem","position":1,"name":"Home","item":"https:\/\/bizum.com\/es\/ca\/"},{"@type":"ListItem","position":2,"name":"Activa&#8217;l"}]},{"@type":"WebSite","@id":"https:\/\/bizum.com\/es\/#website","url":"https:\/\/bizum.com\/es\/","name":"Bizum","description":"Con Bizum puedes enviar y recibir dinero entre amigos, pagar en comercios online y donar a la ONG que tu elijas, todo desde tu m\u00f3vil.","potentialAction":[{"@type":"SearchAction","target":{"@type":"EntryPoint","urlTemplate":"https:\/\/bizum.com\/es\/?s={search_term_string}"},"query-input":{"@type":"PropertyValueSpecification","valueRequired":true,"valueName":"search_term_string"}}],"inLanguage":"ca"}]}},"_links":{"self":[{"href":"https:\/\/bizum.com\/es\/ca\/wp-json\/wp\/v2\/pages\/28210","targetHints":{"allow":["GET"]}}],"collection":[{"href":"https:\/\/bizum.com\/es\/ca\/wp-json\/wp\/v2\/pages"}],"about":[{"href":"https:\/\/bizum.com\/es\/ca\/wp-json\/wp\/v2\/types\/page"}],"author":[{"embeddable":true,"href":"https:\/\/bizum.com\/es\/ca\/wp-json\/wp\/v2\/users\/14"}],"replies":[{"embeddable":true,"href":"https:\/\/bizum.com\/es\/ca\/wp-json\/wp\/v2\/comments?post=28210"}],"version-history":[{"count":1,"href":"https:\/\/bizum.com\/es\/ca\/wp-json\/wp\/v2\/pages\/28210\/revisions"}],"predecessor-version":[{"id":40975,"href":"https:\/\/bizum.com\/es\/ca\/wp-json\/wp\/v2\/pages\/28210\/revisions\/40975"}],"wp:attachment":[{"href":"https:\/\/bizum.com\/es\/ca\/wp-json\/wp\/v2\/media?parent=28210"}],"curies":[{"name":"wp","href":"https:\/\/api.w.org\/{rel}","templated":true}]}}