{"id":28249,"date":"2024-06-10T17:43:40","date_gmt":"2024-06-10T17:43:40","guid":{"rendered":"https:\/\/bizum.com\/es\/enviar-i-rebre-diners\/"},"modified":"2025-02-19T02:56:55","modified_gmt":"2025-02-19T02:56:55","slug":"enviar-i-rebre-diners","status":"publish","type":"page","link":"https:\/\/bizum.com\/es\/ca\/enviar-i-rebre-diners\/","title":{"rendered":"Enviar i rebre diners"},"content":{"rendered":"\n<div class=\"wp-block-columns is-layout-flex wp-container-core-columns-is-layout-28f84493 wp-block-columns-is-layout-flex\">\n<div class=\"wp-block-column is-vertically-aligned-center is-layout-flow wp-block-column-is-layout-flow\">\n<h2 class=\"wp-block-heading has-text-black-500-color has-text-color has-link-color has-xl-font-size wp-elements-4a683848c24a536e60287cb564d7088e\">Enviar i rebre diners m\u00e9s r\u00e0pid que mai<\/h2>\n\n\n\n<p class=\"has-text-gray-500-color has-text-color has-link-color wp-elements-12738a98fc41a1295670194bbbc70901\" style=\"margin-top:var(--wp--preset--spacing--2);margin-bottom:var(--wp--preset--spacing--2)\">Oblida&#8217;t de demanar l&#8217;IBAN i de transfer\u00e8ncies que triguen dies a arribar. Nom\u00e9s necessites el teu m\u00f2bil i el n\u00famero de tel\u00e8fon de la persona a qui vols enviar els diners <\/p>\n\n\n\n<div class=\"wp-button-wrapper \">\n  <a class=\" wp-button f-xs has-icon icon-arrow-up-right has-icon-after has-button-blue-600-background-color\"\n    data-event=\"cta_activar-bizum\"\n        target=\"\"\n    href=\"https:\/\/bizum.com\/es\/ca\/persones-amb-bizum\/\"\n        class=\"align wp-block-acf-mnz-button has-background has-button-blue-600-background-color has-xs-font-size\">\n          <span class=\"cta-icon\">\n        <svg width=\"24\" height=\"24\" viewBox=\"0 0 24 24\" fill=\"none\" xmlns=\"http:\/\/www.w3.org\/2000\/svg\">\n<path d=\"M7.92308 6H18M18 6V16.0769M18 6L6 18\" stroke=\"white\" stroke-width=\"2\" stroke-linecap=\"round\" stroke-linejoin=\"round\"\/>\n<\/svg>\n      <\/span>\n    \n    <span class=\"cta-title\">\n      Activa Bizum    <\/span>\n\n  <\/a>\n<\/div><\/div>\n\n\n\n<div class=\"wp-block-column is-layout-flow wp-block-column-is-layout-flow\">\n\n<figure \n  class=\"wp-ax-image  wp-animated-image ax-image__x has-square-left  has-blue-squares ax-image__double \" \n  class=\"align wp-block-acf-mnz-animated-image\" \n  >\n  <div class=\"ax-image__item ax-image__bar-wrapper\">\n    <div class=\"ax-image__item-bar ax-image__item-bar-1\"><\/div>\n          <div class=\"ax-image__item-bar ax-image__item-bar-2\"><\/div>\n      <\/div>\n  <figure class=\"ax-image__item ax-image__figure\">\n    <img loading=\"lazy\" decoding=\"async\" width=\"616\" height=\"598\" src=\"https:\/\/bizum.com\/es\/wp-content\/uploads\/2024\/07\/envia-y-recibe-dinero-con-bizum.png\" class=\"attachment-full size-full\" alt=\"\" srcset=\"https:\/\/bizum.com\/es\/wp-content\/uploads\/2024\/07\/envia-y-recibe-dinero-con-bizum.png 616w, https:\/\/bizum.com\/es\/wp-content\/uploads\/2024\/07\/envia-y-recibe-dinero-con-bizum-300x291.png 300w\" sizes=\"auto, (max-width: 616px) 100vw, 616px\" \/>  <\/figure>\n<\/figure><\/div>\n<\/div>\n\n<div class=\"wp-block-columns is-layout-flex wp-container-core-columns-is-layout-91ca3140 wp-block-columns-is-layout-flex\" style=\"margin-top:var(--wp--preset--spacing--2);margin-bottom:var(--wp--preset--spacing--2)\">\n<div class=\"wp-block-column is-layout-flow wp-block-column-is-layout-flow\">\n\n<figure \n  class=\"wp-ax-image  wp-animated-image ax-image__y has-square-left  has-blue-squares ax-image__double \" \n  class=\"align wp-block-acf-mnz-animated-image\" \n  >\n  <div class=\"ax-image__item ax-image__bar-wrapper\">\n    <div class=\"ax-image__item-bar ax-image__item-bar-1\"><\/div>\n          <div class=\"ax-image__item-bar ax-image__item-bar-2\"><\/div>\n      <\/div>\n  <figure class=\"ax-image__item ax-image__figure\">\n    <img loading=\"lazy\" decoding=\"async\" width=\"616\" height=\"598\" src=\"https:\/\/bizum.com\/es\/wp-content\/uploads\/2024\/07\/amigos-con-bizum.png\" class=\"attachment-full size-full\" alt=\"\" srcset=\"https:\/\/bizum.com\/es\/wp-content\/uploads\/2024\/07\/amigos-con-bizum.png 616w, https:\/\/bizum.com\/es\/wp-content\/uploads\/2024\/07\/amigos-con-bizum-300x291.png 300w\" sizes=\"auto, (max-width: 616px) 100vw, 616px\" \/>  <\/figure>\n<\/figure><\/div>\n\n\n\n<div class=\"wp-block-column is-vertically-aligned-center is-content-justification-right is-layout-constrained wp-container-core-column-is-layout-9238661a wp-block-column-is-layout-constrained\">\n<h2 class=\"wp-block-heading has-text-align-right has-text-black-500-color has-text-color has-link-color has-l-font-size wp-elements-c04e3efe0c002499c22b64ee02b01467\">Salda comptes amb els teus amics i envia diners en 10 segons<\/h2>\n\n\n\n<p class=\"has-text-align-right has-text-gray-500-color has-text-color has-link-color wp-elements-a1bfa43ec091d7ad832e99ad76015248\" style=\"margin-top:var(--wp--preset--spacing--2);margin-bottom:var(--wp--preset--spacing--2)\">Oblida&#8217;t del moment \u201cqui paga el compte?\u201d Amb Bizum en paga un i la resta li envia la seva part. Els fons es transferiran en 10 segons de compte a compte! R\u00e0pid, f\u00e0cil i segur.   <\/p>\n<\/div>\n<\/div>\n\n<div class=\"wp-block-columns is-layout-flex wp-container-core-columns-is-layout-95cf7256 wp-block-columns-is-layout-flex\" style=\"margin-top:var(--wp--preset--spacing--4);margin-bottom:var(--wp--preset--spacing--4)\">\n<div class=\"wp-block-column is-layout-flow wp-block-column-is-layout-flow\"><div \n  class=\"wp-chip-notification  wp-chip-notifications has-background-gray-125-background-color\"\n  style=\"margin-bottom:var(--wp--preset--spacing--15);margin-left:var(--wp--preset--spacing--3);\" class=\"align wp-block-acf-mnz-chip-notification has-background has-background-gray-125-background-color\">\n  \n  <img loading=\"lazy\" decoding=\"async\" width=\"616\" height=\"598\" src=\"https:\/\/bizum.com\/es\/wp-content\/uploads\/2024\/07\/seguridad-y-proteccion-en-tus-pagos.png\" class=\"wp-chip-notification__image\" alt=\"\" srcset=\"https:\/\/bizum.com\/es\/wp-content\/uploads\/2024\/07\/seguridad-y-proteccion-en-tus-pagos.png 616w, https:\/\/bizum.com\/es\/wp-content\/uploads\/2024\/07\/seguridad-y-proteccion-en-tus-pagos-300x291.png 300w\" sizes=\"auto, (max-width: 616px) 100vw, 616px\" \/>  \n  <div class=\"acf-innerblocks-container\">\n\n<p class=\"has-text-black-500-color has-text-color has-link-color has-xs-font-size wp-elements-5e5b78109d5c16346b8b53f80cd96c9b\"><strong>Has rebut un Bizum de 90,50 \u20ac<\/strong><\/p>\n\n\n\n<p class=\"has-text-gray-500-color has-text-color has-link-color has-3-xs-font-size wp-elements-d18dd9ed1d15294d9a939df8cfd5cd50\">La Carla t&#8217;ha enviat 90,50\u20ac pels bitllets d&#8217;avi\u00f3<\/p>\n\n<\/div>\n\n<\/div>\n\n<div \n  class=\"wp-chip-notification  wp-chip-notifications has-background-gray-125-background-color\"\n  style=\"margin-bottom:var(--wp--preset--spacing--15);margin-right:var(--wp--preset--spacing--3);\" class=\"align wp-block-acf-mnz-chip-notification has-background has-background-gray-125-background-color\">\n  \n  <img loading=\"lazy\" decoding=\"async\" width=\"616\" height=\"598\" src=\"https:\/\/bizum.com\/es\/wp-content\/uploads\/2024\/07\/bizum-para-empresas.png\" class=\"wp-chip-notification__image\" alt=\"\" srcset=\"https:\/\/bizum.com\/es\/wp-content\/uploads\/2024\/07\/bizum-para-empresas.png 616w, https:\/\/bizum.com\/es\/wp-content\/uploads\/2024\/07\/bizum-para-empresas-300x291.png 300w\" sizes=\"auto, (max-width: 616px) 100vw, 616px\" \/>  \n  <div class=\"acf-innerblocks-container\">\n\n<p class=\"has-text-black-500-color has-text-color has-link-color has-xs-font-size wp-elements-e5805767f4b75d01ef53603c297f93d5\"><strong>Has enviat un Bizum de 34,80 \u20ac<\/strong><\/p>\n\n\n\n<p class=\"has-text-black-500-color has-text-color has-link-color has-3-xs-font-size wp-elements-1adaa1a3e6696e90a1bc7b3ba56ab0c7\">Martina t&#8217;ha enviat 34,80\u20ac pel sopar de Nadal<\/p>\n\n<\/div>\n\n<\/div>\n\n<div \n  class=\"wp-chip-notification  wp-chip-notifications has-background-gray-125-background-color\"\n  style=\"margin-left:var(--wp--preset--spacing--3);\" class=\"align wp-block-acf-mnz-chip-notification has-background has-background-gray-125-background-color\">\n  \n  <img loading=\"lazy\" decoding=\"async\" width=\"616\" height=\"598\" src=\"https:\/\/bizum.com\/es\/wp-content\/uploads\/2024\/07\/preguntas-sobre-bizum.png\" class=\"wp-chip-notification__image\" alt=\"\" srcset=\"https:\/\/bizum.com\/es\/wp-content\/uploads\/2024\/07\/preguntas-sobre-bizum.png 616w, https:\/\/bizum.com\/es\/wp-content\/uploads\/2024\/07\/preguntas-sobre-bizum-300x291.png 300w\" sizes=\"auto, (max-width: 616px) 100vw, 616px\" \/>  \n  <div class=\"acf-innerblocks-container\">\n\n<p class=\"has-text-black-500-color has-text-color has-link-color has-xs-font-size wp-elements-dfc62f5ff186db6637dd639bc34cb61b\"><strong>Has rebut un Bizum de 6,00 \u20ac<\/strong><\/p>\n\n\n\n<p class=\"has-text-black-500-color has-text-color has-link-color has-3-xs-font-size wp-elements-6e28cf6c80eb86b6b6e18831124f2b1b\">Diego t&#8217;ha enviat 6,00\u20ac pel caf\u00e8 a l&#8217;oficina<\/p>\n\n<\/div>\n\n<\/div><\/div>\n\n\n\n<div class=\"wp-block-column is-layout-flow wp-block-column-is-layout-flow\">\n<h2 class=\"wp-block-heading has-text-black-500-color has-text-color has-link-color has-l-font-size wp-elements-e9107d76c9f88f619a4e7029afc5efd9\">Demana diners i rep-los a l&#8217;instant al teu compte<\/h2>\n\n\n\n<div id=\"block_1d57bda555e638281a886fd21f4ec61c\"\n  class=\"default-tabs horizontal-tabs\"\n  style=\"margin-top:var(--wp--preset--spacing--2);margin-bottom:var(--wp--preset--spacing--2);\" class=\"wp-block-acf-mnz-horizontal-tabs\">\n      <div class=\"default-tabs-navigation horizontal-tabs-navigation default-tabs-navigation__underline\">\n      <ul>\n                  <li>\n            <a href=\"#\" id=\"block_1d57bda555e638281a886fd21f4ec61c-tab-0\" class=\"has-sm-font-size icon-ayuda\">\n                            Com sol\u00b7licitar un Bizum?            <\/a>\n          <\/li>\n                  <li>\n            <a href=\"#\" id=\"block_1d57bda555e638281a886fd21f4ec61c-tab-1\" class=\"has-sm-font-size icon-isotipo\">\n                            T&#8217;han sol\u00b7licitat diners?            <\/a>\n          <\/li>\n              <\/ul>\n    <\/div>\n    <div class=\"default-tabs-content horizontal-tabs-content horizontal-tabs-content-front-end default-tabs-content-front-end\">\n    <div class=\"acf-innerblocks-container\">\n\n<div class=\"tab-item p-2\">\n  <div class=\"acf-innerblocks-container\">\n\n<p>Entra a la secci\u00f3 de Bizum de la teva app banc\u00e0ria, fes clic a l&#8217;opci\u00f3 de sol\u00b7licitar un Bizum, introdueix l&#8217;import i la persona destinat\u00e0ria. Ella tindr\u00e0 7 dies per acceptar loperaci\u00f3, abans que es caduqui. <\/p>\n\n<\/div>\n<\/div>\n\n\n<div class=\"tab-item p-2\">\n  <div class=\"acf-innerblocks-container\">\n\n<p>Rebr\u00e0s una notificaci\u00f3 de l&#8217;aplicaci\u00f3 del banc. Llegeix detingudament el missatge i accedeix als detalls de la transacci\u00f3. Si tens dubtes, rebutja la sol\u00b7licitud. Fins que no acceptis el pagament, els diners no es mouran del teu compte.   <\/p>\n\n<\/div>\n<\/div>\n<\/div>\n  <\/div>\n<\/div><\/div>\n<\/div>\n\n<div class=\"wp-block-columns has-white-100-color has-background-blue-600-background-color has-text-color has-background has-link-color wp-elements-24815a9de7a67d191bb0bbe3900637d0 is-layout-flex wp-container-core-columns-is-layout-65e6a6df wp-block-columns-is-layout-flex\" style=\"border-radius:32px;margin-top:var(--wp--preset--spacing--2);margin-bottom:var(--wp--preset--spacing--2);padding-top:var(--wp--preset--spacing--2);padding-right:var(--wp--preset--spacing--2);padding-bottom:0;padding-left:var(--wp--preset--spacing--2)\">\n<div class=\"wp-block-column is-layout-flow wp-block-column-is-layout-flow\">\n<h2 class=\"wp-block-heading has-text-white-500-color has-text-color has-link-color has-l-font-size wp-elements-74cd465b2e4511b6752b6c0e87cb51bc\" style=\"margin-bottom:var(--wp--preset--spacing--2)\">Com utilitzar Bizum a l&#8217;app del teu banc?<\/h2>\n\n\n\n<div class=\"wp-block-columns is-layout-flex wp-container-core-columns-is-layout-7c4e7372 wp-block-columns-is-layout-flex\" style=\"padding-bottom:var(--wp--preset--spacing--2)\">\n<div class=\"wp-block-column is-layout-flow wp-block-column-is-layout-flow\" style=\"flex-basis:25%\">\n<div class=\"wp-chip  wp-chip has-background-blue-500-background-color wp-chip--text\" class=\"align wp-block-acf-mnz-chip has-background has-background-blue-500-background-color\">\n  01\n<\/div><\/div>\n\n\n\n<div class=\"wp-block-column is-layout-flow wp-block-column-is-layout-flow\">\n<p class=\"has-text-white-500-color has-text-color has-link-color has-m-font-size wp-elements-cf4547e048c732ce8b047436ffc44548\" style=\"margin-bottom:var(--wp--preset--spacing--05)\"><strong>Selecciona el teu banc<\/strong><\/p>\n\n\n\n<p class=\"has-text-white-500-color has-text-color has-link-color wp-elements-c62ded308d1b6c398a30c210b9b9fd8b\"><a href=\"https:\/\/bizum.com\/entidades-bancarias\/\" data-type=\"page\" data-id=\"1439\">Consulta el llistat de bancs<\/a> que tenen Bizum i cerca el teu  <\/p>\n<\/div>\n<\/div>\n\n\n\n<div class=\"wp-block-columns is-layout-flex wp-container-core-columns-is-layout-7c4e7372 wp-block-columns-is-layout-flex\" style=\"padding-bottom:var(--wp--preset--spacing--2)\">\n<div class=\"wp-block-column is-layout-flow wp-block-column-is-layout-flow\" style=\"flex-basis:25%\">\n<div class=\"wp-chip  wp-chip has-background-blue-500-background-color wp-chip--text\" class=\"align wp-block-acf-mnz-chip has-background has-background-blue-500-background-color\">\n  02\n<\/div><\/div>\n\n\n\n<div class=\"wp-block-column is-layout-flow wp-block-column-is-layout-flow\">\n<p class=\"has-text-white-500-color has-text-color has-link-color has-m-font-size wp-elements-0b1c9facb07b004968cd2f29b32725b4\" style=\"margin-bottom:var(--wp--preset--spacing--05)\"><strong>Descarrega&#8217;t la seva app<\/strong><\/p>\n\n\n\n<p class=\"has-text-white-500-color has-text-color has-link-color wp-elements-39e827bb517888246386c4d306d11ba6\">Segueix les instruccions que t&#8217;indiquen per descarregar-te la seva aplicaci\u00f3<\/p>\n<\/div>\n<\/div>\n\n\n\n<div class=\"wp-block-columns is-layout-flex wp-container-core-columns-is-layout-7c4e7372 wp-block-columns-is-layout-flex\" style=\"padding-bottom:var(--wp--preset--spacing--2)\">\n<div class=\"wp-block-column is-layout-flow wp-block-column-is-layout-flow\" style=\"flex-basis:25%\">\n<div class=\"wp-chip  wp-chip has-background-blue-500-background-color wp-chip--text\" class=\"align wp-block-acf-mnz-chip has-background has-background-blue-500-background-color\">\n  03\n<\/div><\/div>\n\n\n\n<div class=\"wp-block-column is-layout-flow wp-block-column-is-layout-flow\">\n<p class=\"has-text-white-500-color has-text-color has-link-color has-m-font-size wp-elements-00efd76a28fe2c8df2dc310e78cd06b9\" style=\"margin-bottom:var(--wp--preset--spacing--05)\">Accedeix i cerca Bizum<\/p>\n\n\n\n<p class=\"has-text-white-500-color has-text-color has-link-color wp-elements-a4c69bc2c6f3416ad26cf8376bc39cd4\">Identifica&#8217;t, busca l&#8217;opci\u00f3 \u201cenviar i rebre diners amb Bizum\u201d, activa el servei i llest.<\/p>\n<\/div>\n<\/div>\n\n\n\n<div class=\"wp-button-wrapper wp-elements-afe92187a6683b526b42b5a046a1c236\">\n  <a class=\" wp-button-link has-border-bottom has-icon is-underlined has-icon-after icon-arrow-up-right has-button-link-white-500-color wp-elements-afe92187a6683b526b42b5a046a1c236\"\n    data-event=\"text_mas-informacion\"\n        target=\"\"\n    href=\"https:\/\/bizum.com\/es\/ca\/persones-amb-bizum\/\"\n        style=\"margin-top:var(--wp--preset--spacing--1);margin-bottom:var(--wp--preset--spacing--2);\" class=\"align wp-elements-afe92187a6683b526b42b5a046a1c236 wp-block-acf-mnz-button-link has-text-color has-button-link-white-500-color\">\n          <span class=\"cta-icon\">\n        <svg width=\"24\" height=\"24\" viewBox=\"0 0 24 24\" fill=\"none\" xmlns=\"http:\/\/www.w3.org\/2000\/svg\">\n<path d=\"M7.92308 6H18M18 6V16.0769M18 6L6 18\" stroke=\"black\" stroke-width=\"2\" stroke-linecap=\"round\" stroke-linejoin=\"round\"\/>\n<\/svg>\n      <\/span>\n    \n    <span class=\"cta-title\">\n      Veure m\u00e9s informaci\u00f3    <\/span>\n\n  <\/a>\n<\/div><\/div>\n\n\n\n<div class=\"wp-block-column is-layout-flow wp-block-column-is-layout-flow\">\n<div id=\"scroll-entidades\"\n  data-filter=\"null\">\n<\/div><\/div>\n<\/div>\n\n<p><\/p>\n\n<div class=\"wp-block-columns is-layout-flex wp-container-core-columns-is-layout-28f84493 wp-block-columns-is-layout-flex\">\n<div class=\"wp-block-column is-vertically-aligned-center is-layout-flow wp-block-column-is-layout-flow\">\n<h2 class=\"wp-block-heading has-text-black-500-color has-text-color has-link-color has-l-font-size wp-elements-297fbe6b8845754e8c55ccdaaa7a8026\">M\u00e9s dubtes? Revisa les nostres preguntes freq\u00fcents<\/h2>\n\n\n\n<p class=\"has-text-gray-500-color has-text-color has-link-color wp-elements-ca3caba0a16089ed32991896114603dd\" style=\"margin-top:var(--wp--preset--spacing--2);margin-bottom:var(--wp--preset--spacing--2)\">Si no trobes la resposta al teu dubte, tamb\u00e9 pots <a href=\"https:\/\/bizum.com\/contacto\/\" data-type=\"page\" data-id=\"1620\">contactar amb la teva entitat prove\u00efdora del servei perqu\u00e8 t&#8217;ajudi<\/a><\/p>\n\n\n\n<div class=\"wp-button-wrapper \">\n  <a class=\" wp-button has-icon icon-arrow-up-right has-icon-after has-button-blue-600-background-color\"\n    data-event=\"null\"\n        target=\"\"\n    href=\"https:\/\/bizum.com\/es\/ca\/preguntes-frequents\/\"\n        class=\"align wp-block-acf-mnz-button has-background has-button-blue-600-background-color\">\n          <span class=\"cta-icon\">\n        <svg width=\"24\" height=\"24\" viewBox=\"0 0 24 24\" fill=\"none\" xmlns=\"http:\/\/www.w3.org\/2000\/svg\">\n<path d=\"M7.92308 6H18M18 6V16.0769M18 6L6 18\" stroke=\"white\" stroke-width=\"2\" stroke-linecap=\"round\" stroke-linejoin=\"round\"\/>\n<\/svg>\n      <\/span>\n    \n    <span class=\"cta-title\">\n      Veure preguntes freq\u00fcents    <\/span>\n\n  <\/a>\n<\/div><\/div>\n\n\n\n<div class=\"wp-block-column is-layout-flow wp-block-column-is-layout-flow\">\n\n<figure \n  class=\"wp-ax-image  wp-animated-image ax-image__y has-square-left is-round has-blue-squares ax-image__double \" \n  class=\"align wp-block-acf-mnz-animated-image\" \n  >\n  <div class=\"ax-image__item ax-image__bar-wrapper\">\n    <div class=\"ax-image__item-bar ax-image__item-bar-1\"><\/div>\n          <div class=\"ax-image__item-bar ax-image__item-bar-2\"><\/div>\n      <\/div>\n  <figure class=\"ax-image__item ax-image__figure\">\n    <img loading=\"lazy\" decoding=\"async\" width=\"616\" height=\"598\" src=\"https:\/\/bizum.com\/es\/wp-content\/uploads\/2024\/07\/preguntas-sobre-bizum.png\" class=\"attachment-full size-full\" alt=\"\" srcset=\"https:\/\/bizum.com\/es\/wp-content\/uploads\/2024\/07\/preguntas-sobre-bizum.png 616w, https:\/\/bizum.com\/es\/wp-content\/uploads\/2024\/07\/preguntas-sobre-bizum-300x291.png 300w\" sizes=\"auto, (max-width: 616px) 100vw, 616px\" \/>  <\/figure>\n<\/figure><\/div>\n<\/div>\n","protected":false},"excerpt":{"rendered":"<p>Enviar i rebre diners m\u00e9s r\u00e0pid que mai Oblida&#8217;t de demanar l&#8217;IBAN i de transfer\u00e8ncies que triguen dies a arribar. Nom\u00e9s necessites el teu m\u00f2bil i el n\u00famero de tel\u00e8fon de la persona a qui vols enviar els diners Salda comptes amb els teus amics i envia diners en 10 segons Oblida&#8217;t del moment \u201cqui [&hellip;]<\/p>\n","protected":false},"author":14,"featured_media":0,"parent":0,"menu_order":0,"comment_status":"closed","ping_status":"closed","template":"","meta":{"_acf_changed":false,"footnotes":""},"class_list":["post-28249","page","type-page","status-publish","hentry"],"acf":[],"yoast_head":"<!-- This site is optimized with the Yoast SEO plugin v27.3 - https:\/\/yoast.com\/product\/yoast-seo-wordpress\/ -->\n<title>Fer un bizum: Enviar i rebre diners a l&#039;instant des del m\u00f2bil<\/title>\n<meta name=\"description\" content=\"Ara pots enviar i rebre pagaments entre familiars i amics, nom\u00e9s necessites el teu m\u00f2bil i uns quants segons per passar comptes.\" \/>\n<meta name=\"robots\" content=\"index, follow, max-snippet:-1, max-image-preview:large, max-video-preview:-1\" \/>\n<link rel=\"canonical\" href=\"https:\/\/bizum.com\/es\/ca\/enviar-i-rebre-diners\/\" \/>\n<meta property=\"og:locale\" content=\"ca_ES\" \/>\n<meta property=\"og:type\" content=\"article\" \/>\n<meta property=\"og:title\" content=\"Fer un bizum: Enviar i rebre diners a l&#039;instant des del m\u00f2bil\" \/>\n<meta property=\"og:description\" content=\"Ara pots enviar i rebre pagaments entre familiars i amics, nom\u00e9s necessites el teu m\u00f2bil i uns quants segons per passar comptes.\" \/>\n<meta property=\"og:url\" content=\"https:\/\/bizum.com\/es\/ca\/enviar-i-rebre-diners\/\" \/>\n<meta property=\"og:site_name\" content=\"Bizum\" \/>\n<meta property=\"article:modified_time\" content=\"2025-02-19T02:56:55+00:00\" \/>\n<meta name=\"twitter:card\" content=\"summary_large_image\" \/>\n<meta name=\"twitter:label1\" content=\"Est. reading time\" \/>\n\t<meta name=\"twitter:data1\" content=\"2 minutes\" \/>\n<script type=\"application\/ld+json\" class=\"yoast-schema-graph\">{\"@context\":\"https:\\\/\\\/schema.org\",\"@graph\":[{\"@type\":\"WebPage\",\"@id\":\"https:\\\/\\\/bizum.com\\\/es\\\/ca\\\/enviar-i-rebre-diners\\\/\",\"url\":\"https:\\\/\\\/bizum.com\\\/es\\\/ca\\\/enviar-i-rebre-diners\\\/\",\"name\":\"Fer un bizum: Enviar i rebre diners a l'instant des del m\u00f2bil\",\"isPartOf\":{\"@id\":\"https:\\\/\\\/bizum.com\\\/es\\\/#website\"},\"datePublished\":\"2024-06-10T17:43:40+00:00\",\"dateModified\":\"2025-02-19T02:56:55+00:00\",\"description\":\"Ara pots enviar i rebre pagaments entre familiars i amics, nom\u00e9s necessites el teu m\u00f2bil i uns quants segons per passar comptes.\",\"breadcrumb\":{\"@id\":\"https:\\\/\\\/bizum.com\\\/es\\\/ca\\\/enviar-i-rebre-diners\\\/#breadcrumb\"},\"inLanguage\":\"ca\",\"potentialAction\":[{\"@type\":\"ReadAction\",\"target\":[\"https:\\\/\\\/bizum.com\\\/es\\\/ca\\\/enviar-i-rebre-diners\\\/\"]}]},{\"@type\":\"BreadcrumbList\",\"@id\":\"https:\\\/\\\/bizum.com\\\/es\\\/ca\\\/enviar-i-rebre-diners\\\/#breadcrumb\",\"itemListElement\":[{\"@type\":\"ListItem\",\"position\":1,\"name\":\"Home\",\"item\":\"https:\\\/\\\/bizum.com\\\/es\\\/ca\\\/\"},{\"@type\":\"ListItem\",\"position\":2,\"name\":\"Enviar i rebre diners\"}]},{\"@type\":\"WebSite\",\"@id\":\"https:\\\/\\\/bizum.com\\\/es\\\/#website\",\"url\":\"https:\\\/\\\/bizum.com\\\/es\\\/\",\"name\":\"Bizum\",\"description\":\"Con Bizum puedes enviar y recibir dinero entre amigos, pagar en comercios online y donar a la ONG que tu elijas, todo desde tu m\u00f3vil.\",\"potentialAction\":[{\"@type\":\"SearchAction\",\"target\":{\"@type\":\"EntryPoint\",\"urlTemplate\":\"https:\\\/\\\/bizum.com\\\/es\\\/?s={search_term_string}\"},\"query-input\":{\"@type\":\"PropertyValueSpecification\",\"valueRequired\":true,\"valueName\":\"search_term_string\"}}],\"inLanguage\":\"ca\"}]}<\/script>\n<!-- \/ Yoast SEO plugin. -->","yoast_head_json":{"title":"Fer un bizum: Enviar i rebre diners a l'instant des del m\u00f2bil","description":"Ara pots enviar i rebre pagaments entre familiars i amics, nom\u00e9s necessites el teu m\u00f2bil i uns quants segons per passar comptes.","robots":{"index":"index","follow":"follow","max-snippet":"max-snippet:-1","max-image-preview":"max-image-preview:large","max-video-preview":"max-video-preview:-1"},"canonical":"https:\/\/bizum.com\/es\/ca\/enviar-i-rebre-diners\/","og_locale":"ca_ES","og_type":"article","og_title":"Fer un bizum: Enviar i rebre diners a l'instant des del m\u00f2bil","og_description":"Ara pots enviar i rebre pagaments entre familiars i amics, nom\u00e9s necessites el teu m\u00f2bil i uns quants segons per passar comptes.","og_url":"https:\/\/bizum.com\/es\/ca\/enviar-i-rebre-diners\/","og_site_name":"Bizum","article_modified_time":"2025-02-19T02:56:55+00:00","twitter_card":"summary_large_image","twitter_misc":{"Est. reading time":"2 minutes"},"schema":{"@context":"https:\/\/schema.org","@graph":[{"@type":"WebPage","@id":"https:\/\/bizum.com\/es\/ca\/enviar-i-rebre-diners\/","url":"https:\/\/bizum.com\/es\/ca\/enviar-i-rebre-diners\/","name":"Fer un bizum: Enviar i rebre diners a l'instant des del m\u00f2bil","isPartOf":{"@id":"https:\/\/bizum.com\/es\/#website"},"datePublished":"2024-06-10T17:43:40+00:00","dateModified":"2025-02-19T02:56:55+00:00","description":"Ara pots enviar i rebre pagaments entre familiars i amics, nom\u00e9s necessites el teu m\u00f2bil i uns quants segons per passar comptes.","breadcrumb":{"@id":"https:\/\/bizum.com\/es\/ca\/enviar-i-rebre-diners\/#breadcrumb"},"inLanguage":"ca","potentialAction":[{"@type":"ReadAction","target":["https:\/\/bizum.com\/es\/ca\/enviar-i-rebre-diners\/"]}]},{"@type":"BreadcrumbList","@id":"https:\/\/bizum.com\/es\/ca\/enviar-i-rebre-diners\/#breadcrumb","itemListElement":[{"@type":"ListItem","position":1,"name":"Home","item":"https:\/\/bizum.com\/es\/ca\/"},{"@type":"ListItem","position":2,"name":"Enviar i rebre diners"}]},{"@type":"WebSite","@id":"https:\/\/bizum.com\/es\/#website","url":"https:\/\/bizum.com\/es\/","name":"Bizum","description":"Con Bizum puedes enviar y recibir dinero entre amigos, pagar en comercios online y donar a la ONG que tu elijas, todo desde tu m\u00f3vil.","potentialAction":[{"@type":"SearchAction","target":{"@type":"EntryPoint","urlTemplate":"https:\/\/bizum.com\/es\/?s={search_term_string}"},"query-input":{"@type":"PropertyValueSpecification","valueRequired":true,"valueName":"search_term_string"}}],"inLanguage":"ca"}]}},"_links":{"self":[{"href":"https:\/\/bizum.com\/es\/ca\/wp-json\/wp\/v2\/pages\/28249","targetHints":{"allow":["GET"]}}],"collection":[{"href":"https:\/\/bizum.com\/es\/ca\/wp-json\/wp\/v2\/pages"}],"about":[{"href":"https:\/\/bizum.com\/es\/ca\/wp-json\/wp\/v2\/types\/page"}],"author":[{"embeddable":true,"href":"https:\/\/bizum.com\/es\/ca\/wp-json\/wp\/v2\/users\/14"}],"replies":[{"embeddable":true,"href":"https:\/\/bizum.com\/es\/ca\/wp-json\/wp\/v2\/comments?post=28249"}],"version-history":[{"count":7,"href":"https:\/\/bizum.com\/es\/ca\/wp-json\/wp\/v2\/pages\/28249\/revisions"}],"predecessor-version":[{"id":37027,"href":"https:\/\/bizum.com\/es\/ca\/wp-json\/wp\/v2\/pages\/28249\/revisions\/37027"}],"wp:attachment":[{"href":"https:\/\/bizum.com\/es\/ca\/wp-json\/wp\/v2\/media?parent=28249"}],"curies":[{"name":"wp","href":"https:\/\/api.w.org\/{rel}","templated":true}]}}