{"id":28264,"date":"2024-06-10T17:59:10","date_gmt":"2024-06-10T17:59:10","guid":{"rendered":"https:\/\/bizum.com\/es\/compra-online\/"},"modified":"2025-02-19T03:01:07","modified_gmt":"2025-02-19T03:01:07","slug":"compra-online","status":"publish","type":"page","link":"https:\/\/bizum.com\/es\/ca\/compra-online\/","title":{"rendered":"Compra en l\u00ednia"},"content":{"rendered":"\n<div class=\"wp-block-columns is-layout-flex wp-container-core-columns-is-layout-28f84493 wp-block-columns-is-layout-flex\">\n<div class=\"wp-block-column is-vertically-aligned-center is-layout-flow wp-block-column-is-layout-flow\">\n<h2 class=\"wp-block-heading has-text-black-500-color has-text-color has-link-color has-xl-font-size wp-elements-27741c7782eb25b954e2cdcf3e95f5f9\">Tria \u201cPagar amb Bizum\u201d a les teves compres online<\/h2>\n\n\n\n<p class=\"has-text-gray-500-color has-text-color has-link-color wp-elements-b9af187232af7bcd6a11e719d075f8ba\" style=\"margin-top:var(--wp--preset--spacing--2);margin-bottom:var(--wp--preset--spacing--2)\">Si tens activat Bizum, ja pots comen\u00e7ar a comprar de la manera m\u00e9s f\u00e0cil, r\u00e0pida i segura. Nom\u00e9s necessites el teu n\u00famero de tel\u00e8fon i l&#8217;app del banc <\/p>\n\n\n\n<div class=\"wp-button-wrapper \">\n  <a class=\" wp-button f-xs has-icon icon-arrow-up-right has-icon-after has-button-blue-600-background-color\"\n    data-event=\"cta_activar-bizum\"\n        target=\"\"\n    href=\"https:\/\/bizum.com\/es\/ca\/persones-amb-bizum\/\"\n        class=\"align wp-block-acf-mnz-button has-background has-button-blue-600-background-color has-xs-font-size\">\n          <span class=\"cta-icon\">\n        <svg width=\"24\" height=\"24\" viewBox=\"0 0 24 24\" fill=\"none\" xmlns=\"http:\/\/www.w3.org\/2000\/svg\">\n<path d=\"M7.92308 6H18M18 6V16.0769M18 6L6 18\" stroke=\"white\" stroke-width=\"2\" stroke-linecap=\"round\" stroke-linejoin=\"round\"\/>\n<\/svg>\n      <\/span>\n    \n    <span class=\"cta-title\">\n      Activa Bizum    <\/span>\n\n  <\/a>\n<\/div><\/div>\n\n\n\n<div class=\"wp-block-column is-layout-flow wp-block-column-is-layout-flow\">\n\n<figure \n  class=\"wp-ax-image  wp-animated-image ax-image__x has-square-left  has-blue-squares ax-image__double \" \n  class=\"align wp-block-acf-mnz-animated-image\" \n  >\n  <div class=\"ax-image__item ax-image__bar-wrapper\">\n    <div class=\"ax-image__item-bar ax-image__item-bar-1\"><\/div>\n          <div class=\"ax-image__item-bar ax-image__item-bar-2\"><\/div>\n      <\/div>\n  <figure class=\"ax-image__item ax-image__figure\">\n    <img loading=\"lazy\" decoding=\"async\" width=\"616\" height=\"598\" src=\"https:\/\/bizum.com\/es\/wp-content\/uploads\/2024\/07\/pagar-con-bizum.png\" class=\"attachment-full size-full\" alt=\"\" srcset=\"https:\/\/bizum.com\/es\/wp-content\/uploads\/2024\/07\/pagar-con-bizum.png 616w, https:\/\/bizum.com\/es\/wp-content\/uploads\/2024\/07\/pagar-con-bizum-300x291.png 300w\" sizes=\"auto, (max-width: 616px) 100vw, 616px\" \/>  <\/figure>\n<\/figure><\/div>\n<\/div>\n\n<div class=\"wp-block-columns has-white-100-color has-background-blue-600-background-color has-text-color has-background has-link-color wp-elements-41cc22946356ca30c76442a534a1e35b is-layout-flex wp-container-core-columns-is-layout-966ac77c wp-block-columns-is-layout-flex\" style=\"border-radius:32px;margin-top:var(--wp--preset--spacing--2);margin-bottom:var(--wp--preset--spacing--2);padding-top:var(--wp--preset--spacing--2);padding-right:var(--wp--preset--spacing--2);padding-bottom:var(--wp--preset--spacing--2);padding-left:var(--wp--preset--spacing--2)\">\n<div class=\"wp-block-column is-layout-flow wp-block-column-is-layout-flow\">\n<h2 class=\"wp-block-heading has-text-white-500-color has-text-color has-link-color has-l-font-size wp-elements-0cc52b29184a0ee8ffae7c1481e6b10a\" style=\"margin-bottom:var(--wp--preset--spacing--2)\">Com comprar amb Bizum en l\u00ednia?<\/h2>\n\n\n\n<div class=\"wp-block-columns is-layout-flex wp-container-core-columns-is-layout-28f84493 wp-block-columns-is-layout-flex\">\n<div class=\"wp-block-column is-layout-flow wp-block-column-is-layout-flow\">\n<div class=\"wp-chip  wp-chip has-background-white-500-background-color wp-chip--text\" style=\"margin-bottom:var(--wp--preset--spacing--1);\" class=\"align wp-block-acf-mnz-chip has-background has-background-white-500-background-color\">\n  01\n<\/div>\n\n\n<p class=\"has-text-white-500-color has-text-color has-link-color has-m-font-size wp-elements-3827af6cd54ce07fbb3b01ae97354da6\" style=\"margin-bottom:var(--wp--preset--spacing--05)\"><strong>Selecciona &#8220;Pagar amb Bizum&#8221;<\/strong><\/p>\n\n\n\n<p class=\"has-text-white-500-color has-text-color has-link-color wp-elements-c215b41b5de1a34f5593144d9bfa8952\" style=\"margin-bottom:var(--wp--preset--spacing--05)\">Introdu\u00efu el n\u00famero de tel\u00e8fon que teniu associat a Bizum. No cal con\u00e8ixer m\u00e9s dades. <\/p>\n<\/div>\n\n\n\n<div class=\"wp-block-column is-layout-flow wp-block-column-is-layout-flow\">\n<div class=\"wp-chip  wp-chip has-background-white-500-background-color wp-chip--text\" style=\"margin-bottom:var(--wp--preset--spacing--1);\" class=\"align wp-block-acf-mnz-chip has-background has-background-white-500-background-color\">\n  02\n<\/div>\n\n\n<p class=\"has-text-white-500-color has-text-color has-link-color has-m-font-size wp-elements-41d08b623f3b3afe8f3252c794e273ab\" style=\"margin-bottom:var(--wp--preset--spacing--05)\"><strong>Valida el pagament<\/strong><\/p>\n\n\n\n<p class=\"has-text-white-500-color has-text-color has-link-color wp-elements-6af0f69bb3699f3fb51fb3d8d30e11ff\" style=\"margin-bottom:var(--wp--preset--spacing--05)\">Rebr\u00e0s una notificaci\u00f3 de l&#8217;app del teu banc. Obriu-la i comproveu que tot \u00e9s correcte abans d&#8217;acceptar el pagament. <\/p>\n<\/div>\n\n\n\n<div class=\"wp-block-column is-layout-flow wp-block-column-is-layout-flow\">\n<div class=\"wp-chip  wp-chip has-background-white-500-background-color wp-chip--text\" style=\"margin-bottom:var(--wp--preset--spacing--1);\" class=\"align wp-block-acf-mnz-chip has-background has-background-white-500-background-color\">\n  03\n<\/div>\n\n\n<p class=\"has-text-white-500-color has-text-color has-link-color has-m-font-size wp-elements-51366a3d1a3946769a673634effcdd5e\" style=\"margin-bottom:var(--wp--preset--spacing--05)\"><strong>Gaudeix de la teva compra<\/strong><\/p>\n\n\n\n<p class=\"has-text-white-500-color has-text-color has-link-color wp-elements-d35e15b09786e45c71b4482e48b4b92a\" style=\"margin-bottom:var(--wp--preset--spacing--05)\">Ja est\u00e0! Torna a la web o app del comer\u00e7 per finalitzar la compra i gaudeix-la! <\/p>\n<\/div>\n<\/div>\n<\/div>\n<\/div>\n\n<div class=\"wp-block-columns is-layout-flex wp-container-core-columns-is-layout-28f84493 wp-block-columns-is-layout-flex\">\n<div class=\"wp-block-column is-layout-flow wp-block-column-is-layout-flow\">\n\n<figure \n  class=\"wp-ax-image  wp-animated-image ax-image__y has-square-left  has-blue-squares ax-image__double \" \n  class=\"align wp-block-acf-mnz-animated-image\" \n  >\n  <div class=\"ax-image__item ax-image__bar-wrapper\">\n    <div class=\"ax-image__item-bar ax-image__item-bar-1\"><\/div>\n          <div class=\"ax-image__item-bar ax-image__item-bar-2\"><\/div>\n      <\/div>\n  <figure class=\"ax-image__item ax-image__figure\">\n    <img loading=\"lazy\" decoding=\"async\" width=\"616\" height=\"598\" src=\"https:\/\/bizum.com\/es\/wp-content\/uploads\/2024\/07\/pagos-recurrentes-con-bizum.png\" class=\"attachment-full size-full\" alt=\"\" srcset=\"https:\/\/bizum.com\/es\/wp-content\/uploads\/2024\/07\/pagos-recurrentes-con-bizum.png 616w, https:\/\/bizum.com\/es\/wp-content\/uploads\/2024\/07\/pagos-recurrentes-con-bizum-300x291.png 300w\" sizes=\"auto, (max-width: 616px) 100vw, 616px\" \/>  <\/figure>\n<\/figure><\/div>\n\n\n\n<div class=\"wp-block-column is-vertically-aligned-center is-layout-flow wp-block-column-is-layout-flow\">\n<h2 class=\"wp-block-heading has-text-black-500-color has-text-color has-link-color has-l-font-size wp-elements-29a4866adbcd38e905b969080e8fa1ea\">Pagaments recurrents o habituals<\/h2>\n\n\n\n<p class=\"has-text-gray-500-color has-text-color has-link-color wp-elements-8b216a8254b1c3c345598af44df23de9\" style=\"margin-top:var(--wp--preset--spacing--2);margin-bottom:var(--wp--preset--spacing--2)\">Una subscripci\u00f3, la compra habitual del supermercat&#8230; ara ja les pots pagar amb Bizum, directament des del teu compte bancari. Enrola Bizum amb el teu n\u00famero de tel\u00e8fon i oblida&#8217;t! <\/p>\n\n\n\n<p class=\"has-gray-500-color has-text-color has-link-color wp-elements-8726ac73b182444ace950d3e9c13ffe1\" style=\"margin-top:var(--wp--preset--spacing--2);margin-bottom:var(--wp--preset--spacing--2)\">Podeu consultar els comer\u00e7os als quals heu atorgat perm\u00eds i gestionar els vostres pagaments des de l&#8217;app banc\u00e0ria.<\/p>\n<\/div>\n<\/div>\n\n<div class=\"wp-block-columns is-layout-flex wp-container-core-columns-is-layout-91ca3140 wp-block-columns-is-layout-flex\" style=\"margin-top:var(--wp--preset--spacing--2);margin-bottom:var(--wp--preset--spacing--2)\">\n<div class=\"wp-block-column is-vertically-aligned-center is-layout-flow wp-block-column-is-layout-flow\">\n<h2 class=\"wp-block-heading has-l-font-size\">Comer\u00e7os que accepten pagament amb Bizum<\/h2>\n\n\n\n<div class=\"wp-button-wrapper \">\n  <a class=\" wp-button-link has-border-bottom has-icon is-underlined has-icon-after icon-arrow-up-right\"\n    data-event=\"text_ver-mas\"\n        target=\"\"\n    href=\"https:\/\/bizum.com\/es\/comercios\/\"\n        class=\"align wp-block-acf-mnz-button-link\">\n          <span class=\"cta-icon\">\n        <svg width=\"24\" height=\"24\" viewBox=\"0 0 24 24\" fill=\"none\" xmlns=\"http:\/\/www.w3.org\/2000\/svg\">\n<path d=\"M7.92308 6H18M18 6V16.0769M18 6L6 18\" stroke=\"black\" stroke-width=\"2\" stroke-linecap=\"round\" stroke-linejoin=\"round\"\/>\n<\/svg>\n      <\/span>\n    \n    <span class=\"cta-title\">\n      Veure m\u00e9s    <\/span>\n\n  <\/a>\n<\/div><\/div>\n\n\n\n<div class=\"wp-block-column is-layout-flow wp-block-column-is-layout-flow\"><section class=\"slider-entidades slider-comercios br-ml align-center wp-slider-comercios is-center\" class=\"aligncenter wp-block-acf-mnz-slider-comercios\">\n  \n      <div id=\"slider-comercios-grid-swiper\" \n      class=\"content-entidades content-comercios content-entidades-items-with-shadow\"\n      data-per-slide=\"3\">\n    <\/div>\n  <\/section><\/div>\n<\/div>\n\n<div class=\"wp-block-columns is-layout-flex wp-container-core-columns-is-layout-28f84493 wp-block-columns-is-layout-flex\">\n<div class=\"wp-block-column is-vertically-aligned-center is-layout-flow wp-block-column-is-layout-flow\">\n<h2 class=\"wp-block-heading has-text-black-500-color has-text-color has-link-color has-l-font-size wp-elements-297fbe6b8845754e8c55ccdaaa7a8026\">M\u00e9s dubtes? Revisa les nostres preguntes freq\u00fcents<\/h2>\n\n\n\n<p class=\"has-text-gray-500-color has-text-color has-link-color wp-elements-ca3caba0a16089ed32991896114603dd\" style=\"margin-top:var(--wp--preset--spacing--2);margin-bottom:var(--wp--preset--spacing--2)\">Si no trobes la resposta al teu dubte, tamb\u00e9 pots <a href=\"https:\/\/bizum.com\/contacto\/\" data-type=\"page\" data-id=\"1620\">contactar amb la teva entitat prove\u00efdora del servei perqu\u00e8 t&#8217;ajudi<\/a><\/p>\n\n\n\n<div class=\"wp-button-wrapper \">\n  <a class=\" wp-button has-icon icon-arrow-up-right has-icon-after has-button-blue-600-background-color\"\n    data-event=\"cta_preguntes-freq\u00fcents\"\n        target=\"\"\n    href=\"https:\/\/bizum.com\/es\/ca\/preguntes-frequents\/\"\n        class=\"align wp-block-acf-mnz-button has-background has-button-blue-600-background-color\">\n          <span class=\"cta-icon\">\n        <svg width=\"24\" height=\"24\" viewBox=\"0 0 24 24\" fill=\"none\" xmlns=\"http:\/\/www.w3.org\/2000\/svg\">\n<path d=\"M7.92308 6H18M18 6V16.0769M18 6L6 18\" stroke=\"white\" stroke-width=\"2\" stroke-linecap=\"round\" stroke-linejoin=\"round\"\/>\n<\/svg>\n      <\/span>\n    \n    <span class=\"cta-title\">\n      Veure preguntes freq\u00fcents    <\/span>\n\n  <\/a>\n<\/div><\/div>\n\n\n\n<div class=\"wp-block-column is-layout-flow wp-block-column-is-layout-flow\">\n\n<figure \n  class=\"wp-ax-image  wp-animated-image ax-image__y has-square-left is-round has-blue-squares ax-image__double \" \n  class=\"align wp-block-acf-mnz-animated-image\" \n  >\n  <div class=\"ax-image__item ax-image__bar-wrapper\">\n    <div class=\"ax-image__item-bar ax-image__item-bar-1\"><\/div>\n          <div class=\"ax-image__item-bar ax-image__item-bar-2\"><\/div>\n      <\/div>\n  <figure class=\"ax-image__item ax-image__figure\">\n    <img loading=\"lazy\" decoding=\"async\" width=\"616\" height=\"598\" src=\"https:\/\/bizum.com\/es\/wp-content\/uploads\/2024\/07\/preguntas-sobre-bizum.png\" class=\"attachment-full size-full\" alt=\"\" srcset=\"https:\/\/bizum.com\/es\/wp-content\/uploads\/2024\/07\/preguntas-sobre-bizum.png 616w, https:\/\/bizum.com\/es\/wp-content\/uploads\/2024\/07\/preguntas-sobre-bizum-300x291.png 300w\" sizes=\"auto, (max-width: 616px) 100vw, 616px\" \/>  <\/figure>\n<\/figure><\/div>\n<\/div>\n\n<section class=\"d-flex content-accessibility mt-2 mb-2  wp-accessibility content-accessibility__blue\"\n  class=\"align wp-block-acf-mnz-accessibility\">\n  <div class=\"item item-logo\">\n    <img loading=\"lazy\" decoding=\"async\" width=\"240\" height=\"72\" src=\"https:\/\/bizum.com\/es\/wp-content\/uploads\/2024\/06\/bizum-website-accessibility-logo.png\" class=\"logo\" alt=\"\" \/>  \n    \n  <\/div>\n\n  <div class=\"item item-social\">\n                          <\/div>\n<\/section>\n<section class=\"p-2 has-background-gray-100-background-color br-m mb-2\">\n\n  <div class=\"pb-1\">\n    <h3 class=\"has-text-black-500-color fw-500\">\n      Subscriu-te a la nostra newsletter    <\/h3>\n  <\/div>\n\n  <div id=\"signup-newsletter\" class=\"test content-form has-text-black-500-color d-flex\">\n\n          <div class=\"content-form-newsletter\">\n        <script charset=\"utf-8\" type=\"text\/javascript\" src=\"\/\/js-eu1.hsforms.net\/forms\/embed\/v2.js\"><\/script>\n        <script>\n          hbspt.forms.create({\n            portalId: \"146523971\",\n            formId: \"e82ad9fe-679b-4783-9027-c951e7df98b5\",\n            region: \"eu1\"\n          });\n        <\/script>\n      <\/div>\n    \n      <\/div>\n<\/section>","protected":false},"excerpt":{"rendered":"<p>Tria \u201cPagar amb Bizum\u201d a les teves compres online Si tens activat Bizum, ja pots comen\u00e7ar a comprar de la manera m\u00e9s f\u00e0cil, r\u00e0pida i segura. Nom\u00e9s necessites el teu n\u00famero de tel\u00e8fon i l&#8217;app del banc Com comprar amb Bizum en l\u00ednia? Selecciona &#8220;Pagar amb Bizum&#8221; Introdu\u00efu el n\u00famero de tel\u00e8fon que teniu associat [&hellip;]<\/p>\n","protected":false},"author":14,"featured_media":0,"parent":0,"menu_order":0,"comment_status":"closed","ping_status":"closed","template":"","meta":{"_acf_changed":false,"footnotes":""},"class_list":["post-28264","page","type-page","status-publish","hentry"],"acf":[],"yoast_head":"<!-- This site is optimized with the Yoast SEO plugin v27.5 - https:\/\/yoast.com\/product\/yoast-seo-wordpress\/ -->\n<title>Descobreix com pagar amb Bizum les teves compres online<\/title>\n<meta name=\"description\" content=\"Tria \u201cPagar amb Bizum\u201d al teu comer\u00e7 online favorit. Obtingues la teva clau Bizum i fes els teus pagaments per Internet de forma f\u00e0cil, r\u00e0pida i segura.\" \/>\n<meta name=\"robots\" content=\"index, follow, max-snippet:-1, max-image-preview:large, max-video-preview:-1\" \/>\n<link rel=\"canonical\" href=\"https:\/\/bizum.com\/es\/ca\/compra-online\/\" \/>\n<meta property=\"og:locale\" content=\"ca_ES\" \/>\n<meta property=\"og:type\" content=\"article\" \/>\n<meta property=\"og:title\" content=\"Descobreix com pagar amb Bizum les teves compres online\" \/>\n<meta property=\"og:description\" content=\"Tria \u201cPagar amb Bizum\u201d al teu comer\u00e7 online favorit. Obtingues la teva clau Bizum i fes els teus pagaments per Internet de forma f\u00e0cil, r\u00e0pida i segura.\" \/>\n<meta property=\"og:url\" content=\"https:\/\/bizum.com\/es\/ca\/compra-online\/\" \/>\n<meta property=\"og:site_name\" content=\"Bizum\" \/>\n<meta property=\"article:modified_time\" content=\"2025-02-19T03:01:07+00:00\" \/>\n<meta name=\"twitter:card\" content=\"summary_large_image\" \/>\n<meta name=\"twitter:label1\" content=\"Est. reading time\" \/>\n\t<meta name=\"twitter:data1\" content=\"1 minute\" \/>\n<script type=\"application\/ld+json\" class=\"yoast-schema-graph\">{\"@context\":\"https:\\\/\\\/schema.org\",\"@graph\":[{\"@type\":\"WebPage\",\"@id\":\"https:\\\/\\\/bizum.com\\\/es\\\/ca\\\/compra-online\\\/\",\"url\":\"https:\\\/\\\/bizum.com\\\/es\\\/ca\\\/compra-online\\\/\",\"name\":\"Descobreix com pagar amb Bizum les teves compres online\",\"isPartOf\":{\"@id\":\"https:\\\/\\\/bizum.com\\\/es\\\/#website\"},\"datePublished\":\"2024-06-10T17:59:10+00:00\",\"dateModified\":\"2025-02-19T03:01:07+00:00\",\"description\":\"Tria \u201cPagar amb Bizum\u201d al teu comer\u00e7 online favorit. Obtingues la teva clau Bizum i fes els teus pagaments per Internet de forma f\u00e0cil, r\u00e0pida i segura.\",\"breadcrumb\":{\"@id\":\"https:\\\/\\\/bizum.com\\\/es\\\/ca\\\/compra-online\\\/#breadcrumb\"},\"inLanguage\":\"ca\",\"potentialAction\":[{\"@type\":\"ReadAction\",\"target\":[\"https:\\\/\\\/bizum.com\\\/es\\\/ca\\\/compra-online\\\/\"]}]},{\"@type\":\"BreadcrumbList\",\"@id\":\"https:\\\/\\\/bizum.com\\\/es\\\/ca\\\/compra-online\\\/#breadcrumb\",\"itemListElement\":[{\"@type\":\"ListItem\",\"position\":1,\"name\":\"Home\",\"item\":\"https:\\\/\\\/bizum.com\\\/es\\\/ca\\\/\"},{\"@type\":\"ListItem\",\"position\":2,\"name\":\"Compra en l\u00ednia\"}]},{\"@type\":\"WebSite\",\"@id\":\"https:\\\/\\\/bizum.com\\\/es\\\/#website\",\"url\":\"https:\\\/\\\/bizum.com\\\/es\\\/\",\"name\":\"Bizum\",\"description\":\"Con Bizum puedes enviar y recibir dinero entre amigos, pagar en comercios online y donar a la ONG que tu elijas, todo desde tu m\u00f3vil.\",\"potentialAction\":[{\"@type\":\"SearchAction\",\"target\":{\"@type\":\"EntryPoint\",\"urlTemplate\":\"https:\\\/\\\/bizum.com\\\/es\\\/?s={search_term_string}\"},\"query-input\":{\"@type\":\"PropertyValueSpecification\",\"valueRequired\":true,\"valueName\":\"search_term_string\"}}],\"inLanguage\":\"ca\"}]}<\/script>\n<!-- \/ Yoast SEO plugin. -->","yoast_head_json":{"title":"Descobreix com pagar amb Bizum les teves compres online","description":"Tria \u201cPagar amb Bizum\u201d al teu comer\u00e7 online favorit. Obtingues la teva clau Bizum i fes els teus pagaments per Internet de forma f\u00e0cil, r\u00e0pida i segura.","robots":{"index":"index","follow":"follow","max-snippet":"max-snippet:-1","max-image-preview":"max-image-preview:large","max-video-preview":"max-video-preview:-1"},"canonical":"https:\/\/bizum.com\/es\/ca\/compra-online\/","og_locale":"ca_ES","og_type":"article","og_title":"Descobreix com pagar amb Bizum les teves compres online","og_description":"Tria \u201cPagar amb Bizum\u201d al teu comer\u00e7 online favorit. Obtingues la teva clau Bizum i fes els teus pagaments per Internet de forma f\u00e0cil, r\u00e0pida i segura.","og_url":"https:\/\/bizum.com\/es\/ca\/compra-online\/","og_site_name":"Bizum","article_modified_time":"2025-02-19T03:01:07+00:00","twitter_card":"summary_large_image","twitter_misc":{"Est. reading time":"1 minute"},"schema":{"@context":"https:\/\/schema.org","@graph":[{"@type":"WebPage","@id":"https:\/\/bizum.com\/es\/ca\/compra-online\/","url":"https:\/\/bizum.com\/es\/ca\/compra-online\/","name":"Descobreix com pagar amb Bizum les teves compres online","isPartOf":{"@id":"https:\/\/bizum.com\/es\/#website"},"datePublished":"2024-06-10T17:59:10+00:00","dateModified":"2025-02-19T03:01:07+00:00","description":"Tria \u201cPagar amb Bizum\u201d al teu comer\u00e7 online favorit. Obtingues la teva clau Bizum i fes els teus pagaments per Internet de forma f\u00e0cil, r\u00e0pida i segura.","breadcrumb":{"@id":"https:\/\/bizum.com\/es\/ca\/compra-online\/#breadcrumb"},"inLanguage":"ca","potentialAction":[{"@type":"ReadAction","target":["https:\/\/bizum.com\/es\/ca\/compra-online\/"]}]},{"@type":"BreadcrumbList","@id":"https:\/\/bizum.com\/es\/ca\/compra-online\/#breadcrumb","itemListElement":[{"@type":"ListItem","position":1,"name":"Home","item":"https:\/\/bizum.com\/es\/ca\/"},{"@type":"ListItem","position":2,"name":"Compra en l\u00ednia"}]},{"@type":"WebSite","@id":"https:\/\/bizum.com\/es\/#website","url":"https:\/\/bizum.com\/es\/","name":"Bizum","description":"Con Bizum puedes enviar y recibir dinero entre amigos, pagar en comercios online y donar a la ONG que tu elijas, todo desde tu m\u00f3vil.","potentialAction":[{"@type":"SearchAction","target":{"@type":"EntryPoint","urlTemplate":"https:\/\/bizum.com\/es\/?s={search_term_string}"},"query-input":{"@type":"PropertyValueSpecification","valueRequired":true,"valueName":"search_term_string"}}],"inLanguage":"ca"}]}},"_links":{"self":[{"href":"https:\/\/bizum.com\/es\/ca\/wp-json\/wp\/v2\/pages\/28264","targetHints":{"allow":["GET"]}}],"collection":[{"href":"https:\/\/bizum.com\/es\/ca\/wp-json\/wp\/v2\/pages"}],"about":[{"href":"https:\/\/bizum.com\/es\/ca\/wp-json\/wp\/v2\/types\/page"}],"author":[{"embeddable":true,"href":"https:\/\/bizum.com\/es\/ca\/wp-json\/wp\/v2\/users\/14"}],"replies":[{"embeddable":true,"href":"https:\/\/bizum.com\/es\/ca\/wp-json\/wp\/v2\/comments?post=28264"}],"version-history":[{"count":4,"href":"https:\/\/bizum.com\/es\/ca\/wp-json\/wp\/v2\/pages\/28264\/revisions"}],"predecessor-version":[{"id":37053,"href":"https:\/\/bizum.com\/es\/ca\/wp-json\/wp\/v2\/pages\/28264\/revisions\/37053"}],"wp:attachment":[{"href":"https:\/\/bizum.com\/es\/ca\/wp-json\/wp\/v2\/media?parent=28264"}],"curies":[{"name":"wp","href":"https:\/\/api.w.org\/{rel}","templated":true}]}}