{"id":28455,"date":"2024-07-28T10:59:15","date_gmt":"2024-07-28T10:59:15","guid":{"rendered":"https:\/\/bizum.com\/es\/politica-de-privacitat\/"},"modified":"2024-11-07T08:58:42","modified_gmt":"2024-11-07T08:58:42","slug":"politica-de-privacitat","status":"publish","type":"page","link":"https:\/\/bizum.com\/es\/ca\/politica-de-privacitat\/","title":{"rendered":"Pol\u00edtica de privadesa"},"content":{"rendered":"\n<h2 class=\"wp-block-heading\"><strong>INFORMACI\u00d3 B\u00c0SICA DE PRIVACITAT.<\/strong><\/h2>\n\n<p>1. Responsable: Bizum, SL<br\/>2. Finalitat del tractament: Gestionar les consultes i sol\u00b7licituds que ens facin arribar a trav\u00e9s del canal \u201cContacte\u201d i de l&#8217;Assistent Virtual \u201cBizzi\u201d, gestionar els concursos, sorteigs i altres activitats promogudes per Bizum, gestionar les relacions amb contactes comercials, gestionar la comunicaci\u00f3 i l&#8217;enviament d&#8217;informaci\u00f3 amb fins comercials o publicitaris i prestar el servei Bizum als usuaris donats d&#8217;alta.<br\/>3. Legitimaci\u00f3: Consentiment i inter\u00e8s leg\u00edtim (contactes comercials i \u00fas de l&#8217;\u00e0lies).<br\/>4. Destinataris: No se cediran dades a tercers excepte obligaci\u00f3 legal, aix\u00ed com als destinataris necessaris per poder prestar el servei Bizum.<br\/>5. Drets: Accedir, rectificar i suprimir dades, aix\u00ed com altres drets, tal com s&#8217;explica a la informaci\u00f3 addicional.<br\/>6. Informaci\u00f3 Addicional: Podeu consultar informaci\u00f3 addicional i detallada sobre protecci\u00f3 de dades i privadesa a continuaci\u00f3.<\/p>\n\n<h2 class=\"wp-block-heading\"><strong>INFORMACI\u00d3 ADDICIONAL DE PRIVACITAT<\/strong><\/h2>\n\n<p><strong>I. RESPONSABLE DEL TRACTAMENT<\/strong><\/p>\n\n<p><strong>Dades de contacte del responsable<\/strong> : Bizum, SL, amb CIF B-87599478 domicili social: Francisco Sancha, 12 &#8211; 28034 Madrid (d&#8217;ara endavant, Bizum).<\/p>\n\n<p><strong>II. ABAST DE LA POL\u00cdTICA <\/strong><\/p>\n\n<p>Quan vost\u00e8 accedeix i utilitza <a href=\"https:\/\/www.bizum.es\" target=\"_blank\" rel=\"noreferrer noopener\">https:\/\/www.bizum.com\/es<\/a> es compromet a acceptar aquesta Pol\u00edtica de Privadesa, aix\u00ed com les disposicions contingudes a l&#8217;Av\u00eds Legal i la Pol\u00edtica de Cookies.<\/p>\n\n<p>A Bizum us proporcionem informaci\u00f3 perqu\u00e8, amb car\u00e0cter previ a l&#8217;emplenament de les vostres dades personals, pugueu accedir a la Pol\u00edtica de Privadesa ia qualsevol altra informaci\u00f3 rellevant en mat\u00e8ria de Protecci\u00f3 de Dades.<\/p>\n\n<p><strong>III. FINALITATS DEL TRACTAMENT DE LES DADES. <\/strong><\/p>\n\n<p><strong>Amb quina finalitat tractem les vostres dades personals?<\/strong><\/p>\n\n<p>A Bizum ens comprometem a utilitzar les seves dades personals sempre amb finalitats determinades, expl\u00edcites i leg\u00edtimes.<\/p>\n\n<p>En aquells sup\u00f2sits en qu\u00e8 es projecti realitzar un tractament de les vostres dades personals per a un fi que no sigui el que inicialment va ser consentit per vost\u00e8, se li proporcionar\u00e0 informaci\u00f3 suficient sobre la nova finalitat per obtenir, de nou, el seu consentiment.<\/p>\n\n<p>En els casos en qu\u00e8, amb les vostres dades personals, es puguin elaborar perfils o prendre decisions automatitzades se us proporcionar\u00e0 informaci\u00f3 suficient sobre aquesta i les conseq\u00fc\u00e8ncies que puguin arribar a tenir-les.<\/p>\n\n<p>Recollim informaci\u00f3 personal necess\u00e0ria per a la gesti\u00f3 de les finalitats establertes en aquesta Pol\u00edtica de Privadesa:<\/p>\n\n<p><strong>En quins sup\u00f2sits se sol\u00b7liciten dades personals a trav\u00e9s de la nostra web oa trav\u00e9s d&#8217;altres canals?<\/strong><\/p>\n\n<p>&#8211; Per atendre les consultes que ens facin arribar a trav\u00e9s del canal de contacte i de l&#8217;assistent virtual \u201cBizzi\u201d.<\/p>\n\n<p>&#8211; Per gestionar els concursos i sorteigs promoguts per Bizum i les Bases Legals dels quals poden consultar-se a trav\u00e9s del lloc web <a href=\"https:\/\/www.bizum.com\/es\">https:\/\/www.bizum.com\/es<\/a><\/p>\n\n<p>&#8211; Per establir relacions comercials a trav\u00e9s de les persones de contacte daltres companyies.<\/p>\n\n<p>&#8211; Per gestionar la comunicaci\u00f3 i l&#8217;enviament d&#8217;informaci\u00f3 amb finalitats comercials o publicit\u00e0ries per correu electr\u00f2nic, en cas que l&#8217;usuari aix\u00ed ho hagi autoritzat expressament.<\/p>\n\n<p>&#8211; Per donar-se d&#8217;alta com a usuari del servei Bizum a trav\u00e9s de les Entitats Adherides publicades a <a href=\"https:\/\/bizum.es\">https:\/\/bizum.com<\/a> i de conformitat amb els Termes i Condicions.<\/p>\n\n<p>&#8211; Per realitzar, amb la col\u00b7laboraci\u00f3 dusuaris registrats, activitats davaluaci\u00f3 i millora de loperativa del servei Bizum.<\/p>\n\n<p><strong>Quin \u00fas us donarem a la informaci\u00f3 personal que utilitzem?<\/strong><\/p>\n\n<p>&#8211; Per a l&#8217;atenci\u00f3 de les consultes realitzades pels usuaris a trav\u00e9s del canal de contacte i de l&#8217;assistent virtual \u201cBizzi\u201d.<\/p>\n\n<p>&#8211; Per gestionar el lliurament de premis, donar compliment a les obligacions fiscals que corresponguin, aix\u00ed com donar compliment a finalitats addicionals contingudes a les Bases Legals de cada concurs o sorteig i publicades a <a href=\"https:\/\/www.bizum.com\/es\">https:\/\/www.bizum.com\/es<\/a><\/p>\n\n<p>&#8211; Per gestionar les relacions comercials amb altres companyies a trav\u00e9s de les persones de contacte.<\/p>\n\n<p>&#8211; Per gestionar la comunicaci\u00f3 i l&#8217;enviament d&#8217;informaci\u00f3 amb finalitats comercials o publicit\u00e0ries per correu electr\u00f2nic, en cas que l&#8217;usuari aix\u00ed ho hagi autoritzat expressament.<\/p>\n\n<p>&#8211; Per prestar el servei Bizum als usuaris donats d&#8217;alta i oferir-los una experi\u00e8ncia d&#8217;\u00fas segura.<\/p>\n\n<p>&#8211; Per realitzar, amb la col\u00b7laboraci\u00f3 dusuaris registrats, activitats davaluaci\u00f3 i millora de loperativa del servei Bizum.<\/p>\n\n<p><strong>Durant quin termini conservarem les vostres dades?<\/strong><\/p>\n\n<p><strong>Dades del canal de contacte i de l&#8217;assistent virtual \u201cBizzi\u201d:<\/strong> Un m\u00e0xim de 5 anys d&#8217;acord amb l&#8217;article 1.964 del Codi civil (termini de prescripci\u00f3 de les accions personals).<\/p>\n\n<p><strong>Dades de premiats en Concursos i Sortejos:<\/strong><\/p>\n\n<p>&#8211; Durant el temps necessari per fer efectiu el lliurament del Premi i un cop lliurat durant un m\u00e0xim de <strong>5 anys d&#8217;acord amb l&#8217;article 1.964 del Codi civil (termini de prescripci\u00f3 de les accions personals);<\/strong><\/p>\n\n<p>&#8211; Durant 4 anys per a les dades relatives a la determinaci\u00f3 de deutes tributaris, excepte quan les normes particulars estableixin altres terminis de<\/p>\n\n<p>&#8211; Durant 2 anys, en relaci\u00f3 amb les dades i finalitats de cessi\u00f3 de dades per a la seva publicaci\u00f3 al lloc web <a href=\"https:\/\/www.bizum.es\" target=\"_blank\" rel=\"noreferrer noopener\">https:\/\/www.bizum.com\/es<\/a><\/p>\n\n<p><strong>Dades de contactes comercials:<\/strong> Durant el per\u00edode necessari per mantenir les relacions comercials i, un cop acabades o, exercici el dret de supressi\u00f3 per l&#8217;interessat, un m\u00e0xim de 5 anys d&#8217;acord amb l&#8217;article 1.964 del Codi civil (termini de prescripci\u00f3 de les accions personals ).<\/p>\n\n<p><strong>Dades per a la comunicaci\u00f3 i l&#8217;enviament d&#8217;informaci\u00f3 amb fins comercials o publicitaris:<\/strong> Una vegada revoqui el consentiment per a l&#8217;enviament d&#8217;aquestes comunicacions, durant un m\u00e0xim de 5 anys d&#8217;acord amb l&#8217;article 1.964 del Codi civil (termini de prescripci\u00f3 de les accions personals).<\/p>\n\n<p><strong>Dades per a la prestaci\u00f3 del servei Bizum:<\/strong> Un cop l&#8217;usuari es doni de baixa al servei durant un m\u00e0xim de 5 anys d&#8217;acord amb l&#8217;article 1.964 del Codi civil (termini de prescripci\u00f3 de les accions personals).<\/p>\n\n<p><strong>Dades per a la realitzaci\u00f3 dactivitats davaluaci\u00f3 i millora de loperativa del servei Bizum:<\/strong> Un cop finalitzada la participaci\u00f3 de lusuari registrat en aquestes activitats, durant un termini m\u00e0xim de 5 anys conforme a larticle 1.964 del Codi Civil (termini de prescripci\u00f3 de les accions personals).<\/p>\n\n<p><strong>IV. LEGITIMACI\u00d3 <\/strong><\/p>\n\n<p>Tractem les vostres dades sobre la base jur\u00eddica de prestar-vos la informaci\u00f3 o serveis que ens sol\u00b7licite, aix\u00ed com gestionar el lliurament del premi que us hagi pogut ser atorgat per la vostra participaci\u00f3 en Concursos o Sortejos promoguts per Bizum, gestionar la vostra participaci\u00f3 en altres activitats promogudes per Bizum , enviar informaci\u00f3 amb finalitats comercials i publicit\u00e0ries, i basat, per tant, en el consentiment de l&#8217;afectat.<\/p>\n\n<p>Tamb\u00e9 podrem tractar dades personals de contacte amb base de legitimaci\u00f3 a l&#8217;inter\u00e8s leg\u00edtim de Bizum d&#8217;establir, gestionar i mantenir relacions comercials amb altres companyies.<\/p>\n\n<p>Basat aix\u00ed mateix en l&#8217;inter\u00e8s leg\u00edtim d&#8217;oferir un servei amb una experi\u00e8ncia d&#8217;usuari segura, en qu\u00e8 l&#8217;ordenant de les operacions Bizum pugui comprovar pr\u00e8viament a la finalitzaci\u00f3 de l&#8217;operaci\u00f3 la identitat del beneficiari, Bizum utilitza la dada d&#8217;\u00e0lies, compost pel nom juntament amb les inicials dels cognoms de lusuari.<\/p>\n\n<p>En tot cas, vost\u00e8 tindr\u00e0 plens drets sobre les seves dades personals i sobre l&#8217;\u00fas d&#8217;aquestes dades i podr\u00e0 exercitar-les en qualsevol moment.<\/p>\n\n<p>En cap cas cedirem les vostres dades a tercers sense informar-vos pr\u00e8viament i requerir-vos el vostre consentiment.<\/p>\n\n<p>En relaci\u00f3 amb l&#8217;\u00fas dels serveis de la Web o de la utilitzaci\u00f3 de qualsevol altre canal pel qual es demanin dades, l&#8217;enviament de les vostres dades de car\u00e0cter personal \u00e9s obligatori per contactar-vos, i poder atendre la petici\u00f3 que ens feu arribar. Aix\u00ed mateix, no facilitar les dades personals que se sol\u00b7licitin o no acceptar la present pol\u00edtica de protecci\u00f3 de dades suposa la impossibilitat de processar les sol\u00b7licituds realitzades en aquesta web o en qualsevol altre canal. <\/p>\n\n<p><strong>V. DESTINATARIS<\/strong><\/p>\n\n<p><strong>A qui cedim les vostres dades?<\/strong><\/p>\n\n<p>Les vostres dades personals podran ser cedides a les Entitats Adherides al servei Bizum amb la finalitat de poder prestar aquest servei als usuaris donats d&#8217;alta. A m\u00e9s, en compliment de les obligacions fiscals derivades de la celebraci\u00f3 de concursos i sorteigs promoguts per Bizum, les seves dades podran ser cedides a l&#8217;Ag\u00e8ncia Tribut\u00e0ria. <\/p>\n\n<p>Addicionalment i amb la finalitat de gestionar la newsletter disponible al lloc web, \u00e9s possible que les vostres dades se cedeixin al prove\u00efdor Mailchimp, una empresa del grup The Rocket Science Group, LLC, la qual cosa pot suposar transfer\u00e8ncies internacionals mitjan\u00e7ant garanties adequades de les vostres dades a Estats Units d&#8217;acord amb all\u00f2 previst a l&#8217;art. 46.3 a) del Reglament General de Protecci\u00f3 de Dades.<\/p>\n\n<p>Respecte de la vostra dada d&#8217;\u00e0lies, que t\u00e9 com a finalitat identificar-vos davant la resta d&#8217;usuaris del servei Bizum dotant aix\u00ed d&#8217;una experi\u00e8ncia d&#8217;usuari segura les operacions realitzades a trav\u00e9s del servei, us informem que seran accessibles per tots els usuaris del servei que coneixent el seu n\u00famero de tel\u00e8fon m\u00f2bil inici\u00efn una operaci\u00f3 en qu\u00e8 vost\u00e8 sigui contrapart.<\/p>\n\n<p>Fora dels sup\u00f2sits anteriors, Bizum nom\u00e9s cedir\u00e0 les seves dades en cas d&#8217;obligaci\u00f3 legal i en cap cas les seves dades de car\u00e0cter personal seran compartides amb tercers sense obtenir-ne el consentiment previ, llevat que la cessi\u00f3 de les seves dades fos necess\u00e0ria per al manteniment de la relaci\u00f3 amb vost\u00e8, aix\u00ed com en els casos previstos per la normativa de protecci\u00f3 de dades vigent a cada moment.<\/p>\n\n<p><strong>VI. PROCED\u00c8NCIA <\/strong><\/p>\n\n<p>Totes les dades personals que tractem a trav\u00e9s de la nostra web i els nostres canals procedeixen directament del propi interessat.<\/p>\n\n<p>En cas que les dades personals no fossin obtingudes directament de l&#8217;interessat, per procedir d&#8217;alguna cessi\u00f3 leg\u00edtima, o de fonts d&#8217;acc\u00e9s p\u00fablic, ser\u00e0 informat degudament a la present Pol\u00edtica de Privadesa o mitjan\u00e7ant qualsevol mitj\u00e0 que permeti acreditar que s&#8217;ha donat compliment al deure informar.<\/p>\n\n<p><strong>VII. DRETS DE PROTECCI\u00d3 DE DADES <\/strong><\/p>\n\n<p><strong>Com es poden exercitar els drets?<\/strong>  Podeu enviar una comunicaci\u00f3 per escrit al domicili social de Bizum, incloent-hi en tot cas fotoc\u00f2pia del vostre DNI o un altre document identificatiu similar, per sol\u00b7licitar l&#8217;exercici dels drets seg\u00fcents:<\/p>\n\n<p>&#8211; Dret a sol\u00b7licitar l&#8217; <strong>acc\u00e9s<\/strong> a les dades personals: podreu preguntar a Bizum si aquesta empresa est\u00e0 tractant les vostres dades.<\/p>\n\n<p>&#8211; Dret a sol\u00b7licitar la <strong>rectificaci\u00f3 de les dades inexactes o incompletes<\/strong> , o la <strong>supressi\u00f3<\/strong> de les dades.<\/p>\n\n<p>&#8211; En determinades circumst\u00e0ncies i per motius relacionats amb la seva situaci\u00f3 particular, vost\u00e8 tindr\u00e0 el dret a <strong>oposar-se<\/strong> al tractament, en aquest cas, Bizum deixar\u00e0 de tractar les dades, excepte per motius leg\u00edtims imperiosos o que en l&#8217;exercici o la defensa de possibles reclamacions es hagin de continuar tractant.<\/p>\n\n<p>&#8211; En determinades circumst\u00e0ncies, podreu exercir el dret a la <strong>portabilitat<\/strong> de les dades: en cas que vulgui que les vostres dades siguin tractades per una altra entitat, Bizum us facilitar\u00e0 la portabilitat de les vostres dades al nou responsable en cas que aix\u00f2 sigui aplicable.<\/p>\n\n<p>&#8211; En determinades circumst\u00e0ncies, vost\u00e8 podr\u00e0 sol\u00b7licitar el dret a <strong>la limitaci\u00f3 del seu tractament<\/strong> , i en este cas \u00fanicament seran conservats per Bizum per a la defensa de possibles reclamacions.<\/p>\n\n<p><strong>&#8211; En determinades circumst\u00e0ncies, hi ha la possibilitat de retirar el consentiment:<\/strong> en el cas que s&#8217;hagi atorgat el consentiment per a alguna finalitat espec\u00edfica, vost\u00e8 t\u00e9 dret a retirar el consentiment en qualsevol moment, sense que aix\u00f2 afecti la licitud del tractament basat en el consentiment previ a la retirada.<\/p>\n\n<p><strong>Com puc exercitar aquests drets?  <\/strong>En qualsevol cas, posem a la vostra disposici\u00f3 formularis que us permetran exercir els drets abans comentats de manera m\u00e9s f\u00e0cil i r\u00e0pida enviant-ho a l&#8217;adre\u00e7a de contacte de Bizum i que es troben disponibles a https:\/\/www.bizum.es.<\/p>\n\n<p><strong>Com puc reclamar davant l&#8217;Autoritat de Control:<\/strong> Si un usuari considera que hi ha un problema amb la manera com Bizum est\u00e0 manejant les vostres dades, podeu dirigir les vostres reclamacions a Bizum oa l&#8217; <strong><a href=\"https:\/\/www.agpd.es\/portalwebAGPD\/enlaces\/index-ides-idphp.php\" target=\"_blank\" rel=\"noreferrer noopener\">autoritat de control en protecci\u00f3 de dades<\/a><\/strong> que correspongui, sent l&#8217; <strong><a href=\"https:\/\/www.agpd.es\/\" target=\"_blank\" rel=\"noreferrer noopener\">Ag\u00e8ncia Espanyola de Protecci\u00f3 de Dades<\/a><\/strong> ( <a href=\"http:\/\/www.agpd.es\">www.agpd.es<\/a> ) la indicada en el cas d&#8217;Espanya.<\/p>\n\n<p><strong>VIII. SEGURETAT <\/strong><\/p>\n\n<p>A Bizum mantenim els m\u00e9s alts nivells de seguretat per protegir les seves dades de car\u00e0cter personal davant de p\u00e8rdues, destrucci\u00f3, dany accidental i accessos, tractaments o revelacions no autoritzats o il\u00b7l\u00edcits. Quan rebem les vostres dades, utilitzem rigorosos procediments i funcions de seguretat per impedir qualsevol acc\u00e9s no autoritzat. <\/p>\n\n<p>Amb aquesta finalitat, Bizum avaluar\u00e0 els riscos inherents al tractament (la seva probabilitat i gravetat), i aplicar\u00e0 mesures per mitigar-los, les quals garantiran un nivell de seguretat adequat, inclosa la confidencialitat, tenint en compte l&#8217;estat de la t\u00e8cnica, el cost d&#8217;aplicaci\u00f3 i la naturalesa, abast, context i fins del tractament. pel que fa als riscos i la naturalesa de les dades personals que s&#8217;hagin de protegir. <\/p>\n\n<p>Les accions descrites en aquesta secci\u00f3 i apropiades per garantir un nivell de seguretat adequat per al risc detectat inclouran, si escau, entre d&#8217;altres, les mesures seg\u00fcents:<\/p>\n\n<p>1. Seudonimitzaci\u00f3 i el xifratge de dades personals, quan escaigui.<br\/>2. Mesures capaces de garantir la confidencialitat, integritat, disponibilitat i resili\u00e8ncia permanents dels sistemes i serveis de tractament.<br\/>3. Mesures capaces de restaurar la disponibilitat i lacc\u00e9s a les dades personals de forma r\u00e0pida en cas dincident f\u00edsic o t\u00e8cnic.<br\/>4. Exist\u00e8ncia dun proc\u00e9s de verificaci\u00f3, avaluaci\u00f3 i valoraci\u00f3 regulars de lefic\u00e0cia de les mesures t\u00e8cniques i organitzatives per garantir la seguretat del tractament.<br\/>5. Avaluaci\u00f3 peri\u00f2dica del risc de destrucci\u00f3, p\u00e8rdua o alteraci\u00f3 accidental o il\u00b7l\u00edcita de dades personals transmeses, conservades o tractades d&#8217;una altra manera, o la comunicaci\u00f3 o acc\u00e9s no autoritzats a aquestes dades.<br\/>6. Mesures per garantir que qualsevol persona que actu\u00ef sota l&#8217;autoritat de Bizum i tingui acc\u00e9s a dades personals nom\u00e9s pugui tractar aquestes dades seguint instruccions de Bizum.<\/p>\n\n<p><strong>IX. CONFIDENCIALITAT <\/strong><\/p>\n\n<p>Les dades personals que es puguin recollir seran tractades amb absoluta confidencialitat, comprometent-nos a guardar secret respecte d&#8217;aquestes dades i garantint el deure de guardar-les adoptant totes les mesures necess\u00e0ries que evitin la seva alteraci\u00f3, p\u00e8rdua i tractament o acc\u00e9s no autoritzat, d&#8217;acord amb all\u00f2 establert a la legislaci\u00f3 aplicable.<\/p>\n\n<p><strong>X. MENORS<\/strong><\/p>\n\n<p>Els menors de 18 anys no podran fer servir els serveis disponibles a trav\u00e9s de <a href=\"https:\/\/www.bizum.com\/es\" target=\"_blank\" rel=\"noreferrer noopener\">https:\/\/www.bizum.com\/es<\/a> , ni altres canals, sense la pr\u00e8via autoritzaci\u00f3 dels seus pares, tutors o representants legals, els quals seran responsables de tots els actes realitzats pels menors a c\u00e0rrec seu.<\/p>\n\n<p><strong>XI. RESPONSABILITAT <\/strong><\/p>\n\n<p>L&#8217;usuari ser\u00e0 l&#8217;\u00fanic responsable a causa de l&#8217;emplenament dels formularis amb dades falses, inexactes, incompletes o no actualitzades.<\/p>\n\n<p><strong>XII. COOKIES <\/strong><\/p>\n\n<p>Algunes de les p\u00e0gines del portal <a href=\"https:\/\/www.bizum.es\" target=\"_blank\" rel=\"noreferrer noopener\">https:\/\/www.bizum.com\/es<\/a> disposen de \u201ccookies\u201d, que s\u00f3n petits fitxers de dades que es generen a l&#8217;ordinador de l&#8217;Usuari i que permeten als nostres sistemes recordar algunes caracter\u00edstiques o prefer\u00e8ncies de navegaci\u00f3 de l&#8217;usuari. Per a m\u00e9s informaci\u00f3 podeu llegir la nostra <a href=\"https:\/\/bizum.es\/politica-de-cookies\/\">Pol\u00edtica de Cookies.<\/a> <\/p>\n\n<p><\/p>\n","protected":false},"excerpt":{"rendered":"<p>INFORMACI\u00d3 B\u00c0SICA DE PRIVACITAT. 1. Responsable: Bizum, SL2. Finalitat del tractament: Gestionar les consultes i sol\u00b7licituds que ens facin arribar a trav\u00e9s del canal \u201cContacte\u201d i de l&#8217;Assistent Virtual \u201cBizzi\u201d, gestionar els concursos, sorteigs i altres activitats promogudes per Bizum, gestionar les relacions amb contactes comercials, gestionar la comunicaci\u00f3 i l&#8217;enviament d&#8217;informaci\u00f3 amb fins comercials [&hellip;]<\/p>\n","protected":false},"author":14,"featured_media":0,"parent":0,"menu_order":0,"comment_status":"closed","ping_status":"closed","template":"page-text.php","meta":{"_acf_changed":false,"footnotes":""},"class_list":["post-28455","page","type-page","status-publish","hentry"],"acf":[],"yoast_head":"<!-- This site is optimized with the Yoast SEO plugin v27.5 - https:\/\/yoast.com\/product\/yoast-seo-wordpress\/ -->\n<title>Pol\u00edtica de privadesa - Bizum<\/title>\n<meta name=\"robots\" content=\"index, follow, max-snippet:-1, max-image-preview:large, max-video-preview:-1\" \/>\n<link rel=\"canonical\" href=\"https:\/\/bizum.com\/es\/ca\/politica-de-privacitat\/\" \/>\n<meta property=\"og:locale\" content=\"ca_ES\" \/>\n<meta property=\"og:type\" content=\"article\" \/>\n<meta property=\"og:title\" content=\"Pol\u00edtica de privadesa - Bizum\" \/>\n<meta property=\"og:description\" content=\"INFORMACI\u00d3 B\u00c0SICA DE PRIVACITAT. 1. Responsable: Bizum, SL2. Finalitat del tractament: Gestionar les consultes i sol\u00b7licituds que ens facin arribar a trav\u00e9s del canal \u201cContacte\u201d i de l&#8217;Assistent Virtual \u201cBizzi\u201d, gestionar els concursos, sorteigs i altres activitats promogudes per Bizum, gestionar les relacions amb contactes comercials, gestionar la comunicaci\u00f3 i l&#8217;enviament d&#8217;informaci\u00f3 amb fins comercials [&hellip;]\" \/>\n<meta property=\"og:url\" content=\"https:\/\/bizum.com\/es\/ca\/politica-de-privacitat\/\" \/>\n<meta property=\"og:site_name\" content=\"Bizum\" \/>\n<meta property=\"article:modified_time\" content=\"2024-11-07T08:58:42+00:00\" \/>\n<meta name=\"twitter:card\" content=\"summary_large_image\" \/>\n<meta name=\"twitter:label1\" content=\"Est. reading time\" \/>\n\t<meta name=\"twitter:data1\" content=\"12 minutes\" \/>\n<script type=\"application\/ld+json\" class=\"yoast-schema-graph\">{\"@context\":\"https:\\\/\\\/schema.org\",\"@graph\":[{\"@type\":\"WebPage\",\"@id\":\"https:\\\/\\\/bizum.com\\\/es\\\/ca\\\/politica-de-privacitat\\\/\",\"url\":\"https:\\\/\\\/bizum.com\\\/es\\\/ca\\\/politica-de-privacitat\\\/\",\"name\":\"Pol\u00edtica de privadesa - Bizum\",\"isPartOf\":{\"@id\":\"https:\\\/\\\/bizum.com\\\/es\\\/#website\"},\"datePublished\":\"2024-07-28T10:59:15+00:00\",\"dateModified\":\"2024-11-07T08:58:42+00:00\",\"breadcrumb\":{\"@id\":\"https:\\\/\\\/bizum.com\\\/es\\\/ca\\\/politica-de-privacitat\\\/#breadcrumb\"},\"inLanguage\":\"ca\",\"potentialAction\":[{\"@type\":\"ReadAction\",\"target\":[\"https:\\\/\\\/bizum.com\\\/es\\\/ca\\\/politica-de-privacitat\\\/\"]}]},{\"@type\":\"BreadcrumbList\",\"@id\":\"https:\\\/\\\/bizum.com\\\/es\\\/ca\\\/politica-de-privacitat\\\/#breadcrumb\",\"itemListElement\":[{\"@type\":\"ListItem\",\"position\":1,\"name\":\"Home\",\"item\":\"https:\\\/\\\/bizum.com\\\/es\\\/ca\\\/\"},{\"@type\":\"ListItem\",\"position\":2,\"name\":\"Pol\u00edtica de privadesa\"}]},{\"@type\":\"WebSite\",\"@id\":\"https:\\\/\\\/bizum.com\\\/es\\\/#website\",\"url\":\"https:\\\/\\\/bizum.com\\\/es\\\/\",\"name\":\"Bizum\",\"description\":\"Con Bizum puedes enviar y recibir dinero entre amigos, pagar en comercios online y donar a la ONG que tu elijas, todo desde tu m\u00f3vil.\",\"potentialAction\":[{\"@type\":\"SearchAction\",\"target\":{\"@type\":\"EntryPoint\",\"urlTemplate\":\"https:\\\/\\\/bizum.com\\\/es\\\/?s={search_term_string}\"},\"query-input\":{\"@type\":\"PropertyValueSpecification\",\"valueRequired\":true,\"valueName\":\"search_term_string\"}}],\"inLanguage\":\"ca\"}]}<\/script>\n<!-- \/ Yoast SEO plugin. -->","yoast_head_json":{"title":"Pol\u00edtica de privadesa - Bizum","robots":{"index":"index","follow":"follow","max-snippet":"max-snippet:-1","max-image-preview":"max-image-preview:large","max-video-preview":"max-video-preview:-1"},"canonical":"https:\/\/bizum.com\/es\/ca\/politica-de-privacitat\/","og_locale":"ca_ES","og_type":"article","og_title":"Pol\u00edtica de privadesa - Bizum","og_description":"INFORMACI\u00d3 B\u00c0SICA DE PRIVACITAT. 1. Responsable: Bizum, SL2. Finalitat del tractament: Gestionar les consultes i sol\u00b7licituds que ens facin arribar a trav\u00e9s del canal \u201cContacte\u201d i de l&#8217;Assistent Virtual \u201cBizzi\u201d, gestionar els concursos, sorteigs i altres activitats promogudes per Bizum, gestionar les relacions amb contactes comercials, gestionar la comunicaci\u00f3 i l&#8217;enviament d&#8217;informaci\u00f3 amb fins comercials [&hellip;]","og_url":"https:\/\/bizum.com\/es\/ca\/politica-de-privacitat\/","og_site_name":"Bizum","article_modified_time":"2024-11-07T08:58:42+00:00","twitter_card":"summary_large_image","twitter_misc":{"Est. reading time":"12 minutes"},"schema":{"@context":"https:\/\/schema.org","@graph":[{"@type":"WebPage","@id":"https:\/\/bizum.com\/es\/ca\/politica-de-privacitat\/","url":"https:\/\/bizum.com\/es\/ca\/politica-de-privacitat\/","name":"Pol\u00edtica de privadesa - Bizum","isPartOf":{"@id":"https:\/\/bizum.com\/es\/#website"},"datePublished":"2024-07-28T10:59:15+00:00","dateModified":"2024-11-07T08:58:42+00:00","breadcrumb":{"@id":"https:\/\/bizum.com\/es\/ca\/politica-de-privacitat\/#breadcrumb"},"inLanguage":"ca","potentialAction":[{"@type":"ReadAction","target":["https:\/\/bizum.com\/es\/ca\/politica-de-privacitat\/"]}]},{"@type":"BreadcrumbList","@id":"https:\/\/bizum.com\/es\/ca\/politica-de-privacitat\/#breadcrumb","itemListElement":[{"@type":"ListItem","position":1,"name":"Home","item":"https:\/\/bizum.com\/es\/ca\/"},{"@type":"ListItem","position":2,"name":"Pol\u00edtica de privadesa"}]},{"@type":"WebSite","@id":"https:\/\/bizum.com\/es\/#website","url":"https:\/\/bizum.com\/es\/","name":"Bizum","description":"Con Bizum puedes enviar y recibir dinero entre amigos, pagar en comercios online y donar a la ONG que tu elijas, todo desde tu m\u00f3vil.","potentialAction":[{"@type":"SearchAction","target":{"@type":"EntryPoint","urlTemplate":"https:\/\/bizum.com\/es\/?s={search_term_string}"},"query-input":{"@type":"PropertyValueSpecification","valueRequired":true,"valueName":"search_term_string"}}],"inLanguage":"ca"}]}},"_links":{"self":[{"href":"https:\/\/bizum.com\/es\/ca\/wp-json\/wp\/v2\/pages\/28455","targetHints":{"allow":["GET"]}}],"collection":[{"href":"https:\/\/bizum.com\/es\/ca\/wp-json\/wp\/v2\/pages"}],"about":[{"href":"https:\/\/bizum.com\/es\/ca\/wp-json\/wp\/v2\/types\/page"}],"author":[{"embeddable":true,"href":"https:\/\/bizum.com\/es\/ca\/wp-json\/wp\/v2\/users\/14"}],"replies":[{"embeddable":true,"href":"https:\/\/bizum.com\/es\/ca\/wp-json\/wp\/v2\/comments?post=28455"}],"version-history":[{"count":0,"href":"https:\/\/bizum.com\/es\/ca\/wp-json\/wp\/v2\/pages\/28455\/revisions"}],"wp:attachment":[{"href":"https:\/\/bizum.com\/es\/ca\/wp-json\/wp\/v2\/media?parent=28455"}],"curies":[{"name":"wp","href":"https:\/\/api.w.org\/{rel}","templated":true}]}}