{"id":28874,"date":"2024-06-12T15:50:03","date_gmt":"2024-06-12T15:50:03","guid":{"rendered":"https:\/\/bizum.com\/es\/bases-legals-sortejos-i-concursos\/"},"modified":"2025-01-16T13:12:18","modified_gmt":"2025-01-16T13:12:18","slug":"bases-legals-sortejos-i-concursos","status":"publish","type":"page","link":"https:\/\/bizum.com\/es\/ca\/bases-legals-sortejos-i-concursos\/","title":{"rendered":"Bases legals sorteigs i concursos"},"content":{"rendered":"\n<h3 class=\"wp-block-heading has-m-font-size\">Bases legals de PARTICIPACI\u00d3 EN ACCIONS PROMOCIONALS DE BIZUM, SL<\/h3>\n\n<p><strong>PRIMERA.- Objecte<\/strong><\/p>\n\n<p>Amb l&#8217;objectiu d&#8217;incentivar l&#8217;\u00fas dels diferents serveis oferts per la companyia, l&#8217;entitat mercantil Bizum, SL, amb domicili social a Madrid, carrer Francisco Sancha, 12, i prove\u00efda de NIF n\u00famero B-87599478 (d&#8217;ara endavant, \u201cBizum\u201d ), promou la realitzaci\u00f3 de diferents accions promocionals, les quals es regiran, en termes generals, per aquestes bases legals (d&#8217;ara endavant, \u201cles Bases Legals\u201d).<\/p>\n\n<p><strong>SEGONA. \u2013 Condicions particulars <\/strong><\/p>\n\n<p>Els requisits necessaris per participar en una determinada acci\u00f3 promocional es descriuen al material de difusi\u00f3 de cadascuna, en el qual s&#8217;inclour\u00e0, entre d&#8217;altres, la informaci\u00f3 relativa a la durada de l&#8217;acci\u00f3 corresponent, la forma de participaci\u00f3 i els premis associats a la mateixa.<\/p>\n\n<p><strong>TERCERA.- Per\u00edode de la promoci\u00f3<\/strong><\/p>\n\n<p>Les dates de comen\u00e7ament i de finalitzaci\u00f3 de cada acci\u00f3 promocional quedaran degudament detallades en el material de difusi\u00f3 associat a aquesta.<\/p>\n\n<p><strong>QUARTA.- \u00c0mbit territorial de la promoci\u00f3<\/strong><\/p>\n\n<p>Les diferents accions promocionals que dugui a terme Bizum seran v\u00e0lides dins del territori que es determini en cada cas a la corresponent acci\u00f3.<\/p>\n\n<p><strong>CINQUENA. \u2013 Naturalesa de la promoci\u00f3 <\/strong><\/p>\n\n<p>La participaci\u00f3 a les diferents accions promocionals realitzades per Bizum \u00e9s gratu\u00efta i s&#8217;articular\u00e0 sota la mec\u00e0nica de concurs de participaci\u00f3 a Xarxes Socials o, alternativament, mitjan\u00e7ant la mec\u00e0nica de sorteig.<br\/> Cap de les promocions estar\u00e0 patrocinada, avalada, administrada, ni associada de cap manera a Instagram, Twitter o qualsevol altra xarxa social.<\/p>\n\n<p><strong>SISENA. \u2013 Requisits de participaci\u00f3 <\/strong><\/p>\n\n<p>Podran participar totes aquelles persones f\u00edsiques majors que, en la seva condici\u00f3 de consumidors, actu\u00efn amb un prop\u00f2sit ali\u00e8 a la seva activitat comercial, empresarial, ofici o professi\u00f3, estiguin donades d&#8217;alta al Servei Bizum a trav\u00e9s d&#8217;alguna de les Entitats Adherides al mateix, i sempre que es compleixin la resta de les condicions o requisits que es puguin definir per a cada acci\u00f3 concreta.<\/p>\n\n<p>El llistat d&#8217;Entitats Adherides es podr\u00e0 consultar a l&#8217;enlla\u00e7 <a href=\"http:\/\/www.bizum.com\/es\">www.bizum.com\/es<\/a> .<\/p>\n\n<p>No hi podran participar els empleats de la companyia organitzadora Bizum.<\/p>\n\n<p><strong>SETENA. \u2013 Funcionament de les accions promocionals <\/strong><\/p>\n\n<p>Els detalls associats a cadascuna de les accions promocionals que Bizum realitzi, vindran identificats al material de difusi\u00f3 associat a cadascuna d&#8217;elles, no obstant, en l\u00ednies generals, es fa constar que:<\/p>\n\n<p>&#8211; (i) En cas que l&#8217;acci\u00f3 promocional s&#8217;articuli sota la modalitat de \u201cconcurs\u201d, la f\u00f3rmula per triar el guanyador o guanyadors de la mateixa es basar\u00e0 en el m\u00e8rit o per\u00edcia del participant, sense que aquest hagi de fer cap mena de desemborsament econ\u00f2mic per participar, ja sigui directament o per mitj\u00e0 de trucades telef\u00f2niques, enviament de missatges de text o de qualsevol altre procediment electr\u00f2nic, inform\u00e0tic o telem\u00e0tic en qu\u00e8 hi hagi una tarifaci\u00f3 addicional.<br\/>&#8211; (ii) En cas que l&#8217;acci\u00f3 promocional s&#8217;articuli sota la modalitat de \u201csorteig\u201d, la f\u00f3rmula per triar el guanyador o guanyadors es basar\u00e0 en la selecci\u00f3 sota una combinaci\u00f3 aleat\u00f2ria, sense que aquest hagi d&#8217;abonar cap sobrepreu ni tarifaci\u00f3 addicional, diferent, si escau, del mer consum del producte o servei.<\/p>\n\n<p><strong>VUITENA. \u2013 Premis <\/strong><\/p>\n\n<p>Els premis associats a cada acci\u00f3 promocional es descriuran al material de difusi\u00f3 associat a cadascuna, en el qual s&#8217;identificar\u00e0 la naturalesa d&#8217;aquests i el nombre d&#8217;unitats.<br\/> Amb car\u00e0cter general, els premis quedaran subjectes a les condicions seg\u00fcents:<\/p>\n\n<p>\u2013 Els premis no poden ser objecte de canvi, cap alteraci\u00f3 o cap compensaci\u00f3 a petici\u00f3 del participant premiat.<br\/>\u2013 Els participants premiats podran renunciar als premis obtinguts, per\u00f2 en cap cas no s&#8217;oferir\u00e0 un premi alternatiu, ni aquesta ren\u00fancia donar\u00e0 dret d&#8217;indemnitzaci\u00f3 o compensaci\u00f3.<\/p>\n\n<p><strong>NOVENA. \u2013 Elecci\u00f3 i notificaci\u00f3 dels guanyadors <\/strong><\/p>\n\n<p>La f\u00f3rmula que s&#8217;emprar\u00e0 per a l&#8217;elecci\u00f3 del guanyador o guanyadors de cada acci\u00f3 promocional ser\u00e0 descrita al material de difusi\u00f3 corresponent. De la mateixa manera, Bizum podr\u00e0 seleccionar tamb\u00e9 un nombre determinat de suplents que optarien al premi en cas que els guanyadors pr\u00e8viament identificats hi renunciessin, no se&#8217;ls pogu\u00e9s localitzar o no complissin les condicions descrites en les presents Bases Legals i requisits de participaci\u00f3 que s&#8217;haguessin pogut definir. <\/p>\n\n<p>Una vegada seleccionats el nombre de guanyador o guanyadors que en cada cas siguin aplicables, Bizum, en la seva condici\u00f3 d&#8217;entitat organitzadora de l&#8217;acci\u00f3 promocional, es posar\u00e0 en contacte amb aquests a trav\u00e9s de la via assenyalada a aquest efecte i els remetr\u00e0 el corresponent Document d&#8217;Acceptaci\u00f3 del Premi que hauran d&#8217;emplenar i enviar d&#8217;acord amb les instruccions que s&#8217;indiquin en cada cas.<\/p>\n\n<p><strong>DESENA.- Frau<\/strong><\/p>\n\n<p>En el cas que Bizum detecti qualsevol anomalia o tingui sospites que algun participant est\u00e0 impossibilitant el desenvolupament normal d&#8217;una determinada acci\u00f3 promocional, perjudicant-ne els fins, o duent a terme qualssevol actes fraudulents que atemptin contra el seu desenvolupament, Bizum es reserva el dret de donar de baixa al participant o participants implicats, tot aix\u00f2 sense perjudici de qualsevol altra mesura legal que estime oport\u00fa emprendre.<\/p>\n\n<p><strong>ONZENA.- Exoneraci\u00f3 de responsabilitat<\/strong><\/p>\n\n<p>En qualsevol de les accions promocionals realitzades per Bizum, aquesta queda exonerada de qualsevol responsabilitat que es pugui derivar per circumst\u00e0ncia imputable a tercers que pogu\u00e9s afectar el desenvolupament d&#8217;aquestes accions i, en especial, el lliurament dels premis associats a cadascuna.<\/p>\n\n<p><strong>DOTZENA.- Reclamacions<\/strong><\/p>\n\n<p>Qualsevol reclamaci\u00f3 que s&#8217;origini per causa de la realitzaci\u00f3 d&#8217;una determinada acci\u00f3 promocional s&#8217;ha de presentar dins el termini dels tres (3) mesos seg\u00fcents a la data de celebraci\u00f3 d&#8217;aquesta.<\/p>\n\n<p><strong>TRETZENA.- Protecci\u00f3 de Dades<\/strong><\/p>\n\n<figure class=\"wp-block-table\"><table class=\"has-fixed-layout\"><tbody><tr><td><strong>Informaci\u00f3 b\u00e0sica sobre Protecci\u00f3 de Dades<\/strong><\/td><\/tr><\/tbody><\/table><\/figure>\n\n<figure class=\"wp-block-table\"><table class=\"has-fixed-layout\"><tbody><tr><td><strong>Responsable<\/strong><\/td><td>Bizum, SL<\/td><\/tr><tr><td><strong>Finalitat<\/strong><\/td><td>Participaci\u00f3 en la promoci\u00f3, certificar el compliment dels requisits de participaci\u00f3 i, si escau, comunicaci\u00f3 i gesti\u00f3 del lliurament del premi<\/td><\/tr><tr><td><strong>Dades<\/strong><\/td><td>Nom, cognoms, n\u00famero de tel\u00e8fon m\u00f2bil i domicili postal.<\/td><\/tr><tr><td><strong>Legitimaci\u00f3<\/strong><\/td><td>Consentiment de l&#8217;interessat<\/td><\/tr><tr><td><strong>Destinataris<\/strong><\/td><td>No se cediran dades a tercers excepte obligaci\u00f3 legal.<\/td><\/tr><tr><td><strong>Proced\u00e8ncia<\/strong><\/td><td>Les dades s\u00f3n obtingudes del propi interessat<\/td><\/tr><tr><td><strong>Drets<\/strong><\/td><td>Accedir, rectificar i suprimir les dades, aix\u00ed com altres drets, com s&#8217;explica a la informaci\u00f3 addicional<\/td><\/tr><tr><td><strong>Informaci\u00f3 addicional<\/strong><\/td><td>Podeu consultar la informaci\u00f3 addicional i detallada sobre Protecci\u00f3 de Dades al portal web <a href=\"https:\/\/www.bizum.com\/es\">www.bizum.com\/es<\/a><\/td><\/tr><\/tbody><\/table><\/figure>\n\n<p><strong>CATORZENA.- Fiscalitat<\/strong><\/p>\n\n<p>De conformitat amb la legislaci\u00f3 aplicable, la fiscalitat concernent a cadascun dels premis es regular\u00e0 amb base en el seg\u00fcent:<\/p>\n\n<p>&#8211; (i) Els premis amb valor superior a tres-cents amb cinquanta-un c\u00e8ntims d&#8217;euro (300,51 \u20ac) estaran subjectes a retenci\u00f3 o ingr\u00e9s a compte de l&#8217;impost sobre la renda de les persones f\u00edsiques (IRPF), la qual ser\u00e0 practicada per Bizum, que suportar\u00e0 limport de la mateixa. De la mateixa manera, al seu moment, Bizum expedir\u00e0 la certificaci\u00f3 oportuna que faciliti al participant premiat el compliment de les seves obligacions fiscals. <br\/>&#8211; (ii) Respecte dels premis amb valor inferior a tres-cents euros amb cinquanta-un c\u00e8ntims d&#8217;euro (300,51 \u20ac), Bizum no tindr\u00e0 obligaci\u00f3 d&#8217;aplicar la retenci\u00f3 a compte de l&#8217;impost sobre la renda de les persones f\u00edsiques (IRPF) , sense perjudici de la qual cosa, s&#8217;informa els receptors de tals premis que aquests tenen la consideraci\u00f3 de guany patrimonial no derivat de transmissions, quedant subjecta a tributaci\u00f3 directa (IRPF), sent responsabilitat de cadascun d&#8217;ells el compliment dels seus respectives obligacions fiscals.<br\/>Bizum no ser\u00e0 responsable de les repercussions fiscals que l&#8217;acceptaci\u00f3 dels premis pogu\u00e9s tenir a la fiscalitat dels guanyadors que seran, en tot cas, per compte d&#8217;aquests.<\/p>\n\n<p><strong>QUINZENA.- Autoritzaci\u00f3 d&#8217;utilitzaci\u00f3 de nom i cessi\u00f3 de drets d&#8217;imatge<\/strong><\/p>\n\n<p>Cadascun dels guanyadors autoritza Bizum a reproduir i utilitzar el seu nom, cognoms i imatge, en la publicaci\u00f3 del Llistat de participants premiats que aquesta realitzi, a trav\u00e9s de qualsevol suport o mitj\u00e0 de comunicaci\u00f3 (TV, Internet, Xarxes Socials o altres) relacionada amb l&#8217;acci\u00f3 promocional que en cada cas correspongui, a tot el m\u00f3n i amb una durada temporal de dos (2) anys a comptar des de la data d&#8217;acceptaci\u00f3 del premi, sense que aix\u00f2 li confereixi dret de remuneraci\u00f3 o cap benefici, a excepci\u00f3 del premi rebut. Les creacions que pugui elaborar Bizum pel que fa a la publicaci\u00f3 d&#8217;aquest Llistat de participants premiats, seran titularitat de Bizum i s&#8217;entendr\u00e0 que, en virtut del premi rebut, el participant premiat cedeix en exclusiva tots els drets d&#8217;explotaci\u00f3 sobre aquests. all\u00f2 estrictament necessari per al desenvolupament d&#8217;aquestes creacions i sempre que aix\u00f2 no impliqui modificaci\u00f3 de les dades personals del participant premiat. <\/p>\n\n<p>Aquest consentiment pot ser revocat, en qualsevol moment, pels guanyadors, i indemnitzar, si escau, Bizum pels danys i perjudicis causats.<\/p>\n\n<p><strong>SETZENA.- Acceptaci\u00f3 de les Bases Legals<\/strong><\/p>\n\n<p>La participaci\u00f3 en les diferents accions promocionals suposa l&#8217;acceptaci\u00f3 \u00edntegra de les presents Bases Legals i els requisits de participaci\u00f3 que en cada cas puguin resultar aplicables, aix\u00ed com l&#8217;acceptaci\u00f3 del criteri de Bizum en les decisions interpretatives que efectu\u00ef.<\/p>\n\n<p><strong>DISSETENA.- Modificacions<\/strong><\/p>\n\n<p>Bizum, en cas que hi hagi causes de for\u00e7a major alienes al seu control, es reserva el dret d&#8217;efectuar qualsevol canvi, suspendre, escur\u00e7ar o ampliar el per\u00edode de durada d&#8217;una determinada acci\u00f3 promocional, i es compromet a donar a aquestes modificacions el grau de publicitat que sigui necessari.<\/p>\n\n<p><strong>QUINZENA.- Legislaci\u00f3 aplicable i fur<\/strong><\/p>\n\n<p>Les accions promocionals que pugui realitzar Bizum es regiran pel dret espanyol com\u00fa vigent.<\/p>\n\n<p>Per a tota controv\u00e8rsia que pogu\u00e9s sorgir de la interpretaci\u00f3 i l&#8217;aplicaci\u00f3 de les presents Bases Legals o dels requisits de participaci\u00f3 d&#8217;una determinada acci\u00f3 promocional, tant Bizum com els diferents participants, se sotmeten expressament a la jurisdicci\u00f3 dels Jutjats i Tribunals de Madrid capital, sense perjudici del fur que per llei pogu\u00e9s correspondre al consumidor.<\/p>\n","protected":false},"excerpt":{"rendered":"<p>Bases legals de PARTICIPACI\u00d3 EN ACCIONS PROMOCIONALS DE BIZUM, SL PRIMERA.- Objecte Amb l&#8217;objectiu d&#8217;incentivar l&#8217;\u00fas dels diferents serveis oferts per la companyia, l&#8217;entitat mercantil Bizum, SL, amb domicili social a Madrid, carrer Francisco Sancha, 12, i prove\u00efda de NIF n\u00famero B-87599478 (d&#8217;ara endavant, \u201cBizum\u201d ), promou la realitzaci\u00f3 de diferents accions promocionals, les quals [&hellip;]<\/p>\n","protected":false},"author":14,"featured_media":0,"parent":0,"menu_order":0,"comment_status":"closed","ping_status":"closed","template":"page-text.php","meta":{"_acf_changed":false,"footnotes":""},"class_list":["post-28874","page","type-page","status-publish","hentry"],"acf":[],"yoast_head":"<!-- This site is optimized with the Yoast SEO plugin v27.4 - https:\/\/yoast.com\/product\/yoast-seo-wordpress\/ -->\n<title>Bases legals sorteigs i concursos - Bizum<\/title>\n<meta name=\"robots\" content=\"index, follow, max-snippet:-1, max-image-preview:large, max-video-preview:-1\" \/>\n<link rel=\"canonical\" href=\"https:\/\/bizum.com\/es\/ca\/bases-legals-sortejos-i-concursos\/\" \/>\n<meta property=\"og:locale\" content=\"ca_ES\" \/>\n<meta property=\"og:type\" content=\"article\" \/>\n<meta property=\"og:title\" content=\"Bases legals sorteigs i concursos - Bizum\" \/>\n<meta property=\"og:description\" content=\"Bases legals de PARTICIPACI\u00d3 EN ACCIONS PROMOCIONALS DE BIZUM, SL PRIMERA.- Objecte Amb l&#8217;objectiu d&#8217;incentivar l&#8217;\u00fas dels diferents serveis oferts per la companyia, l&#8217;entitat mercantil Bizum, SL, amb domicili social a Madrid, carrer Francisco Sancha, 12, i prove\u00efda de NIF n\u00famero B-87599478 (d&#8217;ara endavant, \u201cBizum\u201d ), promou la realitzaci\u00f3 de diferents accions promocionals, les quals [&hellip;]\" \/>\n<meta property=\"og:url\" content=\"https:\/\/bizum.com\/es\/ca\/bases-legals-sortejos-i-concursos\/\" \/>\n<meta property=\"og:site_name\" content=\"Bizum\" \/>\n<meta property=\"article:modified_time\" content=\"2025-01-16T13:12:18+00:00\" \/>\n<meta name=\"twitter:card\" content=\"summary_large_image\" \/>\n<meta name=\"twitter:label1\" content=\"Est. reading time\" \/>\n\t<meta name=\"twitter:data1\" content=\"7 minutes\" \/>\n<script type=\"application\/ld+json\" class=\"yoast-schema-graph\">{\"@context\":\"https:\\\/\\\/schema.org\",\"@graph\":[{\"@type\":\"WebPage\",\"@id\":\"https:\\\/\\\/bizum.com\\\/es\\\/ca\\\/bases-legals-sortejos-i-concursos\\\/\",\"url\":\"https:\\\/\\\/bizum.com\\\/es\\\/ca\\\/bases-legals-sortejos-i-concursos\\\/\",\"name\":\"Bases legals sorteigs i concursos - Bizum\",\"isPartOf\":{\"@id\":\"https:\\\/\\\/bizum.com\\\/es\\\/#website\"},\"datePublished\":\"2024-06-12T15:50:03+00:00\",\"dateModified\":\"2025-01-16T13:12:18+00:00\",\"breadcrumb\":{\"@id\":\"https:\\\/\\\/bizum.com\\\/es\\\/ca\\\/bases-legals-sortejos-i-concursos\\\/#breadcrumb\"},\"inLanguage\":\"ca\",\"potentialAction\":[{\"@type\":\"ReadAction\",\"target\":[\"https:\\\/\\\/bizum.com\\\/es\\\/ca\\\/bases-legals-sortejos-i-concursos\\\/\"]}]},{\"@type\":\"BreadcrumbList\",\"@id\":\"https:\\\/\\\/bizum.com\\\/es\\\/ca\\\/bases-legals-sortejos-i-concursos\\\/#breadcrumb\",\"itemListElement\":[{\"@type\":\"ListItem\",\"position\":1,\"name\":\"Home\",\"item\":\"https:\\\/\\\/bizum.com\\\/es\\\/ca\\\/\"},{\"@type\":\"ListItem\",\"position\":2,\"name\":\"Bases legals sorteigs i concursos\"}]},{\"@type\":\"WebSite\",\"@id\":\"https:\\\/\\\/bizum.com\\\/es\\\/#website\",\"url\":\"https:\\\/\\\/bizum.com\\\/es\\\/\",\"name\":\"Bizum\",\"description\":\"Con Bizum puedes enviar y recibir dinero entre amigos, pagar en comercios online y donar a la ONG que tu elijas, todo desde tu m\u00f3vil.\",\"potentialAction\":[{\"@type\":\"SearchAction\",\"target\":{\"@type\":\"EntryPoint\",\"urlTemplate\":\"https:\\\/\\\/bizum.com\\\/es\\\/?s={search_term_string}\"},\"query-input\":{\"@type\":\"PropertyValueSpecification\",\"valueRequired\":true,\"valueName\":\"search_term_string\"}}],\"inLanguage\":\"ca\"}]}<\/script>\n<!-- \/ Yoast SEO plugin. -->","yoast_head_json":{"title":"Bases legals sorteigs i concursos - Bizum","robots":{"index":"index","follow":"follow","max-snippet":"max-snippet:-1","max-image-preview":"max-image-preview:large","max-video-preview":"max-video-preview:-1"},"canonical":"https:\/\/bizum.com\/es\/ca\/bases-legals-sortejos-i-concursos\/","og_locale":"ca_ES","og_type":"article","og_title":"Bases legals sorteigs i concursos - Bizum","og_description":"Bases legals de PARTICIPACI\u00d3 EN ACCIONS PROMOCIONALS DE BIZUM, SL PRIMERA.- Objecte Amb l&#8217;objectiu d&#8217;incentivar l&#8217;\u00fas dels diferents serveis oferts per la companyia, l&#8217;entitat mercantil Bizum, SL, amb domicili social a Madrid, carrer Francisco Sancha, 12, i prove\u00efda de NIF n\u00famero B-87599478 (d&#8217;ara endavant, \u201cBizum\u201d ), promou la realitzaci\u00f3 de diferents accions promocionals, les quals [&hellip;]","og_url":"https:\/\/bizum.com\/es\/ca\/bases-legals-sortejos-i-concursos\/","og_site_name":"Bizum","article_modified_time":"2025-01-16T13:12:18+00:00","twitter_card":"summary_large_image","twitter_misc":{"Est. reading time":"7 minutes"},"schema":{"@context":"https:\/\/schema.org","@graph":[{"@type":"WebPage","@id":"https:\/\/bizum.com\/es\/ca\/bases-legals-sortejos-i-concursos\/","url":"https:\/\/bizum.com\/es\/ca\/bases-legals-sortejos-i-concursos\/","name":"Bases legals sorteigs i concursos - Bizum","isPartOf":{"@id":"https:\/\/bizum.com\/es\/#website"},"datePublished":"2024-06-12T15:50:03+00:00","dateModified":"2025-01-16T13:12:18+00:00","breadcrumb":{"@id":"https:\/\/bizum.com\/es\/ca\/bases-legals-sortejos-i-concursos\/#breadcrumb"},"inLanguage":"ca","potentialAction":[{"@type":"ReadAction","target":["https:\/\/bizum.com\/es\/ca\/bases-legals-sortejos-i-concursos\/"]}]},{"@type":"BreadcrumbList","@id":"https:\/\/bizum.com\/es\/ca\/bases-legals-sortejos-i-concursos\/#breadcrumb","itemListElement":[{"@type":"ListItem","position":1,"name":"Home","item":"https:\/\/bizum.com\/es\/ca\/"},{"@type":"ListItem","position":2,"name":"Bases legals sorteigs i concursos"}]},{"@type":"WebSite","@id":"https:\/\/bizum.com\/es\/#website","url":"https:\/\/bizum.com\/es\/","name":"Bizum","description":"Con Bizum puedes enviar y recibir dinero entre amigos, pagar en comercios online y donar a la ONG que tu elijas, todo desde tu m\u00f3vil.","potentialAction":[{"@type":"SearchAction","target":{"@type":"EntryPoint","urlTemplate":"https:\/\/bizum.com\/es\/?s={search_term_string}"},"query-input":{"@type":"PropertyValueSpecification","valueRequired":true,"valueName":"search_term_string"}}],"inLanguage":"ca"}]}},"_links":{"self":[{"href":"https:\/\/bizum.com\/es\/ca\/wp-json\/wp\/v2\/pages\/28874","targetHints":{"allow":["GET"]}}],"collection":[{"href":"https:\/\/bizum.com\/es\/ca\/wp-json\/wp\/v2\/pages"}],"about":[{"href":"https:\/\/bizum.com\/es\/ca\/wp-json\/wp\/v2\/types\/page"}],"author":[{"embeddable":true,"href":"https:\/\/bizum.com\/es\/ca\/wp-json\/wp\/v2\/users\/14"}],"replies":[{"embeddable":true,"href":"https:\/\/bizum.com\/es\/ca\/wp-json\/wp\/v2\/comments?post=28874"}],"version-history":[{"count":1,"href":"https:\/\/bizum.com\/es\/ca\/wp-json\/wp\/v2\/pages\/28874\/revisions"}],"predecessor-version":[{"id":31030,"href":"https:\/\/bizum.com\/es\/ca\/wp-json\/wp\/v2\/pages\/28874\/revisions\/31030"}],"wp:attachment":[{"href":"https:\/\/bizum.com\/es\/ca\/wp-json\/wp\/v2\/media?parent=28874"}],"curies":[{"name":"wp","href":"https:\/\/api.w.org\/{rel}","templated":true}]}}