{"id":28894,"date":"2024-06-13T14:09:45","date_gmt":"2024-06-13T14:09:45","guid":{"rendered":"https:\/\/bizum.com\/es\/pagaments-i-compres-presencials\/"},"modified":"2024-12-06T03:45:21","modified_gmt":"2024-12-06T03:45:21","slug":"pagaments-i-compres-presencials","status":"publish","type":"page","link":"https:\/\/bizum.com\/es\/ca\/pagaments-i-compres-presencials\/","title":{"rendered":"Compra i pagament presencials"},"content":{"rendered":"\n<div class=\"wp-block-columns is-layout-flex wp-container-core-columns-is-layout-28f84493 wp-block-columns-is-layout-flex\">\n<div class=\"wp-block-column is-layout-flow wp-block-column-is-layout-flow\">\n\n<figure \n  class=\"wp-ax-image  wp-animated-image ax-image__x has-square-left  has-blue-squares ax-image__double \" \n  class=\"align wp-block-acf-mnz-animated-image\" \n  >\n  <div class=\"ax-image__item ax-image__bar-wrapper\">\n    <div class=\"ax-image__item-bar ax-image__item-bar-1\"><\/div>\n          <div class=\"ax-image__item-bar ax-image__item-bar-2\"><\/div>\n      <\/div>\n  <figure class=\"ax-image__item ax-image__figure\">\n    <img loading=\"lazy\" decoding=\"async\" width=\"616\" height=\"598\" src=\"https:\/\/bizum.com\/es\/wp-content\/uploads\/2024\/07\/paga-con-bizum-en-comercios.png\" class=\"attachment-full size-full\" alt=\"\" srcset=\"https:\/\/bizum.com\/es\/wp-content\/uploads\/2024\/07\/paga-con-bizum-en-comercios.png 616w, https:\/\/bizum.com\/es\/wp-content\/uploads\/2024\/07\/paga-con-bizum-en-comercios-300x291.png 300w\" sizes=\"auto, (max-width: 616px) 100vw, 616px\" \/>  <\/figure>\n<\/figure><\/div>\n\n\n\n<div class=\"wp-block-column is-vertically-aligned-center is-layout-flow wp-block-column-is-layout-flow\">\n<h2 class=\"wp-block-heading has-text-black-500-color has-text-color has-link-color has-xl-font-size wp-elements-0af5fca1d26f96a9b3844c3b6df12a4c\">Ara pots pagar amb Bizum a m\u00e9s botigues i tamb\u00e9 a professionals<\/h2>\n\n\n\n<p class=\"has-text-gray-500-color has-text-color has-link-color wp-elements-1bc899446e4e1a1af02581b7a0149455\" style=\"margin-top:var(--wp--preset--spacing--2);margin-bottom:var(--wp--preset--spacing--2)\">Sense l\u00edmits i amb la mateixa protecci\u00f3 que la resta de mitjans de pagament<\/p>\n\n\n\n<div class=\"wp-button-wrapper \">\n  <a class=\" wp-button f-xs has-icon icon-arrow-up-right has-icon-after has-button-blue-600-background-color\"\n    data-event=\"null\"\n        target=\"\"\n    href=\"https:\/\/bizum.com\/es\/ca\/persones-amb-bizum\/\"\n        class=\"align wp-block-acf-mnz-button has-background has-button-blue-600-background-color has-xs-font-size\">\n          <span class=\"cta-icon\">\n        <svg width=\"24\" height=\"24\" viewBox=\"0 0 24 24\" fill=\"none\" xmlns=\"http:\/\/www.w3.org\/2000\/svg\">\n<path d=\"M7.92308 6H18M18 6V16.0769M18 6L6 18\" stroke=\"white\" stroke-width=\"2\" stroke-linecap=\"round\" stroke-linejoin=\"round\"\/>\n<\/svg>\n      <\/span>\n    \n    <span class=\"cta-title\">\n      Activa Bizum    <\/span>\n\n  <\/a>\n<\/div><\/div>\n<\/div>\n\n<div class=\"wp-block-columns is-layout-flex wp-container-core-columns-is-layout-81e5f917 wp-block-columns-is-layout-flex\" style=\"padding-top:var(--wp--preset--spacing--2);padding-bottom:var(--wp--preset--spacing--2)\">\n<div class=\"wp-block-column is-layout-flow wp-block-column-is-layout-flow\">\n<h2 class=\"wp-block-heading has-text-black-500-color has-text-color has-link-color has-l-font-size wp-elements-c824f59dd73f979719afd058afc29399\">Est\u00e0s de sort! Utilitza Bizum a la teva administraci\u00f3 de loteria <\/h2>\n\n\n\n<p class=\"has-text-gray-500-color has-text-color has-link-color wp-elements-892fb974d687155eb4a2b1bc859d9ef4\" style=\"margin-top:var(--wp--preset--spacing--2);margin-bottom:var(--wp--preset--spacing--2)\">Si encara no has provat a pagar i cobrar els teus premis amb Bizum a les <a href=\"https:\/\/www.loteriasyapuestas.es\/f\/loterias\/web_corporativa\/DatosPersonales\/ClientesyUsuarios\/Bizum\/vigente\/EstipulacionesDatosPersonales-Bizum.html\">Administracions de Loteries i Apostes de l&#8217;Estat (SELAE)<\/a> , no saps qu\u00e8 et perds!<\/p>\n<\/div>\n\n\n\n<div class=\"wp-block-column is-layout-flow wp-block-column-is-layout-flow\">\n\n<figure \n  class=\"wp-ax-image  wp-animated-image ax-image__x has-square-left  has-blue-squares ax-image__single \" \n  class=\"align wp-block-acf-mnz-animated-image\" \n  >\n  <div class=\"ax-image__item ax-image__bar-wrapper\">\n    <div class=\"ax-image__item-bar ax-image__item-bar-1\"><\/div>\n      <\/div>\n  <figure class=\"ax-image__item ax-image__figure\">\n    <img loading=\"lazy\" decoding=\"async\" width=\"732\" height=\"316\" src=\"https:\/\/bizum.com\/es\/wp-content\/uploads\/2024\/07\/pago-y-cobro-en-loterias-y-apuestas.png\" class=\"attachment-full size-full\" alt=\"\" srcset=\"https:\/\/bizum.com\/es\/wp-content\/uploads\/2024\/07\/pago-y-cobro-en-loterias-y-apuestas.png 732w, https:\/\/bizum.com\/es\/wp-content\/uploads\/2024\/07\/pago-y-cobro-en-loterias-y-apuestas-300x130.png 300w\" sizes=\"auto, (max-width: 732px) 100vw, 732px\" \/>  <\/figure>\n<\/figure><\/div>\n<\/div>\n\n<h2 class=\"wp-block-heading has-text-black-500-color has-text-color has-link-color has-ml-font-size wp-elements-c7a9829b3ada2163ca5f27ce392f1647\">Com pagar i cobrar la loteria amb Bizum?<\/h2>\n\n<div class=\"wp-block-columns is-layout-flex wp-container-core-columns-is-layout-e060d4a4 wp-block-columns-is-layout-flex\" style=\"margin-top:var(--wp--preset--spacing--3);margin-bottom:var(--wp--preset--spacing--1)\">\n<div class=\"wp-block-column is-layout-flow wp-block-column-is-layout-flow\" style=\"padding-top:var(--wp--preset--spacing--2);padding-right:var(--wp--preset--spacing--2);padding-bottom:var(--wp--preset--spacing--2);padding-left:var(--wp--preset--spacing--2)\">\n<figure class=\"wp-block-image size-full is-resized\"><img loading=\"lazy\" decoding=\"async\" width=\"160\" height=\"160\" src=\"https:\/\/bizum.com\/wp-content\/uploads\/2024\/06\/QR.png\" alt=\"\" class=\"wp-image-318\" style=\"width:80px\" srcset=\"https:\/\/bizum.com\/es\/wp-content\/uploads\/2024\/06\/QR.png 160w, https:\/\/bizum.com\/es\/wp-content\/uploads\/2024\/06\/QR-150x150.png 150w\" sizes=\"auto, (max-width: 160px) 100vw, 160px\" \/><\/figure>\n\n\n\n<p class=\"has-text-black-500-color has-text-color has-link-color has-m-font-size wp-elements-c46c7f377557c2646d42af5b8d6b9cc7\" style=\"margin-top:var(--wp--preset--spacing--15);margin-right:0;margin-bottom:var(--wp--preset--spacing--05);margin-left:0\"><strong>Genera el QR<\/strong> <strong>de Bizum<\/strong><\/p>\n\n\n\n<p class=\"has-text-gray-500-color has-text-color has-link-color has-sm-font-size wp-elements-4834d67b9351c0affe3a3a00768f4c7b\">Accedeix a Bizum des de l&#8217;app del teu banc i genera el teu codi QR, que ser\u00e0 v\u00e0lid durant 15 minuts<\/p>\n<\/div>\n\n\n\n<div class=\"wp-block-column is-layout-flow wp-block-column-is-layout-flow\" style=\"padding-top:var(--wp--preset--spacing--2);padding-right:var(--wp--preset--spacing--2);padding-bottom:var(--wp--preset--spacing--2);padding-left:var(--wp--preset--spacing--2)\">\n<figure class=\"wp-block-image size-full is-resized\"><img loading=\"lazy\" decoding=\"async\" width=\"68\" height=\"68\" src=\"https:\/\/bizum.com\/wp-content\/uploads\/2024\/07\/QR-1.png\" alt=\"\" class=\"wp-image-26562\" style=\"width:80px\"\/><\/figure>\n\n\n\n<p class=\"has-text-black-500-color has-text-color has-link-color has-m-font-size wp-elements-2ab1a77dea7403f911a021cbd4913e12\" style=\"margin-top:var(--wp--preset--spacing--15);margin-bottom:var(--wp--preset--spacing--05)\"><strong>Mostra el teu codi QR<\/strong><\/p>\n\n\n\n<p class=\"has-text-gray-500-color has-text-color has-link-color has-sm-font-size wp-elements-b18fb38a57b6e6b559d8d9782e37af13\">La persona encarregada escanejar\u00e0 el codi QR de Bizum<\/p>\n<\/div>\n\n\n\n<div class=\"wp-block-column is-layout-flow wp-block-column-is-layout-flow\" style=\"padding-top:var(--wp--preset--spacing--2);padding-right:var(--wp--preset--spacing--2);padding-bottom:var(--wp--preset--spacing--2);padding-left:var(--wp--preset--spacing--2)\">\n<figure class=\"wp-block-image size-full is-resized\"><img loading=\"lazy\" decoding=\"async\" width=\"68\" height=\"68\" src=\"https:\/\/bizum.com\/wp-content\/uploads\/2024\/07\/QR.png\" alt=\"\" class=\"wp-image-26556\" style=\"width:80px\"\/><\/figure>\n\n\n\n<p class=\"has-text-black-500-color has-text-color has-link-color has-m-font-size wp-elements-723bef3377388ed940db3416190c7875\" style=\"margin-top:var(--wp--preset--spacing--15);margin-bottom:var(--wp--preset--spacing--05)\"><strong>Confirma el pagament<\/strong><\/p>\n\n\n\n<p class=\"has-text-gray-500-color has-text-color has-link-color has-sm-font-size wp-elements-3f9f4588fabd3106753db49460e2d049\">Obre la notificaci\u00f3 de l&#8217;app banc\u00e0ria, valida el pagament i llest! En el cas de cobrament de premi, no cal la validaci\u00f3 <\/p>\n<\/div>\n<\/div>\n\n<section class=\"slider-entidades br-ml  wp-slider-entidades has-background-gray-125-background-color\" style=\"padding-top:var(--wp--preset--spacing--3);padding-bottom:var(--wp--preset--spacing--3);padding-left:var(--wp--preset--spacing--2);padding-right:var(--wp--preset--spacing--2);margin-top:var(--wp--preset--spacing--2);margin-bottom:var(--wp--preset--spacing--2);\" class=\"align wp-block-acf-mnz-slider-entidades has-background has-background-gray-125-background-color\">\n  <header>\n    <div class=\"acf-innerblocks-container\">\n\n<h2 class=\"wp-block-heading has-text-black-500-color has-text-color has-link-color has-ml-font-size wp-elements-30cfeda8bf7adddf7c7b722ce6452f2a\">Entitats banc\u00e0ries que disposen del pagament i cobrament a loteries i apostes de l&#8217;estat<\/h2>\n\n\n\n<p class=\"has-text-gray-500-color has-text-color has-link-color wp-elements-facdce85e2763ec2686c2913d5e3f6b6\" style=\"margin-top:var(--wp--preset--spacing--1);margin-bottom:var(--wp--preset--spacing--1)\">Si no la trobes a la llista, contacta amb el teu banc<\/p>\n\n\n\n<div class=\"wp-button-wrapper wp-elements-6dd03e7582a911ef94e984c22a3d0430\">\n  <a class=\" wp-button-link has-border-bottom has-icon is-underlined has-icon-after icon-arrow-up-right has-button-link-black-500-color wp-elements-6dd03e7582a911ef94e984c22a3d0430\"\n    data-event=\"null\"\n        target=\"\"\n    href=\"https:\/\/bizum.com\/contacto\/\"\n        class=\"align wp-elements-6dd03e7582a911ef94e984c22a3d0430 wp-block-acf-mnz-button-link has-text-color has-button-link-black-500-color\">\n          <span class=\"cta-icon\">\n        <svg width=\"24\" height=\"24\" viewBox=\"0 0 24 24\" fill=\"none\" xmlns=\"http:\/\/www.w3.org\/2000\/svg\">\n<path d=\"M7.92308 6H18M18 6V16.0769M18 6L6 18\" stroke=\"black\" stroke-width=\"2\" stroke-linecap=\"round\" stroke-linejoin=\"round\"\/>\n<\/svg>\n      <\/span>\n    \n    <span class=\"cta-title\">\n      Contacta amb la teva entitat    <\/span>\n\n  <\/a>\n<\/div>\n<\/div>\n  <\/header>\n    <div class=\"slider-entidades-swiper content-entidades\"\n    data-filter=\"[57]\"\n    data-per-slide=\"5\"\n    data-display-search-form=\"false\"\n    data-autoplay=\"false\">\n  <\/div>\n<\/section>\n<div class=\"wp-block-columns is-layout-flex wp-container-core-columns-is-layout-c2ed827d wp-block-columns-is-layout-flex\" style=\"padding-top:var(--wp--preset--spacing--2-5);padding-bottom:var(--wp--preset--spacing--2-5)\">\n<div class=\"wp-block-column is-vertically-aligned-center is-layout-flow wp-block-column-is-layout-flow\">\n<h2 class=\"wp-block-heading has-text-black-500-color has-text-color has-link-color has-l-font-size wp-elements-909c6ff28fb6ea31ac7a06f529ac284a\">Altres formes de pagament presencial: link o QR<\/h2>\n\n\n\n<p class=\"has-text-gray-500-color has-text-color has-link-color wp-elements-943096f9aeaf53fca546a6de5e3a57d2\" style=\"margin-top:var(--wp--preset--spacing--2);margin-bottom:var(--wp--preset--spacing--2)\">La mateixa experi\u00e8ncia que ja coneixes per a compres en l\u00ednia: introdueix el teu n\u00famero de tel\u00e8fon, obre la notificaci\u00f3 de l&#8217;app banc\u00e0ria, comprova que la informaci\u00f3 \u00e9s correcta i valida el pagament.<br\/><br\/>A m\u00e9s, ara tamb\u00e9 pots pagar professionals. Recorda que ser\u00e0 el teu tel\u00e8fon el que calgui introduir perqu\u00e8 puguis validar el pagament a l&#8217;app del teu banc <\/p>\n\n\n\n<div class=\"wp-button-wrapper wp-elements-7cfafe7fd216822d02ce90a9830e5007\">\n  <a class=\" wp-button-link has-border-bottom has-icon is-underlined has-icon-after icon-arrow-up-right has-button-link-black-500-color wp-elements-7cfafe7fd216822d02ce90a9830e5007\"\n    data-event=\"null\"\n        target=\"\"\n    href=\"https:\/\/bizum.com\/pago-con-bizum-en-comercios-las-3-formas-que-existen\/\"\n        class=\"align wp-elements-7cfafe7fd216822d02ce90a9830e5007 wp-block-acf-mnz-button-link has-text-color has-button-link-black-500-color\">\n          <span class=\"cta-icon\">\n        <svg width=\"24\" height=\"24\" viewBox=\"0 0 24 24\" fill=\"none\" xmlns=\"http:\/\/www.w3.org\/2000\/svg\">\n<path d=\"M7.92308 6H18M18 6V16.0769M18 6L6 18\" stroke=\"black\" stroke-width=\"2\" stroke-linecap=\"round\" stroke-linejoin=\"round\"\/>\n<\/svg>\n      <\/span>\n    \n    <span class=\"cta-title\">\n      M\u00e9s informaci\u00f3    <\/span>\n\n  <\/a>\n<\/div><\/div>\n\n\n\n<div class=\"wp-block-column is-layout-flow wp-block-column-is-layout-flow\">\n\n<figure \n  class=\"wp-ax-image  wp-animated-image ax-image__y has-square-right is-round has-blue-squares ax-image__double \" \n  class=\"align wp-block-acf-mnz-animated-image\" \n  >\n  <div class=\"ax-image__item ax-image__bar-wrapper\">\n    <div class=\"ax-image__item-bar ax-image__item-bar-1\"><\/div>\n          <div class=\"ax-image__item-bar ax-image__item-bar-2\"><\/div>\n      <\/div>\n  <figure class=\"ax-image__item ax-image__figure\">\n    <img loading=\"lazy\" decoding=\"async\" width=\"616\" height=\"598\" src=\"https:\/\/bizum.com\/es\/wp-content\/uploads\/2024\/07\/muchas-formas-de-pago.png\" class=\"attachment-full size-full\" alt=\"\" srcset=\"https:\/\/bizum.com\/es\/wp-content\/uploads\/2024\/07\/muchas-formas-de-pago.png 616w, https:\/\/bizum.com\/es\/wp-content\/uploads\/2024\/07\/muchas-formas-de-pago-300x291.png 300w\" sizes=\"auto, (max-width: 616px) 100vw, 616px\" \/>  <\/figure>\n<\/figure><\/div>\n<\/div>\n\n<div class=\"wp-block-columns is-layout-flex wp-container-core-columns-is-layout-28f84493 wp-block-columns-is-layout-flex\">\n<div class=\"wp-block-column is-layout-flow wp-block-column-is-layout-flow\">\n\n<figure \n  class=\"wp-ax-image  wp-animated-image ax-image__y has-square-left is-round has-blue-squares ax-image__double \" \n  class=\"align wp-block-acf-mnz-animated-image\" \n  >\n  <div class=\"ax-image__item ax-image__bar-wrapper\">\n    <div class=\"ax-image__item-bar ax-image__item-bar-1\"><\/div>\n          <div class=\"ax-image__item-bar ax-image__item-bar-2\"><\/div>\n      <\/div>\n  <figure class=\"ax-image__item ax-image__figure\">\n    <img loading=\"lazy\" decoding=\"async\" width=\"616\" height=\"598\" src=\"https:\/\/bizum.com\/es\/wp-content\/uploads\/2024\/07\/preguntas-sobre-bizum.png\" class=\"attachment-full size-full\" alt=\"\" srcset=\"https:\/\/bizum.com\/es\/wp-content\/uploads\/2024\/07\/preguntas-sobre-bizum.png 616w, https:\/\/bizum.com\/es\/wp-content\/uploads\/2024\/07\/preguntas-sobre-bizum-300x291.png 300w\" sizes=\"auto, (max-width: 616px) 100vw, 616px\" \/>  <\/figure>\n<\/figure><\/div>\n\n\n\n<div class=\"wp-block-column is-vertically-aligned-center is-layout-flow wp-block-column-is-layout-flow\">\n<h2 class=\"wp-block-heading has-text-black-500-color has-text-color has-link-color has-l-font-size wp-elements-3525bf7b6823f43dbfe12a0e903ef36a\">Et queden dubtes?<br\/>Revisa les nostres preguntes freq\u00fcents<\/h2>\n\n\n\n<p class=\"has-text-gray-500-color has-text-color has-link-color wp-elements-4edcd78c7bb1f1003c16a7e34aafa93f\" style=\"margin-top:var(--wp--preset--spacing--2);margin-bottom:var(--wp--preset--spacing--2)\">No et preocupis, te les resolem totes<\/p>\n\n\n\n<div class=\"wp-button-wrapper \">\n  <a class=\" wp-button has-icon icon-arrow-up-right has-icon-after has-button-blue-600-background-color\"\n    data-event=\"null\"\n        target=\"\"\n    href=\"https:\/\/bizum.com\/es\/ca\/preguntes-frequents\/\"\n        class=\"align wp-block-acf-mnz-button has-background has-button-blue-600-background-color\">\n          <span class=\"cta-icon\">\n        <svg width=\"24\" height=\"24\" viewBox=\"0 0 24 24\" fill=\"none\" xmlns=\"http:\/\/www.w3.org\/2000\/svg\">\n<path d=\"M7.92308 6H18M18 6V16.0769M18 6L6 18\" stroke=\"white\" stroke-width=\"2\" stroke-linecap=\"round\" stroke-linejoin=\"round\"\/>\n<\/svg>\n      <\/span>\n    \n    <span class=\"cta-title\">\n      Veure preguntes freq\u00fcents    <\/span>\n\n  <\/a>\n<\/div><\/div>\n<\/div>\n\n<section class=\"d-flex content-accessibility mt-2 mb-2  wp-accessibility content-accessibility__blue\"\n  class=\"align wp-block-acf-mnz-accessibility\">\n  <div class=\"item item-logo\">\n    <img loading=\"lazy\" decoding=\"async\" width=\"240\" height=\"72\" src=\"https:\/\/bizum.com\/es\/wp-content\/uploads\/2024\/06\/bizum-website-accessibility-logo.png\" class=\"logo\" alt=\"\" \/>  \n    \n  <\/div>\n\n  <div class=\"item item-social\">\n                          <\/div>\n<\/section>\n<section class=\"p-2 has-background-gray-100-background-color br-m mb-2\">\n\n  <div class=\"pb-1\">\n    <h3 class=\"has-text-black-500-color fw-500\">\n      Suscr\u00edbete a nuestra newsletter    <\/h3>\n  <\/div>\n\n  <div id=\"signup-newsletter\" class=\"test content-form has-text-black-500-color d-flex\">\n\n          <div class=\"content-form-newsletter\">\n        <script charset=\"utf-8\" type=\"text\/javascript\" src=\"\/\/js-eu1.hsforms.net\/forms\/embed\/v2.js\"><\/script>\n        <script>\n          hbspt.forms.create({\n            portalId: \"146523971\",\n            formId: \"e82ad9fe-679b-4783-9027-c951e7df98b5\",\n            region: \"eu1\"\n          });\n        <\/script>\n      <\/div>\n    \n      <\/div>\n<\/section>","protected":false},"excerpt":{"rendered":"<p>Ara pots pagar amb Bizum a m\u00e9s botigues i tamb\u00e9 a professionals Sense l\u00edmits i amb la mateixa protecci\u00f3 que la resta de mitjans de pagament Est\u00e0s de sort! Utilitza Bizum a la teva administraci\u00f3 de loteria Si encara no has provat a pagar i cobrar els teus premis amb Bizum a les Administracions de [&hellip;]<\/p>\n","protected":false},"author":14,"featured_media":0,"parent":0,"menu_order":0,"comment_status":"closed","ping_status":"closed","template":"","meta":{"_acf_changed":false,"footnotes":""},"class_list":["post-28894","page","type-page","status-publish","hentry"],"acf":[],"yoast_head":"<!-- This site is optimized with the Yoast SEO plugin v27.3 - https:\/\/yoast.com\/product\/yoast-seo-wordpress\/ -->\n<title>Compra i pagament presencials - Bizum<\/title>\n<meta name=\"robots\" content=\"index, follow, max-snippet:-1, max-image-preview:large, max-video-preview:-1\" \/>\n<link rel=\"canonical\" href=\"https:\/\/bizum.com\/es\/ca\/pagaments-i-compres-presencials\/\" \/>\n<meta property=\"og:locale\" content=\"ca_ES\" \/>\n<meta property=\"og:type\" content=\"article\" \/>\n<meta property=\"og:title\" content=\"Compra i pagament presencials - Bizum\" \/>\n<meta property=\"og:description\" content=\"Ara pots pagar amb Bizum a m\u00e9s botigues i tamb\u00e9 a professionals Sense l\u00edmits i amb la mateixa protecci\u00f3 que la resta de mitjans de pagament Est\u00e0s de sort! Utilitza Bizum a la teva administraci\u00f3 de loteria Si encara no has provat a pagar i cobrar els teus premis amb Bizum a les Administracions de [&hellip;]\" \/>\n<meta property=\"og:url\" content=\"https:\/\/bizum.com\/es\/ca\/pagaments-i-compres-presencials\/\" \/>\n<meta property=\"og:site_name\" content=\"Bizum\" \/>\n<meta property=\"article:modified_time\" content=\"2024-12-06T03:45:21+00:00\" \/>\n<meta property=\"og:image\" content=\"https:\/\/bizum.com\/wp-content\/uploads\/2024\/06\/QR.png\" \/>\n<meta name=\"twitter:card\" content=\"summary_large_image\" \/>\n<meta name=\"twitter:label1\" content=\"Est. reading time\" \/>\n\t<meta name=\"twitter:data1\" content=\"1 minute\" \/>\n<script type=\"application\/ld+json\" class=\"yoast-schema-graph\">{\"@context\":\"https:\\\/\\\/schema.org\",\"@graph\":[{\"@type\":\"WebPage\",\"@id\":\"https:\\\/\\\/bizum.com\\\/es\\\/ca\\\/pagaments-i-compres-presencials\\\/\",\"url\":\"https:\\\/\\\/bizum.com\\\/es\\\/ca\\\/pagaments-i-compres-presencials\\\/\",\"name\":\"Compra i pagament presencials - Bizum\",\"isPartOf\":{\"@id\":\"https:\\\/\\\/bizum.com\\\/es\\\/#website\"},\"primaryImageOfPage\":{\"@id\":\"https:\\\/\\\/bizum.com\\\/es\\\/ca\\\/pagaments-i-compres-presencials\\\/#primaryimage\"},\"image\":{\"@id\":\"https:\\\/\\\/bizum.com\\\/es\\\/ca\\\/pagaments-i-compres-presencials\\\/#primaryimage\"},\"thumbnailUrl\":\"https:\\\/\\\/bizum.com\\\/wp-content\\\/uploads\\\/2024\\\/06\\\/QR.png\",\"datePublished\":\"2024-06-13T14:09:45+00:00\",\"dateModified\":\"2024-12-06T03:45:21+00:00\",\"breadcrumb\":{\"@id\":\"https:\\\/\\\/bizum.com\\\/es\\\/ca\\\/pagaments-i-compres-presencials\\\/#breadcrumb\"},\"inLanguage\":\"ca\",\"potentialAction\":[{\"@type\":\"ReadAction\",\"target\":[\"https:\\\/\\\/bizum.com\\\/es\\\/ca\\\/pagaments-i-compres-presencials\\\/\"]}]},{\"@type\":\"ImageObject\",\"inLanguage\":\"ca\",\"@id\":\"https:\\\/\\\/bizum.com\\\/es\\\/ca\\\/pagaments-i-compres-presencials\\\/#primaryimage\",\"url\":\"https:\\\/\\\/bizum.com\\\/wp-content\\\/uploads\\\/2024\\\/06\\\/QR.png\",\"contentUrl\":\"https:\\\/\\\/bizum.com\\\/wp-content\\\/uploads\\\/2024\\\/06\\\/QR.png\"},{\"@type\":\"BreadcrumbList\",\"@id\":\"https:\\\/\\\/bizum.com\\\/es\\\/ca\\\/pagaments-i-compres-presencials\\\/#breadcrumb\",\"itemListElement\":[{\"@type\":\"ListItem\",\"position\":1,\"name\":\"Home\",\"item\":\"https:\\\/\\\/bizum.com\\\/es\\\/ca\\\/\"},{\"@type\":\"ListItem\",\"position\":2,\"name\":\"Compra i pagament presencials\"}]},{\"@type\":\"WebSite\",\"@id\":\"https:\\\/\\\/bizum.com\\\/es\\\/#website\",\"url\":\"https:\\\/\\\/bizum.com\\\/es\\\/\",\"name\":\"Bizum\",\"description\":\"Con Bizum puedes enviar y recibir dinero entre amigos, pagar en comercios online y donar a la ONG que tu elijas, todo desde tu m\u00f3vil.\",\"potentialAction\":[{\"@type\":\"SearchAction\",\"target\":{\"@type\":\"EntryPoint\",\"urlTemplate\":\"https:\\\/\\\/bizum.com\\\/es\\\/?s={search_term_string}\"},\"query-input\":{\"@type\":\"PropertyValueSpecification\",\"valueRequired\":true,\"valueName\":\"search_term_string\"}}],\"inLanguage\":\"ca\"}]}<\/script>\n<!-- \/ Yoast SEO plugin. -->","yoast_head_json":{"title":"Compra i pagament presencials - Bizum","robots":{"index":"index","follow":"follow","max-snippet":"max-snippet:-1","max-image-preview":"max-image-preview:large","max-video-preview":"max-video-preview:-1"},"canonical":"https:\/\/bizum.com\/es\/ca\/pagaments-i-compres-presencials\/","og_locale":"ca_ES","og_type":"article","og_title":"Compra i pagament presencials - Bizum","og_description":"Ara pots pagar amb Bizum a m\u00e9s botigues i tamb\u00e9 a professionals Sense l\u00edmits i amb la mateixa protecci\u00f3 que la resta de mitjans de pagament Est\u00e0s de sort! Utilitza Bizum a la teva administraci\u00f3 de loteria Si encara no has provat a pagar i cobrar els teus premis amb Bizum a les Administracions de [&hellip;]","og_url":"https:\/\/bizum.com\/es\/ca\/pagaments-i-compres-presencials\/","og_site_name":"Bizum","article_modified_time":"2024-12-06T03:45:21+00:00","og_image":[{"url":"https:\/\/bizum.com\/wp-content\/uploads\/2024\/06\/QR.png","type":"","width":"","height":""}],"twitter_card":"summary_large_image","twitter_misc":{"Est. reading time":"1 minute"},"schema":{"@context":"https:\/\/schema.org","@graph":[{"@type":"WebPage","@id":"https:\/\/bizum.com\/es\/ca\/pagaments-i-compres-presencials\/","url":"https:\/\/bizum.com\/es\/ca\/pagaments-i-compres-presencials\/","name":"Compra i pagament presencials - Bizum","isPartOf":{"@id":"https:\/\/bizum.com\/es\/#website"},"primaryImageOfPage":{"@id":"https:\/\/bizum.com\/es\/ca\/pagaments-i-compres-presencials\/#primaryimage"},"image":{"@id":"https:\/\/bizum.com\/es\/ca\/pagaments-i-compres-presencials\/#primaryimage"},"thumbnailUrl":"https:\/\/bizum.com\/wp-content\/uploads\/2024\/06\/QR.png","datePublished":"2024-06-13T14:09:45+00:00","dateModified":"2024-12-06T03:45:21+00:00","breadcrumb":{"@id":"https:\/\/bizum.com\/es\/ca\/pagaments-i-compres-presencials\/#breadcrumb"},"inLanguage":"ca","potentialAction":[{"@type":"ReadAction","target":["https:\/\/bizum.com\/es\/ca\/pagaments-i-compres-presencials\/"]}]},{"@type":"ImageObject","inLanguage":"ca","@id":"https:\/\/bizum.com\/es\/ca\/pagaments-i-compres-presencials\/#primaryimage","url":"https:\/\/bizum.com\/wp-content\/uploads\/2024\/06\/QR.png","contentUrl":"https:\/\/bizum.com\/wp-content\/uploads\/2024\/06\/QR.png"},{"@type":"BreadcrumbList","@id":"https:\/\/bizum.com\/es\/ca\/pagaments-i-compres-presencials\/#breadcrumb","itemListElement":[{"@type":"ListItem","position":1,"name":"Home","item":"https:\/\/bizum.com\/es\/ca\/"},{"@type":"ListItem","position":2,"name":"Compra i pagament presencials"}]},{"@type":"WebSite","@id":"https:\/\/bizum.com\/es\/#website","url":"https:\/\/bizum.com\/es\/","name":"Bizum","description":"Con Bizum puedes enviar y recibir dinero entre amigos, pagar en comercios online y donar a la ONG que tu elijas, todo desde tu m\u00f3vil.","potentialAction":[{"@type":"SearchAction","target":{"@type":"EntryPoint","urlTemplate":"https:\/\/bizum.com\/es\/?s={search_term_string}"},"query-input":{"@type":"PropertyValueSpecification","valueRequired":true,"valueName":"search_term_string"}}],"inLanguage":"ca"}]}},"_links":{"self":[{"href":"https:\/\/bizum.com\/es\/ca\/wp-json\/wp\/v2\/pages\/28894","targetHints":{"allow":["GET"]}}],"collection":[{"href":"https:\/\/bizum.com\/es\/ca\/wp-json\/wp\/v2\/pages"}],"about":[{"href":"https:\/\/bizum.com\/es\/ca\/wp-json\/wp\/v2\/types\/page"}],"author":[{"embeddable":true,"href":"https:\/\/bizum.com\/es\/ca\/wp-json\/wp\/v2\/users\/14"}],"replies":[{"embeddable":true,"href":"https:\/\/bizum.com\/es\/ca\/wp-json\/wp\/v2\/comments?post=28894"}],"version-history":[{"count":2,"href":"https:\/\/bizum.com\/es\/ca\/wp-json\/wp\/v2\/pages\/28894\/revisions"}],"predecessor-version":[{"id":30638,"href":"https:\/\/bizum.com\/es\/ca\/wp-json\/wp\/v2\/pages\/28894\/revisions\/30638"}],"wp:attachment":[{"href":"https:\/\/bizum.com\/es\/ca\/wp-json\/wp\/v2\/media?parent=28894"}],"curies":[{"name":"wp","href":"https:\/\/api.w.org\/{rel}","templated":true}]}}