{"id":28902,"date":"2024-06-12T15:50:30","date_gmt":"2024-06-12T15:50:30","guid":{"rendered":"https:\/\/bizum.com\/es\/comunicacions-comercials\/"},"modified":"2025-01-28T11:45:32","modified_gmt":"2025-01-28T11:45:32","slug":"comunicacions-comercials","status":"publish","type":"page","link":"https:\/\/bizum.com\/es\/ca\/comunicacions-comercials\/","title":{"rendered":"Comunicacions comercials"},"content":{"rendered":"\n<p><strong>Responsable:<\/strong> Bizum, SL, amb domicili al carrer Francisco Sancha, 12, 28034 Madrid i amb NIF B-87599478 (d&#8217;ara endavant, \u201cBizum\u201d).<br\/> Dades de contacte: Podeu contactar amb nosaltres dirigint comunicaci\u00f3 postal al nostre domicili i\/oa trav\u00e9s de correu electr\u00f2nic contacto@bizum.es.<\/p>\n\n<p><strong>Finalitat:<\/strong> Tractem les vostres dades per a la comunicaci\u00f3 i enviament d&#8217;informaci\u00f3 amb finalitats comercials o publicit\u00e0ries per correu electr\u00f2nic.<\/p>\n\n<p><strong>Termini de conservaci\u00f3:<\/strong> Conservem les vostres dades fins que revoqueu el vostre consentiment a l&#8217;enviament de comunicacions amb aquests fins. Un cop finalitzat aquest per\u00edode de temps, conservarem les seves dades, degudament a\u00efllades i bloquejades, durant un m\u00e0xim de 5 anys d&#8217;acord amb l&#8217;article 1964 del Codi civil (termini de prescripci\u00f3 de les accions personals). <br\/>Legitimaci\u00f3: Consentiment de linteressat.<\/p>\n\n<p><strong>Destinataris:<\/strong> No se cediran dades a tercers excepte obligaci\u00f3 legal i en aquells casos expressament previstos a la informaci\u00f3 addicional.<\/p>\n\n<p><strong>Drets:<\/strong> Accedir, rectificar, suprimir i revocar el consentiment al tractament de dades personals, aix\u00ed com altres drets, tal com s&#8217;explica a la nostra Pol\u00edtica de Privadesa.<\/p>\n\n<p>Informaci\u00f3 addicional: Podeu consultar la informaci\u00f3 addicional i detallada sobre Protecci\u00f3 de Dades, a la nostra Pol\u00edtica de Privadesa.<\/p>\n","protected":false},"excerpt":{"rendered":"<p>Responsable: Bizum, SL, amb domicili al carrer Francisco Sancha, 12, 28034 Madrid i amb NIF B-87599478 (d&#8217;ara endavant, \u201cBizum\u201d). Dades de contacte: Podeu contactar amb nosaltres dirigint comunicaci\u00f3 postal al nostre domicili i\/oa trav\u00e9s de correu electr\u00f2nic contacto@bizum.es. Finalitat: Tractem les vostres dades per a la comunicaci\u00f3 i enviament d&#8217;informaci\u00f3 amb finalitats comercials o publicit\u00e0ries [&hellip;]<\/p>\n","protected":false},"author":14,"featured_media":0,"parent":0,"menu_order":0,"comment_status":"closed","ping_status":"closed","template":"page-text.php","meta":{"_acf_changed":false,"footnotes":""},"class_list":["post-28902","page","type-page","status-publish","hentry"],"acf":[],"yoast_head":"<!-- This site is optimized with the Yoast SEO plugin v27.3 - https:\/\/yoast.com\/product\/yoast-seo-wordpress\/ -->\n<title>Comunicacions comercials - Bizum<\/title>\n<meta name=\"robots\" content=\"index, follow, max-snippet:-1, max-image-preview:large, max-video-preview:-1\" \/>\n<link rel=\"canonical\" href=\"https:\/\/bizum.com\/es\/ca\/comunicacions-comercials\/\" \/>\n<meta property=\"og:locale\" content=\"ca_ES\" \/>\n<meta property=\"og:type\" content=\"article\" \/>\n<meta property=\"og:title\" content=\"Comunicacions comercials - Bizum\" \/>\n<meta property=\"og:description\" content=\"Responsable: Bizum, SL, amb domicili al carrer Francisco Sancha, 12, 28034 Madrid i amb NIF B-87599478 (d&#8217;ara endavant, \u201cBizum\u201d). Dades de contacte: Podeu contactar amb nosaltres dirigint comunicaci\u00f3 postal al nostre domicili i\/oa trav\u00e9s de correu electr\u00f2nic contacto@bizum.es. Finalitat: Tractem les vostres dades per a la comunicaci\u00f3 i enviament d&#8217;informaci\u00f3 amb finalitats comercials o publicit\u00e0ries [&hellip;]\" \/>\n<meta property=\"og:url\" content=\"https:\/\/bizum.com\/es\/ca\/comunicacions-comercials\/\" \/>\n<meta property=\"og:site_name\" content=\"Bizum\" \/>\n<meta property=\"article:modified_time\" content=\"2025-01-28T11:45:32+00:00\" \/>\n<meta name=\"twitter:card\" content=\"summary_large_image\" \/>\n<meta name=\"twitter:label1\" content=\"Est. reading time\" \/>\n\t<meta name=\"twitter:data1\" content=\"1 minute\" \/>\n<script type=\"application\/ld+json\" class=\"yoast-schema-graph\">{\"@context\":\"https:\\\/\\\/schema.org\",\"@graph\":[{\"@type\":\"WebPage\",\"@id\":\"https:\\\/\\\/bizum.com\\\/es\\\/ca\\\/comunicacions-comercials\\\/\",\"url\":\"https:\\\/\\\/bizum.com\\\/es\\\/ca\\\/comunicacions-comercials\\\/\",\"name\":\"Comunicacions comercials - Bizum\",\"isPartOf\":{\"@id\":\"https:\\\/\\\/bizum.com\\\/es\\\/#website\"},\"datePublished\":\"2024-06-12T15:50:30+00:00\",\"dateModified\":\"2025-01-28T11:45:32+00:00\",\"breadcrumb\":{\"@id\":\"https:\\\/\\\/bizum.com\\\/es\\\/ca\\\/comunicacions-comercials\\\/#breadcrumb\"},\"inLanguage\":\"ca\",\"potentialAction\":[{\"@type\":\"ReadAction\",\"target\":[\"https:\\\/\\\/bizum.com\\\/es\\\/ca\\\/comunicacions-comercials\\\/\"]}]},{\"@type\":\"BreadcrumbList\",\"@id\":\"https:\\\/\\\/bizum.com\\\/es\\\/ca\\\/comunicacions-comercials\\\/#breadcrumb\",\"itemListElement\":[{\"@type\":\"ListItem\",\"position\":1,\"name\":\"Home\",\"item\":\"https:\\\/\\\/bizum.com\\\/es\\\/ca\\\/\"},{\"@type\":\"ListItem\",\"position\":2,\"name\":\"Comunicacions comercials\"}]},{\"@type\":\"WebSite\",\"@id\":\"https:\\\/\\\/bizum.com\\\/es\\\/#website\",\"url\":\"https:\\\/\\\/bizum.com\\\/es\\\/\",\"name\":\"Bizum\",\"description\":\"Con Bizum puedes enviar y recibir dinero entre amigos, pagar en comercios online y donar a la ONG que tu elijas, todo desde tu m\u00f3vil.\",\"potentialAction\":[{\"@type\":\"SearchAction\",\"target\":{\"@type\":\"EntryPoint\",\"urlTemplate\":\"https:\\\/\\\/bizum.com\\\/es\\\/?s={search_term_string}\"},\"query-input\":{\"@type\":\"PropertyValueSpecification\",\"valueRequired\":true,\"valueName\":\"search_term_string\"}}],\"inLanguage\":\"ca\"}]}<\/script>\n<!-- \/ Yoast SEO plugin. -->","yoast_head_json":{"title":"Comunicacions comercials - Bizum","robots":{"index":"index","follow":"follow","max-snippet":"max-snippet:-1","max-image-preview":"max-image-preview:large","max-video-preview":"max-video-preview:-1"},"canonical":"https:\/\/bizum.com\/es\/ca\/comunicacions-comercials\/","og_locale":"ca_ES","og_type":"article","og_title":"Comunicacions comercials - Bizum","og_description":"Responsable: Bizum, SL, amb domicili al carrer Francisco Sancha, 12, 28034 Madrid i amb NIF B-87599478 (d&#8217;ara endavant, \u201cBizum\u201d). Dades de contacte: Podeu contactar amb nosaltres dirigint comunicaci\u00f3 postal al nostre domicili i\/oa trav\u00e9s de correu electr\u00f2nic contacto@bizum.es. Finalitat: Tractem les vostres dades per a la comunicaci\u00f3 i enviament d&#8217;informaci\u00f3 amb finalitats comercials o publicit\u00e0ries [&hellip;]","og_url":"https:\/\/bizum.com\/es\/ca\/comunicacions-comercials\/","og_site_name":"Bizum","article_modified_time":"2025-01-28T11:45:32+00:00","twitter_card":"summary_large_image","twitter_misc":{"Est. reading time":"1 minute"},"schema":{"@context":"https:\/\/schema.org","@graph":[{"@type":"WebPage","@id":"https:\/\/bizum.com\/es\/ca\/comunicacions-comercials\/","url":"https:\/\/bizum.com\/es\/ca\/comunicacions-comercials\/","name":"Comunicacions comercials - Bizum","isPartOf":{"@id":"https:\/\/bizum.com\/es\/#website"},"datePublished":"2024-06-12T15:50:30+00:00","dateModified":"2025-01-28T11:45:32+00:00","breadcrumb":{"@id":"https:\/\/bizum.com\/es\/ca\/comunicacions-comercials\/#breadcrumb"},"inLanguage":"ca","potentialAction":[{"@type":"ReadAction","target":["https:\/\/bizum.com\/es\/ca\/comunicacions-comercials\/"]}]},{"@type":"BreadcrumbList","@id":"https:\/\/bizum.com\/es\/ca\/comunicacions-comercials\/#breadcrumb","itemListElement":[{"@type":"ListItem","position":1,"name":"Home","item":"https:\/\/bizum.com\/es\/ca\/"},{"@type":"ListItem","position":2,"name":"Comunicacions comercials"}]},{"@type":"WebSite","@id":"https:\/\/bizum.com\/es\/#website","url":"https:\/\/bizum.com\/es\/","name":"Bizum","description":"Con Bizum puedes enviar y recibir dinero entre amigos, pagar en comercios online y donar a la ONG que tu elijas, todo desde tu m\u00f3vil.","potentialAction":[{"@type":"SearchAction","target":{"@type":"EntryPoint","urlTemplate":"https:\/\/bizum.com\/es\/?s={search_term_string}"},"query-input":{"@type":"PropertyValueSpecification","valueRequired":true,"valueName":"search_term_string"}}],"inLanguage":"ca"}]}},"_links":{"self":[{"href":"https:\/\/bizum.com\/es\/ca\/wp-json\/wp\/v2\/pages\/28902","targetHints":{"allow":["GET"]}}],"collection":[{"href":"https:\/\/bizum.com\/es\/ca\/wp-json\/wp\/v2\/pages"}],"about":[{"href":"https:\/\/bizum.com\/es\/ca\/wp-json\/wp\/v2\/types\/page"}],"author":[{"embeddable":true,"href":"https:\/\/bizum.com\/es\/ca\/wp-json\/wp\/v2\/users\/14"}],"replies":[{"embeddable":true,"href":"https:\/\/bizum.com\/es\/ca\/wp-json\/wp\/v2\/comments?post=28902"}],"version-history":[{"count":1,"href":"https:\/\/bizum.com\/es\/ca\/wp-json\/wp\/v2\/pages\/28902\/revisions"}],"predecessor-version":[{"id":34938,"href":"https:\/\/bizum.com\/es\/ca\/wp-json\/wp\/v2\/pages\/28902\/revisions\/34938"}],"wp:attachment":[{"href":"https:\/\/bizum.com\/es\/ca\/wp-json\/wp\/v2\/media?parent=28902"}],"curies":[{"name":"wp","href":"https:\/\/api.w.org\/{rel}","templated":true}]}}