{"id":28910,"date":"2024-06-12T16:05:26","date_gmt":"2024-06-12T16:05:26","guid":{"rendered":"https:\/\/bizum.com\/es\/identificador-digital\/"},"modified":"2025-07-14T14:51:37","modified_gmt":"2025-07-14T14:51:37","slug":"identificador-digital","status":"publish","type":"page","link":"https:\/\/bizum.com\/es\/ca\/identificador-digital\/","title":{"rendered":"Identificador digital"},"content":{"rendered":"\n<div class=\"wp-block-columns is-layout-flex wp-container-core-columns-is-layout-28f84493 wp-block-columns-is-layout-flex\">\n<div class=\"wp-block-column is-vertically-aligned-center is-layout-flow wp-block-column-is-layout-flow\">\n<h2 class=\"wp-block-heading has-text-black-500-color has-text-color has-link-color has-xl-font-size wp-elements-e9a5cd00ac13e8d61b6076843d1691d1\">Identifica&#8217;t amb Bizum a webs i apps, sense contrasenya!<\/h2>\n\n\n\n<p class=\"has-text-gray-500-color has-text-color has-link-color wp-elements-478ab6d63d0766c6b38ff35e2d9ce3c9\" style=\"margin-top:var(--wp--preset--spacing--2);margin-bottom:var(--wp--preset--spacing--2)\">Registra&#8217;t i accedeix a p\u00e0gines i plataformes sense contrasenyes, nom\u00e9s amb el teu m\u00f2bil, per\u00f2 amb la m\u00e0xima seguretat i control<\/p>\n\n\n\n<div class=\"wp-button-wrapper \">\n  <a class=\" wp-button f-xs has-icon icon-arrow-up-right has-icon-after has-button-blue-600-background-color\"\n    data-event=\"cta_activar-bizum\"\n        target=\"\"\n    href=\"https:\/\/bizum.com\/es\/ca\/persones-amb-bizum\/\"\n        class=\"align wp-block-acf-mnz-button has-background has-button-blue-600-background-color has-xs-font-size\">\n          <span class=\"cta-icon\">\n        <svg width=\"24\" height=\"24\" viewBox=\"0 0 24 24\" fill=\"none\" xmlns=\"http:\/\/www.w3.org\/2000\/svg\">\n<path d=\"M7.92308 6H18M18 6V16.0769M18 6L6 18\" stroke=\"white\" stroke-width=\"2\" stroke-linecap=\"round\" stroke-linejoin=\"round\"\/>\n<\/svg>\n      <\/span>\n    \n    <span class=\"cta-title\">\n      Activa Bizum    <\/span>\n\n  <\/a>\n<\/div><\/div>\n\n\n\n<div class=\"wp-block-column is-layout-flow wp-block-column-is-layout-flow\">\n\n<figure \n  class=\"wp-ax-image  wp-animated-image ax-image__x has-square-left  has-blue-squares ax-image__double \" \n  class=\"align wp-block-acf-mnz-animated-image\" \n  >\n  <div class=\"ax-image__item ax-image__bar-wrapper\">\n    <div class=\"ax-image__item-bar ax-image__item-bar-1\"><\/div>\n          <div class=\"ax-image__item-bar ax-image__item-bar-2\"><\/div>\n      <\/div>\n  <figure class=\"ax-image__item ax-image__figure\">\n    <img loading=\"lazy\" decoding=\"async\" width=\"616\" height=\"598\" src=\"https:\/\/bizum.com\/es\/wp-content\/uploads\/2024\/07\/logueate-con-bizum-en-comercios.png\" class=\"attachment-full size-full\" alt=\"\" srcset=\"https:\/\/bizum.com\/es\/wp-content\/uploads\/2024\/07\/logueate-con-bizum-en-comercios.png 616w, https:\/\/bizum.com\/es\/wp-content\/uploads\/2024\/07\/logueate-con-bizum-en-comercios-300x291.png 300w\" sizes=\"auto, (max-width: 616px) 100vw, 616px\" \/>  <\/figure>\n<\/figure><\/div>\n<\/div>\n\n<h2 class=\"wp-block-heading has-text-align-center has-text-gray-500-color has-text-color has-link-color has-l-font-size wp-elements-75a02c03261b14937310cdb665586db5\" style=\"margin-top:var(--wp--preset--spacing--2);margin-bottom:var(--wp--preset--spacing--2)\">Per qu\u00e8 identificar-se amb Bizum?<\/h2>\n\n<section class=\" wp-ventajas\"\n  style=\"margin-top:var(--wp--preset--spacing--2);margin-bottom:var(--wp--preset--spacing--2);\" class=\"align wp-block-acf-mnz-ventajas\">\n  <div class=\"grid-3 gap-1\">\n          <div class=\"item has-background-blue-600-background-color p-2 br-5xl\">\n              <figure class=\"has-card-white-500-background-color d-inline-flex py-05 px-2 br-full mt-1 mb-1\">\n          <svg width=\"40\" height=\"40\" viewBox=\"0 0 40 40\" fill=\"none\" xmlns=\"http:\/\/www.w3.org\/2000\/svg\">\n<path d=\"M22 3L10.5 23H18V37L29.5 17H22V3Z\" stroke=\"#088387\" stroke-width=\"4\" stroke-linecap=\"round\" stroke-linejoin=\"round\"\/>\n<\/svg>\n        <\/figure>\n      \n              <p class=\"has-ml-font-size has-text-white-500-color fw-700\">\n          Rapidesa        <\/p>\n        <div class=\"pt-1 has-sm-font-size has-text-white-500-color pb-1\">\n          <p>No haur\u00e0s d&#8217;emplenar formularis llargu\u00edssims ni introduir una vegada i una altra la mateixa informaci\u00f3. Nom\u00e9s amb el teu m\u00f2bil <\/p>\n        <\/div>\n          <\/div>\n    \n          <div class=\"item has-background-blue-600-background-color p-2 br-5xl\">\n              <figure class=\"has-card-white-500-background-color d-inline-flex py-05 px-2 br-full mt-1 mb-1\">\n          <svg width=\"40\" height=\"40\" viewBox=\"0 0 40 40\" fill=\"none\" xmlns=\"http:\/\/www.w3.org\/2000\/svg\">\n<path fill-rule=\"evenodd\" clip-rule=\"evenodd\" d=\"M20.5 6C15.8056 6 12 9.80558 12 14.5H8C8 7.59644 13.5964 2 20.5 2C25.9457 2 30.5732 5.48124 32.2882 10.3335H28.1963C27.0284 7.02943 24.1978 6 20.5 6Z\" fill=\"#05C0C7\"\/>\n<path fill-rule=\"evenodd\" clip-rule=\"evenodd\" d=\"M8 13H6V15V24C6 32.1305 12.1203 39 20 39C27.8797 39 34 32.1305 34 24V15V13H32H8ZM10 24C10 30.2289 14.6249 35 20 35C25.3751 35 30 30.2289 30 24V17H10V24Z\" fill=\"#088387\"\/>\n<circle cx=\"20\" cy=\"26\" r=\"2\" fill=\"#05C0C7\"\/>\n<\/svg>\n        <\/figure>\n      \n              <p class=\"has-ml-font-size has-text-white-500-color fw-700\">\n          Seguretat        <\/p>\n        <div class=\"pt-1 has-sm-font-size has-text-white-500-color pb-1\">\n          <p>El teu banc, com sempre, t&#8217;ofereix la m\u00e0xima protecci\u00f3 de les dades<\/p>\n        <\/div>\n          <\/div>\n    \n          <div class=\"item has-background-blue-600-background-color p-2 br-5xl\">\n              <figure class=\"has-card-white-500-background-color d-inline-flex py-05 px-2 br-full mt-1 mb-1\">\n          <svg width=\"40\" height=\"40\" viewBox=\"0 0 40 40\" fill=\"none\" xmlns=\"http:\/\/www.w3.org\/2000\/svg\">\n<rect x=\"7.55554\" y=\"4\" width=\"24.8889\" height=\"32\" rx=\"4\" stroke=\"#088387\" stroke-width=\"4\" stroke-linejoin=\"round\"\/>\n<rect x=\"16.4445\" y=\"27.1113\" width=\"7.11111\" height=\"3.55556\" rx=\"1.77778\" fill=\"#05C0C7\"\/>\n<\/svg>\n        <\/figure>\n      \n              <p class=\"has-ml-font-size has-text-white-500-color fw-700\">\n          Control        <\/p>\n        <div class=\"pt-1 has-sm-font-size has-text-white-500-color pb-1\">\n          <p>Pots consultar quines dades has compartit i quan has accedit a cada plataforma en l\u00ednia i fins i tot pots retirar els permisos en el moment que vulguis. <\/p>\n        <\/div>\n          <\/div>\n    \n      <\/div>\n<\/section>\n\n\n<div class=\"wp-block-columns has-background-gray-125-background-color has-background is-layout-flex wp-container-core-columns-is-layout-966ac77c wp-block-columns-is-layout-flex\" style=\"border-radius:32px;margin-top:var(--wp--preset--spacing--2);margin-bottom:var(--wp--preset--spacing--2);padding-top:var(--wp--preset--spacing--2);padding-right:var(--wp--preset--spacing--2);padding-bottom:var(--wp--preset--spacing--2);padding-left:var(--wp--preset--spacing--2)\">\n<div class=\"wp-block-column is-layout-flow wp-block-column-is-layout-flow\">\n<h2 class=\"wp-block-heading has-l-font-size\">Bancos con los que podr\u00e1s integrar Bizum<\/h2>\n\n\n\n<p class=\"has-sm-font-size\" style=\"padding-top:var(--wp--preset--spacing--1);padding-bottom:var(--wp--preset--spacing--2)\">Descubre si la entidad con la que colaboras ofrece Bizum. Si no la encuentras, ponte en contacto con tu banco o con nosotros para poder ayudarte.<\/p>\n\n\n\n<section class=\"slider-entidades br-ml  wp-slider-entidades\" class=\"align wp-block-acf-mnz-slider-entidades\">\n  <header>\n    <div class=\"acf-innerblocks-container\"><\/div>\n  <\/header>\n    <div class=\"slider-entidades-swiper content-entidades\"\n    data-filter=\"[58]\"\n    data-per-slide=\"5\"\n    data-display-search-form=\"false\"\n    data-autoplay=\"true\">\n  <\/div>\n<\/section><\/div>\n<\/div>\n\n<div class=\"wp-block-columns is-layout-flex wp-container-core-columns-is-layout-91ca3140 wp-block-columns-is-layout-flex\" style=\"margin-top:var(--wp--preset--spacing--2);margin-bottom:var(--wp--preset--spacing--2)\">\n<div class=\"wp-block-column is-vertically-aligned-center is-layout-flow wp-block-column-is-layout-flow\">\n<h2 class=\"wp-block-heading has-text-black-500-color has-text-color has-link-color has-l-font-size wp-elements-5e47b019091dbf40fd84bb899ad34bb6\">L&#8217;identificador digital de Bizum ja \u00e9s aqu\u00ed<\/h2>\n\n\n\n<p class=\"has-text-gray-500-color has-text-color has-link-color wp-elements-8e0dfd35cdcb76161922eb3155526fa0\" style=\"margin-top:var(--wp--preset--spacing--2);margin-bottom:var(--wp--preset--spacing--2)\">En vols saber m\u00e9s? T&#8217;ho expliquem en detall <\/p>\n\n\n\n<div class=\"wp-button-wrapper wp-elements-314d2e8bff87a7b4dc5a579d592fe60d\">\n  <a class=\" wp-button-link has-border-bottom has-icon is-underlined has-icon-after icon-arrow-up-right has-button-link-black-500-color wp-elements-314d2e8bff87a7b4dc5a579d592fe60d\"\n    data-event=\"text_mas-informacion\"\n        target=\"\"\n    href=\"https:\/\/bizum.com\/asi-es-el-identificador-digital-de-bizum-la-nueva-forma-de-registro-online\/\"\n        class=\"align wp-elements-314d2e8bff87a7b4dc5a579d592fe60d wp-block-acf-mnz-button-link has-text-color has-button-link-black-500-color\">\n          <span class=\"cta-icon\">\n        <svg width=\"24\" height=\"24\" viewBox=\"0 0 24 24\" fill=\"none\" xmlns=\"http:\/\/www.w3.org\/2000\/svg\">\n<path d=\"M7.92308 6H18M18 6V16.0769M18 6L6 18\" stroke=\"black\" stroke-width=\"2\" stroke-linecap=\"round\" stroke-linejoin=\"round\"\/>\n<\/svg>\n      <\/span>\n    \n    <span class=\"cta-title\">\n      M\u00e9s informaci\u00f3    <\/span>\n\n  <\/a>\n<\/div><\/div>\n\n\n\n<div class=\"wp-block-column is-layout-flow wp-block-column-is-layout-flow\">\n\n<figure \n  class=\"wp-ax-image  wp-animated-image ax-image__y has-square-right  has-blue-squares ax-image__double \" \n  class=\"align wp-block-acf-mnz-animated-image\" \n  >\n  <div class=\"ax-image__item ax-image__bar-wrapper\">\n    <div class=\"ax-image__item-bar ax-image__item-bar-1\"><\/div>\n          <div class=\"ax-image__item-bar ax-image__item-bar-2\"><\/div>\n      <\/div>\n  <figure class=\"ax-image__item ax-image__figure\">\n    <img loading=\"lazy\" decoding=\"async\" width=\"616\" height=\"598\" src=\"https:\/\/bizum.com\/es\/wp-content\/uploads\/2024\/07\/identificador-online-bizum.png\" class=\"attachment-full size-full\" alt=\"\" srcset=\"https:\/\/bizum.com\/es\/wp-content\/uploads\/2024\/07\/identificador-online-bizum.png 616w, https:\/\/bizum.com\/es\/wp-content\/uploads\/2024\/07\/identificador-online-bizum-300x291.png 300w\" sizes=\"auto, (max-width: 616px) 100vw, 616px\" \/>  <\/figure>\n<\/figure><\/div>\n<\/div>\n\n<section class=\"d-flex content-accessibility mt-2 mb-2  wp-accessibility content-accessibility__blue\"\n  class=\"align wp-block-acf-mnz-accessibility\">\n  <div class=\"item item-logo\">\n    <img loading=\"lazy\" decoding=\"async\" width=\"240\" height=\"72\" src=\"https:\/\/bizum.com\/es\/wp-content\/uploads\/2024\/06\/bizum-website-accessibility-logo.png\" class=\"logo\" alt=\"\" \/>  \n    \n  <\/div>\n\n  <div class=\"item item-social\">\n                          <\/div>\n<\/section>\n<section class=\"p-2 has-background-gray-100-background-color br-m mb-2\">\n\n  <div class=\"pb-1\">\n    <h3 class=\"has-text-black-500-color fw-500\">\n      Suscr\u00edbete a nuestra newsletter    <\/h3>\n  <\/div>\n\n  <div id=\"signup-newsletter\" class=\"test content-form has-text-black-500-color d-flex\">\n\n          <div class=\"content-form-newsletter\">\n        <script charset=\"utf-8\" type=\"text\/javascript\" src=\"\/\/js-eu1.hsforms.net\/forms\/embed\/v2.js\"><\/script>\n        <script>\n          hbspt.forms.create({\n            portalId: \"146523971\",\n            formId: \"e82ad9fe-679b-4783-9027-c951e7df98b5\",\n            region: \"eu1\"\n          });\n        <\/script>\n      <\/div>\n    \n      <\/div>\n<\/section>","protected":false},"excerpt":{"rendered":"<p>Identifica&#8217;t amb Bizum a webs i apps, sense contrasenya! Registra&#8217;t i accedeix a p\u00e0gines i plataformes sense contrasenyes, nom\u00e9s amb el teu m\u00f2bil, per\u00f2 amb la m\u00e0xima seguretat i control Per qu\u00e8 identificar-se amb Bizum? L&#8217;identificador digital de Bizum ja \u00e9s aqu\u00ed En vols saber m\u00e9s? T&#8217;ho expliquem en detall<\/p>\n","protected":false},"author":14,"featured_media":0,"parent":0,"menu_order":0,"comment_status":"closed","ping_status":"closed","template":"","meta":{"_acf_changed":false,"footnotes":""},"class_list":["post-28910","page","type-page","status-publish","hentry"],"acf":[],"yoast_head":"<!-- This site is optimized with the Yoast SEO plugin v27.3 - https:\/\/yoast.com\/product\/yoast-seo-wordpress\/ -->\n<title>Identificador digital - Bizum<\/title>\n<meta name=\"robots\" content=\"index, follow, max-snippet:-1, max-image-preview:large, max-video-preview:-1\" \/>\n<link rel=\"canonical\" href=\"https:\/\/bizum.com\/es\/ca\/identificador-digital\/\" \/>\n<meta property=\"og:locale\" content=\"ca_ES\" \/>\n<meta property=\"og:type\" content=\"article\" \/>\n<meta property=\"og:title\" content=\"Identificador digital - Bizum\" \/>\n<meta property=\"og:description\" content=\"Identifica&#8217;t amb Bizum a webs i apps, sense contrasenya! Registra&#8217;t i accedeix a p\u00e0gines i plataformes sense contrasenyes, nom\u00e9s amb el teu m\u00f2bil, per\u00f2 amb la m\u00e0xima seguretat i control Per qu\u00e8 identificar-se amb Bizum? L&#8217;identificador digital de Bizum ja \u00e9s aqu\u00ed En vols saber m\u00e9s? T&#8217;ho expliquem en detall\" \/>\n<meta property=\"og:url\" content=\"https:\/\/bizum.com\/es\/ca\/identificador-digital\/\" \/>\n<meta property=\"og:site_name\" content=\"Bizum\" \/>\n<meta property=\"article:modified_time\" content=\"2025-07-14T14:51:37+00:00\" \/>\n<meta name=\"twitter:card\" content=\"summary_large_image\" \/>\n<meta name=\"twitter:label1\" content=\"Est. reading time\" \/>\n\t<meta name=\"twitter:data1\" content=\"1 minute\" \/>\n<script type=\"application\/ld+json\" class=\"yoast-schema-graph\">{\"@context\":\"https:\\\/\\\/schema.org\",\"@graph\":[{\"@type\":\"WebPage\",\"@id\":\"https:\\\/\\\/bizum.com\\\/es\\\/ca\\\/identificador-digital\\\/\",\"url\":\"https:\\\/\\\/bizum.com\\\/es\\\/ca\\\/identificador-digital\\\/\",\"name\":\"Identificador digital - Bizum\",\"isPartOf\":{\"@id\":\"https:\\\/\\\/bizum.com\\\/es\\\/#website\"},\"datePublished\":\"2024-06-12T16:05:26+00:00\",\"dateModified\":\"2025-07-14T14:51:37+00:00\",\"breadcrumb\":{\"@id\":\"https:\\\/\\\/bizum.com\\\/es\\\/ca\\\/identificador-digital\\\/#breadcrumb\"},\"inLanguage\":\"ca\",\"potentialAction\":[{\"@type\":\"ReadAction\",\"target\":[\"https:\\\/\\\/bizum.com\\\/es\\\/ca\\\/identificador-digital\\\/\"]}]},{\"@type\":\"BreadcrumbList\",\"@id\":\"https:\\\/\\\/bizum.com\\\/es\\\/ca\\\/identificador-digital\\\/#breadcrumb\",\"itemListElement\":[{\"@type\":\"ListItem\",\"position\":1,\"name\":\"Home\",\"item\":\"https:\\\/\\\/bizum.com\\\/es\\\/ca\\\/\"},{\"@type\":\"ListItem\",\"position\":2,\"name\":\"Identificador digital\"}]},{\"@type\":\"WebSite\",\"@id\":\"https:\\\/\\\/bizum.com\\\/es\\\/#website\",\"url\":\"https:\\\/\\\/bizum.com\\\/es\\\/\",\"name\":\"Bizum\",\"description\":\"Con Bizum puedes enviar y recibir dinero entre amigos, pagar en comercios online y donar a la ONG que tu elijas, todo desde tu m\u00f3vil.\",\"potentialAction\":[{\"@type\":\"SearchAction\",\"target\":{\"@type\":\"EntryPoint\",\"urlTemplate\":\"https:\\\/\\\/bizum.com\\\/es\\\/?s={search_term_string}\"},\"query-input\":{\"@type\":\"PropertyValueSpecification\",\"valueRequired\":true,\"valueName\":\"search_term_string\"}}],\"inLanguage\":\"ca\"}]}<\/script>\n<!-- \/ Yoast SEO plugin. -->","yoast_head_json":{"title":"Identificador digital - Bizum","robots":{"index":"index","follow":"follow","max-snippet":"max-snippet:-1","max-image-preview":"max-image-preview:large","max-video-preview":"max-video-preview:-1"},"canonical":"https:\/\/bizum.com\/es\/ca\/identificador-digital\/","og_locale":"ca_ES","og_type":"article","og_title":"Identificador digital - Bizum","og_description":"Identifica&#8217;t amb Bizum a webs i apps, sense contrasenya! Registra&#8217;t i accedeix a p\u00e0gines i plataformes sense contrasenyes, nom\u00e9s amb el teu m\u00f2bil, per\u00f2 amb la m\u00e0xima seguretat i control Per qu\u00e8 identificar-se amb Bizum? L&#8217;identificador digital de Bizum ja \u00e9s aqu\u00ed En vols saber m\u00e9s? T&#8217;ho expliquem en detall","og_url":"https:\/\/bizum.com\/es\/ca\/identificador-digital\/","og_site_name":"Bizum","article_modified_time":"2025-07-14T14:51:37+00:00","twitter_card":"summary_large_image","twitter_misc":{"Est. reading time":"1 minute"},"schema":{"@context":"https:\/\/schema.org","@graph":[{"@type":"WebPage","@id":"https:\/\/bizum.com\/es\/ca\/identificador-digital\/","url":"https:\/\/bizum.com\/es\/ca\/identificador-digital\/","name":"Identificador digital - Bizum","isPartOf":{"@id":"https:\/\/bizum.com\/es\/#website"},"datePublished":"2024-06-12T16:05:26+00:00","dateModified":"2025-07-14T14:51:37+00:00","breadcrumb":{"@id":"https:\/\/bizum.com\/es\/ca\/identificador-digital\/#breadcrumb"},"inLanguage":"ca","potentialAction":[{"@type":"ReadAction","target":["https:\/\/bizum.com\/es\/ca\/identificador-digital\/"]}]},{"@type":"BreadcrumbList","@id":"https:\/\/bizum.com\/es\/ca\/identificador-digital\/#breadcrumb","itemListElement":[{"@type":"ListItem","position":1,"name":"Home","item":"https:\/\/bizum.com\/es\/ca\/"},{"@type":"ListItem","position":2,"name":"Identificador digital"}]},{"@type":"WebSite","@id":"https:\/\/bizum.com\/es\/#website","url":"https:\/\/bizum.com\/es\/","name":"Bizum","description":"Con Bizum puedes enviar y recibir dinero entre amigos, pagar en comercios online y donar a la ONG que tu elijas, todo desde tu m\u00f3vil.","potentialAction":[{"@type":"SearchAction","target":{"@type":"EntryPoint","urlTemplate":"https:\/\/bizum.com\/es\/?s={search_term_string}"},"query-input":{"@type":"PropertyValueSpecification","valueRequired":true,"valueName":"search_term_string"}}],"inLanguage":"ca"}]}},"_links":{"self":[{"href":"https:\/\/bizum.com\/es\/ca\/wp-json\/wp\/v2\/pages\/28910","targetHints":{"allow":["GET"]}}],"collection":[{"href":"https:\/\/bizum.com\/es\/ca\/wp-json\/wp\/v2\/pages"}],"about":[{"href":"https:\/\/bizum.com\/es\/ca\/wp-json\/wp\/v2\/types\/page"}],"author":[{"embeddable":true,"href":"https:\/\/bizum.com\/es\/ca\/wp-json\/wp\/v2\/users\/14"}],"replies":[{"embeddable":true,"href":"https:\/\/bizum.com\/es\/ca\/wp-json\/wp\/v2\/comments?post=28910"}],"version-history":[{"count":3,"href":"https:\/\/bizum.com\/es\/ca\/wp-json\/wp\/v2\/pages\/28910\/revisions"}],"predecessor-version":[{"id":37035,"href":"https:\/\/bizum.com\/es\/ca\/wp-json\/wp\/v2\/pages\/28910\/revisions\/37035"}],"wp:attachment":[{"href":"https:\/\/bizum.com\/es\/ca\/wp-json\/wp\/v2\/media?parent=28910"}],"curies":[{"name":"wp","href":"https:\/\/api.w.org\/{rel}","templated":true}]}}