{"id":28918,"date":"2024-06-14T09:46:43","date_gmt":"2024-06-14T09:46:43","guid":{"rendered":"https:\/\/bizum.com\/es\/integra-lidentificador\/"},"modified":"2025-02-10T03:46:18","modified_gmt":"2025-02-10T03:46:18","slug":"integra-lidentificador","status":"publish","type":"page","link":"https:\/\/bizum.com\/es\/ca\/integra-lidentificador\/","title":{"rendered":"Integra l&#8217;identificador"},"content":{"rendered":"\n<div class=\"wp-block-columns is-layout-flex wp-container-core-columns-is-layout-28f84493 wp-block-columns-is-layout-flex\">\n<div class=\"wp-block-column is-vertically-aligned-center is-layout-flow wp-block-column-is-layout-flow\">\n<h2 class=\"wp-block-heading has-text-black-500-color has-text-color has-link-color has-xl-font-size wp-elements-ce02c71b4cb3d6eab4407940518741a8\">Un identificador digital incrementar\u00e0 la conversi\u00f3<\/h2>\n\n\n\n<p class=\"has-text-gray-500-color has-text-color has-link-color wp-elements-04e0ae670c6fa42d87c6a5284fcfef24\" style=\"margin-top:var(--wp--preset--spacing--2);margin-bottom:var(--wp--preset--spacing--2)\">Poseu-ho f\u00e0cil als vostres clients amb el nostre nou servei, que els permetr\u00e0 registrar-se i entrar a la teva plataforma en q\u00fcesti\u00f3 de segons.<\/p>\n\n\n\n<div class=\"wp-button-wrapper wp-button-wrapper__inline\">\n  <a class=\" wp-button f-xs has-icon icon-arrow-up-right has-icon-after has-button-black-500-background-color\"\n    data-event=\"cta_integrar-bizum\"\n        target=\"\"\n    href=\"https:\/\/bizum.com\/es\/ca\/incrementa-la-conversio-en-linia\/\"\n        class=\"align wp-block-acf-mnz-button has-background has-button-black-500-background-color has-xs-font-size\">\n          <span class=\"cta-icon\">\n        <svg width=\"24\" height=\"24\" viewBox=\"0 0 24 24\" fill=\"none\" xmlns=\"http:\/\/www.w3.org\/2000\/svg\">\n<path d=\"M7.92308 6H18M18 6V16.0769M18 6L6 18\" stroke=\"white\" stroke-width=\"2\" stroke-linecap=\"round\" stroke-linejoin=\"round\"\/>\n<\/svg>\n      <\/span>\n    \n    <span class=\"cta-title\">\n      Integra Bizum    <\/span>\n\n  <\/a>\n<\/div><\/div>\n\n\n\n<div class=\"wp-block-column is-layout-flow wp-block-column-is-layout-flow\">\n\n<figure \n  class=\"wp-ax-image  wp-animated-image ax-image__x has-square-left  has-black-squares ax-image__double \" \n  class=\"align wp-block-acf-mnz-animated-image\" \n  >\n  <div class=\"ax-image__item ax-image__bar-wrapper\">\n    <div class=\"ax-image__item-bar ax-image__item-bar-1\"><\/div>\n          <div class=\"ax-image__item-bar ax-image__item-bar-2\"><\/div>\n      <\/div>\n  <figure class=\"ax-image__item ax-image__figure\">\n    <img loading=\"lazy\" decoding=\"async\" width=\"616\" height=\"598\" src=\"https:\/\/bizum.com\/es\/wp-content\/uploads\/2024\/07\/identificador-digital-y-mejorar-la-conversion.png\" class=\"attachment-full size-full\" alt=\"\" srcset=\"https:\/\/bizum.com\/es\/wp-content\/uploads\/2024\/07\/identificador-digital-y-mejorar-la-conversion.png 616w, https:\/\/bizum.com\/es\/wp-content\/uploads\/2024\/07\/identificador-digital-y-mejorar-la-conversion-300x291.png 300w\" sizes=\"auto, (max-width: 616px) 100vw, 616px\" \/>  <\/figure>\n<\/figure><\/div>\n<\/div>\n\n<div class=\"wp-block-columns has-background-gray-125-background-color has-background is-layout-flex wp-container-core-columns-is-layout-966ac77c wp-block-columns-is-layout-flex\" style=\"border-radius:32px;margin-top:var(--wp--preset--spacing--2);margin-bottom:var(--wp--preset--spacing--2);padding-top:var(--wp--preset--spacing--2);padding-right:var(--wp--preset--spacing--2);padding-bottom:var(--wp--preset--spacing--2);padding-left:var(--wp--preset--spacing--2)\">\n<div class=\"wp-block-column is-layout-flow wp-block-column-is-layout-flow\">\n<h2 class=\"wp-block-heading has-l-font-size\">Bancs amb qu\u00e8 podr\u00e0s integrar Bizum<\/h2>\n\n\n\n<p class=\"has-sm-font-size\" style=\"padding-top:var(--wp--preset--spacing--1);padding-bottom:var(--wp--preset--spacing--2)\">Descobreix si l&#8217;entitat amb qu\u00e8 col\u00b7labores ofereix Bizum. Si no la trobes, posa&#8217;t en contacte amb el teu banc o amb nosaltres per poder ajudar-te. <\/p>\n\n\n\n<div id=\"content-entidades\"\n  data-filter=\"[59]\"\n  data-show-total=\"false\" \n  data-display-search-form=\"false\"\n  class=\"content-entidades\n  \">\n<\/div><\/div>\n<\/div>\n\n<h2 class=\"wp-block-heading has-text-align-center has-text-black-500-color has-text-color has-link-color has-l-font-size wp-elements-6f6ac55edd82e1c8423a6d95cdab8175\" style=\"margin-top:var(--wp--preset--spacing--2);margin-bottom:var(--wp--preset--spacing--2)\">Com ajuda l&#8217;identificador digital de Bizum al meu negoci?<\/h2>\n\n<div class=\"wp-block-columns is-layout-flex wp-container-core-columns-is-layout-f1f39170 wp-block-columns-is-layout-flex\">\n<div class=\"wp-block-column is-layout-flow wp-block-column-is-layout-flow\">\n<div class=\"wp-block-columns has-white-100-color has-background-gray-600-darkmode-background-color has-text-color has-background has-link-color wp-elements-3bbd2630f9097f1c460f693fbcfedea9 is-layout-flex wp-container-core-columns-is-layout-4c7cddcd wp-block-columns-is-layout-flex\" style=\"border-radius:64px;padding-top:var(--wp--preset--spacing--2-5);padding-right:var(--wp--preset--spacing--2-5);padding-bottom:var(--wp--preset--spacing--2-5);padding-left:var(--wp--preset--spacing--2-5)\">\n<div class=\"wp-block-column is-layout-flow wp-block-column-is-layout-flow\">\n<div class=\"wp-chip  wp-chip has-background-white-500-background-color wp-chip__icon wp-chip--icon\" class=\"align wp-block-acf-mnz-chip has-background has-background-white-500-background-color\">\n  <svg width=\"40\" height=\"40\" viewBox=\"0 0 40 40\" fill=\"none\" xmlns=\"http:\/\/www.w3.org\/2000\/svg\">\n<path d=\"M22 3L10.5 23H18V37L29.5 17H22V3Z\" stroke=\"#202020\" stroke-width=\"4\" stroke-linecap=\"round\" stroke-linejoin=\"round\"\/>\n<\/svg>\n\n<\/div>\n\n\n<h2 class=\"wp-block-heading has-text-white-500-color has-text-color has-link-color wp-elements-10c7cf287c56bed6a511c1eb57997c7d\" style=\"margin-top:var(--wp--preset--spacing--1);margin-bottom:var(--wp--preset--spacing--1)\">R\u00e0pid<\/h2>\n\n\n\n<p class=\"has-text-white-500-color has-text-color has-link-color wp-elements-e2c0edf5ae0c2e420f451a1c25739daf\">Un registre i acc\u00e9s r\u00e0pid, associat al n\u00famero de tel\u00e8fon i sense contrasenyes, cosa que evita abandonaments indesitjats<\/p>\n<\/div>\n<\/div>\n<\/div>\n\n\n\n<div class=\"wp-block-column is-layout-flow wp-block-column-is-layout-flow\">\n<div class=\"wp-block-columns h-100 has-white-100-color has-background-gray-600-darkmode-background-color has-text-color has-background has-link-color wp-elements-3559fce2b4e32b25c2eae0764b8e8f30 is-layout-flex wp-container-core-columns-is-layout-4c7cddcd wp-block-columns-is-layout-flex\" style=\"border-radius:64px;padding-top:var(--wp--preset--spacing--2-5);padding-right:var(--wp--preset--spacing--2-5);padding-bottom:var(--wp--preset--spacing--2-5);padding-left:var(--wp--preset--spacing--2-5)\">\n<div class=\"wp-block-column is-layout-flow wp-block-column-is-layout-flow\">\n<div class=\"wp-chip  wp-chip has-background-white-500-background-color wp-chip__icon wp-chip--icon\" class=\"align wp-block-acf-mnz-chip has-background has-background-white-500-background-color\">\n  <svg width=\"40\" height=\"40\" viewBox=\"0 0 40 40\" fill=\"none\" xmlns=\"http:\/\/www.w3.org\/2000\/svg\">\n<rect x=\"7.55554\" y=\"4\" width=\"24.8889\" height=\"32\" rx=\"4\" stroke=\"#202020\" stroke-width=\"4\" stroke-linejoin=\"round\"\/>\n<rect x=\"16.4445\" y=\"27.1113\" width=\"7.11111\" height=\"3.55556\" rx=\"1.77778\" fill=\"#979797\"\/>\n<\/svg>\n\n<\/div>\n\n\n<h2 class=\"wp-block-heading has-text-white-500-color has-text-color has-link-color wp-elements-c4119798d8ed74d38ce236e9d69b6453\" style=\"margin-top:var(--wp--preset--spacing--1);margin-bottom:var(--wp--preset--spacing--1)\">F\u00e0cil<\/h2>\n\n\n\n<p class=\"has-text-white-500-color has-text-color has-link-color wp-elements-eaeb2a77470132fbd7cca8357a2e64e3\">Molt senzill d&#8217;implementar a la teva p\u00e0gina o plataforma i m\u00e9s encara si ja tens integrat el pagament en l\u00ednia amb Bizum<\/p>\n<\/div>\n<\/div>\n<\/div>\n<\/div>\n\n<div class=\"wp-block-columns is-layout-flex wp-container-core-columns-is-layout-b96c612f wp-block-columns-is-layout-flex\" style=\"margin-top:var(--wp--preset--spacing--1);margin-bottom:var(--wp--preset--spacing--1)\">\n<div class=\"wp-block-column is-layout-flow wp-block-column-is-layout-flow\">\n<div class=\"wp-block-columns has-white-100-color has-background-gray-600-darkmode-background-color has-text-color has-background has-link-color wp-elements-8e29c31913c934ddda6143e7c6558eb5 is-layout-flex wp-container-core-columns-is-layout-4c7cddcd wp-block-columns-is-layout-flex\" style=\"border-radius:64px;padding-top:var(--wp--preset--spacing--2-5);padding-right:var(--wp--preset--spacing--2-5);padding-bottom:var(--wp--preset--spacing--2-5);padding-left:var(--wp--preset--spacing--2-5)\">\n<div class=\"wp-block-column is-layout-flow wp-block-column-is-layout-flow\">\n<div class=\"wp-chip  wp-chip has-background-white-500-background-color wp-chip__icon wp-chip--icon\" class=\"align wp-block-acf-mnz-chip has-background has-background-white-500-background-color\">\n  <svg width=\"40\" height=\"40\" viewBox=\"0 0 40 40\" fill=\"none\" xmlns=\"http:\/\/www.w3.org\/2000\/svg\">\n<path fill-rule=\"evenodd\" clip-rule=\"evenodd\" d=\"M20.5 6C15.8056 6 12 9.80558 12 14.5H8C8 7.59644 13.5964 2 20.5 2C25.9457 2 30.5732 5.48124 32.2882 10.3335H28.1963C27.0284 7.02943 24.1978 6 20.5 6Z\" fill=\"#979797\"\/>\n<path fill-rule=\"evenodd\" clip-rule=\"evenodd\" d=\"M8 13H6V15V24C6 32.1305 12.1203 39 20 39C27.8797 39 34 32.1305 34 24V15V13H32H8ZM10 24C10 30.2289 14.6249 35 20 35C25.3751 35 30 30.2289 30 24V17H10V24Z\" fill=\"#202020\"\/>\n<circle cx=\"20\" cy=\"26\" r=\"2\" fill=\"#979797\"\/>\n<\/svg>\n\n<\/div>\n\n\n<h2 class=\"wp-block-heading has-text-white-500-color has-text-color has-link-color wp-elements-394e77fedd454b7f75a2325285de239c\" style=\"margin-top:var(--wp--preset--spacing--1);margin-bottom:var(--wp--preset--spacing--1)\">Segur<\/h2>\n\n\n\n<p class=\"has-text-white-500-color has-text-color has-link-color wp-elements-acac3cda7c1a6a73924e220ebdf90fce\">Amb dades reals, validades per les entitats banc\u00e0ries. <\/p>\n<\/div>\n<\/div>\n<\/div>\n\n\n\n<div class=\"wp-block-column is-layout-flow wp-block-column-is-layout-flow\">\n<div class=\"wp-block-columns h-100 has-white-100-color has-background-gray-600-darkmode-background-color has-text-color has-background has-link-color wp-elements-60d121e28768ab1e0c5af78ff8771677 is-layout-flex wp-container-core-columns-is-layout-4c7cddcd wp-block-columns-is-layout-flex\" style=\"border-radius:64px;padding-top:var(--wp--preset--spacing--2-5);padding-right:var(--wp--preset--spacing--2-5);padding-bottom:var(--wp--preset--spacing--2-5);padding-left:var(--wp--preset--spacing--2-5)\">\n<div class=\"wp-block-column is-layout-flow wp-block-column-is-layout-flow\">\n<div class=\"wp-chip  wp-chip has-background-white-500-background-color wp-chip__icon wp-chip--icon\" class=\"align wp-block-acf-mnz-chip has-background has-background-white-500-background-color\">\n  <svg width=\"40\" height=\"41\" viewBox=\"0 0 40 41\" fill=\"none\" xmlns=\"http:\/\/www.w3.org\/2000\/svg\">\n<path d=\"M22.9281 29H17.0719C15.2795 29 13.7597 27.792 13.577 26.0089C13.1923 22.2555 13 16.6697 13 14.8309C13 10.9397 14.9886 7.21732 17.2644 4.20814C18.6474 2.37959 21.3526 2.37959 22.7356 4.20814C25.0114 7.21732 27 10.9397 27 14.8309C27 16.6697 26.8077 22.2555 26.423 26.0089C26.2403 27.792 24.7205 29 22.9281 29Z\" stroke=\"#202020\" stroke-width=\"4\" stroke-linejoin=\"round\"\/>\n<path d=\"M27 19.7749C27 18.4097 28.3374 17.4458 29.6325 17.8775L34.6325 19.5442C35.4491 19.8164 36 20.5807 36 21.4415V25.2251C36 26.5903 34.6626 27.5542 33.3675 27.1225L28.3675 25.4558C27.5509 25.1836 27 24.4193 27 23.5585V19.7749Z\" stroke=\"#202020\" stroke-width=\"3\" stroke-linejoin=\"round\"\/>\n<path d=\"M13 19.7749C13 18.4097 11.6626 17.4458 10.3675 17.8775L5.36754 19.5442C4.55086 19.8164 4 20.5807 4 21.4415V25.2251C4 26.5903 5.33739 27.5542 6.63246 27.1225L11.6325 25.4558C12.4491 25.1836 13 24.4193 13 23.5585V19.7749Z\" stroke=\"#202020\" stroke-width=\"3\" stroke-linejoin=\"round\"\/>\n<line x1=\"19.5\" y1=\"34.5\" x2=\"19.5\" y2=\"39.5\" stroke=\"#979797\" stroke-width=\"3\" stroke-linecap=\"round\" stroke-linejoin=\"round\"\/>\n<line x1=\"25.5\" y1=\"34.5\" x2=\"25.5\" y2=\"37.5\" stroke=\"#979797\" stroke-width=\"3\" stroke-linecap=\"round\" stroke-linejoin=\"round\"\/>\n<line x1=\"13.5\" y1=\"34.5\" x2=\"13.5\" y2=\"37.5\" stroke=\"#979797\" stroke-width=\"3\" stroke-linecap=\"round\" stroke-linejoin=\"round\"\/>\n<\/svg>\n\n<\/div>\n\n\n<h2 class=\"wp-block-heading has-text-white-500-color has-text-color has-link-color wp-elements-05a27465d6b6fd4f32a384cb80c709f3\" style=\"margin-top:var(--wp--preset--spacing--1);margin-bottom:var(--wp--preset--spacing--1)\">Conversi\u00f3<\/h2>\n\n\n\n<p class=\"has-text-white-500-color has-text-color has-link-color wp-elements-d36e0ab08c9192c6ee27f6ffdd6fba14\">\u200bSimplificaci\u00f3 dels passos d&#8217;acc\u00e9s, la qual cosa es tradueix en un augment de conversi\u00f3<\/p>\n<\/div>\n<\/div>\n<\/div>\n<\/div>\n\n<div class=\"wp-block-columns is-layout-flex wp-container-core-columns-is-layout-8f7ecfa5 wp-block-columns-is-layout-flex\" style=\"margin-top:var(--wp--preset--spacing--3);margin-bottom:var(--wp--preset--spacing--3)\">\n<div class=\"wp-block-column is-layout-flow wp-block-column-is-layout-flow\">\n\n<figure \n  class=\"wp-ax-image  wp-animated-image ax-image__y has-square-right is-round has-black-squares ax-image__double \" \n  class=\"align wp-block-acf-mnz-animated-image\" \n  >\n  <div class=\"ax-image__item ax-image__bar-wrapper\">\n    <div class=\"ax-image__item-bar ax-image__item-bar-1\"><\/div>\n          <div class=\"ax-image__item-bar ax-image__item-bar-2\"><\/div>\n      <\/div>\n  <figure class=\"ax-image__item ax-image__figure\">\n    <img loading=\"lazy\" decoding=\"async\" width=\"616\" height=\"598\" src=\"https:\/\/bizum.com\/es\/wp-content\/uploads\/2024\/07\/identificador-digital-para-tu-comercio.png\" class=\"attachment-full size-full\" alt=\"\" srcset=\"https:\/\/bizum.com\/es\/wp-content\/uploads\/2024\/07\/identificador-digital-para-tu-comercio.png 616w, https:\/\/bizum.com\/es\/wp-content\/uploads\/2024\/07\/identificador-digital-para-tu-comercio-300x291.png 300w\" sizes=\"auto, (max-width: 616px) 100vw, 616px\" \/>  <\/figure>\n<\/figure><\/div>\n\n\n\n<div class=\"wp-block-column is-vertically-aligned-stretch is-layout-flow wp-block-column-is-layout-flow\">\n<div class=\"wp-block-columns h-100 has-background-gray-125-background-color has-background is-layout-flex wp-container-core-columns-is-layout-28f84493 wp-block-columns-is-layout-flex\" style=\"border-radius:32px\">\n<div class=\"wp-block-column is-vertically-aligned-center is-layout-flow wp-block-column-is-layout-flow\">\n<h2 class=\"wp-block-heading has-text-black-500-color has-text-color has-link-color has-l-font-size wp-elements-d4921d7eb53ac8a27f30805c08a0488a\">Vols que el teu comer\u00e7 en l\u00ednia guanyi en agilitat i en seguretat?<\/h2>\n\n\n\n<p class=\"has-text-gray-500-color has-text-color has-link-color wp-elements-3e0450b38d21cea6387b71a5c07ce63f\" style=\"margin-top:var(--wp--preset--spacing--2);margin-bottom:var(--wp--preset--spacing--2)\">Comprar al teu comer\u00e7 en l\u00ednia ser\u00e0 molt m\u00e9s r\u00e0pid, c\u00f2mode i segur. Un nou servei de registre i identificaci\u00f3 de Bizum que simplifica l&#8217;acc\u00e9s i compra en menys passos. <\/p>\n\n\n\n<div class=\"wp-button-wrapper wp-elements-424b8cb8297ed60e38fa7a1c73e94d7f\">\n  <a class=\" wp-button-link has-border-bottom has-icon is-underlined has-icon-after icon-arrow-up-right has-button-link-black-500-color wp-elements-424b8cb8297ed60e38fa7a1c73e94d7f\"\n    data-event=\"cta_integrar-bizum\"\n        target=\"_blank\"\n    href=\"https:\/\/bizum.com\/es\/ca\/incrementa-la-conversio-en-linia\/\"\n        class=\"align wp-elements-424b8cb8297ed60e38fa7a1c73e94d7f wp-block-acf-mnz-button-link has-text-color has-button-link-black-500-color\">\n          <span class=\"cta-icon\">\n        <svg width=\"24\" height=\"24\" viewBox=\"0 0 24 24\" fill=\"none\" xmlns=\"http:\/\/www.w3.org\/2000\/svg\">\n<path d=\"M7.92308 6H18M18 6V16.0769M18 6L6 18\" stroke=\"black\" stroke-width=\"2\" stroke-linecap=\"round\" stroke-linejoin=\"round\"\/>\n<\/svg>\n      <\/span>\n    \n    <span class=\"cta-title\">\n      Integra Bizum    <\/span>\n\n  <\/a>\n<\/div><\/div>\n<\/div>\n<\/div>\n<\/div>\n\n<section class=\"d-flex content-accessibility mt-2 mb-2  wp-accessibility content-accessibility__black-and-white\"\n  class=\"align wp-block-acf-mnz-accessibility\">\n  <div class=\"item item-logo\">\n    <img loading=\"lazy\" decoding=\"async\" width=\"240\" height=\"72\" src=\"https:\/\/bizum.com\/es\/wp-content\/uploads\/2024\/07\/Bizum_Black.png\" class=\"logo\" alt=\"\" \/>  \n    \n  <\/div>\n\n  <div class=\"item item-social\">\n                          <\/div>\n<\/section>\n<section class=\"p-2 has-background-gray-100-background-color br-m mb-2\">\n\n  <div class=\"pb-1\">\n    <h3 class=\"has-text-black-500-color fw-500\">\n      Subscriu-te a la nostra newsletter    <\/h3>\n  <\/div>\n\n  <div id=\"signup-newsletter\" class=\"test content-form has-text-black-500-color d-flex\">\n\n          <div class=\"content-form-newsletter\">\n        <script charset=\"utf-8\" type=\"text\/javascript\" src=\"\/\/js-eu1.hsforms.net\/forms\/embed\/v2.js\"><\/script>\n        <script>\n          hbspt.forms.create({\n            portalId: \"146523971\",\n            formId: \"e82ad9fe-679b-4783-9027-c951e7df98b5\",\n            region: \"eu1\"\n          });\n        <\/script>\n      <\/div>\n    \n      <\/div>\n<\/section>","protected":false},"excerpt":{"rendered":"<p>Un identificador digital incrementar\u00e0 la conversi\u00f3 Poseu-ho f\u00e0cil als vostres clients amb el nostre nou servei, que els permetr\u00e0 registrar-se i entrar a la teva plataforma en q\u00fcesti\u00f3 de segons. Bancs amb qu\u00e8 podr\u00e0s integrar Bizum Descobreix si l&#8217;entitat amb qu\u00e8 col\u00b7labores ofereix Bizum. Si no la trobes, posa&#8217;t en contacte amb el teu banc [&hellip;]<\/p>\n","protected":false},"author":14,"featured_media":0,"parent":0,"menu_order":0,"comment_status":"closed","ping_status":"closed","template":"","meta":{"_acf_changed":false,"footnotes":""},"class_list":["post-28918","page","type-page","status-publish","hentry"],"acf":[],"yoast_head":"<!-- This site is optimized with the Yoast SEO plugin v27.5 - https:\/\/yoast.com\/product\/yoast-seo-wordpress\/ -->\n<title>Integra l&#039;identificador - Bizum<\/title>\n<meta name=\"robots\" content=\"index, follow, max-snippet:-1, max-image-preview:large, max-video-preview:-1\" \/>\n<link rel=\"canonical\" href=\"https:\/\/bizum.com\/es\/ca\/integra-lidentificador\/\" \/>\n<meta property=\"og:locale\" content=\"ca_ES\" \/>\n<meta property=\"og:type\" content=\"article\" \/>\n<meta property=\"og:title\" content=\"Integra l&#039;identificador - Bizum\" \/>\n<meta property=\"og:description\" content=\"Un identificador digital incrementar\u00e0 la conversi\u00f3 Poseu-ho f\u00e0cil als vostres clients amb el nostre nou servei, que els permetr\u00e0 registrar-se i entrar a la teva plataforma en q\u00fcesti\u00f3 de segons. Bancs amb qu\u00e8 podr\u00e0s integrar Bizum Descobreix si l&#8217;entitat amb qu\u00e8 col\u00b7labores ofereix Bizum. Si no la trobes, posa&#8217;t en contacte amb el teu banc [&hellip;]\" \/>\n<meta property=\"og:url\" content=\"https:\/\/bizum.com\/es\/ca\/integra-lidentificador\/\" \/>\n<meta property=\"og:site_name\" content=\"Bizum\" \/>\n<meta property=\"article:modified_time\" content=\"2025-02-10T03:46:18+00:00\" \/>\n<meta name=\"twitter:card\" content=\"summary_large_image\" \/>\n<meta name=\"twitter:label1\" content=\"Est. reading time\" \/>\n\t<meta name=\"twitter:data1\" content=\"1 minute\" \/>\n<script type=\"application\/ld+json\" class=\"yoast-schema-graph\">{\"@context\":\"https:\\\/\\\/schema.org\",\"@graph\":[{\"@type\":\"WebPage\",\"@id\":\"https:\\\/\\\/bizum.com\\\/es\\\/ca\\\/integra-lidentificador\\\/\",\"url\":\"https:\\\/\\\/bizum.com\\\/es\\\/ca\\\/integra-lidentificador\\\/\",\"name\":\"Integra l'identificador - Bizum\",\"isPartOf\":{\"@id\":\"https:\\\/\\\/bizum.com\\\/es\\\/#website\"},\"datePublished\":\"2024-06-14T09:46:43+00:00\",\"dateModified\":\"2025-02-10T03:46:18+00:00\",\"breadcrumb\":{\"@id\":\"https:\\\/\\\/bizum.com\\\/es\\\/ca\\\/integra-lidentificador\\\/#breadcrumb\"},\"inLanguage\":\"ca\",\"potentialAction\":[{\"@type\":\"ReadAction\",\"target\":[\"https:\\\/\\\/bizum.com\\\/es\\\/ca\\\/integra-lidentificador\\\/\"]}]},{\"@type\":\"BreadcrumbList\",\"@id\":\"https:\\\/\\\/bizum.com\\\/es\\\/ca\\\/integra-lidentificador\\\/#breadcrumb\",\"itemListElement\":[{\"@type\":\"ListItem\",\"position\":1,\"name\":\"Home\",\"item\":\"https:\\\/\\\/bizum.com\\\/es\\\/ca\\\/\"},{\"@type\":\"ListItem\",\"position\":2,\"name\":\"Integra l&#8217;identificador\"}]},{\"@type\":\"WebSite\",\"@id\":\"https:\\\/\\\/bizum.com\\\/es\\\/#website\",\"url\":\"https:\\\/\\\/bizum.com\\\/es\\\/\",\"name\":\"Bizum\",\"description\":\"Con Bizum puedes enviar y recibir dinero entre amigos, pagar en comercios online y donar a la ONG que tu elijas, todo desde tu m\u00f3vil.\",\"potentialAction\":[{\"@type\":\"SearchAction\",\"target\":{\"@type\":\"EntryPoint\",\"urlTemplate\":\"https:\\\/\\\/bizum.com\\\/es\\\/?s={search_term_string}\"},\"query-input\":{\"@type\":\"PropertyValueSpecification\",\"valueRequired\":true,\"valueName\":\"search_term_string\"}}],\"inLanguage\":\"ca\"}]}<\/script>\n<!-- \/ Yoast SEO plugin. -->","yoast_head_json":{"title":"Integra l'identificador - Bizum","robots":{"index":"index","follow":"follow","max-snippet":"max-snippet:-1","max-image-preview":"max-image-preview:large","max-video-preview":"max-video-preview:-1"},"canonical":"https:\/\/bizum.com\/es\/ca\/integra-lidentificador\/","og_locale":"ca_ES","og_type":"article","og_title":"Integra l'identificador - Bizum","og_description":"Un identificador digital incrementar\u00e0 la conversi\u00f3 Poseu-ho f\u00e0cil als vostres clients amb el nostre nou servei, que els permetr\u00e0 registrar-se i entrar a la teva plataforma en q\u00fcesti\u00f3 de segons. Bancs amb qu\u00e8 podr\u00e0s integrar Bizum Descobreix si l&#8217;entitat amb qu\u00e8 col\u00b7labores ofereix Bizum. Si no la trobes, posa&#8217;t en contacte amb el teu banc [&hellip;]","og_url":"https:\/\/bizum.com\/es\/ca\/integra-lidentificador\/","og_site_name":"Bizum","article_modified_time":"2025-02-10T03:46:18+00:00","twitter_card":"summary_large_image","twitter_misc":{"Est. reading time":"1 minute"},"schema":{"@context":"https:\/\/schema.org","@graph":[{"@type":"WebPage","@id":"https:\/\/bizum.com\/es\/ca\/integra-lidentificador\/","url":"https:\/\/bizum.com\/es\/ca\/integra-lidentificador\/","name":"Integra l'identificador - Bizum","isPartOf":{"@id":"https:\/\/bizum.com\/es\/#website"},"datePublished":"2024-06-14T09:46:43+00:00","dateModified":"2025-02-10T03:46:18+00:00","breadcrumb":{"@id":"https:\/\/bizum.com\/es\/ca\/integra-lidentificador\/#breadcrumb"},"inLanguage":"ca","potentialAction":[{"@type":"ReadAction","target":["https:\/\/bizum.com\/es\/ca\/integra-lidentificador\/"]}]},{"@type":"BreadcrumbList","@id":"https:\/\/bizum.com\/es\/ca\/integra-lidentificador\/#breadcrumb","itemListElement":[{"@type":"ListItem","position":1,"name":"Home","item":"https:\/\/bizum.com\/es\/ca\/"},{"@type":"ListItem","position":2,"name":"Integra l&#8217;identificador"}]},{"@type":"WebSite","@id":"https:\/\/bizum.com\/es\/#website","url":"https:\/\/bizum.com\/es\/","name":"Bizum","description":"Con Bizum puedes enviar y recibir dinero entre amigos, pagar en comercios online y donar a la ONG que tu elijas, todo desde tu m\u00f3vil.","potentialAction":[{"@type":"SearchAction","target":{"@type":"EntryPoint","urlTemplate":"https:\/\/bizum.com\/es\/?s={search_term_string}"},"query-input":{"@type":"PropertyValueSpecification","valueRequired":true,"valueName":"search_term_string"}}],"inLanguage":"ca"}]}},"_links":{"self":[{"href":"https:\/\/bizum.com\/es\/ca\/wp-json\/wp\/v2\/pages\/28918","targetHints":{"allow":["GET"]}}],"collection":[{"href":"https:\/\/bizum.com\/es\/ca\/wp-json\/wp\/v2\/pages"}],"about":[{"href":"https:\/\/bizum.com\/es\/ca\/wp-json\/wp\/v2\/types\/page"}],"author":[{"embeddable":true,"href":"https:\/\/bizum.com\/es\/ca\/wp-json\/wp\/v2\/users\/14"}],"replies":[{"embeddable":true,"href":"https:\/\/bizum.com\/es\/ca\/wp-json\/wp\/v2\/comments?post=28918"}],"version-history":[{"count":6,"href":"https:\/\/bizum.com\/es\/ca\/wp-json\/wp\/v2\/pages\/28918\/revisions"}],"predecessor-version":[{"id":36034,"href":"https:\/\/bizum.com\/es\/ca\/wp-json\/wp\/v2\/pages\/28918\/revisions\/36034"}],"wp:attachment":[{"href":"https:\/\/bizum.com\/es\/ca\/wp-json\/wp\/v2\/media?parent=28918"}],"curies":[{"name":"wp","href":"https:\/\/api.w.org\/{rel}","templated":true}]}}