{"id":31972,"date":"2024-07-05T06:21:50","date_gmt":"2024-07-05T06:21:50","guid":{"rendered":"https:\/\/bizum.com\/es\/sostenibilitat-2\/"},"modified":"2025-01-16T13:26:19","modified_gmt":"2025-01-16T13:26:19","slug":"sostenibilitat-2","status":"publish","type":"page","link":"https:\/\/bizum.com\/es\/ca\/sostenibilitat-2\/","title":{"rendered":"Sostenibilitat"},"content":{"rendered":"\n<div class=\"wp-block-columns is-layout-flex wp-container-core-columns-is-layout-28f84493 wp-block-columns-is-layout-flex\">\n<div class=\"wp-block-column is-vertically-aligned-center is-layout-flow wp-block-column-is-layout-flow\">\n<h1 class=\"wp-block-heading has-text-black-500-color has-text-color has-link-color has-2-xl-font-size wp-elements-2896032f54c714b139b6fabbc8880cd3\">La nostra missi\u00f3 en sostenibilitat<\/h1>\n\n\n\n<p class=\"has-text-gray-500-color has-text-color has-link-color has-sm-font-size wp-elements-28ab601bceced2fcb01af1d02d5bc63d\" style=\"padding-top:var(--wp--preset--spacing--2);padding-bottom:var(--wp--preset--spacing--2)\">Accionem petits canvis que generen un impacte rellevant a la vida quotidiana de les persones i del seu entorn.<\/p>\n\n\n\n<div class=\"wp-button-wrapper \">\n  <a class=\" wp-button f-xs is-outlined has-icon icon-arrow-download has-icon-after has-button-black-500-background-color\"\n    data-event=\"null\"\n        target=\"_blank\"\n    href=\"https:\/\/bizum.com\/wp-content\/uploads\/2024\/06\/Bizum-Informe_de_actividad_y_sostenibilidad-2023_DEF.pdf\"\n        class=\"align wp-block-acf-mnz-button has-background has-button-black-500-background-color has-xs-font-size\">\n          <span class=\"cta-icon\">\n        <svg width=\"16\" height=\"16\" viewBox=\"0 0 16 16\" fill=\"none\" xmlns=\"http:\/\/www.w3.org\/2000\/svg\">\n<path d=\"M8 1V11M8 11L12 6.83333M8 11L4 6.83333\" stroke=\"#202020\" stroke-width=\"2\" stroke-linecap=\"round\" stroke-linejoin=\"round\"\/>\n<path d=\"M2 11V15H14V11\" stroke=\"#202020\" stroke-width=\"2\" stroke-linecap=\"round\" stroke-linejoin=\"round\"\/>\n<\/svg>\n      <\/span>\n    \n    <span class=\"cta-title\">\n      Informe d&#8217;activitat i sotenibilitat    <\/span>\n\n  <\/a>\n<\/div><\/div>\n\n\n\n<div class=\"wp-block-column is-layout-flow wp-block-column-is-layout-flow\">\n\n<figure \n  class=\"wp-ax-image  wp-animated-image ax-image__y has-square-right is-round has-blue-squares ax-image__double \" \n  class=\"align wp-block-acf-mnz-animated-image\" \n  >\n  <div class=\"ax-image__item ax-image__bar-wrapper\">\n    <div class=\"ax-image__item-bar ax-image__item-bar-1\"><\/div>\n          <div class=\"ax-image__item-bar ax-image__item-bar-2\"><\/div>\n      <\/div>\n  <figure class=\"ax-image__item ax-image__figure\">\n    <img loading=\"lazy\" decoding=\"async\" width=\"616\" height=\"598\" src=\"https:\/\/bizum.com\/es\/wp-content\/uploads\/2024\/07\/sostenibilidad.png\" class=\"attachment-full size-full\" alt=\"\" srcset=\"https:\/\/bizum.com\/es\/wp-content\/uploads\/2024\/07\/sostenibilidad.png 616w, https:\/\/bizum.com\/es\/wp-content\/uploads\/2024\/07\/sostenibilidad-300x291.png 300w\" sizes=\"auto, (max-width: 616px) 100vw, 616px\" \/>  <\/figure>\n<\/figure><\/div>\n<\/div>\n\n<div class=\"wp-block-columns is-layout-flex wp-container-core-columns-is-layout-4b0b092f wp-block-columns-is-layout-flex\" style=\"margin-top:var(--wp--preset--spacing--2);margin-bottom:var(--wp--preset--spacing--2)\">\n<div class=\"wp-block-column is-layout-flow wp-block-column-is-layout-flow\" style=\"flex-basis:33.33%\">\n<figure class=\"wp-block-image size-full\"><img loading=\"lazy\" decoding=\"async\" width=\"388\" height=\"555\" src=\"https:\/\/bizum.com\/wp-content\/uploads\/2024\/07\/cuidado-del-medioambiente.png\" alt=\"\" class=\"wp-image-26813\" srcset=\"https:\/\/bizum.com\/es\/wp-content\/uploads\/2024\/07\/cuidado-del-medioambiente.png 388w, https:\/\/bizum.com\/es\/wp-content\/uploads\/2024\/07\/cuidado-del-medioambiente-210x300.png 210w\" sizes=\"auto, (max-width: 388px) 100vw, 388px\" \/><\/figure>\n<\/div>\n\n\n\n<div class=\"wp-block-column is-vertically-aligned-center is-layout-flow wp-block-column-is-layout-flow\" style=\"flex-basis:66.66%\">\n<h2 class=\"wp-block-heading has-xl-font-size\" style=\"margin-top:var(--wp--preset--spacing--1);margin-bottom:var(--wp--preset--spacing--1)\">Aliances per cuidar el planeta  <\/h2>\n\n\n\n<p>Participem i col\u00b7laborem en iniciatives que promouen el respecte i la conservaci\u00f3 del medi ambient.<\/p>\n<\/div>\n<\/div>\n\n<div class=\"wp-block-columns is-layout-flex wp-container-core-columns-is-layout-2ae7d978 wp-block-columns-is-layout-flex\" style=\"margin-top:var(--wp--preset--spacing--2);margin-bottom:var(--wp--preset--spacing--2)\">\n<div class=\"wp-block-column is-vertically-aligned-center is-layout-flow wp-block-column-is-layout-flow\">\n<h2 class=\"wp-block-heading has-xl-font-size\" style=\"margin-top:var(--wp--preset--spacing--1);margin-bottom:var(--wp--preset--spacing--1)\">Impuls al coneixement digital<\/h2>\n\n\n\n<p>Una veritable aposta per assolir un impacte social positiu i sostenible de la digitalitzaci\u00f3.<\/p>\n<\/div>\n\n\n\n<div class=\"wp-block-column is-layout-flow wp-block-column-is-layout-flow\">\n<div class=\"wp-block-columns has-background-blue-600-background-color has-background is-layout-flex wp-container-core-columns-is-layout-28f84493 wp-block-columns-is-layout-flex\" style=\"border-radius:32px\">\n<div class=\"wp-block-column is-layout-flow wp-block-column-is-layout-flow\">\n<h2 class=\"wp-block-heading has-text-white-500-color has-text-color has-link-color has-ml-font-size wp-elements-75ef985e962d7210cd5d1c59bf74caad\" style=\"margin-bottom:var(--wp--preset--spacing--1)\">Com?<\/h2>\n\n\n\n<ul\n  class=\" wp-custom-list is-checklist has-text-white-500-color wp-elements-2ddd07d03a9695123ddd21628f3cd8b3\"\n  class=\"align wp-elements-2ddd07d03a9695123ddd21628f3cd8b3 wp-block-acf-mnz-custom-list has-text-color has-text-white-500-color\">\n      <li>A trav\u00e9s del desenvolupament de serveis accessibles i universals<\/li>\n      <li>En col\u00b7laboraci\u00f3 amb institucions, associacions i altres entitats del sector<\/li>\n  \n<\/ul><\/div>\n<\/div>\n<\/div>\n<\/div>\n\n<div class=\"wp-block-columns is-layout-flex wp-container-core-columns-is-layout-91ca3140 wp-block-columns-is-layout-flex\" style=\"margin-top:var(--wp--preset--spacing--2);margin-bottom:var(--wp--preset--spacing--2)\">\n<div class=\"wp-block-column is-layout-flow wp-block-column-is-layout-flow\" style=\"flex-basis:33.33%\">\n<figure class=\"wp-block-image size-full\"><img loading=\"lazy\" decoding=\"async\" width=\"388\" height=\"555\" src=\"https:\/\/bizum.com\/wp-content\/uploads\/2024\/07\/gobernanza.png\" alt=\"\" class=\"wp-image-26819\" srcset=\"https:\/\/bizum.com\/es\/wp-content\/uploads\/2024\/07\/gobernanza.png 388w, https:\/\/bizum.com\/es\/wp-content\/uploads\/2024\/07\/gobernanza-210x300.png 210w\" sizes=\"auto, (max-width: 388px) 100vw, 388px\" \/><\/figure>\n<\/div>\n\n\n\n<div class=\"wp-block-column is-vertically-aligned-center is-layout-flow wp-block-column-is-layout-flow\" style=\"flex-basis:66.66%\">\n<h2 class=\"wp-block-heading has-xl-font-size\" style=\"margin-top:var(--wp--preset--spacing--1);margin-bottom:var(--wp--preset--spacing--1)\">Governan\u00e7a<\/h2>\n\n\n\n<p>Bizum, com a projecte col\u00b7laboratiu, potencia i enriqueix un sistema de relacions basat en una gesti\u00f3 transparent i \u00e8tica.<\/p>\n<\/div>\n<\/div>\n\n<div class=\"wp-block-columns has-background-gray-100-background-color has-background is-layout-flex wp-container-core-columns-is-layout-7446540f wp-block-columns-is-layout-flex\" style=\"border-radius:32px;margin-top:var(--wp--preset--spacing--3);margin-bottom:var(--wp--preset--spacing--3)\">\n<div class=\"wp-block-column is-layout-flow wp-block-column-is-layout-flow\" style=\"flex-basis:40%\">\n<h2 class=\"wp-block-heading has-l-font-size\">Objectius de Desenvolupament Sostenible<br\/> de les Nacions Unides<\/h2>\n\n\n\n<p style=\"margin-top:var(--wp--preset--spacing--1-5);margin-bottom:var(--wp--preset--spacing--1-5)\">Bizum utilitza els ODS com a marc de refer\u00e8ncia per a les accions establertes al Pla Director de Sostenibilitat, que regula les accions de pol\u00edtica interna i externa en mat\u00e8ria d&#8217;impacte social i mediambiental positiu.<\/p>\n<\/div>\n\n\n\n<div class=\"wp-block-column is-vertically-aligned-bottom is-layout-flow wp-block-column-is-layout-flow\" style=\"flex-basis:66.66%\">\n<figure class=\"wp-block-image size-full\"><img loading=\"lazy\" decoding=\"async\" width=\"1296\" height=\"632\" src=\"https:\/\/bizum.com\/wp-content\/uploads\/2024\/07\/Frame-866-1.png\" alt=\"\" class=\"wp-image-26798\" srcset=\"https:\/\/bizum.com\/es\/wp-content\/uploads\/2024\/07\/Frame-866-1.png 1296w, https:\/\/bizum.com\/es\/wp-content\/uploads\/2024\/07\/Frame-866-1-300x146.png 300w, https:\/\/bizum.com\/es\/wp-content\/uploads\/2024\/07\/Frame-866-1-1024x499.png 1024w, https:\/\/bizum.com\/es\/wp-content\/uploads\/2024\/07\/Frame-866-1-768x375.png 768w\" sizes=\"auto, (max-width: 1296px) 100vw, 1296px\" \/><\/figure>\n<\/div>\n<\/div>\n\n<h2 class=\"wp-block-heading has-l-font-size\">Articles relacionats<\/h2>\n\n<div class=\"wp-button-wrapper \">\n  <a class=\" wp-button-link has-border-bottom has-icon is-underlined has-icon-after icon-arrow-up-right\"\n    data-event=\"null\"\n        target=\"\"\n    href=\"https:\/\/bizum.com\/es\/ca\/blog\/\"\n        style=\"margin-bottom:var(--wp--preset--spacing--2);\" class=\"align wp-block-acf-mnz-button-link\">\n          <span class=\"cta-icon\">\n        <svg width=\"24\" height=\"24\" viewBox=\"0 0 24 24\" fill=\"none\" xmlns=\"http:\/\/www.w3.org\/2000\/svg\">\n<path d=\"M7.92308 6H18M18 6V16.0769M18 6L6 18\" stroke=\"black\" stroke-width=\"2\" stroke-linecap=\"round\" stroke-linejoin=\"round\"\/>\n<\/svg>\n      <\/span>\n    \n    <span class=\"cta-title\">\n      Veure tots    <\/span>\n\n  <\/a>\n<\/div>\n<section>\n  \n  <div class=\"related-posts grid-3 gap-2 pb-3\">\n    \n<figure>\n\n  <a href=\"https:\/\/bizum.com\/es\/ca\/blog\/fes-les-donacions-per-bizum-es-molt-senzill\/\">\n    <img loading=\"lazy\" decoding=\"async\" width=\"724\" height=\"483\" src=\"https:\/\/bizum.com\/es\/wp-content\/uploads\/2024\/04\/19.-Haz-tus-donaciones-por-Bizum_Previa.jpg\" class=\"block-full br-m wp-post-image\" alt=\"Donacions bizum\" srcset=\"https:\/\/bizum.com\/es\/wp-content\/uploads\/2024\/04\/19.-Haz-tus-donaciones-por-Bizum_Previa.jpg 724w, https:\/\/bizum.com\/es\/wp-content\/uploads\/2024\/04\/19.-Haz-tus-donaciones-por-Bizum_Previa-300x200.jpg 300w, https:\/\/bizum.com\/es\/wp-content\/uploads\/2024\/04\/19.-Haz-tus-donaciones-por-Bizum_Previa-600x400.jpg 600w\" sizes=\"auto, (max-width: 724px) 100vw, 724px\" \/>  <\/a>\n\n  \n  <figcaption class=\"pt-2\">\n    <h3 class=\"fw-700 has-text-black-500-color pb-1\">\n      <a href=\"https:\/\/bizum.com\/es\/ca\/blog\/fes-les-donacions-per-bizum-es-molt-senzill\/\">\n        Fes les teves donacions per Bizum, \u00e9s molt senzill      <\/a>\n    <\/h3>\n  <\/figcaption>\n\n  <div class=\"has-text-gray-400-color pb-1\">\n    <p>Si vols ajudar una causa ben\u00e8fica, per\u00f2 no saps ben b\u00e9 com fer-ho, fes les teves donacions per Bizum de forma senzilla, r\u00e0pida i segura.<\/p>\n  <\/div>\n\n  <a href=\"https:\/\/bizum.com\/es\/ca\/blog\/fes-les-donacions-per-bizum-es-molt-senzill\/\" class=\"wp-button-link has-button-link-black-500-color is-underlined icon-arrow-up-right has-icon has-icon-after\">\n    <span class=\"cta-icon\">\n      <svg width=\"24\" height=\"24\" viewBox=\"0 0 24 24\" fill=\"none\" xmlns=\"http:\/\/www.w3.org\/2000\/svg\">\n<path d=\"M7.92308 6H18M18 6V16.0769M18 6L6 18\" stroke=\"black\" stroke-width=\"2\" stroke-linecap=\"round\" stroke-linejoin=\"round\"\/>\n<\/svg>\n    <\/span>\n    <span class=\"cta-title\">\n      Seguir llegint    <\/span>\n  <\/a>\n\n<\/figure>\n<figure>\n\n  <a href=\"https:\/\/bizum.com\/es\/ca\/blog\/codi-bizum\/\">\n    <img loading=\"lazy\" decoding=\"async\" width=\"724\" height=\"483\" src=\"https:\/\/bizum.com\/es\/wp-content\/uploads\/2024\/03\/15.-Que-es-el-codigo-Bizum_Previa.jpg\" class=\"block-full br-m wp-post-image\" alt=\"Qu\u00e8 \u00e9s el codi bizum\" srcset=\"https:\/\/bizum.com\/es\/wp-content\/uploads\/2024\/03\/15.-Que-es-el-codigo-Bizum_Previa.jpg 724w, https:\/\/bizum.com\/es\/wp-content\/uploads\/2024\/03\/15.-Que-es-el-codigo-Bizum_Previa-300x200.jpg 300w, https:\/\/bizum.com\/es\/wp-content\/uploads\/2024\/03\/15.-Que-es-el-codigo-Bizum_Previa-600x400.jpg 600w\" sizes=\"auto, (max-width: 724px) 100vw, 724px\" \/>  <\/a>\n\n  \n  <figcaption class=\"pt-2\">\n    <h3 class=\"fw-700 has-text-black-500-color pb-1\">\n      <a href=\"https:\/\/bizum.com\/es\/ca\/blog\/codi-bizum\/\">\n        Tot el que has de saber del codi Bizum per fer donacions      <\/a>\n    <\/h3>\n  <\/figcaption>\n\n  <div class=\"has-text-gray-400-color pb-1\">\n    <p>El codi Bizum de donaci\u00f3 \u00e9s un identificador associat a cada causa social perqu\u00e8 donar sigui m\u00e9s r\u00e0pid i senzill que mai.<\/p>\n  <\/div>\n\n  <a href=\"https:\/\/bizum.com\/es\/ca\/blog\/codi-bizum\/\" class=\"wp-button-link has-button-link-black-500-color is-underlined icon-arrow-up-right has-icon has-icon-after\">\n    <span class=\"cta-icon\">\n      <svg width=\"24\" height=\"24\" viewBox=\"0 0 24 24\" fill=\"none\" xmlns=\"http:\/\/www.w3.org\/2000\/svg\">\n<path d=\"M7.92308 6H18M18 6V16.0769M18 6L6 18\" stroke=\"black\" stroke-width=\"2\" stroke-linecap=\"round\" stroke-linejoin=\"round\"\/>\n<\/svg>\n    <\/span>\n    <span class=\"cta-title\">\n      Seguir llegint    <\/span>\n  <\/a>\n\n<\/figure>\n<figure>\n\n  <a href=\"https:\/\/bizum.com\/es\/ca\/blog\/bizum-para-ong\/\">\n    <img loading=\"lazy\" decoding=\"async\" width=\"724\" height=\"483\" src=\"https:\/\/bizum.com\/es\/wp-content\/uploads\/2022\/07\/6.-Bizum-para-ONG_Listado-previo-724-x483px.jpg\" class=\"block-full br-m wp-post-image\" alt=\"per qu\u00e8 utilitzar Bizum per donar a ONG?\" srcset=\"https:\/\/bizum.com\/es\/wp-content\/uploads\/2022\/07\/6.-Bizum-para-ONG_Listado-previo-724-x483px.jpg 724w, https:\/\/bizum.com\/es\/wp-content\/uploads\/2022\/07\/6.-Bizum-para-ONG_Listado-previo-724-x483px-300x200.jpg 300w, https:\/\/bizum.com\/es\/wp-content\/uploads\/2022\/07\/6.-Bizum-para-ONG_Listado-previo-724-x483px-600x400.jpg 600w\" sizes=\"auto, (max-width: 724px) 100vw, 724px\" \/>  <\/a>\n\n  \n  <figcaption class=\"pt-2\">\n    <h3 class=\"fw-700 has-text-black-500-color pb-1\">\n      <a href=\"https:\/\/bizum.com\/es\/ca\/blog\/bizum-para-ong\/\">\n        Bizum per a ONG: com rebre donacions amb Bizum      <\/a>\n    <\/h3>\n  <\/figcaption>\n\n  <div class=\"has-text-gray-400-color pb-1\">\n    <p>Si sou una associaci\u00f3 descobriu com la tecnologia de Bizum per a ONG facilita el proc\u00e9s de donaci\u00f3.<\/p>\n  <\/div>\n\n  <a href=\"https:\/\/bizum.com\/es\/ca\/blog\/bizum-para-ong\/\" class=\"wp-button-link has-button-link-black-500-color is-underlined icon-arrow-up-right has-icon has-icon-after\">\n    <span class=\"cta-icon\">\n      <svg width=\"24\" height=\"24\" viewBox=\"0 0 24 24\" fill=\"none\" xmlns=\"http:\/\/www.w3.org\/2000\/svg\">\n<path d=\"M7.92308 6H18M18 6V16.0769M18 6L6 18\" stroke=\"black\" stroke-width=\"2\" stroke-linecap=\"round\" stroke-linejoin=\"round\"\/>\n<\/svg>\n    <\/span>\n    <span class=\"cta-title\">\n      Seguir llegint    <\/span>\n  <\/a>\n\n<\/figure>  <\/div>\n  \n  \n<\/section>","protected":false},"excerpt":{"rendered":"<p>La nostra missi\u00f3 en sostenibilitat Accionem petits canvis que generen un impacte rellevant a la vida quotidiana de les persones i del seu entorn. Aliances per cuidar el planeta Participem i col\u00b7laborem en iniciatives que promouen el respecte i la conservaci\u00f3 del medi ambient. Impuls al coneixement digital Una veritable aposta per assolir un impacte [&hellip;]<\/p>\n","protected":false},"author":14,"featured_media":0,"parent":0,"menu_order":0,"comment_status":"closed","ping_status":"closed","template":"","meta":{"_acf_changed":false,"footnotes":""},"class_list":["post-31972","page","type-page","status-publish","hentry"],"acf":[],"yoast_head":"<!-- This site is optimized with the Yoast SEO plugin v27.4 - https:\/\/yoast.com\/product\/yoast-seo-wordpress\/ -->\n<title>Sostenibilitat - Bizum<\/title>\n<meta name=\"robots\" content=\"index, follow, max-snippet:-1, max-image-preview:large, max-video-preview:-1\" \/>\n<link rel=\"canonical\" href=\"https:\/\/bizum.com\/es\/ca\/sostenibilitat-2\/\" \/>\n<meta property=\"og:locale\" content=\"ca_ES\" \/>\n<meta property=\"og:type\" content=\"article\" \/>\n<meta property=\"og:title\" content=\"Sostenibilitat - Bizum\" \/>\n<meta property=\"og:description\" content=\"La nostra missi\u00f3 en sostenibilitat Accionem petits canvis que generen un impacte rellevant a la vida quotidiana de les persones i del seu entorn. Aliances per cuidar el planeta Participem i col\u00b7laborem en iniciatives que promouen el respecte i la conservaci\u00f3 del medi ambient. Impuls al coneixement digital Una veritable aposta per assolir un impacte [&hellip;]\" \/>\n<meta property=\"og:url\" content=\"https:\/\/bizum.com\/es\/ca\/sostenibilitat-2\/\" \/>\n<meta property=\"og:site_name\" content=\"Bizum\" \/>\n<meta property=\"article:modified_time\" content=\"2025-01-16T13:26:19+00:00\" \/>\n<meta property=\"og:image\" content=\"https:\/\/bizum.com\/wp-content\/uploads\/2024\/07\/cuidado-del-medioambiente.png\" \/>\n<meta name=\"twitter:card\" content=\"summary_large_image\" \/>\n<meta name=\"twitter:label1\" content=\"Est. reading time\" \/>\n\t<meta name=\"twitter:data1\" content=\"2 minutes\" \/>\n<script type=\"application\/ld+json\" class=\"yoast-schema-graph\">{\"@context\":\"https:\\\/\\\/schema.org\",\"@graph\":[{\"@type\":\"WebPage\",\"@id\":\"https:\\\/\\\/bizum.com\\\/es\\\/ca\\\/sostenibilitat-2\\\/\",\"url\":\"https:\\\/\\\/bizum.com\\\/es\\\/ca\\\/sostenibilitat-2\\\/\",\"name\":\"Sostenibilitat - Bizum\",\"isPartOf\":{\"@id\":\"https:\\\/\\\/bizum.com\\\/es\\\/#website\"},\"primaryImageOfPage\":{\"@id\":\"https:\\\/\\\/bizum.com\\\/es\\\/ca\\\/sostenibilitat-2\\\/#primaryimage\"},\"image\":{\"@id\":\"https:\\\/\\\/bizum.com\\\/es\\\/ca\\\/sostenibilitat-2\\\/#primaryimage\"},\"thumbnailUrl\":\"https:\\\/\\\/bizum.com\\\/wp-content\\\/uploads\\\/2024\\\/07\\\/cuidado-del-medioambiente.png\",\"datePublished\":\"2024-07-05T06:21:50+00:00\",\"dateModified\":\"2025-01-16T13:26:19+00:00\",\"breadcrumb\":{\"@id\":\"https:\\\/\\\/bizum.com\\\/es\\\/ca\\\/sostenibilitat-2\\\/#breadcrumb\"},\"inLanguage\":\"ca\",\"potentialAction\":[{\"@type\":\"ReadAction\",\"target\":[\"https:\\\/\\\/bizum.com\\\/es\\\/ca\\\/sostenibilitat-2\\\/\"]}]},{\"@type\":\"ImageObject\",\"inLanguage\":\"ca\",\"@id\":\"https:\\\/\\\/bizum.com\\\/es\\\/ca\\\/sostenibilitat-2\\\/#primaryimage\",\"url\":\"https:\\\/\\\/bizum.com\\\/wp-content\\\/uploads\\\/2024\\\/07\\\/cuidado-del-medioambiente.png\",\"contentUrl\":\"https:\\\/\\\/bizum.com\\\/wp-content\\\/uploads\\\/2024\\\/07\\\/cuidado-del-medioambiente.png\"},{\"@type\":\"BreadcrumbList\",\"@id\":\"https:\\\/\\\/bizum.com\\\/es\\\/ca\\\/sostenibilitat-2\\\/#breadcrumb\",\"itemListElement\":[{\"@type\":\"ListItem\",\"position\":1,\"name\":\"Home\",\"item\":\"https:\\\/\\\/bizum.com\\\/es\\\/ca\\\/\"},{\"@type\":\"ListItem\",\"position\":2,\"name\":\"Sostenibilitat\"}]},{\"@type\":\"WebSite\",\"@id\":\"https:\\\/\\\/bizum.com\\\/es\\\/#website\",\"url\":\"https:\\\/\\\/bizum.com\\\/es\\\/\",\"name\":\"Bizum\",\"description\":\"Con Bizum puedes enviar y recibir dinero entre amigos, pagar en comercios online y donar a la ONG que tu elijas, todo desde tu m\u00f3vil.\",\"potentialAction\":[{\"@type\":\"SearchAction\",\"target\":{\"@type\":\"EntryPoint\",\"urlTemplate\":\"https:\\\/\\\/bizum.com\\\/es\\\/?s={search_term_string}\"},\"query-input\":{\"@type\":\"PropertyValueSpecification\",\"valueRequired\":true,\"valueName\":\"search_term_string\"}}],\"inLanguage\":\"ca\"}]}<\/script>\n<!-- \/ Yoast SEO plugin. -->","yoast_head_json":{"title":"Sostenibilitat - Bizum","robots":{"index":"index","follow":"follow","max-snippet":"max-snippet:-1","max-image-preview":"max-image-preview:large","max-video-preview":"max-video-preview:-1"},"canonical":"https:\/\/bizum.com\/es\/ca\/sostenibilitat-2\/","og_locale":"ca_ES","og_type":"article","og_title":"Sostenibilitat - Bizum","og_description":"La nostra missi\u00f3 en sostenibilitat Accionem petits canvis que generen un impacte rellevant a la vida quotidiana de les persones i del seu entorn. Aliances per cuidar el planeta Participem i col\u00b7laborem en iniciatives que promouen el respecte i la conservaci\u00f3 del medi ambient. Impuls al coneixement digital Una veritable aposta per assolir un impacte [&hellip;]","og_url":"https:\/\/bizum.com\/es\/ca\/sostenibilitat-2\/","og_site_name":"Bizum","article_modified_time":"2025-01-16T13:26:19+00:00","og_image":[{"url":"https:\/\/bizum.com\/wp-content\/uploads\/2024\/07\/cuidado-del-medioambiente.png","type":"","width":"","height":""}],"twitter_card":"summary_large_image","twitter_misc":{"Est. reading time":"2 minutes"},"schema":{"@context":"https:\/\/schema.org","@graph":[{"@type":"WebPage","@id":"https:\/\/bizum.com\/es\/ca\/sostenibilitat-2\/","url":"https:\/\/bizum.com\/es\/ca\/sostenibilitat-2\/","name":"Sostenibilitat - Bizum","isPartOf":{"@id":"https:\/\/bizum.com\/es\/#website"},"primaryImageOfPage":{"@id":"https:\/\/bizum.com\/es\/ca\/sostenibilitat-2\/#primaryimage"},"image":{"@id":"https:\/\/bizum.com\/es\/ca\/sostenibilitat-2\/#primaryimage"},"thumbnailUrl":"https:\/\/bizum.com\/wp-content\/uploads\/2024\/07\/cuidado-del-medioambiente.png","datePublished":"2024-07-05T06:21:50+00:00","dateModified":"2025-01-16T13:26:19+00:00","breadcrumb":{"@id":"https:\/\/bizum.com\/es\/ca\/sostenibilitat-2\/#breadcrumb"},"inLanguage":"ca","potentialAction":[{"@type":"ReadAction","target":["https:\/\/bizum.com\/es\/ca\/sostenibilitat-2\/"]}]},{"@type":"ImageObject","inLanguage":"ca","@id":"https:\/\/bizum.com\/es\/ca\/sostenibilitat-2\/#primaryimage","url":"https:\/\/bizum.com\/wp-content\/uploads\/2024\/07\/cuidado-del-medioambiente.png","contentUrl":"https:\/\/bizum.com\/wp-content\/uploads\/2024\/07\/cuidado-del-medioambiente.png"},{"@type":"BreadcrumbList","@id":"https:\/\/bizum.com\/es\/ca\/sostenibilitat-2\/#breadcrumb","itemListElement":[{"@type":"ListItem","position":1,"name":"Home","item":"https:\/\/bizum.com\/es\/ca\/"},{"@type":"ListItem","position":2,"name":"Sostenibilitat"}]},{"@type":"WebSite","@id":"https:\/\/bizum.com\/es\/#website","url":"https:\/\/bizum.com\/es\/","name":"Bizum","description":"Con Bizum puedes enviar y recibir dinero entre amigos, pagar en comercios online y donar a la ONG que tu elijas, todo desde tu m\u00f3vil.","potentialAction":[{"@type":"SearchAction","target":{"@type":"EntryPoint","urlTemplate":"https:\/\/bizum.com\/es\/?s={search_term_string}"},"query-input":{"@type":"PropertyValueSpecification","valueRequired":true,"valueName":"search_term_string"}}],"inLanguage":"ca"}]}},"_links":{"self":[{"href":"https:\/\/bizum.com\/es\/ca\/wp-json\/wp\/v2\/pages\/31972","targetHints":{"allow":["GET"]}}],"collection":[{"href":"https:\/\/bizum.com\/es\/ca\/wp-json\/wp\/v2\/pages"}],"about":[{"href":"https:\/\/bizum.com\/es\/ca\/wp-json\/wp\/v2\/types\/page"}],"author":[{"embeddable":true,"href":"https:\/\/bizum.com\/es\/ca\/wp-json\/wp\/v2\/users\/14"}],"replies":[{"embeddable":true,"href":"https:\/\/bizum.com\/es\/ca\/wp-json\/wp\/v2\/comments?post=31972"}],"version-history":[{"count":1,"href":"https:\/\/bizum.com\/es\/ca\/wp-json\/wp\/v2\/pages\/31972\/revisions"}],"predecessor-version":[{"id":31973,"href":"https:\/\/bizum.com\/es\/ca\/wp-json\/wp\/v2\/pages\/31972\/revisions\/31973"}],"wp:attachment":[{"href":"https:\/\/bizum.com\/es\/ca\/wp-json\/wp\/v2\/media?parent=31972"}],"curies":[{"name":"wp","href":"https:\/\/api.w.org\/{rel}","templated":true}]}}