{"id":31980,"date":"2024-06-12T08:19:04","date_gmt":"2024-06-12T06:19:04","guid":{"rendered":"https:\/\/bizum.com\/es\/contacte-2\/"},"modified":"2025-11-26T03:28:11","modified_gmt":"2025-11-26T02:28:11","slug":"contacte-2","status":"publish","type":"page","link":"https:\/\/bizum.com\/es\/ca\/contacte-2\/","title":{"rendered":"Contacte"},"content":{"rendered":"\n<div class=\"wp-block-columns is-layout-flex wp-container-core-columns-is-layout-28f84493 wp-block-columns-is-layout-flex\">\n<div class=\"wp-block-column is-vertically-aligned-center is-content-justification-left is-layout-constrained wp-container-core-column-is-layout-909a8735 wp-block-column-is-layout-constrained\" style=\"flex-basis:70%\">\n<h2 class=\"wp-block-heading has-text-black-500-color has-text-color has-link-color has-xl-font-size wp-elements-189037363cf8d25c5f4f59c37e535241\" style=\"margin-bottom:var(--wp--preset--spacing--1)\">Necessites ajuda? Contacta amb el teu banc <\/h2>\n\n\n\n<p class=\"has-text-gray-500-color has-text-color has-link-color has-sm-font-size wp-elements-c2a383bf7f6e8d2e62364377e8abea6b\">Si heu patit alguna incid\u00e8ncia o teniu qualsevol consulta sobre el vostre compte de Bizum, contacteu amb la vostra entitat banc\u00e0ria, prove\u00efdora del servei. Aqu\u00ed pots consultar com: <\/p>\n<\/div>\n\n\n\n<div class=\"wp-block-column is-layout-flow wp-block-column-is-layout-flow\">\n<figure class=\"wp-block-image size-full\"><img loading=\"lazy\" decoding=\"async\" width=\"388\" height=\"400\" src=\"https:\/\/bizum.com\/wp-content\/uploads\/2024\/07\/contacta-con-tu-entidad.png\" alt=\"\" class=\"wp-image-26725\" srcset=\"https:\/\/bizum.com\/es\/wp-content\/uploads\/2024\/07\/contacta-con-tu-entidad.png 388w, https:\/\/bizum.com\/es\/wp-content\/uploads\/2024\/07\/contacta-con-tu-entidad-291x300.png 291w\" sizes=\"auto, (max-width: 388px) 100vw, 388px\" \/><\/figure>\n<\/div>\n<\/div>\n\n\n\n<p><\/p>\n\n\n\n<section \n  style=\"margin-top:var(--wp--preset--spacing--2);margin-bottom:var(--wp--preset--spacing--2);\" class=\"align wp-block-acf-mnz-listado-entidades\">\n\n  <div class=\"pb-1\">\n    <div class=\"acf-innerblocks-container\">\n\n<p class=\"has-text-black-500-color has-text-color has-link-color has-ml-font-size wp-elements-ad1e4e31103c53f5615f87661feb0b4b\"><strong>Llistat d&#8217;entitats<\/strong><\/p>\n\n<\/div>\n  <\/div>\n\n  \n  <div id=\"table-entidades\" \n    data-filter=\"[53]\"\n    class=\"table-entidades\">\n  <\/div>\n\n<\/section>\n\n\n\n<div class=\"wp-block-columns has-white-100-color has-background-blue-600-background-color has-text-color has-background has-link-color wp-elements-41095cd43cbd2b01d9108578e6dc32ce is-layout-flex wp-container-core-columns-is-layout-d7326afa wp-block-columns-is-layout-flex\" style=\"border-radius:32px;margin-top:var(--wp--preset--spacing--3);margin-bottom:var(--wp--preset--spacing--3);padding-top:var(--wp--preset--spacing--2);padding-right:var(--wp--preset--spacing--2);padding-bottom:var(--wp--preset--spacing--2);padding-left:var(--wp--preset--spacing--2)\">\n<div class=\"wp-block-column is-vertically-aligned-center is-layout-flow wp-block-column-is-layout-flow\">\n<h2 class=\"wp-block-heading has-text-white-500-color has-text-color has-link-color has-ml-font-size wp-elements-d7400d9cd1cb2fb62b7028c5cb3770af\">Vols contactar amb Bizum?<\/h2>\n\n\n\n<p class=\"has-text-white-500-color has-text-color has-link-color wp-elements-298a6679a550490b8ad595fdc296c5f5\" style=\"margin-top:var(--wp--preset--spacing--2);margin-bottom:var(--wp--preset--spacing--2)\">Els nostres serveis s\u00f3n oferts per les entitats banc\u00e0ries, aix\u00ed que seran elles les que et podran ajudar a activar el servei, solucionar un problema o resoldre qualsevol dubte. Consulta al llistat superior com contactar amb el teu banc. <\/p>\n\n\n\n<p class=\"has-text-white-500-color has-text-color has-link-color wp-elements-56fca9ed18ed5c270c6fdbe9b33fb20b\" style=\"margin-top:var(--wp--preset--spacing--2);margin-bottom:var(--wp--preset--spacing--2)\">Si vols escriure&#8217;ns, ho pots fer a trav\u00e9s d&#8217;aquest formulari.<\/p>\n<\/div>\n\n\n\n<div class=\"wp-block-column is-layout-flow wp-block-column-is-layout-flow\" style=\"flex-basis:55%\">      <div id=\"form-contacto\" class=\"content-form-contacto has-background-blue-600-background-color\">\n      <script charset=\"utf-8\" type=\"text\/javascript\" src=\"\/\/js-eu1.hsforms.net\/forms\/embed\/v2.js\"><\/script>\n      <script>\n        hbspt.forms.create({\n          portalId: \"146523971\",\n          formId: \"9e8eaf7c-97a0-4e87-aa3e-3256c145bee6\",\n          region: \"eu1\"\n        });\n      <\/script>\n    <\/div>\n  \n<\/div>\n<\/div>\n\n\n\n<section class=\"d-flex content-accessibility mt-2 mb-2  wp-accessibility content-accessibility__blue\"\n  class=\"align wp-block-acf-mnz-accessibility\">\n  <div class=\"item item-logo\">\n    <img loading=\"lazy\" decoding=\"async\" width=\"240\" height=\"72\" src=\"https:\/\/bizum.com\/es\/wp-content\/uploads\/2024\/06\/bizum-website-accessibility-logo.png\" class=\"logo\" alt=\"\" \/>  \n    \n  <\/div>\n\n  <div class=\"item item-social\">\n                          <\/div>\n<\/section>\n\n\n<section class=\"p-2 has-background-gray-100-background-color br-m mb-2\">\n\n  <div class=\"pb-1\">\n    <h3 class=\"has-text-black-500-color fw-500\">\n      Subscriu-te a la nostra newsletter    <\/h3>\n  <\/div>\n\n  <div id=\"signup-newsletter\" class=\"test content-form has-text-black-500-color d-flex\">\n\n          <div class=\"content-form-newsletter\">\n        <script charset=\"utf-8\" type=\"text\/javascript\" src=\"\/\/js-eu1.hsforms.net\/forms\/embed\/v2.js\"><\/script>\n        <script>\n          hbspt.forms.create({\n            portalId: \"146523971\",\n            formId: \"e82ad9fe-679b-4783-9027-c951e7df98b5\",\n            region: \"eu1\"\n          });\n        <\/script>\n      <\/div>\n    \n      <\/div>\n<\/section>","protected":false},"excerpt":{"rendered":"<p>Necessites ajuda? Contacta amb el teu banc Si heu patit alguna incid\u00e8ncia o teniu qualsevol consulta sobre el vostre compte de Bizum, contacteu amb la vostra entitat banc\u00e0ria, prove\u00efdora del servei. Aqu\u00ed pots consultar com: Vols contactar amb Bizum? Els nostres serveis s\u00f3n oferts per les entitats banc\u00e0ries, aix\u00ed que seran elles les que et [&hellip;]<\/p>\n","protected":false},"author":14,"featured_media":0,"parent":0,"menu_order":0,"comment_status":"closed","ping_status":"closed","template":"","meta":{"_acf_changed":false,"footnotes":""},"class_list":["post-31980","page","type-page","status-publish","hentry"],"acf":[],"yoast_head":"<!-- This site is optimized with the Yoast SEO plugin v27.4 - https:\/\/yoast.com\/product\/yoast-seo-wordpress\/ -->\n<title>Contacte - Bizum<\/title>\n<meta name=\"robots\" content=\"index, follow, max-snippet:-1, max-image-preview:large, max-video-preview:-1\" \/>\n<link rel=\"canonical\" href=\"https:\/\/bizum.com\/es\/ca\/contacte-2\/\" \/>\n<meta property=\"og:locale\" content=\"ca_ES\" \/>\n<meta property=\"og:type\" content=\"article\" \/>\n<meta property=\"og:title\" content=\"Contacte - Bizum\" \/>\n<meta property=\"og:description\" content=\"Necessites ajuda? Contacta amb el teu banc Si heu patit alguna incid\u00e8ncia o teniu qualsevol consulta sobre el vostre compte de Bizum, contacteu amb la vostra entitat banc\u00e0ria, prove\u00efdora del servei. Aqu\u00ed pots consultar com: Vols contactar amb Bizum? Els nostres serveis s\u00f3n oferts per les entitats banc\u00e0ries, aix\u00ed que seran elles les que et [&hellip;]\" \/>\n<meta property=\"og:url\" content=\"https:\/\/bizum.com\/es\/ca\/contacte-2\/\" \/>\n<meta property=\"og:site_name\" content=\"Bizum\" \/>\n<meta property=\"article:modified_time\" content=\"2025-11-26T02:28:11+00:00\" \/>\n<meta property=\"og:image\" content=\"https:\/\/bizum.com\/es\/wp-content\/uploads\/2024\/07\/contacta-con-tu-entidad.png\" \/>\n\t<meta property=\"og:image:width\" content=\"388\" \/>\n\t<meta property=\"og:image:height\" content=\"400\" \/>\n\t<meta property=\"og:image:type\" content=\"image\/png\" \/>\n<meta name=\"twitter:card\" content=\"summary_large_image\" \/>\n<meta name=\"twitter:label1\" content=\"Est. reading time\" \/>\n\t<meta name=\"twitter:data1\" content=\"1 minute\" \/>\n<script type=\"application\/ld+json\" class=\"yoast-schema-graph\">{\"@context\":\"https:\\\/\\\/schema.org\",\"@graph\":[{\"@type\":\"WebPage\",\"@id\":\"https:\\\/\\\/bizum.com\\\/es\\\/ca\\\/contacte-2\\\/\",\"url\":\"https:\\\/\\\/bizum.com\\\/es\\\/ca\\\/contacte-2\\\/\",\"name\":\"Contacte - Bizum\",\"isPartOf\":{\"@id\":\"https:\\\/\\\/bizum.com\\\/es\\\/#website\"},\"primaryImageOfPage\":{\"@id\":\"https:\\\/\\\/bizum.com\\\/es\\\/ca\\\/contacte-2\\\/#primaryimage\"},\"image\":{\"@id\":\"https:\\\/\\\/bizum.com\\\/es\\\/ca\\\/contacte-2\\\/#primaryimage\"},\"thumbnailUrl\":\"https:\\\/\\\/bizum.com\\\/wp-content\\\/uploads\\\/2024\\\/07\\\/contacta-con-tu-entidad.png\",\"datePublished\":\"2024-06-12T06:19:04+00:00\",\"dateModified\":\"2025-11-26T02:28:11+00:00\",\"breadcrumb\":{\"@id\":\"https:\\\/\\\/bizum.com\\\/es\\\/ca\\\/contacte-2\\\/#breadcrumb\"},\"inLanguage\":\"ca\",\"potentialAction\":[{\"@type\":\"ReadAction\",\"target\":[\"https:\\\/\\\/bizum.com\\\/es\\\/ca\\\/contacte-2\\\/\"]}]},{\"@type\":\"ImageObject\",\"inLanguage\":\"ca\",\"@id\":\"https:\\\/\\\/bizum.com\\\/es\\\/ca\\\/contacte-2\\\/#primaryimage\",\"url\":\"https:\\\/\\\/bizum.com\\\/wp-content\\\/uploads\\\/2024\\\/07\\\/contacta-con-tu-entidad.png\",\"contentUrl\":\"https:\\\/\\\/bizum.com\\\/wp-content\\\/uploads\\\/2024\\\/07\\\/contacta-con-tu-entidad.png\"},{\"@type\":\"BreadcrumbList\",\"@id\":\"https:\\\/\\\/bizum.com\\\/es\\\/ca\\\/contacte-2\\\/#breadcrumb\",\"itemListElement\":[{\"@type\":\"ListItem\",\"position\":1,\"name\":\"Home\",\"item\":\"https:\\\/\\\/bizum.com\\\/es\\\/ca\\\/\"},{\"@type\":\"ListItem\",\"position\":2,\"name\":\"Contacte\"}]},{\"@type\":\"WebSite\",\"@id\":\"https:\\\/\\\/bizum.com\\\/es\\\/#website\",\"url\":\"https:\\\/\\\/bizum.com\\\/es\\\/\",\"name\":\"Bizum\",\"description\":\"Con Bizum puedes enviar y recibir dinero entre amigos, pagar en comercios online y donar a la ONG que tu elijas, todo desde tu m\u00f3vil.\",\"potentialAction\":[{\"@type\":\"SearchAction\",\"target\":{\"@type\":\"EntryPoint\",\"urlTemplate\":\"https:\\\/\\\/bizum.com\\\/es\\\/?s={search_term_string}\"},\"query-input\":{\"@type\":\"PropertyValueSpecification\",\"valueRequired\":true,\"valueName\":\"search_term_string\"}}],\"inLanguage\":\"ca\"}]}<\/script>\n<!-- \/ Yoast SEO plugin. -->","yoast_head_json":{"title":"Contacte - Bizum","robots":{"index":"index","follow":"follow","max-snippet":"max-snippet:-1","max-image-preview":"max-image-preview:large","max-video-preview":"max-video-preview:-1"},"canonical":"https:\/\/bizum.com\/es\/ca\/contacte-2\/","og_locale":"ca_ES","og_type":"article","og_title":"Contacte - Bizum","og_description":"Necessites ajuda? Contacta amb el teu banc Si heu patit alguna incid\u00e8ncia o teniu qualsevol consulta sobre el vostre compte de Bizum, contacteu amb la vostra entitat banc\u00e0ria, prove\u00efdora del servei. Aqu\u00ed pots consultar com: Vols contactar amb Bizum? Els nostres serveis s\u00f3n oferts per les entitats banc\u00e0ries, aix\u00ed que seran elles les que et [&hellip;]","og_url":"https:\/\/bizum.com\/es\/ca\/contacte-2\/","og_site_name":"Bizum","article_modified_time":"2025-11-26T02:28:11+00:00","og_image":[{"width":388,"height":400,"url":"https:\/\/bizum.com\/es\/wp-content\/uploads\/2024\/07\/contacta-con-tu-entidad.png","type":"image\/png"}],"twitter_card":"summary_large_image","twitter_misc":{"Est. reading time":"1 minute"},"schema":{"@context":"https:\/\/schema.org","@graph":[{"@type":"WebPage","@id":"https:\/\/bizum.com\/es\/ca\/contacte-2\/","url":"https:\/\/bizum.com\/es\/ca\/contacte-2\/","name":"Contacte - Bizum","isPartOf":{"@id":"https:\/\/bizum.com\/es\/#website"},"primaryImageOfPage":{"@id":"https:\/\/bizum.com\/es\/ca\/contacte-2\/#primaryimage"},"image":{"@id":"https:\/\/bizum.com\/es\/ca\/contacte-2\/#primaryimage"},"thumbnailUrl":"https:\/\/bizum.com\/wp-content\/uploads\/2024\/07\/contacta-con-tu-entidad.png","datePublished":"2024-06-12T06:19:04+00:00","dateModified":"2025-11-26T02:28:11+00:00","breadcrumb":{"@id":"https:\/\/bizum.com\/es\/ca\/contacte-2\/#breadcrumb"},"inLanguage":"ca","potentialAction":[{"@type":"ReadAction","target":["https:\/\/bizum.com\/es\/ca\/contacte-2\/"]}]},{"@type":"ImageObject","inLanguage":"ca","@id":"https:\/\/bizum.com\/es\/ca\/contacte-2\/#primaryimage","url":"https:\/\/bizum.com\/wp-content\/uploads\/2024\/07\/contacta-con-tu-entidad.png","contentUrl":"https:\/\/bizum.com\/wp-content\/uploads\/2024\/07\/contacta-con-tu-entidad.png"},{"@type":"BreadcrumbList","@id":"https:\/\/bizum.com\/es\/ca\/contacte-2\/#breadcrumb","itemListElement":[{"@type":"ListItem","position":1,"name":"Home","item":"https:\/\/bizum.com\/es\/ca\/"},{"@type":"ListItem","position":2,"name":"Contacte"}]},{"@type":"WebSite","@id":"https:\/\/bizum.com\/es\/#website","url":"https:\/\/bizum.com\/es\/","name":"Bizum","description":"Con Bizum puedes enviar y recibir dinero entre amigos, pagar en comercios online y donar a la ONG que tu elijas, todo desde tu m\u00f3vil.","potentialAction":[{"@type":"SearchAction","target":{"@type":"EntryPoint","urlTemplate":"https:\/\/bizum.com\/es\/?s={search_term_string}"},"query-input":{"@type":"PropertyValueSpecification","valueRequired":true,"valueName":"search_term_string"}}],"inLanguage":"ca"}]}},"_links":{"self":[{"href":"https:\/\/bizum.com\/es\/ca\/wp-json\/wp\/v2\/pages\/31980","targetHints":{"allow":["GET"]}}],"collection":[{"href":"https:\/\/bizum.com\/es\/ca\/wp-json\/wp\/v2\/pages"}],"about":[{"href":"https:\/\/bizum.com\/es\/ca\/wp-json\/wp\/v2\/types\/page"}],"author":[{"embeddable":true,"href":"https:\/\/bizum.com\/es\/ca\/wp-json\/wp\/v2\/users\/14"}],"replies":[{"embeddable":true,"href":"https:\/\/bizum.com\/es\/ca\/wp-json\/wp\/v2\/comments?post=31980"}],"version-history":[{"count":4,"href":"https:\/\/bizum.com\/es\/ca\/wp-json\/wp\/v2\/pages\/31980\/revisions"}],"predecessor-version":[{"id":66154,"href":"https:\/\/bizum.com\/es\/ca\/wp-json\/wp\/v2\/pages\/31980\/revisions\/66154"}],"wp:attachment":[{"href":"https:\/\/bizum.com\/es\/ca\/wp-json\/wp\/v2\/media?parent=31980"}],"curies":[{"name":"wp","href":"https:\/\/api.w.org\/{rel}","templated":true}]}}