{"id":33990,"date":"2024-07-28T11:05:23","date_gmt":"2024-07-28T11:05:23","guid":{"rendered":"https:\/\/bizum.com\/es\/avis-legal-2\/"},"modified":"2025-01-16T13:11:33","modified_gmt":"2025-01-16T13:11:33","slug":"avis-legal-2","status":"publish","type":"page","link":"https:\/\/bizum.com\/es\/ca\/avis-legal-2\/","title":{"rendered":"Av\u00eds legal"},"content":{"rendered":"\n<p>Bizum, SL (\u201cBizum\u201d), amb domicili a Madrid, carrer Francisco Sancha, n\u00famero 12, i amb NIF n\u00famero B-87599478, inscrita al Registre Mercantil de Madrid, al tom 35.043, foli 30, full n\u00famero M-630249, inscripci\u00f3 1a, \u00e9s la titular del portar accessible a l&#8217;adre\u00e7a URL <a href=\"https:\/\/www.bizum.com\" target=\"_blank\" rel=\"noreferrer noopener\">https:\/\/www.bizum.com<\/a> .<\/p>\n\n<p>L&#8217;acc\u00e9s al portal de Bizum ia la informaci\u00f3 relativa a qualsevol dels productes i serveis que cont\u00e9, confereix la condici\u00f3 d&#8217;Usuari i comporta l&#8217;acceptaci\u00f3 de les condicions previstes en aquest Av\u00eds Legal. Per aix\u00f2 us recomanem que llegiu atentament el seu contingut si voleu accedir i fer \u00fas de la informaci\u00f3 i els serveis oferts des del portal de Bizum. <\/p>\n\n<h3 class=\"wp-block-heading\"><strong>Validesa de la informaci\u00f3<\/strong><\/h3>\n\n<p>La informaci\u00f3 i les condicions contingudes en aquestes p\u00e0gines s\u00f3n les vigents des de la data de la darrera actualitzaci\u00f3. Bizum es reserva el dret a modificar-les en qualsevol moment, cas en qu\u00e8 entraran en vigor des de la seva publicaci\u00f3 i seran aplicables a tots els usuaris del portal des d&#8217;aquesta data. Els continguts del portal de Bizum, especialment les refer\u00e8ncies informatives i publicit\u00e0ries, llevat que s&#8217;indiqui expressament el contrari, no constitueixen oferta vinculant. Bizum es reserva el dret a introduir modificacions o ometre parcialment o totalment els continguts actuals del portal de Bizum quan ho consideri oport\u00fa, aix\u00ed com impedir o restringir l&#8217;acc\u00e9s de forma temporal o permanent.   <\/p>\n\n<h3 class=\"wp-block-heading\"><strong>Establiment d&#8217;enlla\u00e7os a tercers<\/strong><\/h3>\n\n<p>El portal de Bizum pot posar a disposici\u00f3 dels seus usuaris dispositius t\u00e8cnics d&#8217;enlla\u00e7, que seleccionats per l&#8217;usuari us redireccionaran a un lloc web diferent de Bizum.<\/p>\n\n<p>En aquesta situaci\u00f3, Bizum, com a prestador de serveis de la societat de la informaci\u00f3, dacord amb larticle 17 de la Llei 34\/2002, de 11 de juliol, de Serveis de la Societat de la Informaci\u00f3 i el Comer\u00e7 Electr\u00f2nic, quedar\u00e0 exempt de responsabilitat per la informaci\u00f3 que contribueix a fer accessible a trav\u00e9s dels enlla\u00e7os publicats al seu lloc web, excepte en cas que tingui coneixement del contingut il\u00b7l\u00edcit dels enlla\u00e7os publicats a la seva web i no hagu\u00e9s procedit a retirar-los.<\/p>\n\n<p>Els Usuaris que tinguin const\u00e0ncia que algun dels enlla\u00e7os publicats al lloc web redirigeix \u200b\u200ba un contingut inadequat, ho poden comunicar a Bizum a l&#8217;adre\u00e7a del seu domicili social indicada al comen\u00e7ament d&#8217;aquest Av\u00eds Legal, indicant nom, adre\u00e7a (postal o electr\u00f2nica) i n\u00famero de tel\u00e8fon de l&#8217;Usuari, una descripci\u00f3 del contingut il\u00b7l\u00edcit que comunica i una declaraci\u00f3 expressa de l&#8217;exactitud del comunicat, sens perjudici que aix\u00f2 no suposi el coneixement per Bizum dels continguts comunicats.<\/p>\n\n<p>Aix\u00ed mateix, Bizum no es fa responsable dels danys produ\u00efts per la il\u00b7licitud, qualitat o desactualitzaci\u00f3 dels continguts o serveis dels llocs web enlla\u00e7ats, ni per qualsevol altre dany que no sigui directament imputable a Bizum, llevat del que preveu l&#8217;article 17 esmentat de la Llei de serveis de la societat de la informaci\u00f3.<\/p>\n\n<h3 class=\"wp-block-heading\"><strong>Assistent virtual<\/strong><\/h3>\n\n<p>L&#8217;Assistent Virtual del portal de Bizum, \u201cBizzi\u201d, \u00e9s un sistema que facilita ajuda als usuaris d&#8217;aquest lloc web mitjan\u00e7ant un procediment de preguntes i respostes i proporciona la informaci\u00f3 sol\u00b7licitada mitjan\u00e7ant una resposta directa o b\u00e9, oferint als usuaris la possibilitat que des de Bizum, com a titular del portal, es posin en contacte amb ells.<\/p>\n\n<p>Els Usuaris es comprometen a fer un \u00fas adequat d&#8217;aquest servei, d&#8217;acord amb les condicions d&#8217;\u00fas descrites aqu\u00ed, de manera que no inseriran a trav\u00e9s del mateix continguts inadequats o ofensius.<\/p>\n\n<p>En cas que hi hagi contradicci\u00f3 entre la informaci\u00f3 facilitada mitjan\u00e7ant l&#8217;Assistent Virtual \u201cBizzi\u201d i la mostrada al portal web de Bizum, prevaldr\u00e0 en tot cas la informaci\u00f3 proporcionada per aquesta p\u00e0gina web.<\/p>\n\n<h3 class=\"wp-block-heading\"><strong>Dades de car\u00e0cter personal<\/strong><\/h3>\n\n<p>Bizum compleix \u00edntegrament amb la legislaci\u00f3 vigent en mat\u00e8ria de protecci\u00f3 de dades de car\u00e0cter personal i amb els compromisos de confidencialitat propis de la vostra activitat. Bizum ha adoptat les mesures t\u00e8cniques necess\u00e0ries per mantenir el nivell de seguretat requerit, segons la naturalesa de les dades personals tractades i les circumst\u00e0ncies del tractament, a fi d&#8217;evitar, en la mesura del possible i sempre segons l&#8217;estat de la t\u00e8cnica, alteraci\u00f3, p\u00e8rdua, tractament o acc\u00e9s no autoritzat. <\/p>\n\n<p>Us informem que les dades identificatives que ens pugueu aportar en utilitzar el canal de comunicaci\u00f3 \u201cContacte\u201d de la URL <a href=\"https:\/\/www.bizum.com\">https:\/\/www.bizum.com<\/a> o el canal de l&#8217;Assistent Virtual \u201cBizzi\u201d, quedaran incloses en un fitxer titularitat de Bizum, SL (domicili social: Francisco Sancha, 12-28034 Madrid), amb la finalitat de donar una resposta adequada a la sol\u00b7licitud d&#8217;informaci\u00f3 realitzada mitjan\u00e7ant el portal de Bizum. Us preguem que en el contingut de la consulta o missatge rem\u00e9s a trav\u00e9s del canal de comunicaci\u00f3 \u00abContacte\u00bb oa trav\u00e9s del canal de l&#8217;Assistent Virtual \u201cBizzi\u201d es limiti a incloure la informaci\u00f3 estrictament necess\u00e0ria. <\/p>\n\n<p>Us informem que podeu exercitar els vostres drets d&#8217;acc\u00e9s, rectificaci\u00f3, cancel\u00b7laci\u00f3 i oposici\u00f3 al tractament de les vostres dades de contacte, davant Bizum, SL, amb domicili social situat al carrer Francisco Sancha, 12 \u2013 28034 Madrid, indicant a la vostra sol\u00b7licitud les seg\u00fcents dades : nom, cognoms, domicili a efectes de notificacions i fotoc\u00f2pia del DNI o de qualsevol altre document v\u00e0lid en dret que acrediti la seva identitat i petici\u00f3.<\/p>\n\n<p>Algunes de les p\u00e0gines del portal de Bizum disposen de galetes, que s\u00f3n petits fitxers de dades que es generen a l&#8217;ordinador de l&#8217;Usuari i que permeten als nostres sistemes recordar algunes caracter\u00edstiques o prefer\u00e8ncies de navegaci\u00f3 de l&#8217;Usuari. Per a m\u00e9s informaci\u00f3 podeu llegir la nostra <a href=\"https:\/\/bizum.es\/politica-de-privacidad\/\">Pol\u00edtica de Cookies.<\/a> <\/p>\n\n<h3 class=\"wp-block-heading\"><strong>Propietat intel\u00b7lectual i industrial<\/strong><\/h3>\n\n<p>El portal de Bizum, les p\u00e0gines que compr\u00e8n i la informaci\u00f3 o elements continguts en aquestes, inclouen textos, documents, fotografies, dibuixos, representacions gr\u00e0fiques, bases de dades, programes inform\u00e0tics, aix\u00ed com logotips, marques, noms comercials, o altres signes distintius, protegits per drets de propietat intel\u00b7lectual o industrial, dels quals Bizum \u00e9s titular o leg\u00edtima llicenciat\u00e0ria.<\/p>\n\n<p>Bizum no atorga cap garantia sobre la licitud i legalitat de la informaci\u00f3 o elements continguts a les p\u00e0gines del portal de Bizum quan la titularitat dels mateixos no correspongui a Bizum.<\/p>\n\n<h3 class=\"wp-block-heading\"><strong>Usos prohibits i permesos<\/strong><\/h3>\n\n<p>Queda prohibida qualsevol modalitat d&#8217;explotaci\u00f3, incloent-hi tota mena de reproducci\u00f3, distribuci\u00f3, cessi\u00f3 a tercers, comunicaci\u00f3 p\u00fablica i transformaci\u00f3, mitjan\u00e7ant qualsevol tipus de suport i mitj\u00e0, de les obres abans referides, creacions i signes distintius sense autoritzaci\u00f3 pr\u00e8via i expressa dels seus respectius titulars. L&#8217;incompliment d&#8217;aquesta prohibici\u00f3 pot constituir infracci\u00f3 sancionable per la legislaci\u00f3 vigent. <\/p>\n\n<p>Queda prohibit, excepte en els casos que expressament ho autoritzi Bizum, establir enlla\u00e7os, hipervincles o links, des de portals o llocs web de tercers a p\u00e0gines web de Bizum diferents de la p\u00e0gina principal del portal de Bizum, accessible a l&#8217;adre\u00e7a URL <a href=\"https:\/\/www.bizum.com\">https:\/ \/www.bizum.com<\/a> , o la que el substitueixi en el futur, aix\u00ed com presentar les p\u00e0gines web de Bizum o la informaci\u00f3 continguda sota frames o marcs, signes distintius, marques o denominacions socials o comercials d&#8217;una altra persona, empresa o entitat.<\/p>\n\n<h3 class=\"wp-block-heading\"><strong>Responsabilitats<\/strong><\/h3>\n\n<p>Bizum no garanteix l&#8217;acc\u00e9s continuat, ni la correcta visualitzaci\u00f3, desc\u00e0rrega o utilitat dels elements i la informaci\u00f3 continguts a les p\u00e0gines del portal de Bizum, que es poden veure impedits, dificultats o interromputs per factors o circumst\u00e0ncies fora del seu control.<\/p>\n\n<p>Bizum no \u00e9s responsable de la informaci\u00f3 i altres continguts integrats en espais o p\u00e0gines web de tercers des dels quals s&#8217;accedeixi mitjan\u00e7ant enlla\u00e7os, hipervincles o links al portal de Bizum oa qualsevol de les p\u00e0gines web, ni de la informaci\u00f3 i continguts de qualsevol p\u00e0gina web de tercers que es presentin sota l&#8217;aparen\u00e7a o signes distintius de Bizum, llevat d&#8217;autoritzaci\u00f3 expressa d&#8217;aquesta \u00faltima.<\/p>\n\n<p>Bizum no assumeix cap responsabilitat amb relaci\u00f3 a la informaci\u00f3, continguts de tota mena, productes i serveis oferts a trav\u00e9s del portal de Bizum per terceres persones o entitats.<\/p>\n\n<p>Bizum no \u00e9s responsable de les inexactituds que pogu\u00e9s contenir la informaci\u00f3 proporcionada a trav\u00e9s de l&#8217;Assistent Virtual \u201cBizzi\u201d.<\/p>\n\n<p>Bizum tampoc no assumeix cap responsabilitat per danys, perjudicis, p\u00e8rdues, reclamacions o despeses, produ\u00efdes per:<\/p>\n\n<p>1. Interfer\u00e8ncies, interrupcions, fallades, omissions, avaries telef\u00f2niques, retards, bloquejos o desconnexions en el funcionament del sistema electr\u00f2nic, motivades per defici\u00e8ncies, sobrec\u00e0rregues i errors a les l\u00ednies i xarxes de telecomunicacions, o per qualsevol altra causa aliena al control de Bizum .<br\/> 2. Intromissions il\u00b7leg\u00edtimes mitjan\u00e7ant l&#8217;\u00fas de programes malignes de qualsevol tipus ia trav\u00e9s de qualsevol mitj\u00e0 de comunicaci\u00f3, com ara virus inform\u00e0tics o qualssevol altres.<br\/> 3. \u00fas indegut o inadequat del portal de Bizum.<br\/> 4. errors de seguretat o navegaci\u00f3 produ\u00efts per un mal funcionament del navegador o per l\u00fas de versions no actualitzades del mateix.<\/p>\n\n<h3 class=\"wp-block-heading\"><strong>Llei aplicable<\/strong><\/h3>\n\n<p>El contingut d&#8217;aquest Av\u00eds Legal s&#8217;ha de regir d&#8217;acord amb la llei comuna espanyola.<\/p>\n\n<p>Les parts sotmeten la resoluci\u00f3 de qualsevol litigi o reclamaci\u00f3 relacionat amb el lloc web de Bizum als jutjats i tribunals del domicili del consumidor.<\/p>\n","protected":false},"excerpt":{"rendered":"<p>Bizum, SL (\u201cBizum\u201d), amb domicili a Madrid, carrer Francisco Sancha, n\u00famero 12, i amb NIF n\u00famero B-87599478, inscrita al Registre Mercantil de Madrid, al tom 35.043, foli 30, full n\u00famero M-630249, inscripci\u00f3 1a, \u00e9s la titular del portar accessible a l&#8217;adre\u00e7a URL https:\/\/www.bizum.com . L&#8217;acc\u00e9s al portal de Bizum ia la informaci\u00f3 relativa a qualsevol [&hellip;]<\/p>\n","protected":false},"author":14,"featured_media":0,"parent":0,"menu_order":0,"comment_status":"closed","ping_status":"closed","template":"page-text.php","meta":{"_acf_changed":false,"footnotes":""},"class_list":["post-33990","page","type-page","status-publish","hentry"],"acf":[],"yoast_head":"<!-- This site is optimized with the Yoast SEO plugin v27.4 - https:\/\/yoast.com\/product\/yoast-seo-wordpress\/ -->\n<title>Av\u00eds legal - Bizum<\/title>\n<meta name=\"robots\" content=\"index, follow, max-snippet:-1, max-image-preview:large, max-video-preview:-1\" \/>\n<link rel=\"canonical\" href=\"https:\/\/bizum.com\/es\/ca\/avis-legal-2\/\" \/>\n<meta property=\"og:locale\" content=\"ca_ES\" \/>\n<meta property=\"og:type\" content=\"article\" \/>\n<meta property=\"og:title\" content=\"Av\u00eds legal - Bizum\" \/>\n<meta property=\"og:description\" content=\"Bizum, SL (\u201cBizum\u201d), amb domicili a Madrid, carrer Francisco Sancha, n\u00famero 12, i amb NIF n\u00famero B-87599478, inscrita al Registre Mercantil de Madrid, al tom 35.043, foli 30, full n\u00famero M-630249, inscripci\u00f3 1a, \u00e9s la titular del portar accessible a l&#8217;adre\u00e7a URL https:\/\/www.bizum.com . L&#8217;acc\u00e9s al portal de Bizum ia la informaci\u00f3 relativa a qualsevol [&hellip;]\" \/>\n<meta property=\"og:url\" content=\"https:\/\/bizum.com\/es\/ca\/avis-legal-2\/\" \/>\n<meta property=\"og:site_name\" content=\"Bizum\" \/>\n<meta property=\"article:modified_time\" content=\"2025-01-16T13:11:33+00:00\" \/>\n<meta name=\"twitter:card\" content=\"summary_large_image\" \/>\n<meta name=\"twitter:label1\" content=\"Est. reading time\" \/>\n\t<meta name=\"twitter:data1\" content=\"8 minutes\" \/>\n<script type=\"application\/ld+json\" class=\"yoast-schema-graph\">{\"@context\":\"https:\\\/\\\/schema.org\",\"@graph\":[{\"@type\":\"WebPage\",\"@id\":\"https:\\\/\\\/bizum.com\\\/es\\\/ca\\\/avis-legal-2\\\/\",\"url\":\"https:\\\/\\\/bizum.com\\\/es\\\/ca\\\/avis-legal-2\\\/\",\"name\":\"Av\u00eds legal - Bizum\",\"isPartOf\":{\"@id\":\"https:\\\/\\\/bizum.com\\\/es\\\/#website\"},\"datePublished\":\"2024-07-28T11:05:23+00:00\",\"dateModified\":\"2025-01-16T13:11:33+00:00\",\"breadcrumb\":{\"@id\":\"https:\\\/\\\/bizum.com\\\/es\\\/ca\\\/avis-legal-2\\\/#breadcrumb\"},\"inLanguage\":\"ca\",\"potentialAction\":[{\"@type\":\"ReadAction\",\"target\":[\"https:\\\/\\\/bizum.com\\\/es\\\/ca\\\/avis-legal-2\\\/\"]}]},{\"@type\":\"BreadcrumbList\",\"@id\":\"https:\\\/\\\/bizum.com\\\/es\\\/ca\\\/avis-legal-2\\\/#breadcrumb\",\"itemListElement\":[{\"@type\":\"ListItem\",\"position\":1,\"name\":\"Home\",\"item\":\"https:\\\/\\\/bizum.com\\\/es\\\/ca\\\/\"},{\"@type\":\"ListItem\",\"position\":2,\"name\":\"Av\u00eds legal\"}]},{\"@type\":\"WebSite\",\"@id\":\"https:\\\/\\\/bizum.com\\\/es\\\/#website\",\"url\":\"https:\\\/\\\/bizum.com\\\/es\\\/\",\"name\":\"Bizum\",\"description\":\"Con Bizum puedes enviar y recibir dinero entre amigos, pagar en comercios online y donar a la ONG que tu elijas, todo desde tu m\u00f3vil.\",\"potentialAction\":[{\"@type\":\"SearchAction\",\"target\":{\"@type\":\"EntryPoint\",\"urlTemplate\":\"https:\\\/\\\/bizum.com\\\/es\\\/?s={search_term_string}\"},\"query-input\":{\"@type\":\"PropertyValueSpecification\",\"valueRequired\":true,\"valueName\":\"search_term_string\"}}],\"inLanguage\":\"ca\"}]}<\/script>\n<!-- \/ Yoast SEO plugin. -->","yoast_head_json":{"title":"Av\u00eds legal - Bizum","robots":{"index":"index","follow":"follow","max-snippet":"max-snippet:-1","max-image-preview":"max-image-preview:large","max-video-preview":"max-video-preview:-1"},"canonical":"https:\/\/bizum.com\/es\/ca\/avis-legal-2\/","og_locale":"ca_ES","og_type":"article","og_title":"Av\u00eds legal - Bizum","og_description":"Bizum, SL (\u201cBizum\u201d), amb domicili a Madrid, carrer Francisco Sancha, n\u00famero 12, i amb NIF n\u00famero B-87599478, inscrita al Registre Mercantil de Madrid, al tom 35.043, foli 30, full n\u00famero M-630249, inscripci\u00f3 1a, \u00e9s la titular del portar accessible a l&#8217;adre\u00e7a URL https:\/\/www.bizum.com . L&#8217;acc\u00e9s al portal de Bizum ia la informaci\u00f3 relativa a qualsevol [&hellip;]","og_url":"https:\/\/bizum.com\/es\/ca\/avis-legal-2\/","og_site_name":"Bizum","article_modified_time":"2025-01-16T13:11:33+00:00","twitter_card":"summary_large_image","twitter_misc":{"Est. reading time":"8 minutes"},"schema":{"@context":"https:\/\/schema.org","@graph":[{"@type":"WebPage","@id":"https:\/\/bizum.com\/es\/ca\/avis-legal-2\/","url":"https:\/\/bizum.com\/es\/ca\/avis-legal-2\/","name":"Av\u00eds legal - Bizum","isPartOf":{"@id":"https:\/\/bizum.com\/es\/#website"},"datePublished":"2024-07-28T11:05:23+00:00","dateModified":"2025-01-16T13:11:33+00:00","breadcrumb":{"@id":"https:\/\/bizum.com\/es\/ca\/avis-legal-2\/#breadcrumb"},"inLanguage":"ca","potentialAction":[{"@type":"ReadAction","target":["https:\/\/bizum.com\/es\/ca\/avis-legal-2\/"]}]},{"@type":"BreadcrumbList","@id":"https:\/\/bizum.com\/es\/ca\/avis-legal-2\/#breadcrumb","itemListElement":[{"@type":"ListItem","position":1,"name":"Home","item":"https:\/\/bizum.com\/es\/ca\/"},{"@type":"ListItem","position":2,"name":"Av\u00eds legal"}]},{"@type":"WebSite","@id":"https:\/\/bizum.com\/es\/#website","url":"https:\/\/bizum.com\/es\/","name":"Bizum","description":"Con Bizum puedes enviar y recibir dinero entre amigos, pagar en comercios online y donar a la ONG que tu elijas, todo desde tu m\u00f3vil.","potentialAction":[{"@type":"SearchAction","target":{"@type":"EntryPoint","urlTemplate":"https:\/\/bizum.com\/es\/?s={search_term_string}"},"query-input":{"@type":"PropertyValueSpecification","valueRequired":true,"valueName":"search_term_string"}}],"inLanguage":"ca"}]}},"_links":{"self":[{"href":"https:\/\/bizum.com\/es\/ca\/wp-json\/wp\/v2\/pages\/33990","targetHints":{"allow":["GET"]}}],"collection":[{"href":"https:\/\/bizum.com\/es\/ca\/wp-json\/wp\/v2\/pages"}],"about":[{"href":"https:\/\/bizum.com\/es\/ca\/wp-json\/wp\/v2\/types\/page"}],"author":[{"embeddable":true,"href":"https:\/\/bizum.com\/es\/ca\/wp-json\/wp\/v2\/users\/14"}],"replies":[{"embeddable":true,"href":"https:\/\/bizum.com\/es\/ca\/wp-json\/wp\/v2\/comments?post=33990"}],"version-history":[{"count":1,"href":"https:\/\/bizum.com\/es\/ca\/wp-json\/wp\/v2\/pages\/33990\/revisions"}],"predecessor-version":[{"id":33991,"href":"https:\/\/bizum.com\/es\/ca\/wp-json\/wp\/v2\/pages\/33990\/revisions\/33991"}],"wp:attachment":[{"href":"https:\/\/bizum.com\/es\/ca\/wp-json\/wp\/v2\/media?parent=33990"}],"curies":[{"name":"wp","href":"https:\/\/api.w.org\/{rel}","templated":true}]}}