{"id":44922,"date":"2025-06-01T18:08:17","date_gmt":"2025-06-01T18:08:17","guid":{"rendered":"https:\/\/bizum.com\/es\/?page_id=44922"},"modified":"2025-08-13T14:23:16","modified_gmt":"2025-08-13T14:23:16","slug":"internacional","status":"publish","type":"page","link":"https:\/\/bizum.com\/es\/ca\/internacional\/","title":{"rendered":"Internacional"},"content":{"rendered":"\n<div class=\"wp-block-columns is-layout-flex wp-container-core-columns-is-layout-2c568fc7 wp-block-columns-is-layout-flex\" style=\"margin-bottom:var(--wp--preset--spacing--1-5)\">\n<div class=\"wp-block-column is-vertically-aligned-center is-layout-flow wp-block-column-is-layout-flow\">\n<h1 class=\"wp-block-heading has-xl-font-size\">Ara tamb\u00e9 podeu fer pagaments internacionals a l&#8217;instant<\/h1>\n\n\n\n<p class=\"has-text-black-500-color has-text-color has-link-color has-sm-font-size wp-elements-95c16defcdc36201790531e48db31acc\" style=\"padding-top:var(--wp--preset--spacing--2);padding-bottom:var(--wp--preset--spacing--2)\">Ja puguis enviar i rebre diners dels teus contactes de Portugal i It\u00e0lia, tan f\u00e0cil com sempre! Nom\u00e9s necessites el tel\u00e8fon, com fas entre Espanya i Andorra.   <\/p>\n\n\n\n<div class=\"wp-button-wrapper \">\n  <a class=\" wp-button f-xs has-icon icon-arrow-up-right has-button-blue-600-background-color\"\n    data-event=\"cta_activar-bizum\"\n        target=\"\"\n    href=\"https:\/\/bizum.com\/es\/ca\/persones-amb-bizum\/\"\n        class=\"align wp-block-acf-mnz-button has-background has-button-blue-600-background-color has-xs-font-size\">\n          <span class=\"cta-icon\">\n        <svg width=\"24\" height=\"24\" viewBox=\"0 0 24 24\" fill=\"none\" xmlns=\"http:\/\/www.w3.org\/2000\/svg\">\n<path d=\"M7.92308 6H18M18 6V16.0769M18 6L6 18\" stroke=\"white\" stroke-width=\"2\" stroke-linecap=\"round\" stroke-linejoin=\"round\"\/>\n<\/svg>\n      <\/span>\n    \n    <span class=\"cta-title\">\n      Activar Bizum    <\/span>\n\n  <\/a>\n<\/div><\/div>\n\n\n\n<div class=\"wp-block-column is-layout-flow wp-block-column-is-layout-flow\">\n\n<figure \n  class=\"wp-ax-image  wp-animated-image ax-image__x has-square-left  has-blue-squares ax-image__double \" \n  class=\"align wp-block-acf-mnz-animated-image\" \n  >\n  <div class=\"ax-image__item ax-image__bar-wrapper\">\n    <div class=\"ax-image__item-bar ax-image__item-bar-1\"><\/div>\n          <div class=\"ax-image__item-bar ax-image__item-bar-2\"><\/div>\n      <\/div>\n  <figure class=\"ax-image__item ax-image__figure\">\n    <img loading=\"lazy\" decoding=\"async\" width=\"616\" height=\"598\" src=\"https:\/\/bizum.com\/es\/wp-content\/uploads\/2024\/07\/aprende-a-usar-bizum.png\" class=\"attachment-full size-full\" alt=\"\" srcset=\"https:\/\/bizum.com\/es\/wp-content\/uploads\/2024\/07\/aprende-a-usar-bizum.png 616w, https:\/\/bizum.com\/es\/wp-content\/uploads\/2024\/07\/aprende-a-usar-bizum-300x291.png 300w\" sizes=\"auto, (max-width: 616px) 100vw, 616px\" \/>  <\/figure>\n<\/figure><\/div>\n<\/div>\n\n<div class=\"wp-block-columns has-background-gray-125-background-color has-background is-layout-flex wp-container-core-columns-is-layout-f144793a wp-block-columns-is-layout-flex\" style=\"border-radius:32px;padding-top:var(--wp--preset--spacing--1-5);padding-bottom:var(--wp--preset--spacing--1-5)\">\n<div class=\"wp-block-column is-layout-flow wp-block-column-is-layout-flow\">\n<h2 class=\"wp-block-heading has-l-font-size\" style=\"margin-bottom:var(--wp--preset--spacing--2)\">Solucions compatibles amb Bizum<\/h2>\n\n\n\n<p class=\"has-sm-font-size\">Gr\u00e0cies la iniciativa de col\u00b7laboraci\u00f3 entre solucions de pagaments internacionals, <a href=\"https:\/\/www.linkedin.com\/company\/europa-european-payments-alliance\/?viewAsMember=true\" target=\"_blank\" rel=\"noreferrer noopener nofollow\">EuroPA<\/a> , ja pots enviar i rebre diners entre aquestes solucions a l&#8217;instant, des de la teva app banc\u00e0ria de sempre i sense complicacions.<\/p>\n<\/div>\n\n\n\n<div class=\"wp-block-column is-vertically-aligned-top is-layout-flow wp-block-column-is-layout-flow\">\n<div class=\"wp-block-group has-background-blue-500-color has-text-color has-link-color wp-elements-5cf8487028162ac40c562dd77275f78b is-vertical is-content-justification-center is-layout-flex wp-container-core-group-is-layout-5e763914 wp-block-group-is-layout-flex\">\n<div class=\"wp-block-columns are-vertically-aligned-center has-card-white-500-background-color has-white-background-color has-background is-layout-flex wp-container-core-columns-is-layout-28f84493 wp-block-columns-is-layout-flex\" style=\"border-radius:24px\">\n<div class=\"wp-block-column is-vertically-aligned-center is-layout-flow wp-block-column-is-layout-flow\">\n<figure class=\"wp-block-image aligncenter size-large\"><img decoding=\"async\" src=\"https:\/\/bizum.com\/es\/wp-content\/uploads\/2025\/05\/bancomat.png\" alt=\"\"\/><\/figure>\n<\/div>\n<\/div>\n\n\n\n<div class=\"wp-block-columns are-vertically-aligned-center has-card-white-500-background-color has-white-background-color has-background is-layout-flex wp-container-core-columns-is-layout-f5ed822e wp-block-columns-is-layout-flex\" style=\"border-radius:24px;margin-top:var(--wp--preset--spacing--1-5)\">\n<div class=\"wp-block-column is-vertically-aligned-center is-layout-flow wp-block-column-is-layout-flow\">\n<figure class=\"wp-block-image aligncenter size-large\"><a href=\"https:\/\/www.mbway.pt\/internacional\/interligacao\/\" target=\"_blank\" rel=\" noreferrer noopener\"><img decoding=\"async\" src=\"https:\/\/bizum.com\/es\/wp-content\/uploads\/2025\/05\/mbway.png\" alt=\"\"\/><\/a><\/figure>\n<\/div>\n<\/div>\n<\/div>\n<\/div>\n<\/div>\n\n<div class=\"wp-block-columns is-layout-flex wp-container-core-columns-is-layout-91ca3140 wp-block-columns-is-layout-flex\" style=\"margin-top:var(--wp--preset--spacing--2);margin-bottom:var(--wp--preset--spacing--2)\">\n<div class=\"wp-block-column is-layout-flow wp-block-column-is-layout-flow\">\n<h2 class=\"wp-block-heading has-text-align-center has-l-font-size\">\u00bf Com fer un bizum internacional?<\/h2>\n\n\n\n<p class=\"has-text-align-center has-sm-font-size\" style=\"margin-top:var(--wp--preset--spacing--1);margin-bottom:var(--wp--preset--spacing--2)\">Tan f\u00e0cil com fer un bizum de sempre, nom\u00e9s necessites el n\u00famero de tel\u00e8fon de la persona a qui vols enviar diners.<\/p>\n\n\n\n<div class=\"wp-block-columns is-layout-flex wp-container-core-columns-is-layout-28f84493 wp-block-columns-is-layout-flex\">\n<div class=\"wp-block-column has-background-blue-600-background-color has-background is-layout-flow wp-block-column-is-layout-flow\" style=\"border-radius:80px;padding-top:40px;padding-right:40px;padding-bottom:40px;padding-left:40px\">\n<div class=\"wp-chip  wp-chip has-background-blue-500-background-color wp-chip--text\" style=\"margin-bottom:var(--wp--preset--spacing--1);\" class=\"align wp-block-acf-mnz-chip has-background has-background-blue-500-background-color\">\n  01\n<\/div>\n\n\n<p class=\"has-text-white-500-color has-text-color has-link-color has-m-font-size wp-elements-44f39c42881c8343995f19139dc8c7c5\">Accedeix a Bizum des de l&#8217;app del teu banc<\/p>\n<\/div>\n\n\n\n<div class=\"wp-block-column has-background-blue-600-background-color has-background is-layout-flow wp-block-column-is-layout-flow\" style=\"border-radius:80px;padding-top:40px;padding-right:40px;padding-bottom:40px;padding-left:40px\">\n<div class=\"wp-chip  wp-chip has-background-blue-500-background-color wp-chip--text\" style=\"margin-bottom:var(--wp--preset--spacing--1);\" class=\"align wp-block-acf-mnz-chip has-background has-background-blue-500-background-color\">\n  02\n<\/div>\n\n\n<p class=\"has-text-white-500-color has-text-color has-link-color has-m-font-size wp-elements-9a8de1b4e2a509badd21adb75b19593c\">Introdueix el n\u00famero de m\u00f2bil i l&#8217;import<\/p>\n<\/div>\n\n\n\n<div class=\"wp-block-column has-background-blue-600-background-color has-background is-layout-flow wp-block-column-is-layout-flow\" style=\"border-radius:80px;padding-top:40px;padding-right:40px;padding-bottom:40px;padding-left:40px\">\n<div class=\"wp-chip  wp-chip has-background-blue-500-background-color wp-chip--text\" style=\"margin-bottom:var(--wp--preset--spacing--1);\" class=\"align wp-block-acf-mnz-chip has-background has-background-blue-500-background-color\">\n  03\n<\/div>\n\n\n<p class=\"has-text-white-500-color has-text-color has-link-color has-m-font-size wp-elements-90efe9ee689c698b28efd95bd50f4d0c\">Punxa enviar i fes bizum!<\/p>\n<\/div>\n<\/div>\n<\/div>\n<\/div>\n\n<div class=\"wp-block-columns is-layout-flex wp-container-core-columns-is-layout-28f84493 wp-block-columns-is-layout-flex\">\n<div class=\"wp-block-column is-vertically-aligned-center is-layout-flow wp-block-column-is-layout-flow\">\n\n<figure \n  class=\"wp-ax-image  wp-animated-image ax-image__y has-square-left  has-blue-squares ax-image__double \" \n  class=\"align wp-block-acf-mnz-animated-image\" \n  >\n  <div class=\"ax-image__item ax-image__bar-wrapper\">\n    <div class=\"ax-image__item-bar ax-image__item-bar-1\"><\/div>\n          <div class=\"ax-image__item-bar ax-image__item-bar-2\"><\/div>\n      <\/div>\n  <figure class=\"ax-image__item ax-image__figure\">\n    <img loading=\"lazy\" decoding=\"async\" width=\"616\" height=\"598\" src=\"https:\/\/bizum.com\/es\/wp-content\/uploads\/2024\/07\/amigos-con-bizum.png\" class=\"attachment-full size-full\" alt=\"\" srcset=\"https:\/\/bizum.com\/es\/wp-content\/uploads\/2024\/07\/amigos-con-bizum.png 616w, https:\/\/bizum.com\/es\/wp-content\/uploads\/2024\/07\/amigos-con-bizum-300x291.png 300w\" sizes=\"auto, (max-width: 616px) 100vw, 616px\" \/>  <\/figure>\n<\/figure><\/div>\n\n\n\n<div class=\"wp-block-column is-vertically-aligned-center is-layout-flow wp-block-column-is-layout-flow\">\n<h2 class=\"wp-block-heading has-text-black-500-color has-text-color has-link-color has-l-font-size wp-elements-df5f6b263b441f1ce1c730786010daf9\">Salda comptes aqu\u00ed i all\u00e0 en 10 segons fins i tot fora d&#8217;Espanya i Andorra<\/h2>\n\n\n\n<p class=\"has-text-black-500-color has-text-color has-link-color wp-elements-a4d3ae2f016be8abe36f6d0368af6335\" style=\"padding-top:var(--wp--preset--spacing--2);padding-bottom:var(--wp--preset--spacing--2)\">Ara pots dividir despeses o tornar diners als teus amics de Portugal i It\u00e0lia, encara que no facin servir Bizum. En paga un i la resta li envia la part des del m\u00f2bil. Sense esperes, i amb total seguretat.  <\/p>\n<\/div>\n<\/div>\n\n<div class=\"wp-block-columns has-background-blue-600-background-color has-background is-layout-flex wp-container-core-columns-is-layout-91ca3140 wp-block-columns-is-layout-flex\" style=\"border-radius:32px;margin-top:var(--wp--preset--spacing--2);margin-bottom:var(--wp--preset--spacing--2)\">\n<div class=\"wp-block-column is-layout-flow wp-block-column-is-layout-flow\">\n<section class=\"slider-entidades br-ml  wp-slider-entidades has-background-white-500-color wp-elements-b17f6f9ad658e161bc59d94b15a7570c\" class=\"align wp-elements-b17f6f9ad658e161bc59d94b15a7570c wp-block-acf-mnz-slider-entidades has-text-color has-background-white-500-color\">\n  <header>\n    <div class=\"acf-innerblocks-container\">\n\n<h2 class=\"wp-block-heading has-text-white-500-color has-text-color has-link-color has-ml-font-size wp-elements-2bfcd500385b33807b52c11b99445e01\">Bancs amb qu\u00e8 podr\u00e0s enviar i rebre bizums internacionals<\/h2>\n\n\n\n<p class=\"has-text-white-500-color has-text-color has-link-color wp-elements-ae3a560f1f23ba5c95aa10dc4bdf90c4\">Selecciona el teu banc per obtenir la seva app si encara no la tens i comen\u00e7a a fer servir Bizum<\/p>\n\n\n\n<div class=\"wp-button-wrapper wp-elements-aa8fd38ddf348f74a46a8bf42cea1819\">\n  <a class=\" wp-button-link has-border-bottom has-icon is-underlined icon-arrow-up-right has-button-link-white-500-color wp-elements-aa8fd38ddf348f74a46a8bf42cea1819\"\n    data-event=\"cta_bancs\"\n        target=\"\"\n    href=\"https:\/\/bizum.com\/es\/ca\/bancs\/\"\n        style=\"margin-bottom:var(--wp--preset--spacing--2);\" class=\"align wp-elements-aa8fd38ddf348f74a46a8bf42cea1819 wp-block-acf-mnz-button-link has-text-color has-button-link-white-500-color\">\n          <span class=\"cta-icon\">\n        <svg width=\"24\" height=\"24\" viewBox=\"0 0 24 24\" fill=\"none\" xmlns=\"http:\/\/www.w3.org\/2000\/svg\">\n<path d=\"M7.92308 6H18M18 6V16.0769M18 6L6 18\" stroke=\"black\" stroke-width=\"2\" stroke-linecap=\"round\" stroke-linejoin=\"round\"\/>\n<\/svg>\n      <\/span>\n    \n    <span class=\"cta-title\">\n      Veure totes les entitats    <\/span>\n\n  <\/a>\n<\/div>\n<\/div>\n  <\/header>\n    <div class=\"slider-entidades-swiper content-entidades\"\n    data-filter=\"[153]\"\n    data-per-slide=\"5\"\n    data-display-search-form=\"false\"\n    data-autoplay=\"true\">\n  <\/div>\n<\/section><\/div>\n<\/div>\n\n<div class=\"wp-block-columns is-layout-flex wp-container-core-columns-is-layout-28f84493 wp-block-columns-is-layout-flex\">\n<div class=\"wp-block-column is-vertically-aligned-center is-layout-flow wp-block-column-is-layout-flow\">\n\n<figure \n  class=\"wp-ax-image  wp-animated-image ax-image__y has-square-left is-round has-blue-squares ax-image__double \" \n  class=\"align wp-block-acf-mnz-animated-image\" \n  >\n  <div class=\"ax-image__item ax-image__bar-wrapper\">\n    <div class=\"ax-image__item-bar ax-image__item-bar-1\"><\/div>\n          <div class=\"ax-image__item-bar ax-image__item-bar-2\"><\/div>\n      <\/div>\n  <figure class=\"ax-image__item ax-image__figure\">\n    <img loading=\"lazy\" decoding=\"async\" width=\"616\" height=\"598\" src=\"https:\/\/bizum.com\/es\/wp-content\/uploads\/2024\/07\/dudas-frecuentes-sobre-bizum-empresas.png\" class=\"attachment-full size-full\" alt=\"\" srcset=\"https:\/\/bizum.com\/es\/wp-content\/uploads\/2024\/07\/dudas-frecuentes-sobre-bizum-empresas.png 616w, https:\/\/bizum.com\/es\/wp-content\/uploads\/2024\/07\/dudas-frecuentes-sobre-bizum-empresas-300x291.png 300w\" sizes=\"auto, (max-width: 616px) 100vw, 616px\" \/>  <\/figure>\n<\/figure><\/div>\n\n\n\n<div class=\"wp-block-column is-layout-flow wp-block-column-is-layout-flow\">\n<h2 class=\"wp-block-heading has-text-black-500-color has-text-color has-link-color has-l-font-size wp-elements-3525bf7b6823f43dbfe12a0e903ef36a\">Et queden dubtes?<br\/>Revisa les nostres preguntes freq\u00fcents<\/h2>\n\n\n\n<p class=\"has-text-black-500-color has-text-color has-link-color wp-elements-f814ca3281e6127673107cc83946ac9a\" style=\"padding-top:var(--wp--preset--spacing--2);padding-bottom:var(--wp--preset--spacing--2)\">Si no trobes la resposta al teu dubte, tamb\u00e9 pots <a data-type=\"page\" data-id=\"1620\" href=\"https:\/\/bizum.com\/contacto\/\">contactar amb la teva entitat prove\u00efdora del servei perqu\u00e8 t&#8217;ajudi<\/a><\/p>\n\n\n\n<div class=\"wp-button-wrapper \">\n  <a class=\" wp-button has-button-blue-600-background-color\"\n    data-event=\"cta_preguntes-freq\u00fcents\"\n        target=\"\"\n    href=\"https:\/\/bizum.com\/es\/ca\/preguntes-frequents\/\"\n        class=\"align wp-block-acf-mnz-button has-background has-button-blue-600-background-color\">\n    \n    <span class=\"cta-title\">\n      Veure preguntes freq\u00fcents    <\/span>\n\n  <\/a>\n<\/div><\/div>\n<\/div>\n\n<p><\/p>\n","protected":false},"excerpt":{"rendered":"<p>Ara tamb\u00e9 podeu fer pagaments internacionals a l&#8217;instant Ja puguis enviar i rebre diners dels teus contactes de Portugal i It\u00e0lia, tan f\u00e0cil com sempre! Nom\u00e9s necessites el tel\u00e8fon, com fas entre Espanya i Andorra. Solucions compatibles amb Bizum Gr\u00e0cies la iniciativa de col\u00b7laboraci\u00f3 entre solucions de pagaments internacionals, EuroPA , ja pots enviar i [&hellip;]<\/p>\n","protected":false},"author":16,"featured_media":0,"parent":0,"menu_order":0,"comment_status":"closed","ping_status":"closed","template":"","meta":{"_acf_changed":false,"footnotes":""},"class_list":["post-44922","page","type-page","status-publish","hentry"],"acf":[],"yoast_head":"<!-- This site is optimized with the Yoast SEO plugin v27.4 - https:\/\/yoast.com\/product\/yoast-seo-wordpress\/ -->\n<title>Internacional - Bizum<\/title>\n<meta name=\"robots\" content=\"index, follow, max-snippet:-1, max-image-preview:large, max-video-preview:-1\" \/>\n<link rel=\"canonical\" href=\"https:\/\/bizum.com\/es\/ca\/internacional\/\" \/>\n<meta property=\"og:locale\" content=\"ca_ES\" \/>\n<meta property=\"og:type\" content=\"article\" \/>\n<meta property=\"og:title\" content=\"Internacional - Bizum\" \/>\n<meta property=\"og:description\" content=\"Ara tamb\u00e9 podeu fer pagaments internacionals a l&#8217;instant Ja puguis enviar i rebre diners dels teus contactes de Portugal i It\u00e0lia, tan f\u00e0cil com sempre! Nom\u00e9s necessites el tel\u00e8fon, com fas entre Espanya i Andorra. Solucions compatibles amb Bizum Gr\u00e0cies la iniciativa de col\u00b7laboraci\u00f3 entre solucions de pagaments internacionals, EuroPA , ja pots enviar i [&hellip;]\" \/>\n<meta property=\"og:url\" content=\"https:\/\/bizum.com\/es\/ca\/internacional\/\" \/>\n<meta property=\"og:site_name\" content=\"Bizum\" \/>\n<meta property=\"article:modified_time\" content=\"2025-08-13T14:23:16+00:00\" \/>\n<meta property=\"og:image\" content=\"https:\/\/bizum.com\/es\/wp-content\/uploads\/2025\/05\/bancomat.png\" \/>\n<meta name=\"twitter:card\" content=\"summary_large_image\" \/>\n<meta name=\"twitter:label1\" content=\"Est. reading time\" \/>\n\t<meta name=\"twitter:data1\" content=\"1 minute\" \/>\n<script type=\"application\/ld+json\" class=\"yoast-schema-graph\">{\"@context\":\"https:\\\/\\\/schema.org\",\"@graph\":[{\"@type\":\"WebPage\",\"@id\":\"https:\\\/\\\/bizum.com\\\/es\\\/ca\\\/internacional\\\/\",\"url\":\"https:\\\/\\\/bizum.com\\\/es\\\/ca\\\/internacional\\\/\",\"name\":\"Internacional - Bizum\",\"isPartOf\":{\"@id\":\"https:\\\/\\\/bizum.com\\\/es\\\/#website\"},\"primaryImageOfPage\":{\"@id\":\"https:\\\/\\\/bizum.com\\\/es\\\/ca\\\/internacional\\\/#primaryimage\"},\"image\":{\"@id\":\"https:\\\/\\\/bizum.com\\\/es\\\/ca\\\/internacional\\\/#primaryimage\"},\"thumbnailUrl\":\"https:\\\/\\\/bizum.com\\\/es\\\/wp-content\\\/uploads\\\/2025\\\/05\\\/bancomat.png\",\"datePublished\":\"2025-06-01T18:08:17+00:00\",\"dateModified\":\"2025-08-13T14:23:16+00:00\",\"breadcrumb\":{\"@id\":\"https:\\\/\\\/bizum.com\\\/es\\\/ca\\\/internacional\\\/#breadcrumb\"},\"inLanguage\":\"ca\",\"potentialAction\":[{\"@type\":\"ReadAction\",\"target\":[\"https:\\\/\\\/bizum.com\\\/es\\\/ca\\\/internacional\\\/\"]}]},{\"@type\":\"ImageObject\",\"inLanguage\":\"ca\",\"@id\":\"https:\\\/\\\/bizum.com\\\/es\\\/ca\\\/internacional\\\/#primaryimage\",\"url\":\"https:\\\/\\\/bizum.com\\\/es\\\/wp-content\\\/uploads\\\/2025\\\/05\\\/bancomat.png\",\"contentUrl\":\"https:\\\/\\\/bizum.com\\\/es\\\/wp-content\\\/uploads\\\/2025\\\/05\\\/bancomat.png\"},{\"@type\":\"BreadcrumbList\",\"@id\":\"https:\\\/\\\/bizum.com\\\/es\\\/ca\\\/internacional\\\/#breadcrumb\",\"itemListElement\":[{\"@type\":\"ListItem\",\"position\":1,\"name\":\"Home\",\"item\":\"https:\\\/\\\/bizum.com\\\/es\\\/ca\\\/\"},{\"@type\":\"ListItem\",\"position\":2,\"name\":\"Internacional\"}]},{\"@type\":\"WebSite\",\"@id\":\"https:\\\/\\\/bizum.com\\\/es\\\/#website\",\"url\":\"https:\\\/\\\/bizum.com\\\/es\\\/\",\"name\":\"Bizum\",\"description\":\"Con Bizum puedes enviar y recibir dinero entre amigos, pagar en comercios online y donar a la ONG que tu elijas, todo desde tu m\u00f3vil.\",\"potentialAction\":[{\"@type\":\"SearchAction\",\"target\":{\"@type\":\"EntryPoint\",\"urlTemplate\":\"https:\\\/\\\/bizum.com\\\/es\\\/?s={search_term_string}\"},\"query-input\":{\"@type\":\"PropertyValueSpecification\",\"valueRequired\":true,\"valueName\":\"search_term_string\"}}],\"inLanguage\":\"ca\"}]}<\/script>\n<!-- \/ Yoast SEO plugin. -->","yoast_head_json":{"title":"Internacional - Bizum","robots":{"index":"index","follow":"follow","max-snippet":"max-snippet:-1","max-image-preview":"max-image-preview:large","max-video-preview":"max-video-preview:-1"},"canonical":"https:\/\/bizum.com\/es\/ca\/internacional\/","og_locale":"ca_ES","og_type":"article","og_title":"Internacional - Bizum","og_description":"Ara tamb\u00e9 podeu fer pagaments internacionals a l&#8217;instant Ja puguis enviar i rebre diners dels teus contactes de Portugal i It\u00e0lia, tan f\u00e0cil com sempre! Nom\u00e9s necessites el tel\u00e8fon, com fas entre Espanya i Andorra. Solucions compatibles amb Bizum Gr\u00e0cies la iniciativa de col\u00b7laboraci\u00f3 entre solucions de pagaments internacionals, EuroPA , ja pots enviar i [&hellip;]","og_url":"https:\/\/bizum.com\/es\/ca\/internacional\/","og_site_name":"Bizum","article_modified_time":"2025-08-13T14:23:16+00:00","og_image":[{"url":"https:\/\/bizum.com\/es\/wp-content\/uploads\/2025\/05\/bancomat.png","type":"","width":"","height":""}],"twitter_card":"summary_large_image","twitter_misc":{"Est. reading time":"1 minute"},"schema":{"@context":"https:\/\/schema.org","@graph":[{"@type":"WebPage","@id":"https:\/\/bizum.com\/es\/ca\/internacional\/","url":"https:\/\/bizum.com\/es\/ca\/internacional\/","name":"Internacional - Bizum","isPartOf":{"@id":"https:\/\/bizum.com\/es\/#website"},"primaryImageOfPage":{"@id":"https:\/\/bizum.com\/es\/ca\/internacional\/#primaryimage"},"image":{"@id":"https:\/\/bizum.com\/es\/ca\/internacional\/#primaryimage"},"thumbnailUrl":"https:\/\/bizum.com\/es\/wp-content\/uploads\/2025\/05\/bancomat.png","datePublished":"2025-06-01T18:08:17+00:00","dateModified":"2025-08-13T14:23:16+00:00","breadcrumb":{"@id":"https:\/\/bizum.com\/es\/ca\/internacional\/#breadcrumb"},"inLanguage":"ca","potentialAction":[{"@type":"ReadAction","target":["https:\/\/bizum.com\/es\/ca\/internacional\/"]}]},{"@type":"ImageObject","inLanguage":"ca","@id":"https:\/\/bizum.com\/es\/ca\/internacional\/#primaryimage","url":"https:\/\/bizum.com\/es\/wp-content\/uploads\/2025\/05\/bancomat.png","contentUrl":"https:\/\/bizum.com\/es\/wp-content\/uploads\/2025\/05\/bancomat.png"},{"@type":"BreadcrumbList","@id":"https:\/\/bizum.com\/es\/ca\/internacional\/#breadcrumb","itemListElement":[{"@type":"ListItem","position":1,"name":"Home","item":"https:\/\/bizum.com\/es\/ca\/"},{"@type":"ListItem","position":2,"name":"Internacional"}]},{"@type":"WebSite","@id":"https:\/\/bizum.com\/es\/#website","url":"https:\/\/bizum.com\/es\/","name":"Bizum","description":"Con Bizum puedes enviar y recibir dinero entre amigos, pagar en comercios online y donar a la ONG que tu elijas, todo desde tu m\u00f3vil.","potentialAction":[{"@type":"SearchAction","target":{"@type":"EntryPoint","urlTemplate":"https:\/\/bizum.com\/es\/?s={search_term_string}"},"query-input":{"@type":"PropertyValueSpecification","valueRequired":true,"valueName":"search_term_string"}}],"inLanguage":"ca"}]}},"_links":{"self":[{"href":"https:\/\/bizum.com\/es\/ca\/wp-json\/wp\/v2\/pages\/44922","targetHints":{"allow":["GET"]}}],"collection":[{"href":"https:\/\/bizum.com\/es\/ca\/wp-json\/wp\/v2\/pages"}],"about":[{"href":"https:\/\/bizum.com\/es\/ca\/wp-json\/wp\/v2\/types\/page"}],"author":[{"embeddable":true,"href":"https:\/\/bizum.com\/es\/ca\/wp-json\/wp\/v2\/users\/16"}],"replies":[{"embeddable":true,"href":"https:\/\/bizum.com\/es\/ca\/wp-json\/wp\/v2\/comments?post=44922"}],"version-history":[{"count":24,"href":"https:\/\/bizum.com\/es\/ca\/wp-json\/wp\/v2\/pages\/44922\/revisions"}],"predecessor-version":[{"id":52542,"href":"https:\/\/bizum.com\/es\/ca\/wp-json\/wp\/v2\/pages\/44922\/revisions\/52542"}],"wp:attachment":[{"href":"https:\/\/bizum.com\/es\/ca\/wp-json\/wp\/v2\/media?parent=44922"}],"curies":[{"name":"wp","href":"https:\/\/api.w.org\/{rel}","templated":true}]}}