{"id":28241,"date":"2024-06-10T17:43:40","date_gmt":"2024-06-10T17:43:40","guid":{"rendered":"https:\/\/bizum.com\/es\/enviar-e-recibir-cartos\/"},"modified":"2025-02-19T02:57:00","modified_gmt":"2025-02-19T02:57:00","slug":"enviar-e-recibir-cartos","status":"publish","type":"page","link":"https:\/\/bizum.com\/es\/gl\/enviar-e-recibir-cartos\/","title":{"rendered":"Enviar e recibir cartos"},"content":{"rendered":"\n<div class=\"wp-block-columns is-layout-flex wp-container-core-columns-is-layout-28f84493 wp-block-columns-is-layout-flex\">\n<div class=\"wp-block-column is-vertically-aligned-center is-layout-flow wp-block-column-is-layout-flow\">\n<h2 class=\"wp-block-heading has-text-black-500-color has-text-color has-link-color has-xl-font-size wp-elements-229e3d9b8d791b3ce36d27900ed2fa93\">Env\u00eda e recibe cartos m\u00e1is r\u00e1pido que nunca<\/h2>\n\n\n\n<p class=\"has-text-gray-500-color has-text-color has-link-color wp-elements-7d87165939751640ddb9a763ab9b4fe7\" style=\"margin-top:var(--wp--preset--spacing--2);margin-bottom:var(--wp--preset--spacing--2)\">Esquece de pedir o IBAN e as transferencias que tardan d\u00edas en chegar. S\u00f3 necesitas o teu tel\u00e9fono m\u00f3bil e o n\u00famero de tel\u00e9fono da persoa \u00e1 que queres enviar o di\u00f1eiro <\/p>\n\n\n\n<div class=\"wp-button-wrapper \">\n  <a class=\" wp-button f-xs has-icon icon-arrow-up-right has-icon-after has-button-blue-600-background-color\"\n    data-event=\"cta_activate-bizum\"\n        target=\"\"\n    href=\"https:\/\/bizum.com\/es\/gl\/persoas-con-bizum\/\"\n        class=\"align wp-block-acf-mnz-button has-background has-button-blue-600-background-color has-xs-font-size\">\n          <span class=\"cta-icon\">\n        <svg width=\"24\" height=\"24\" viewBox=\"0 0 24 24\" fill=\"none\" xmlns=\"http:\/\/www.w3.org\/2000\/svg\">\n<path d=\"M7.92308 6H18M18 6V16.0769M18 6L6 18\" stroke=\"white\" stroke-width=\"2\" stroke-linecap=\"round\" stroke-linejoin=\"round\"\/>\n<\/svg>\n      <\/span>\n    \n    <span class=\"cta-title\">\n      Activa Bizum    <\/span>\n\n  <\/a>\n<\/div><\/div>\n\n\n\n<div class=\"wp-block-column is-layout-flow wp-block-column-is-layout-flow\">\n\n<figure \n  class=\"wp-ax-image  wp-animated-image ax-image__x has-square-left  has-blue-squares ax-image__double \" \n  class=\"align wp-block-acf-mnz-animated-image\" \n  >\n  <div class=\"ax-image__item ax-image__bar-wrapper\">\n    <div class=\"ax-image__item-bar ax-image__item-bar-1\"><\/div>\n          <div class=\"ax-image__item-bar ax-image__item-bar-2\"><\/div>\n      <\/div>\n  <figure class=\"ax-image__item ax-image__figure\">\n    <img loading=\"lazy\" decoding=\"async\" width=\"616\" height=\"598\" src=\"https:\/\/bizum.com\/es\/wp-content\/uploads\/2024\/07\/envia-y-recibe-dinero-con-bizum.png\" class=\"attachment-full size-full\" alt=\"\" srcset=\"https:\/\/bizum.com\/es\/wp-content\/uploads\/2024\/07\/envia-y-recibe-dinero-con-bizum.png 616w, https:\/\/bizum.com\/es\/wp-content\/uploads\/2024\/07\/envia-y-recibe-dinero-con-bizum-300x291.png 300w\" sizes=\"auto, (max-width: 616px) 100vw, 616px\" \/>  <\/figure>\n<\/figure><\/div>\n<\/div>\n\n<div class=\"wp-block-columns is-layout-flex wp-container-core-columns-is-layout-91ca3140 wp-block-columns-is-layout-flex\" style=\"margin-top:var(--wp--preset--spacing--2);margin-bottom:var(--wp--preset--spacing--2)\">\n<div class=\"wp-block-column is-layout-flow wp-block-column-is-layout-flow\">\n\n<figure \n  class=\"wp-ax-image  wp-animated-image ax-image__y has-square-left  has-blue-squares ax-image__double \" \n  class=\"align wp-block-acf-mnz-animated-image\" \n  >\n  <div class=\"ax-image__item ax-image__bar-wrapper\">\n    <div class=\"ax-image__item-bar ax-image__item-bar-1\"><\/div>\n          <div class=\"ax-image__item-bar ax-image__item-bar-2\"><\/div>\n      <\/div>\n  <figure class=\"ax-image__item ax-image__figure\">\n    <img loading=\"lazy\" decoding=\"async\" width=\"616\" height=\"598\" src=\"https:\/\/bizum.com\/es\/wp-content\/uploads\/2024\/07\/amigos-con-bizum.png\" class=\"attachment-full size-full\" alt=\"\" srcset=\"https:\/\/bizum.com\/es\/wp-content\/uploads\/2024\/07\/amigos-con-bizum.png 616w, https:\/\/bizum.com\/es\/wp-content\/uploads\/2024\/07\/amigos-con-bizum-300x291.png 300w\" sizes=\"auto, (max-width: 616px) 100vw, 616px\" \/>  <\/figure>\n<\/figure><\/div>\n\n\n\n<div class=\"wp-block-column is-vertically-aligned-center is-content-justification-right is-layout-constrained wp-container-core-column-is-layout-9238661a wp-block-column-is-layout-constrained\">\n<h2 class=\"wp-block-heading has-text-align-right has-text-black-500-color has-text-color has-link-color has-l-font-size wp-elements-43708cf395bbe818d20ce812648c85bb\">Axusta contas cos teus amigos e env\u00eda di\u00f1eiro en 10 segundos<\/h2>\n\n\n\n<p class=\"has-text-align-right has-text-gray-500-color has-text-color has-link-color wp-elements-62b96e26b53649a8224d767f1950ddec\" style=\"margin-top:var(--wp--preset--spacing--2);margin-bottom:var(--wp--preset--spacing--2)\">Esquece o momento de &#8220;quen paga a factura?&#8221;. Con Bizum pagas un e o resto env\u00edache a s\u00faa parte. Os fondos transferiranse en 10 segundos dunha conta a outra. R\u00e1pido, f\u00e1cil e seguro.   <\/p>\n<\/div>\n<\/div>\n\n<div class=\"wp-block-columns is-layout-flex wp-container-core-columns-is-layout-95cf7256 wp-block-columns-is-layout-flex\" style=\"margin-top:var(--wp--preset--spacing--4);margin-bottom:var(--wp--preset--spacing--4)\">\n<div class=\"wp-block-column is-layout-flow wp-block-column-is-layout-flow\"><div \n  class=\"wp-chip-notification  wp-chip-notifications has-background-gray-125-background-color\"\n  style=\"margin-bottom:var(--wp--preset--spacing--15);margin-left:var(--wp--preset--spacing--3);\" class=\"align wp-block-acf-mnz-chip-notification has-background has-background-gray-125-background-color\">\n  \n  <img loading=\"lazy\" decoding=\"async\" width=\"616\" height=\"598\" src=\"https:\/\/bizum.com\/es\/wp-content\/uploads\/2024\/07\/seguridad-y-proteccion-en-tus-pagos.png\" class=\"wp-chip-notification__image\" alt=\"\" srcset=\"https:\/\/bizum.com\/es\/wp-content\/uploads\/2024\/07\/seguridad-y-proteccion-en-tus-pagos.png 616w, https:\/\/bizum.com\/es\/wp-content\/uploads\/2024\/07\/seguridad-y-proteccion-en-tus-pagos-300x291.png 300w\" sizes=\"auto, (max-width: 616px) 100vw, 616px\" \/>  \n  <div class=\"acf-innerblocks-container\">\n\n<p class=\"has-text-black-500-color has-text-color has-link-color has-xs-font-size wp-elements-a47c9e95a515755687217e84b1770876\"><strong>Recibiches un Bizum de 90,50 \u20ac<\/strong><\/p>\n\n\n\n<p class=\"has-text-gray-500-color has-text-color has-link-color has-3-xs-font-size wp-elements-36e1d8c4dad69861aaba51c4b16657b0\">Carla enviouche 90,50 \u20ac para os billetes de avi\u00f3n<\/p>\n\n<\/div>\n\n<\/div>\n\n<div \n  class=\"wp-chip-notification  wp-chip-notifications has-background-gray-125-background-color\"\n  style=\"margin-bottom:var(--wp--preset--spacing--15);margin-right:var(--wp--preset--spacing--3);\" class=\"align wp-block-acf-mnz-chip-notification has-background has-background-gray-125-background-color\">\n  \n  <img loading=\"lazy\" decoding=\"async\" width=\"616\" height=\"598\" src=\"https:\/\/bizum.com\/es\/wp-content\/uploads\/2024\/07\/bizum-para-empresas.png\" class=\"wp-chip-notification__image\" alt=\"\" srcset=\"https:\/\/bizum.com\/es\/wp-content\/uploads\/2024\/07\/bizum-para-empresas.png 616w, https:\/\/bizum.com\/es\/wp-content\/uploads\/2024\/07\/bizum-para-empresas-300x291.png 300w\" sizes=\"auto, (max-width: 616px) 100vw, 616px\" \/>  \n  <div class=\"acf-innerblocks-container\">\n\n<p class=\"has-text-black-500-color has-text-color has-link-color has-xs-font-size wp-elements-70b8475127baa8b2425d88e02fa9d4e4\"><strong>Enviaches un Bizum de 34,80 \u20ac<\/strong><\/p>\n\n\n\n<p class=\"has-text-black-500-color has-text-color has-link-color has-3-xs-font-size wp-elements-99c915445523bb4c4e23cc74941b3ab8\">Martina enviouche 34,80 \u20ac para a cea de Nadal<\/p>\n\n<\/div>\n\n<\/div>\n\n<div \n  class=\"wp-chip-notification  wp-chip-notifications has-background-gray-125-background-color\"\n  style=\"margin-left:var(--wp--preset--spacing--3);\" class=\"align wp-block-acf-mnz-chip-notification has-background has-background-gray-125-background-color\">\n  \n  <img loading=\"lazy\" decoding=\"async\" width=\"616\" height=\"598\" src=\"https:\/\/bizum.com\/es\/wp-content\/uploads\/2024\/07\/preguntas-sobre-bizum.png\" class=\"wp-chip-notification__image\" alt=\"\" srcset=\"https:\/\/bizum.com\/es\/wp-content\/uploads\/2024\/07\/preguntas-sobre-bizum.png 616w, https:\/\/bizum.com\/es\/wp-content\/uploads\/2024\/07\/preguntas-sobre-bizum-300x291.png 300w\" sizes=\"auto, (max-width: 616px) 100vw, 616px\" \/>  \n  <div class=\"acf-innerblocks-container\">\n\n<p class=\"has-text-black-500-color has-text-color has-link-color has-xs-font-size wp-elements-c64ceb53817673c3bc6530991e8f8856\"><strong>Recibiches un Bizum de 6,00 \u20ac<\/strong><\/p>\n\n\n\n<p class=\"has-text-black-500-color has-text-color has-link-color has-3-xs-font-size wp-elements-45fa3b974912f4b2c7550bc532d58c79\">Diego enviouche 6,00 \u20ac para un caf\u00e9 na oficina<\/p>\n\n<\/div>\n\n<\/div><\/div>\n\n\n\n<div class=\"wp-block-column is-layout-flow wp-block-column-is-layout-flow\">\n<h2 class=\"wp-block-heading has-text-black-500-color has-text-color has-link-color has-l-font-size wp-elements-0b17073b53386b3ada54a724f01a75ab\">Solicita di\u00f1eiro e rec\u00edbeo ao instante na t\u00faa conta<\/h2>\n\n\n\n<div id=\"block_04a7fb1a42054cc9c2f101b2a2b4d4d9\"\n  class=\"default-tabs horizontal-tabs\"\n  style=\"margin-top:var(--wp--preset--spacing--2);margin-bottom:var(--wp--preset--spacing--2);\" class=\"wp-block-acf-mnz-horizontal-tabs\">\n      <div class=\"default-tabs-navigation horizontal-tabs-navigation default-tabs-navigation__underline\">\n      <ul>\n                  <li>\n            <a href=\"#\" id=\"block_04a7fb1a42054cc9c2f101b2a2b4d4d9-tab-0\" class=\"has-sm-font-size icon-ayuda\">\n                            Como solicitar un Bizum?            <\/a>\n          <\/li>\n                  <li>\n            <a href=\"#\" id=\"block_04a7fb1a42054cc9c2f101b2a2b4d4d9-tab-1\" class=\"has-sm-font-size icon-isotipo\">\n                            Ped\u00edronche cartos?            <\/a>\n          <\/li>\n              <\/ul>\n    <\/div>\n    <div class=\"default-tabs-content horizontal-tabs-content horizontal-tabs-content-front-end default-tabs-content-front-end\">\n    <div class=\"acf-innerblocks-container\">\n\n<div class=\"tab-item p-2\">\n  <div class=\"acf-innerblocks-container\">\n\n<p>Entra na secci\u00f3n Bizum da t\u00faa aplicaci\u00f3n bancaria, fai clic na opci\u00f3n de solicitar un Bizum, introduce o importe e o destinatario. Ela ter\u00e1 7 d\u00edas para aceptar a operaci\u00f3n antes de que caduque. <\/p>\n\n<\/div>\n<\/div>\n\n\n<div class=\"tab-item p-2\">\n  <div class=\"acf-innerblocks-container\">\n\n<p>Recibir\u00e1s unha notificaci\u00f3n da aplicaci\u00f3n do teu banco. Lea atentamente a mensaxe e acceda aos detalles da transacci\u00f3n. Se tes d\u00fabidas, rexeita a solicitude. Ata que aceptes o pago, o di\u00f1eiro non se mover\u00e1 da t\u00faa conta.   <\/p>\n\n<\/div>\n<\/div>\n<\/div>\n  <\/div>\n<\/div><\/div>\n<\/div>\n\n<div class=\"wp-block-columns has-white-100-color has-background-blue-600-background-color has-text-color has-background has-link-color wp-elements-175978a315342b5a2d07bb2a5ac4c696 is-layout-flex wp-container-core-columns-is-layout-65e6a6df wp-block-columns-is-layout-flex\" style=\"border-radius:32px;margin-top:var(--wp--preset--spacing--2);margin-bottom:var(--wp--preset--spacing--2);padding-top:var(--wp--preset--spacing--2);padding-right:var(--wp--preset--spacing--2);padding-bottom:0;padding-left:var(--wp--preset--spacing--2)\">\n<div class=\"wp-block-column is-layout-flow wp-block-column-is-layout-flow\">\n<h2 class=\"wp-block-heading has-text-white-500-color has-text-color has-link-color has-l-font-size wp-elements-7c54ad1e2b9a2c37188579f3bbfc61e9\" style=\"margin-bottom:var(--wp--preset--spacing--2)\">Como usar Bizum na t\u00faa aplicaci\u00f3n bancaria?<\/h2>\n\n\n\n<div class=\"wp-block-columns is-layout-flex wp-container-core-columns-is-layout-7c4e7372 wp-block-columns-is-layout-flex\" style=\"padding-bottom:var(--wp--preset--spacing--2)\">\n<div class=\"wp-block-column is-layout-flow wp-block-column-is-layout-flow\" style=\"flex-basis:25%\">\n<div class=\"wp-chip  wp-chip has-background-blue-500-background-color wp-chip--text\" class=\"align wp-block-acf-mnz-chip has-background has-background-blue-500-background-color\">\n  01\n<\/div><\/div>\n\n\n\n<div class=\"wp-block-column is-layout-flow wp-block-column-is-layout-flow\">\n<p class=\"has-text-white-500-color has-text-color has-link-color has-m-font-size wp-elements-a32d0b980cfc304e71f23b2de48a0c39\" style=\"margin-bottom:var(--wp--preset--spacing--05)\"><strong>Seleccione o seu banco<\/strong><\/p>\n\n\n\n<p class=\"has-text-white-500-color has-text-color has-link-color wp-elements-70e6900a8f93d5fc0a41615fbcb08750\"><a href=\"https:\/\/bizum.com\/entidades-bancarias\/\" data-type=\"page\" data-id=\"1439\">Consulta a lista de bancos<\/a> que te\u00f1en Bizum e busca o teu  <\/p>\n<\/div>\n<\/div>\n\n\n\n<div class=\"wp-block-columns is-layout-flex wp-container-core-columns-is-layout-7c4e7372 wp-block-columns-is-layout-flex\" style=\"padding-bottom:var(--wp--preset--spacing--2)\">\n<div class=\"wp-block-column is-layout-flow wp-block-column-is-layout-flow\" style=\"flex-basis:25%\">\n<div class=\"wp-chip  wp-chip has-background-blue-500-background-color wp-chip--text\" class=\"align wp-block-acf-mnz-chip has-background has-background-blue-500-background-color\">\n  02\n<\/div><\/div>\n\n\n\n<div class=\"wp-block-column is-layout-flow wp-block-column-is-layout-flow\">\n<p class=\"has-text-white-500-color has-text-color has-link-color has-m-font-size wp-elements-ea55a6eb253ac725ac3569f445e510fd\" style=\"margin-bottom:var(--wp--preset--spacing--05)\"><strong>Descarga a s\u00faa aplicaci\u00f3n<\/strong><\/p>\n\n\n\n<p class=\"has-text-white-500-color has-text-color has-link-color wp-elements-df8819a42ebaf1a65dac2be41be17ec0\">Siga as instruci\u00f3ns dadas para descargar a aplicaci\u00f3n<\/p>\n<\/div>\n<\/div>\n\n\n\n<div class=\"wp-block-columns is-layout-flex wp-container-core-columns-is-layout-7c4e7372 wp-block-columns-is-layout-flex\" style=\"padding-bottom:var(--wp--preset--spacing--2)\">\n<div class=\"wp-block-column is-layout-flow wp-block-column-is-layout-flow\" style=\"flex-basis:25%\">\n<div class=\"wp-chip  wp-chip has-background-blue-500-background-color wp-chip--text\" class=\"align wp-block-acf-mnz-chip has-background has-background-blue-500-background-color\">\n  03\n<\/div><\/div>\n\n\n\n<div class=\"wp-block-column is-layout-flow wp-block-column-is-layout-flow\">\n<p class=\"has-text-white-500-color has-text-color has-link-color has-m-font-size wp-elements-51077f501b9a978f991edc3481edf110\" style=\"margin-bottom:var(--wp--preset--spacing--05)\">Accede e busca Bizum<\/p>\n\n\n\n<p class=\"has-text-white-500-color has-text-color has-link-color wp-elements-ba40938177710f83a628a6b58b95beec\">Identif\u00edcate, busca a opci\u00f3n \u201cenviar e recibir cartos con Bizum\u201d, activa o servizo e listo.<\/p>\n<\/div>\n<\/div>\n\n\n\n<div class=\"wp-button-wrapper wp-elements-70eced19e1b27d6887b456041931090f\">\n  <a class=\" wp-button-link has-border-bottom has-icon is-underlined has-icon-after icon-arrow-up-right has-button-link-white-500-color wp-elements-70eced19e1b27d6887b456041931090f\"\n    data-event=\"texto_m\u00e1is-informaci\u00f3n\"\n        target=\"\"\n    href=\"https:\/\/bizum.com\/es\/gl\/persoas-con-bizum\/\"\n        style=\"margin-top:var(--wp--preset--spacing--1);margin-bottom:var(--wp--preset--spacing--2);\" class=\"align wp-elements-70eced19e1b27d6887b456041931090f wp-block-acf-mnz-button-link has-text-color has-button-link-white-500-color\">\n          <span class=\"cta-icon\">\n        <svg width=\"24\" height=\"24\" viewBox=\"0 0 24 24\" fill=\"none\" xmlns=\"http:\/\/www.w3.org\/2000\/svg\">\n<path d=\"M7.92308 6H18M18 6V16.0769M18 6L6 18\" stroke=\"black\" stroke-width=\"2\" stroke-linecap=\"round\" stroke-linejoin=\"round\"\/>\n<\/svg>\n      <\/span>\n    \n    <span class=\"cta-title\">\n      Ver m\u00e1is informaci\u00f3n    <\/span>\n\n  <\/a>\n<\/div><\/div>\n\n\n\n<div class=\"wp-block-column is-layout-flow wp-block-column-is-layout-flow\">\n<div id=\"scroll-entidades\"\n  data-filter=\"null\">\n<\/div><\/div>\n<\/div>\n\n<p><\/p>\n\n<div class=\"wp-block-columns is-layout-flex wp-container-core-columns-is-layout-28f84493 wp-block-columns-is-layout-flex\">\n<div class=\"wp-block-column is-vertically-aligned-center is-layout-flow wp-block-column-is-layout-flow\">\n<h2 class=\"wp-block-heading has-text-black-500-color has-text-color has-link-color has-l-font-size wp-elements-11667b1ec7630bcc1483f0e6e352bddc\">M\u00e1is d\u00fabidas? Consulta as nosas preguntas frecuentes<\/h2>\n\n\n\n<p class=\"has-text-gray-500-color has-text-color has-link-color wp-elements-be48883d9c267e8fe095b8cbc7c03a1d\" style=\"margin-top:var(--wp--preset--spacing--2);margin-bottom:var(--wp--preset--spacing--2)\">Se non atopas a resposta \u00e1 t\u00faa pregunta, tam\u00e9n podes <a href=\"https:\/\/bizum.com\/contacto\/\" data-type=\"page\" data-id=\"1620\">contactar co teu fornecedor de servizos para que che axude.<\/a><\/p>\n\n\n\n<div class=\"wp-button-wrapper \">\n  <a class=\" wp-button has-icon icon-arrow-up-right has-icon-after has-button-blue-600-background-color\"\n    data-event=\"null\"\n        target=\"\"\n    href=\"https:\/\/bizum.com\/es\/gl\/preguntas-frecuentes\/\"\n        class=\"align wp-block-acf-mnz-button has-background has-button-blue-600-background-color\">\n          <span class=\"cta-icon\">\n        <svg width=\"24\" height=\"24\" viewBox=\"0 0 24 24\" fill=\"none\" xmlns=\"http:\/\/www.w3.org\/2000\/svg\">\n<path d=\"M7.92308 6H18M18 6V16.0769M18 6L6 18\" stroke=\"white\" stroke-width=\"2\" stroke-linecap=\"round\" stroke-linejoin=\"round\"\/>\n<\/svg>\n      <\/span>\n    \n    <span class=\"cta-title\">\n      Consulta as preguntas m\u00e1is frecuentes    <\/span>\n\n  <\/a>\n<\/div><\/div>\n\n\n\n<div class=\"wp-block-column is-layout-flow wp-block-column-is-layout-flow\">\n\n<figure \n  class=\"wp-ax-image  wp-animated-image ax-image__y has-square-left is-round has-blue-squares ax-image__double \" \n  class=\"align wp-block-acf-mnz-animated-image\" \n  >\n  <div class=\"ax-image__item ax-image__bar-wrapper\">\n    <div class=\"ax-image__item-bar ax-image__item-bar-1\"><\/div>\n          <div class=\"ax-image__item-bar ax-image__item-bar-2\"><\/div>\n      <\/div>\n  <figure class=\"ax-image__item ax-image__figure\">\n    <img loading=\"lazy\" decoding=\"async\" width=\"616\" height=\"598\" src=\"https:\/\/bizum.com\/es\/wp-content\/uploads\/2024\/07\/preguntas-sobre-bizum.png\" class=\"attachment-full size-full\" alt=\"\" srcset=\"https:\/\/bizum.com\/es\/wp-content\/uploads\/2024\/07\/preguntas-sobre-bizum.png 616w, https:\/\/bizum.com\/es\/wp-content\/uploads\/2024\/07\/preguntas-sobre-bizum-300x291.png 300w\" sizes=\"auto, (max-width: 616px) 100vw, 616px\" \/>  <\/figure>\n<\/figure><\/div>\n<\/div>\n","protected":false},"excerpt":{"rendered":"<p>Env\u00eda e recibe cartos m\u00e1is r\u00e1pido que nunca Esquece de pedir o IBAN e as transferencias que tardan d\u00edas en chegar. S\u00f3 necesitas o teu tel\u00e9fono m\u00f3bil e o n\u00famero de tel\u00e9fono da persoa \u00e1 que queres enviar o di\u00f1eiro Axusta contas cos teus amigos e env\u00eda di\u00f1eiro en 10 segundos Esquece o momento de [&hellip;]<\/p>\n","protected":false},"author":14,"featured_media":0,"parent":0,"menu_order":0,"comment_status":"closed","ping_status":"closed","template":"","meta":{"_acf_changed":false,"footnotes":""},"class_list":["post-28241","page","type-page","status-publish","hentry"],"acf":[],"yoast_head":"<!-- This site is optimized with the Yoast SEO plugin v27.5 - https:\/\/yoast.com\/product\/yoast-seo-wordpress\/ -->\n<title>Fai un bitum: env\u00eda e recibe di\u00f1eiro ao instante desde o teu m\u00f3bil<\/title>\n<meta name=\"description\" content=\"Agora podes enviar e recibir pagos entre familiares e amigos, s\u00f3 necesitas o teu tel\u00e9fono m\u00f3bil e uns segundos para axustar as contas.\" \/>\n<meta name=\"robots\" content=\"index, follow, max-snippet:-1, max-image-preview:large, max-video-preview:-1\" \/>\n<link rel=\"canonical\" href=\"https:\/\/bizum.com\/es\/gl\/enviar-e-recibir-cartos\/\" \/>\n<meta property=\"og:locale\" content=\"gl_ES\" \/>\n<meta property=\"og:type\" content=\"article\" \/>\n<meta property=\"og:title\" content=\"Fai un bitum: env\u00eda e recibe di\u00f1eiro ao instante desde o teu m\u00f3bil\" \/>\n<meta property=\"og:description\" content=\"Agora podes enviar e recibir pagos entre familiares e amigos, s\u00f3 necesitas o teu tel\u00e9fono m\u00f3bil e uns segundos para axustar as contas.\" \/>\n<meta property=\"og:url\" content=\"https:\/\/bizum.com\/es\/gl\/enviar-e-recibir-cartos\/\" \/>\n<meta property=\"og:site_name\" content=\"Bizum\" \/>\n<meta property=\"article:modified_time\" content=\"2025-02-19T02:57:00+00:00\" \/>\n<meta name=\"twitter:card\" content=\"summary_large_image\" \/>\n<meta name=\"twitter:label1\" content=\"Est. reading time\" \/>\n\t<meta name=\"twitter:data1\" content=\"2 minutes\" \/>\n<script type=\"application\/ld+json\" class=\"yoast-schema-graph\">{\"@context\":\"https:\\\/\\\/schema.org\",\"@graph\":[{\"@type\":\"WebPage\",\"@id\":\"https:\\\/\\\/bizum.com\\\/es\\\/gl\\\/enviar-e-recibir-cartos\\\/\",\"url\":\"https:\\\/\\\/bizum.com\\\/es\\\/gl\\\/enviar-e-recibir-cartos\\\/\",\"name\":\"Fai un bitum: env\u00eda e recibe di\u00f1eiro ao instante desde o teu m\u00f3bil\",\"isPartOf\":{\"@id\":\"https:\\\/\\\/bizum.com\\\/es\\\/#website\"},\"datePublished\":\"2024-06-10T17:43:40+00:00\",\"dateModified\":\"2025-02-19T02:57:00+00:00\",\"description\":\"Agora podes enviar e recibir pagos entre familiares e amigos, s\u00f3 necesitas o teu tel\u00e9fono m\u00f3bil e uns segundos para axustar as contas.\",\"breadcrumb\":{\"@id\":\"https:\\\/\\\/bizum.com\\\/es\\\/gl\\\/enviar-e-recibir-cartos\\\/#breadcrumb\"},\"inLanguage\":\"gl-ES\",\"potentialAction\":[{\"@type\":\"ReadAction\",\"target\":[\"https:\\\/\\\/bizum.com\\\/es\\\/gl\\\/enviar-e-recibir-cartos\\\/\"]}]},{\"@type\":\"BreadcrumbList\",\"@id\":\"https:\\\/\\\/bizum.com\\\/es\\\/gl\\\/enviar-e-recibir-cartos\\\/#breadcrumb\",\"itemListElement\":[{\"@type\":\"ListItem\",\"position\":1,\"name\":\"Home\",\"item\":\"https:\\\/\\\/bizum.com\\\/es\\\/gl\\\/\"},{\"@type\":\"ListItem\",\"position\":2,\"name\":\"Enviar e recibir cartos\"}]},{\"@type\":\"WebSite\",\"@id\":\"https:\\\/\\\/bizum.com\\\/es\\\/#website\",\"url\":\"https:\\\/\\\/bizum.com\\\/es\\\/\",\"name\":\"Bizum\",\"description\":\"Con Bizum puedes enviar y recibir dinero entre amigos, pagar en comercios online y donar a la ONG que tu elijas, todo desde tu m\u00f3vil.\",\"potentialAction\":[{\"@type\":\"SearchAction\",\"target\":{\"@type\":\"EntryPoint\",\"urlTemplate\":\"https:\\\/\\\/bizum.com\\\/es\\\/?s={search_term_string}\"},\"query-input\":{\"@type\":\"PropertyValueSpecification\",\"valueRequired\":true,\"valueName\":\"search_term_string\"}}],\"inLanguage\":\"gl-ES\"}]}<\/script>\n<!-- \/ Yoast SEO plugin. -->","yoast_head_json":{"title":"Fai un bitum: env\u00eda e recibe di\u00f1eiro ao instante desde o teu m\u00f3bil","description":"Agora podes enviar e recibir pagos entre familiares e amigos, s\u00f3 necesitas o teu tel\u00e9fono m\u00f3bil e uns segundos para axustar as contas.","robots":{"index":"index","follow":"follow","max-snippet":"max-snippet:-1","max-image-preview":"max-image-preview:large","max-video-preview":"max-video-preview:-1"},"canonical":"https:\/\/bizum.com\/es\/gl\/enviar-e-recibir-cartos\/","og_locale":"gl_ES","og_type":"article","og_title":"Fai un bitum: env\u00eda e recibe di\u00f1eiro ao instante desde o teu m\u00f3bil","og_description":"Agora podes enviar e recibir pagos entre familiares e amigos, s\u00f3 necesitas o teu tel\u00e9fono m\u00f3bil e uns segundos para axustar as contas.","og_url":"https:\/\/bizum.com\/es\/gl\/enviar-e-recibir-cartos\/","og_site_name":"Bizum","article_modified_time":"2025-02-19T02:57:00+00:00","twitter_card":"summary_large_image","twitter_misc":{"Est. reading time":"2 minutes"},"schema":{"@context":"https:\/\/schema.org","@graph":[{"@type":"WebPage","@id":"https:\/\/bizum.com\/es\/gl\/enviar-e-recibir-cartos\/","url":"https:\/\/bizum.com\/es\/gl\/enviar-e-recibir-cartos\/","name":"Fai un bitum: env\u00eda e recibe di\u00f1eiro ao instante desde o teu m\u00f3bil","isPartOf":{"@id":"https:\/\/bizum.com\/es\/#website"},"datePublished":"2024-06-10T17:43:40+00:00","dateModified":"2025-02-19T02:57:00+00:00","description":"Agora podes enviar e recibir pagos entre familiares e amigos, s\u00f3 necesitas o teu tel\u00e9fono m\u00f3bil e uns segundos para axustar as contas.","breadcrumb":{"@id":"https:\/\/bizum.com\/es\/gl\/enviar-e-recibir-cartos\/#breadcrumb"},"inLanguage":"gl-ES","potentialAction":[{"@type":"ReadAction","target":["https:\/\/bizum.com\/es\/gl\/enviar-e-recibir-cartos\/"]}]},{"@type":"BreadcrumbList","@id":"https:\/\/bizum.com\/es\/gl\/enviar-e-recibir-cartos\/#breadcrumb","itemListElement":[{"@type":"ListItem","position":1,"name":"Home","item":"https:\/\/bizum.com\/es\/gl\/"},{"@type":"ListItem","position":2,"name":"Enviar e recibir cartos"}]},{"@type":"WebSite","@id":"https:\/\/bizum.com\/es\/#website","url":"https:\/\/bizum.com\/es\/","name":"Bizum","description":"Con Bizum puedes enviar y recibir dinero entre amigos, pagar en comercios online y donar a la ONG que tu elijas, todo desde tu m\u00f3vil.","potentialAction":[{"@type":"SearchAction","target":{"@type":"EntryPoint","urlTemplate":"https:\/\/bizum.com\/es\/?s={search_term_string}"},"query-input":{"@type":"PropertyValueSpecification","valueRequired":true,"valueName":"search_term_string"}}],"inLanguage":"gl-ES"}]}},"_links":{"self":[{"href":"https:\/\/bizum.com\/es\/gl\/wp-json\/wp\/v2\/pages\/28241","targetHints":{"allow":["GET"]}}],"collection":[{"href":"https:\/\/bizum.com\/es\/gl\/wp-json\/wp\/v2\/pages"}],"about":[{"href":"https:\/\/bizum.com\/es\/gl\/wp-json\/wp\/v2\/types\/page"}],"author":[{"embeddable":true,"href":"https:\/\/bizum.com\/es\/gl\/wp-json\/wp\/v2\/users\/14"}],"replies":[{"embeddable":true,"href":"https:\/\/bizum.com\/es\/gl\/wp-json\/wp\/v2\/comments?post=28241"}],"version-history":[{"count":11,"href":"https:\/\/bizum.com\/es\/gl\/wp-json\/wp\/v2\/pages\/28241\/revisions"}],"predecessor-version":[{"id":37031,"href":"https:\/\/bizum.com\/es\/gl\/wp-json\/wp\/v2\/pages\/28241\/revisions\/37031"}],"wp:attachment":[{"href":"https:\/\/bizum.com\/es\/gl\/wp-json\/wp\/v2\/media?parent=28241"}],"curies":[{"name":"wp","href":"https:\/\/api.w.org\/{rel}","templated":true}]}}