{"id":28247,"date":"2024-06-10T15:56:41","date_gmt":"2024-06-10T15:56:41","guid":{"rendered":"https:\/\/bizum.com\/es\/bancos-con-bizum\/"},"modified":"2024-12-06T03:37:26","modified_gmt":"2024-12-06T03:37:26","slug":"bancos-con-bizum","status":"publish","type":"page","link":"https:\/\/bizum.com\/es\/gl\/bancos-con-bizum\/","title":{"rendered":"Entidades bancarias"},"content":{"rendered":"\n<div class=\"wp-block-columns is-layout-flex wp-container-core-columns-is-layout-28f84493 wp-block-columns-is-layout-flex\">\n<div class=\"wp-block-column is-vertically-aligned-center is-layout-flow wp-block-column-is-layout-flow\">\n<h2 class=\"wp-block-heading has-text-black-500-color has-text-color has-link-color has-xl-font-size wp-elements-533b4050cfefa45dcae39995f5292c74\">Co\u00f1eces os bancos<br\/> con Bizum?<\/h2>\n\n\n\n<p class=\"has-text-gray-500-color has-text-color has-link-color wp-elements-56c5b315cb3bc9b58a0898ab90293514\" style=\"margin-top:var(--wp--preset--spacing--2);margin-bottom:var(--wp--preset--spacing--2)\">Bizum \u00e9 unha iniciativa dos bancos espa\u00f1ois, por iso a maior\u00eda deles xa ofrecen as nosas soluci\u00f3ns. Busca o teu e activa Bizum <\/p>\n<\/div>\n\n\n\n<div class=\"wp-block-column is-layout-flow wp-block-column-is-layout-flow\">\n\n<figure \n  class=\"wp-ax-image  wp-animated-image ax-image__y has-square-right  has-blue-squares ax-image__double \" \n  class=\"align wp-block-acf-mnz-animated-image\" \n  >\n  <div class=\"ax-image__item ax-image__bar-wrapper\">\n    <div class=\"ax-image__item-bar ax-image__item-bar-1\"><\/div>\n          <div class=\"ax-image__item-bar ax-image__item-bar-2\"><\/div>\n      <\/div>\n  <figure class=\"ax-image__item ax-image__figure\">\n    <img loading=\"lazy\" decoding=\"async\" width=\"616\" height=\"598\" src=\"https:\/\/bizum.com\/es\/wp-content\/uploads\/2024\/07\/bancos-con-bizum.png\" class=\"attachment-full size-full\" alt=\"\" srcset=\"https:\/\/bizum.com\/es\/wp-content\/uploads\/2024\/07\/bancos-con-bizum.png 616w, https:\/\/bizum.com\/es\/wp-content\/uploads\/2024\/07\/bancos-con-bizum-300x291.png 300w\" sizes=\"auto, (max-width: 616px) 100vw, 616px\" \/>  <\/figure>\n<\/figure><\/div>\n<\/div>\n\n<div id=\"content-entidades\"\n  data-filter=\"[53]\"\n  data-show-total=\"true\" \n  data-display-search-form=\"true\"\n  class=\"content-entidades\n  content-entidades-items-with-shadow\">\n<\/div>\n<div class=\"wp-block-columns has-white-100-color has-background-blue-600-background-color has-text-color has-background has-link-color wp-elements-e5e3e023c9f17e87005fbc1d95a4f52a is-layout-flex wp-container-core-columns-is-layout-966ac77c wp-block-columns-is-layout-flex\" style=\"border-radius:32px;margin-top:var(--wp--preset--spacing--2);margin-bottom:var(--wp--preset--spacing--2);padding-top:var(--wp--preset--spacing--2);padding-right:var(--wp--preset--spacing--2);padding-bottom:var(--wp--preset--spacing--2);padding-left:var(--wp--preset--spacing--2)\">\n<div class=\"wp-block-column is-layout-flow wp-block-column-is-layout-flow\">\n<h2 class=\"wp-block-heading has-text-white-500-color has-text-color has-link-color has-l-font-size wp-elements-459d84a5c42a81cffefd78ecca055f96\" style=\"padding-bottom:var(--wp--preset--spacing--2)\">Como usar Bizum<br\/> na aplicaci\u00f3n do teu banco?<\/h2>\n\n\n\n<div class=\"wp-block-columns is-layout-flex wp-container-core-columns-is-layout-28f84493 wp-block-columns-is-layout-flex\">\n<div class=\"wp-block-column is-layout-flow wp-block-column-is-layout-flow\">\n<div class=\"wp-chip  wp-chip has-background-blue-500-background-color wp-chip--text\" style=\"margin-bottom:var(--wp--preset--spacing--15);\" class=\"align wp-block-acf-mnz-chip has-background has-background-blue-500-background-color\">\n  01\n<\/div>\n\n\n<p class=\"has-text-white-500-color has-text-color has-link-color has-m-font-size wp-elements-128209242352bfc67b40d9afd5cb9126\" style=\"padding-bottom:var(--wp--preset--spacing--1)\"><strong>Seleccione o seu banco<\/strong><\/p>\n\n\n\n<p class=\"has-text-white-500-color has-text-color has-link-color wp-elements-87f1411bf9d0180ae5371df80da226d9\">Consulta a lista de bancos que traballan con Bizum e atopa o teu<\/p>\n<\/div>\n\n\n\n<div class=\"wp-block-column is-layout-flow wp-block-column-is-layout-flow\">\n<div class=\"wp-chip  wp-chip has-background-blue-500-background-color wp-chip--text\" style=\"margin-bottom:var(--wp--preset--spacing--15);\" class=\"align wp-block-acf-mnz-chip has-background has-background-blue-500-background-color\">\n  02\n<\/div>\n\n\n<p class=\"has-text-white-500-color has-text-color has-link-color has-m-font-size wp-elements-c4bebe487485a9d5f7112b7921c7d00d\" style=\"padding-bottom:var(--wp--preset--spacing--1)\"><strong>Descarga a s\u00faa aplicaci\u00f3n<\/strong><\/p>\n\n\n\n<p class=\"has-text-white-500-color has-text-color has-link-color wp-elements-67b991ba4e97355f0044e1b1eb843e3f\">Se a\u00ednda non o tes. Podes acceder \u00e1 descarga dende a s\u00faa p\u00e1xina web ou desde a tenda de aplicaci\u00f3ns <\/p>\n<\/div>\n\n\n\n<div class=\"wp-block-column is-layout-flow wp-block-column-is-layout-flow\">\n<div class=\"wp-chip  wp-chip has-background-blue-500-background-color wp-chip--text\" style=\"margin-bottom:var(--wp--preset--spacing--15);\" class=\"align wp-block-acf-mnz-chip has-background has-background-blue-500-background-color\">\n  03\n<\/div>\n\n\n<p class=\"has-text-white-500-color has-text-color has-link-color has-m-font-size wp-elements-0ec1e084db3351e839ff37982acad59e\" style=\"margin-bottom:var(--wp--preset--spacing--1)\"><strong>Entra na aplicaci\u00f3n e act\u00edvaa!<\/strong><\/p>\n\n\n\n<p class=\"has-text-white-500-color has-text-color has-link-color wp-elements-ce2bc74faf9009b49eb0a68bca68fc12\">Busca a opci\u00f3n de enviar e recibir cartos con Bizum e activa o servizo co n\u00famero de tel\u00e9fono asociado \u00e1 t\u00faa conta<\/p>\n<\/div>\n<\/div>\n<\/div>\n<\/div>\n\n<div class=\"wp-block-columns is-layout-flex wp-container-core-columns-is-layout-28f84493 wp-block-columns-is-layout-flex\">\n<div class=\"wp-block-column is-vertically-aligned-center is-layout-flow wp-block-column-is-layout-flow\">\n<h2 class=\"wp-block-heading has-text-black-500-color has-text-color has-link-color has-l-font-size wp-elements-11667b1ec7630bcc1483f0e6e352bddc\">M\u00e1is d\u00fabidas? Consulta as nosas preguntas frecuentes<\/h2>\n\n\n\n<p class=\"has-text-gray-500-color has-text-color has-link-color wp-elements-be48883d9c267e8fe095b8cbc7c03a1d\" style=\"margin-top:var(--wp--preset--spacing--2);margin-bottom:var(--wp--preset--spacing--2)\">Se non atopas a resposta \u00e1 t\u00faa pregunta, tam\u00e9n podes <a href=\"https:\/\/bizum.com\/contacto\/\" data-type=\"page\" data-id=\"1620\">contactar co teu fornecedor de servizos para que che axude.<\/a><\/p>\n\n\n\n<div class=\"wp-button-wrapper \">\n  <a class=\" wp-button has-icon icon-arrow-up-right has-icon-after has-button-blue-600-background-color\"\n    data-event=\"cta_preguntas-frecuentes\"\n        target=\"\"\n    href=\"https:\/\/bizum.com\/es\/gl\/preguntas-frecuentes\/\"\n        class=\"align wp-block-acf-mnz-button has-background has-button-blue-600-background-color\">\n          <span class=\"cta-icon\">\n        <svg width=\"24\" height=\"24\" viewBox=\"0 0 24 24\" fill=\"none\" xmlns=\"http:\/\/www.w3.org\/2000\/svg\">\n<path d=\"M7.92308 6H18M18 6V16.0769M18 6L6 18\" stroke=\"white\" stroke-width=\"2\" stroke-linecap=\"round\" stroke-linejoin=\"round\"\/>\n<\/svg>\n      <\/span>\n    \n    <span class=\"cta-title\">\n      Consulta as preguntas m\u00e1is frecuentes    <\/span>\n\n  <\/a>\n<\/div><\/div>\n\n\n\n<div class=\"wp-block-column is-layout-flow wp-block-column-is-layout-flow\">\n\n<figure \n  class=\"wp-ax-image  wp-animated-image ax-image__y has-square-left is-round has-blue-squares ax-image__double \" \n  class=\"align wp-block-acf-mnz-animated-image\" \n  >\n  <div class=\"ax-image__item ax-image__bar-wrapper\">\n    <div class=\"ax-image__item-bar ax-image__item-bar-1\"><\/div>\n          <div class=\"ax-image__item-bar ax-image__item-bar-2\"><\/div>\n      <\/div>\n  <figure class=\"ax-image__item ax-image__figure\">\n    <img loading=\"lazy\" decoding=\"async\" width=\"616\" height=\"598\" src=\"https:\/\/bizum.com\/es\/wp-content\/uploads\/2024\/07\/preguntas-sobre-bizum.png\" class=\"attachment-full size-full\" alt=\"\" srcset=\"https:\/\/bizum.com\/es\/wp-content\/uploads\/2024\/07\/preguntas-sobre-bizum.png 616w, https:\/\/bizum.com\/es\/wp-content\/uploads\/2024\/07\/preguntas-sobre-bizum-300x291.png 300w\" sizes=\"auto, (max-width: 616px) 100vw, 616px\" \/>  <\/figure>\n<\/figure><\/div>\n<\/div>\n\n<section class=\"d-flex content-accessibility mt-2 mb-2  wp-accessibility content-accessibility__blue\"\n  class=\"align wp-block-acf-mnz-accessibility\">\n  <div class=\"item item-logo\">\n    <img loading=\"lazy\" decoding=\"async\" width=\"240\" height=\"72\" src=\"https:\/\/bizum.com\/es\/wp-content\/uploads\/2024\/06\/bizum-website-accessibility-logo.png\" class=\"logo\" alt=\"\" \/>  \n    \n  <\/div>\n\n  <div class=\"item item-social\">\n                          <\/div>\n<\/section>\n<section class=\"p-2 has-background-gray-100-background-color br-m mb-2\">\n\n  <div class=\"pb-1\">\n    <h3 class=\"has-text-black-500-color fw-500\">\n      Subscr\u00edbete ao noso bolet\u00edn    <\/h3>\n  <\/div>\n\n  <div id=\"signup-newsletter\" class=\"test content-form has-text-black-500-color d-flex\">\n\n          <div class=\"content-form-newsletter\">\n        <script charset=\"utf-8\" type=\"text\/javascript\" src=\"\/\/js-eu1.hsforms.net\/forms\/embed\/v2.js\"><\/script>\n        <script>\n          hbspt.forms.create({\n            portalId: \"146523971\",\n            formId: \"f194fd87-df76-4df2-9987-5160dedd08c3\",\n            region: \"eu1\"\n          });\n        <\/script>\n      <\/div>\n    \n      <\/div>\n<\/section>","protected":false},"excerpt":{"rendered":"<p>Co\u00f1eces os bancos con Bizum? Bizum \u00e9 unha iniciativa dos bancos espa\u00f1ois, por iso a maior\u00eda deles xa ofrecen as nosas soluci\u00f3ns. Busca o teu e activa Bizum Como usar Bizum na aplicaci\u00f3n do teu banco? Seleccione o seu banco Consulta a lista de bancos que traballan con Bizum e atopa o teu Descarga a [&hellip;]<\/p>\n","protected":false},"author":14,"featured_media":0,"parent":0,"menu_order":0,"comment_status":"closed","ping_status":"closed","template":"","meta":{"_acf_changed":false,"footnotes":""},"class_list":["post-28247","page","type-page","status-publish","hentry"],"acf":[],"yoast_head":"<!-- This site is optimized with the Yoast SEO plugin v27.5 - https:\/\/yoast.com\/product\/yoast-seo-wordpress\/ -->\n<title>Co\u00f1ece todos os bancos con Bizum, atopa o teu e activa Bizum.<\/title>\n<meta name=\"description\" content=\"Bizum \u00e9 unha iniciativa da banca espa\u00f1ola, contamos co apoio da gran maior\u00eda dos bancos do pa\u00eds. Consulta a lista de bancos con Bizum.\" \/>\n<meta name=\"robots\" content=\"index, follow, max-snippet:-1, max-image-preview:large, max-video-preview:-1\" \/>\n<link rel=\"canonical\" href=\"https:\/\/bizum.com\/es\/gl\/bancos-con-bizum\/\" \/>\n<meta property=\"og:locale\" content=\"gl_ES\" \/>\n<meta property=\"og:type\" content=\"article\" \/>\n<meta property=\"og:title\" content=\"Co\u00f1ece todos os bancos con Bizum, atopa o teu e activa Bizum.\" \/>\n<meta property=\"og:description\" content=\"Bizum \u00e9 unha iniciativa da banca espa\u00f1ola, contamos co apoio da gran maior\u00eda dos bancos do pa\u00eds. Consulta a lista de bancos con Bizum.\" \/>\n<meta property=\"og:url\" content=\"https:\/\/bizum.com\/es\/gl\/bancos-con-bizum\/\" \/>\n<meta property=\"og:site_name\" content=\"Bizum\" \/>\n<meta property=\"article:modified_time\" content=\"2024-12-06T03:37:26+00:00\" \/>\n<meta name=\"twitter:card\" content=\"summary_large_image\" \/>\n<meta name=\"twitter:label1\" content=\"Est. reading time\" \/>\n\t<meta name=\"twitter:data1\" content=\"1 minute\" \/>\n<script type=\"application\/ld+json\" class=\"yoast-schema-graph\">{\"@context\":\"https:\\\/\\\/schema.org\",\"@graph\":[{\"@type\":\"WebPage\",\"@id\":\"https:\\\/\\\/bizum.com\\\/es\\\/gl\\\/bancos-con-bizum\\\/\",\"url\":\"https:\\\/\\\/bizum.com\\\/es\\\/gl\\\/bancos-con-bizum\\\/\",\"name\":\"Co\u00f1ece todos os bancos con Bizum, atopa o teu e activa Bizum.\",\"isPartOf\":{\"@id\":\"https:\\\/\\\/bizum.com\\\/es\\\/#website\"},\"datePublished\":\"2024-06-10T15:56:41+00:00\",\"dateModified\":\"2024-12-06T03:37:26+00:00\",\"description\":\"Bizum \u00e9 unha iniciativa da banca espa\u00f1ola, contamos co apoio da gran maior\u00eda dos bancos do pa\u00eds. Consulta a lista de bancos con Bizum.\",\"breadcrumb\":{\"@id\":\"https:\\\/\\\/bizum.com\\\/es\\\/gl\\\/bancos-con-bizum\\\/#breadcrumb\"},\"inLanguage\":\"gl-ES\",\"potentialAction\":[{\"@type\":\"ReadAction\",\"target\":[\"https:\\\/\\\/bizum.com\\\/es\\\/gl\\\/bancos-con-bizum\\\/\"]}]},{\"@type\":\"BreadcrumbList\",\"@id\":\"https:\\\/\\\/bizum.com\\\/es\\\/gl\\\/bancos-con-bizum\\\/#breadcrumb\",\"itemListElement\":[{\"@type\":\"ListItem\",\"position\":1,\"name\":\"Home\",\"item\":\"https:\\\/\\\/bizum.com\\\/es\\\/gl\\\/\"},{\"@type\":\"ListItem\",\"position\":2,\"name\":\"Entidades bancarias\"}]},{\"@type\":\"WebSite\",\"@id\":\"https:\\\/\\\/bizum.com\\\/es\\\/#website\",\"url\":\"https:\\\/\\\/bizum.com\\\/es\\\/\",\"name\":\"Bizum\",\"description\":\"Con Bizum puedes enviar y recibir dinero entre amigos, pagar en comercios online y donar a la ONG que tu elijas, todo desde tu m\u00f3vil.\",\"potentialAction\":[{\"@type\":\"SearchAction\",\"target\":{\"@type\":\"EntryPoint\",\"urlTemplate\":\"https:\\\/\\\/bizum.com\\\/es\\\/?s={search_term_string}\"},\"query-input\":{\"@type\":\"PropertyValueSpecification\",\"valueRequired\":true,\"valueName\":\"search_term_string\"}}],\"inLanguage\":\"gl-ES\"}]}<\/script>\n<!-- \/ Yoast SEO plugin. -->","yoast_head_json":{"title":"Co\u00f1ece todos os bancos con Bizum, atopa o teu e activa Bizum.","description":"Bizum \u00e9 unha iniciativa da banca espa\u00f1ola, contamos co apoio da gran maior\u00eda dos bancos do pa\u00eds. Consulta a lista de bancos con Bizum.","robots":{"index":"index","follow":"follow","max-snippet":"max-snippet:-1","max-image-preview":"max-image-preview:large","max-video-preview":"max-video-preview:-1"},"canonical":"https:\/\/bizum.com\/es\/gl\/bancos-con-bizum\/","og_locale":"gl_ES","og_type":"article","og_title":"Co\u00f1ece todos os bancos con Bizum, atopa o teu e activa Bizum.","og_description":"Bizum \u00e9 unha iniciativa da banca espa\u00f1ola, contamos co apoio da gran maior\u00eda dos bancos do pa\u00eds. Consulta a lista de bancos con Bizum.","og_url":"https:\/\/bizum.com\/es\/gl\/bancos-con-bizum\/","og_site_name":"Bizum","article_modified_time":"2024-12-06T03:37:26+00:00","twitter_card":"summary_large_image","twitter_misc":{"Est. reading time":"1 minute"},"schema":{"@context":"https:\/\/schema.org","@graph":[{"@type":"WebPage","@id":"https:\/\/bizum.com\/es\/gl\/bancos-con-bizum\/","url":"https:\/\/bizum.com\/es\/gl\/bancos-con-bizum\/","name":"Co\u00f1ece todos os bancos con Bizum, atopa o teu e activa Bizum.","isPartOf":{"@id":"https:\/\/bizum.com\/es\/#website"},"datePublished":"2024-06-10T15:56:41+00:00","dateModified":"2024-12-06T03:37:26+00:00","description":"Bizum \u00e9 unha iniciativa da banca espa\u00f1ola, contamos co apoio da gran maior\u00eda dos bancos do pa\u00eds. Consulta a lista de bancos con Bizum.","breadcrumb":{"@id":"https:\/\/bizum.com\/es\/gl\/bancos-con-bizum\/#breadcrumb"},"inLanguage":"gl-ES","potentialAction":[{"@type":"ReadAction","target":["https:\/\/bizum.com\/es\/gl\/bancos-con-bizum\/"]}]},{"@type":"BreadcrumbList","@id":"https:\/\/bizum.com\/es\/gl\/bancos-con-bizum\/#breadcrumb","itemListElement":[{"@type":"ListItem","position":1,"name":"Home","item":"https:\/\/bizum.com\/es\/gl\/"},{"@type":"ListItem","position":2,"name":"Entidades bancarias"}]},{"@type":"WebSite","@id":"https:\/\/bizum.com\/es\/#website","url":"https:\/\/bizum.com\/es\/","name":"Bizum","description":"Con Bizum puedes enviar y recibir dinero entre amigos, pagar en comercios online y donar a la ONG que tu elijas, todo desde tu m\u00f3vil.","potentialAction":[{"@type":"SearchAction","target":{"@type":"EntryPoint","urlTemplate":"https:\/\/bizum.com\/es\/?s={search_term_string}"},"query-input":{"@type":"PropertyValueSpecification","valueRequired":true,"valueName":"search_term_string"}}],"inLanguage":"gl-ES"}]}},"_links":{"self":[{"href":"https:\/\/bizum.com\/es\/gl\/wp-json\/wp\/v2\/pages\/28247","targetHints":{"allow":["GET"]}}],"collection":[{"href":"https:\/\/bizum.com\/es\/gl\/wp-json\/wp\/v2\/pages"}],"about":[{"href":"https:\/\/bizum.com\/es\/gl\/wp-json\/wp\/v2\/types\/page"}],"author":[{"embeddable":true,"href":"https:\/\/bizum.com\/es\/gl\/wp-json\/wp\/v2\/users\/14"}],"replies":[{"embeddable":true,"href":"https:\/\/bizum.com\/es\/gl\/wp-json\/wp\/v2\/comments?post=28247"}],"version-history":[{"count":1,"href":"https:\/\/bizum.com\/es\/gl\/wp-json\/wp\/v2\/pages\/28247\/revisions"}],"predecessor-version":[{"id":30767,"href":"https:\/\/bizum.com\/es\/gl\/wp-json\/wp\/v2\/pages\/28247\/revisions\/30767"}],"wp:attachment":[{"href":"https:\/\/bizum.com\/es\/gl\/wp-json\/wp\/v2\/media?parent=28247"}],"curies":[{"name":"wp","href":"https:\/\/api.w.org\/{rel}","templated":true}]}}