{"id":28464,"date":"2024-07-28T11:03:14","date_gmt":"2024-07-28T11:03:14","guid":{"rendered":"https:\/\/bizum.com\/es\/politica-de-cookies\/"},"modified":"2024-11-07T08:58:42","modified_gmt":"2024-11-07T08:58:42","slug":"politica-de-cookies","status":"publish","type":"page","link":"https:\/\/bizum.com\/es\/gl\/politica-de-cookies\/","title":{"rendered":"Pol\u00edtica de cookies"},"content":{"rendered":"\n<h4 class=\"wp-block-heading\"><strong>1.- Definici\u00f3n e funci\u00f3n xen\u00e9rica das cookies<\/strong><\/h4>\n\n<p>Este sitio web utiliza cookies e\/ou tecnolox\u00edas similares que funcionan como un ficheiro que se descarga no seu ordenador e que permite rexistrar a s\u00faa actividade cando navega, almacenando e recuperando informaci\u00f3n sobre os seus h\u00e1bitos de navegaci\u00f3n no seu ordenador.<\/p>\n\n<p>En xeral, estas tecnolox\u00edas, dependendo da informaci\u00f3n que conte\u00f1an e da forma en que se utilice o equipamento, poden servir para finalidades moi diversas, como, por exemplo, reco\u00f1ecer ao usuario, obter informaci\u00f3n sobre os seus h\u00e1bitos de navegaci\u00f3n ou personalizar o modo de navegaci\u00f3n. o contido m\u00f3strase ao usuario.<\/p>\n\n<h4 class=\"wp-block-heading\"><strong>2.- Tipos e finalidades das cookies utilizadas.<\/strong><\/h4>\n\n<p>A continuaci\u00f3n descr\u00edbense os tipos de cookies e\/ou tecnolox\u00edas similares que utilizamos no sitio web de Bizum e os usos espec\u00edficos que facemos delas.<\/p>\n\n<p><strong>Dependendo da entidade que os xestione.<\/strong><\/p>\n\n<p><strong>Cookies propias:<\/strong> son enviadas ao terminal do usuario desde un equipo ou dominio xestionado polo procesador de Bizum, que \u00e1 s\u00faa vez xestiona a informaci\u00f3n obtida a trav\u00e9s destas cookies para prestar o servizo solicitado polo usuario.<\/p>\n\n<p><strong>Cookies de terceiros:<\/strong> son aquelas que se env\u00edan ao terminal do usuario desde un equipo ou dominio que non \u00e9 xestionado por Bizum, sen\u00f3n por outra entidade que trata os datos obtidos a trav\u00e9s das cookies.<\/p>\n\n<p>En concreto, o sitio web de Bizum utiliza cookies dos seguintes terceiros: Bidr, Youtube e Doubleclick.<\/p>\n\n<p><strong>Segundo a finalidade para a que se utilicen.<\/strong><\/p>\n\n<p><strong>Cookies t\u00e9cnicas:<\/strong> Son aquelas que permiten ao usuario navegar polo sitio web e utilizar as diferentes opci\u00f3ns ou servizos que nel existen. Entre outras, permiten, por exemplo, habilitar as funci\u00f3ns e servizos da web de Bizum, identificar a sesi\u00f3n, controlar o tr\u00e1fico e a comunicaci\u00f3n de datos, acceder a zonas de acceso restrinxido, realizar unha solicitude de inscrici\u00f3n ou participaci\u00f3n nun evento, utilizar elementos de seguridade durante a navegaci\u00f3n. , almacena contido para transmitir v\u00eddeos ou son, activa contido din\u00e1mico en v\u00eddeos ou textos ou comparte contido a trav\u00e9s das redes sociais. <\/p>\n\n<p><strong>Cookies de preferencia ou de personalizaci\u00f3n:<\/strong> Son aquelas que permiten ao usuario lembrar informaci\u00f3n para que o usuario poida acceder ao servizo cunhas caracter\u00edsticas que poden diferenciar a s\u00faa experiencia da doutros usuarios, como por exemplo o idioma, o n\u00famero de resultados. a mostrar cando o usuario realiza unha busca, o aspecto ou contido do servizo en funci\u00f3n do tipo de navegador a trav\u00e9s do que o usuario accede ao servizo, etc.<\/p>\n\n<p><strong>Cookies de an\u00e1lise ou medida:<\/strong> Son aquelas que permiten analizar e rastrexar o comportamento dos usuarios do sitio web, inclu\u00edndo a cuantificaci\u00f3n dos impactos dos anuncios. A informaci\u00f3n recollida a trav\u00e9s deste tipo de cookies util\u00edzase para medir a actividade dos sitios web, co fin de introducir melloras na oferta de produtos ou servizos de Bizum a partir da an\u00e1lise de datos sobre o uso que fan os usuarios do servizo. <\/p>\n\n<p><strong>Cookies de publicidade comportamental:<\/strong> son aquelas que, tratadas por Bizum ou por terceiros, permiten a Bizum analizar os h\u00e1bitos de navegaci\u00f3n por Internet dos seus usuarios para mostrarlles publicidade relacionada co seu perfil de navegaci\u00f3n.<\/p>\n\n<p><strong>Segundo o per\u00edodo de tempo permanecen activados.<\/strong><\/p>\n\n<p><strong>Cookies de sesi\u00f3n:<\/strong> Son aquelas que recollen e almacenan datos mentres o usuario accede ao sitio web. Util\u00edzanse para almacenar informaci\u00f3n que s\u00f3 \u00e9 interesante conservar para a prestaci\u00f3n dun servizo espec\u00edfico solicitado polo usuario nunha sesi\u00f3n e desaparecen ao finalizar a sesi\u00f3n. <\/p>\n\n<p><strong>Cookies persistentes:<\/strong> son aquelas nas que os datos contin\u00faan almacenados no terminal e poden ser accedidos e tratados durante un per\u00edodo determinado.<\/p>\n\n<h4 class=\"wp-block-heading\"><strong>3.- Como aceptar, denegar, revogar o consentimento ou eliminar as cookies<\/strong> .<\/h4>\n\n<p>Ofr\u00e9cese ao Usuario a posibilidade de outorgar ou denegar o seu consentimento para o uso de cookies mediante a mensaxe informativa que aparece na s\u00faa pantalla cando accede por primeira vez a este sitio web. As\u00ed mesmo, inform\u00e1moslle de que a mensaxe informativa permanecer\u00e1 ata que lle conceda o consentimento, o denegue ou configure as cookies segundo as s\u00faas preferencias persoais. <\/p>\n\n<p>O usuario poder\u00e1 retirar o consentimento previamente concedido ou configurar as cookies en calquera momento, cando as\u00ed o desexe, dende o seguinte <a>PANEL DE CONFIGURACI\u00d3N.<\/a><\/p>\n\n<p>A trav\u00e9s deste panel o usuario pode escoller se acepta ou non as cookies utilizadas e configuralas en calquera momento polas categor\u00edas indicadas.<\/p>\n\n<p>En canto \u00e1s cookies facilitadas polo navegador que est\u00e1 a utilizar o usuario, te\u00f1a en conta que se acepta cookies de terceiros, deber\u00e1 borralas das opci\u00f3ns do navegador.<\/p>\n\n<p>Podes permitir ou bloquear as cookies, as\u00ed como eliminar os teus datos de navegaci\u00f3n (inclu\u00eddas as cookies) do navegador que utilizas.<\/p>\n\n<p>Estes axustes at\u00f3panse normalmente nas &#8220;opci\u00f3ns&#8221; ou &#8220;preferencias&#8221; do seu navegador. Gui\u00e1mosche a continuaci\u00f3n cos pasos para acceder ao men\u00fa de configuraci\u00f3n de cookies nos seguintes navegadores principais: <\/p>\n\n<p>&#8211; <strong>Internet Explorer:<\/strong> Ferramentas -&gt; Opci\u00f3ns de Internet -&gt; Privacidade -&gt; Configuraci\u00f3n. Para obter m\u00e1is informaci\u00f3n, pode consultar o soporte de Microsoft ou a Axuda do navegador. <\/p>\n\n<p>&#8211; <strong>Firefox:<\/strong> Ferramentas -&gt; Opci\u00f3ns -&gt; Privacidade -&gt; Historia -&gt; Configuraci\u00f3n personalizada. Para obter m\u00e1is informaci\u00f3n, pode consultar o soporte de Mozilla ou a Axuda do navegador. <\/p>\n\n<p>&#8211; <strong>Chrome:<\/strong> Configuraci\u00f3n -&gt; Mostrar opci\u00f3ns avanzadas -&gt; Privacidade -&gt; Configuraci\u00f3n de contido. Para obter m\u00e1is informaci\u00f3n, pode consultar o soporte de Google ou a Axuda do navegador. <\/p>\n\n<p>&#8211; <strong>Safari:<\/strong> Preferencias -&gt; Seguridade. Para obter m\u00e1is informaci\u00f3n, podes consultar o Soporte de Apple ou a Axuda do navegador. <\/p>\n\n<h4 class=\"wp-block-heading\"><strong>4.- Informaci\u00f3n sobre transferencias de datos a terceiros pa\u00edses<\/strong><\/h4>\n\n<p>Se \u00e9 o caso, as transferencias de datos persoais realizadas por Bizum a un terceiro pa\u00eds ou organizaci\u00f3n internacional e, no caso das transferencias sinaladas no artigo 49, apartado 1, segundo par\u00e1grafo do GDPR, realizaranse coas garant\u00edas oportunas.<\/p>\n\n<p>En canto \u00e1s transferencias que, se \u00e9 o caso, realicen os terceiros identificados nesta pol\u00edtica de cookies, podes informarte sobre as s\u00faas correspondentes pol\u00edticas nas ligaz\u00f3ns facilitadas no panel de configuraci\u00f3n.<\/p>\n\n<p><strong>Prazo de conservaci\u00f3n dos datos recollidos<\/strong><\/p>\n\n<p>Bizum conservar\u00e1, debidamente bloqueada, unha copia dos datos, sempre que na s\u00faa relaci\u00f3n co usuario poidan derivarse responsabilidades. Unha vez transcorrido o devandito prazo legal de conservaci\u00f3n, a informaci\u00f3n ser\u00e1 destru\u00edda de forma segura. <\/p>\n\n<h4 class=\"wp-block-heading\"><strong>5.- Cambios na Pol\u00edtica de Cookies.<\/strong><\/h4>\n\n<p>Poderanse realizar modificaci\u00f3ns na Pol\u00edtica de Cookies como consecuencia de cambios na finalidade do uso das cookies ou nos terceiros que as utilicen, polo que nestes casos ser\u00e1 necesario actualizar a pol\u00edtica de cookies e solicitar ao usuario a renovaci\u00f3n da pol\u00edtica de cookies. . consenti e perm\u00edtelle tomar unha nova decisi\u00f3n sobre as cookies.<\/p>\n\n<p>Para estes efectos, Bizum informar\u00e1 aos usuarios e solicitar\u00e1 un novo consentimento cando visite o sitio web por primeira vez, unha vez modificada a pol\u00edtica de cookies.<\/p>\n\n<p>Sen prexu\u00edzo do anterior, Bizum inf\u00f3rmalle de que solicitar\u00e1 de novo o consentimento do usuario periodicamente, unha vez transcorridos 24 meses desde a obtenci\u00f3n do consentimento prestado polo usuario.<\/p>\n\n<h4 class=\"wp-block-heading\"><strong>6.- Outras informaci\u00f3ns do art. 13 do GDPR<\/strong><\/h4>\n\n<p>En relaci\u00f3n \u00e1 informaci\u00f3n requirida polo artigo 13 do GDPR que non se refire especificamente \u00e1s cookies, at\u00f3pase \u00e1 disposici\u00f3n do usuario na pol\u00edtica de privacidade do sitio web.<\/p>\n\n<p>Se tes d\u00fabidas sobre esta pol\u00edtica de cookies, podes contactar con Bizum, SL na r\u00faa Francisco Sancha 12, 28034, Madrid, titular do portal accesible na URL http:\/\/www.bizum.com\/es (http:\/\/ www.bizum.com\/es).<\/p>\n","protected":false},"excerpt":{"rendered":"<p>1.- Definici\u00f3n e funci\u00f3n xen\u00e9rica das cookies Este sitio web utiliza cookies e\/ou tecnolox\u00edas similares que funcionan como un ficheiro que se descarga no seu ordenador e que permite rexistrar a s\u00faa actividade cando navega, almacenando e recuperando informaci\u00f3n sobre os seus h\u00e1bitos de navegaci\u00f3n no seu ordenador. En xeral, estas tecnolox\u00edas, dependendo da informaci\u00f3n [&hellip;]<\/p>\n","protected":false},"author":14,"featured_media":0,"parent":0,"menu_order":0,"comment_status":"closed","ping_status":"closed","template":"page-text.php","meta":{"_acf_changed":false,"footnotes":""},"class_list":["post-28464","page","type-page","status-publish","hentry"],"acf":[],"yoast_head":"<!-- This site is optimized with the Yoast SEO plugin v27.4 - https:\/\/yoast.com\/product\/yoast-seo-wordpress\/ -->\n<title>Pol\u00edtica de cookies - Bizum<\/title>\n<meta name=\"robots\" content=\"index, follow, max-snippet:-1, max-image-preview:large, max-video-preview:-1\" \/>\n<link rel=\"canonical\" href=\"https:\/\/bizum.com\/es\/gl\/politica-de-cookies\/\" \/>\n<meta property=\"og:locale\" content=\"gl_ES\" \/>\n<meta property=\"og:type\" content=\"article\" \/>\n<meta property=\"og:title\" content=\"Pol\u00edtica de cookies - Bizum\" \/>\n<meta property=\"og:description\" content=\"1.- Definici\u00f3n e funci\u00f3n xen\u00e9rica das cookies Este sitio web utiliza cookies e\/ou tecnolox\u00edas similares que funcionan como un ficheiro que se descarga no seu ordenador e que permite rexistrar a s\u00faa actividade cando navega, almacenando e recuperando informaci\u00f3n sobre os seus h\u00e1bitos de navegaci\u00f3n no seu ordenador. En xeral, estas tecnolox\u00edas, dependendo da informaci\u00f3n [&hellip;]\" \/>\n<meta property=\"og:url\" content=\"https:\/\/bizum.com\/es\/gl\/politica-de-cookies\/\" \/>\n<meta property=\"og:site_name\" content=\"Bizum\" \/>\n<meta property=\"article:modified_time\" content=\"2024-11-07T08:58:42+00:00\" \/>\n<meta name=\"twitter:card\" content=\"summary_large_image\" \/>\n<meta name=\"twitter:label1\" content=\"Est. reading time\" \/>\n\t<meta name=\"twitter:data1\" content=\"7 minutes\" \/>\n<script type=\"application\/ld+json\" class=\"yoast-schema-graph\">{\"@context\":\"https:\\\/\\\/schema.org\",\"@graph\":[{\"@type\":\"WebPage\",\"@id\":\"https:\\\/\\\/bizum.com\\\/es\\\/gl\\\/politica-de-cookies\\\/\",\"url\":\"https:\\\/\\\/bizum.com\\\/es\\\/gl\\\/politica-de-cookies\\\/\",\"name\":\"Pol\u00edtica de cookies - Bizum\",\"isPartOf\":{\"@id\":\"https:\\\/\\\/bizum.com\\\/es\\\/#website\"},\"datePublished\":\"2024-07-28T11:03:14+00:00\",\"dateModified\":\"2024-11-07T08:58:42+00:00\",\"breadcrumb\":{\"@id\":\"https:\\\/\\\/bizum.com\\\/es\\\/gl\\\/politica-de-cookies\\\/#breadcrumb\"},\"inLanguage\":\"gl-ES\",\"potentialAction\":[{\"@type\":\"ReadAction\",\"target\":[\"https:\\\/\\\/bizum.com\\\/es\\\/gl\\\/politica-de-cookies\\\/\"]}]},{\"@type\":\"BreadcrumbList\",\"@id\":\"https:\\\/\\\/bizum.com\\\/es\\\/gl\\\/politica-de-cookies\\\/#breadcrumb\",\"itemListElement\":[{\"@type\":\"ListItem\",\"position\":1,\"name\":\"Home\",\"item\":\"https:\\\/\\\/bizum.com\\\/es\\\/gl\\\/\"},{\"@type\":\"ListItem\",\"position\":2,\"name\":\"Pol\u00edtica de cookies\"}]},{\"@type\":\"WebSite\",\"@id\":\"https:\\\/\\\/bizum.com\\\/es\\\/#website\",\"url\":\"https:\\\/\\\/bizum.com\\\/es\\\/\",\"name\":\"Bizum\",\"description\":\"Con Bizum puedes enviar y recibir dinero entre amigos, pagar en comercios online y donar a la ONG que tu elijas, todo desde tu m\u00f3vil.\",\"potentialAction\":[{\"@type\":\"SearchAction\",\"target\":{\"@type\":\"EntryPoint\",\"urlTemplate\":\"https:\\\/\\\/bizum.com\\\/es\\\/?s={search_term_string}\"},\"query-input\":{\"@type\":\"PropertyValueSpecification\",\"valueRequired\":true,\"valueName\":\"search_term_string\"}}],\"inLanguage\":\"gl-ES\"}]}<\/script>\n<!-- \/ Yoast SEO plugin. -->","yoast_head_json":{"title":"Pol\u00edtica de cookies - Bizum","robots":{"index":"index","follow":"follow","max-snippet":"max-snippet:-1","max-image-preview":"max-image-preview:large","max-video-preview":"max-video-preview:-1"},"canonical":"https:\/\/bizum.com\/es\/gl\/politica-de-cookies\/","og_locale":"gl_ES","og_type":"article","og_title":"Pol\u00edtica de cookies - Bizum","og_description":"1.- Definici\u00f3n e funci\u00f3n xen\u00e9rica das cookies Este sitio web utiliza cookies e\/ou tecnolox\u00edas similares que funcionan como un ficheiro que se descarga no seu ordenador e que permite rexistrar a s\u00faa actividade cando navega, almacenando e recuperando informaci\u00f3n sobre os seus h\u00e1bitos de navegaci\u00f3n no seu ordenador. En xeral, estas tecnolox\u00edas, dependendo da informaci\u00f3n [&hellip;]","og_url":"https:\/\/bizum.com\/es\/gl\/politica-de-cookies\/","og_site_name":"Bizum","article_modified_time":"2024-11-07T08:58:42+00:00","twitter_card":"summary_large_image","twitter_misc":{"Est. reading time":"7 minutes"},"schema":{"@context":"https:\/\/schema.org","@graph":[{"@type":"WebPage","@id":"https:\/\/bizum.com\/es\/gl\/politica-de-cookies\/","url":"https:\/\/bizum.com\/es\/gl\/politica-de-cookies\/","name":"Pol\u00edtica de cookies - Bizum","isPartOf":{"@id":"https:\/\/bizum.com\/es\/#website"},"datePublished":"2024-07-28T11:03:14+00:00","dateModified":"2024-11-07T08:58:42+00:00","breadcrumb":{"@id":"https:\/\/bizum.com\/es\/gl\/politica-de-cookies\/#breadcrumb"},"inLanguage":"gl-ES","potentialAction":[{"@type":"ReadAction","target":["https:\/\/bizum.com\/es\/gl\/politica-de-cookies\/"]}]},{"@type":"BreadcrumbList","@id":"https:\/\/bizum.com\/es\/gl\/politica-de-cookies\/#breadcrumb","itemListElement":[{"@type":"ListItem","position":1,"name":"Home","item":"https:\/\/bizum.com\/es\/gl\/"},{"@type":"ListItem","position":2,"name":"Pol\u00edtica de cookies"}]},{"@type":"WebSite","@id":"https:\/\/bizum.com\/es\/#website","url":"https:\/\/bizum.com\/es\/","name":"Bizum","description":"Con Bizum puedes enviar y recibir dinero entre amigos, pagar en comercios online y donar a la ONG que tu elijas, todo desde tu m\u00f3vil.","potentialAction":[{"@type":"SearchAction","target":{"@type":"EntryPoint","urlTemplate":"https:\/\/bizum.com\/es\/?s={search_term_string}"},"query-input":{"@type":"PropertyValueSpecification","valueRequired":true,"valueName":"search_term_string"}}],"inLanguage":"gl-ES"}]}},"_links":{"self":[{"href":"https:\/\/bizum.com\/es\/gl\/wp-json\/wp\/v2\/pages\/28464","targetHints":{"allow":["GET"]}}],"collection":[{"href":"https:\/\/bizum.com\/es\/gl\/wp-json\/wp\/v2\/pages"}],"about":[{"href":"https:\/\/bizum.com\/es\/gl\/wp-json\/wp\/v2\/types\/page"}],"author":[{"embeddable":true,"href":"https:\/\/bizum.com\/es\/gl\/wp-json\/wp\/v2\/users\/14"}],"replies":[{"embeddable":true,"href":"https:\/\/bizum.com\/es\/gl\/wp-json\/wp\/v2\/comments?post=28464"}],"version-history":[{"count":0,"href":"https:\/\/bizum.com\/es\/gl\/wp-json\/wp\/v2\/pages\/28464\/revisions"}],"wp:attachment":[{"href":"https:\/\/bizum.com\/es\/gl\/wp-json\/wp\/v2\/media?parent=28464"}],"curies":[{"name":"wp","href":"https:\/\/api.w.org\/{rel}","templated":true}]}}