{"id":28878,"date":"2024-06-12T15:50:03","date_gmt":"2024-06-12T15:50:03","guid":{"rendered":"https:\/\/bizum.com\/es\/bases-xuridicas-sorteos-e-concursos\/"},"modified":"2025-01-16T13:12:41","modified_gmt":"2025-01-16T13:12:41","slug":"bases-xuridicas-sorteos-e-concursos","status":"publish","type":"page","link":"https:\/\/bizum.com\/es\/gl\/bases-xuridicas-sorteos-e-concursos\/","title":{"rendered":"Bases legais para sorteos e concursos"},"content":{"rendered":"\n<h3 class=\"wp-block-heading has-m-font-size\">Bases legais para a PARTICIPACI\u00d3N EN ACCI\u00d3NS PROMOCIONAIS DE BIZUM, SL<\/h3>\n\n<p><strong>PRIMEIRA.- Obxecto<\/strong><\/p>\n\n<p>Co obxectivo de fomentar a utilizaci\u00f3n dos distintos servizos que ofrece a empresa, a entidade mercantil Bizum, SL, con domicilio social en Madrid, r\u00faa Francisco Sancha, 12, e provista do NIF n\u00famero B-87599478 (en diante, \u201cBizum\u201d). , promove a realizaci\u00f3n de diferentes acci\u00f3ns promocionais, que se rexer\u00e1n, con car\u00e1cter xeral, polas presentes bases legais (en diante, \u201cas Bases Xur\u00eddicas\u201d).<\/p>\n\n<p><strong>SEGUNDO. \u2013 Condici\u00f3ns espec\u00edficas <\/strong><\/p>\n\n<p>Os requisitos necesarios para participar nunha acci\u00f3n promocional concreta descr\u00edbense no material de difusi\u00f3n de cada unha delas, que incluir\u00e1, entre outras, a informaci\u00f3n relativa \u00e1 duraci\u00f3n da acci\u00f3n correspondente, a forma de participaci\u00f3n e os premios asociados a esta.<\/p>\n\n<p><strong>TERCEIRA.- Per\u00edodo de promoci\u00f3n<\/strong><\/p>\n\n<p>As datas de inicio e finalizaci\u00f3n de cada acci\u00f3n promocional detallaranse debidamente no material de difusi\u00f3n asociado a ela.<\/p>\n\n<p><strong>CUARTO.- \u00c1mbito territorial da promoci\u00f3n<\/strong><\/p>\n\n<p>As distintas acci\u00f3ns promocionais realizadas por Bizum ter\u00e1n validez dentro do territorio que en cada caso se determine na acci\u00f3n correspondente.<\/p>\n\n<p><strong>QUINTO. \u2013 Natureza da promoci\u00f3n <\/strong><\/p>\n\n<p>A participaci\u00f3n nas diferentes acci\u00f3ns promocionais que leva a cabo Bizum \u00e9 gratu\u00edta e organizarase baixo a mec\u00e1nica dun concurso de participaci\u00f3n en Redes Sociais ou, alternativamente, mediante o mecanismo de sorteo.<br\/> Ningunha das promoci\u00f3ns ser\u00e1 patrocinada, avalada, administrada ou asociada de ning\u00fan xeito con Instagram, Twitter ou calquera outra rede social.<\/p>\n\n<p><strong>SEXTO. \u2013 Requisitos de participaci\u00f3n <\/strong><\/p>\n\n<p>Poder\u00e1n participar todas as persoas f\u00edsicas maiores de idade que, na s\u00faa condici\u00f3n de consumidores, act\u00faen cunha finalidade allea \u00e1 s\u00faa actividade comercial, empresarial, comercial ou profesional, que estean dadas de alta no Servizo Bizum a trav\u00e9s de calquera das Entidades Adheridas ao Servizo Bizum. , e sempre que se cumpran o resto de condici\u00f3ns ou requisitos que se poidan definir para cada actuaci\u00f3n concreta.<\/p>\n\n<p>A relaci\u00f3n de Entidades Adheridas p\u00f3dese consultar na ligaz\u00f3n <a href=\"http:\/\/www.bizum.com\/es\">www.bizum.com\/es<\/a> .<\/p>\n\n<p>Non poder\u00e1n participar os empregados da empresa organizadora Bizum.<\/p>\n\n<p><strong>S\u00c9TIMO. \u2013 Funcionamento de acci\u00f3ns promocionais <\/strong><\/p>\n\n<p>Os datos asociados a cada unha das acci\u00f3ns promocionais que leva a cabo Bizum identificaranse no material de difusi\u00f3n asociado a cada unha delas, non obstante, con car\u00e1cter xeral, ind\u00edcase que:<\/p>\n\n<p>&#8211; (i) No caso de que a acci\u00f3n promocional se articule na modalidade de \u201cconcurso\u201d, a f\u00f3rmula de elecci\u00f3n do ga\u00f1ador ou ga\u00f1adores estar\u00e1 baseada no m\u00e9rito ou pericia do participante, sen que o participante te\u00f1a que facer nada econ\u00f3mico desembolso para participar, ben directamente ou mediante chamadas telef\u00f3nicas, env\u00edo de mensaxes de texto ou calquera outro tr\u00e1mite electr\u00f3nico, inform\u00e1tico ou telem\u00e1tico no que exista unha taxa adicional.<br\/>&#8211; (ii) No caso de que a acci\u00f3n promocional se articule na modalidade de \u201csorteo\u201d, a f\u00f3rmula para elixir o ga\u00f1ador ou ga\u00f1adores das mesmas farase en funci\u00f3n da selecci\u00f3n por combinaci\u00f3n aleatoria, sen que estes te\u00f1an que pagar ning\u00fan extra. prezo nin prezo adicional, salvo, se \u00e9 o caso, do mero consumo do produto ou servizo.<\/p>\n\n<p><strong>OCTAVA. \u2013 Premios <\/strong><\/p>\n\n<p>Os premios asociados a cada acci\u00f3n promocional describiranse no material de difusi\u00f3n asociado a cada un deles, no que se identificar\u00e1 a natureza destes e o n\u00famero de unidades.<br\/> Con car\u00e1cter xeral, os premios estar\u00e1n suxeitos \u00e1s seguintes condici\u00f3ns:<\/p>\n\n<p>\u2013 Os premios non poder\u00e1n ser obxecto de cambio, alteraci\u00f3n ou compensaci\u00f3n a petici\u00f3n do participante ga\u00f1ador.<br\/>\u2013 Os participantes premiados poder\u00e1n renunciar aos premios obtidos, pero en ning\u00fan caso se ofrecer\u00e1 premio alternativo, nin a dita renuncia dar\u00e1 dereito a compensaci\u00f3n ou compensaci\u00f3n.<\/p>\n\n<p><strong>NOVENA. \u2013 Elecci\u00f3n e notificaci\u00f3n dos ga\u00f1adores <\/strong><\/p>\n\n<p>No material de difusi\u00f3n correspondente describirase a f\u00f3rmula que se utilizar\u00e1 para escoller o ga\u00f1ador ou ga\u00f1adores de cada acci\u00f3n promocional. As\u00ed mesmo, Bizum tam\u00e9n poder\u00e1 seleccionar un determinado n\u00famero de suplentes que optar\u00edan ao premio no caso de que os ga\u00f1adores previamente identificados renuncien a el, non poidan ser localizados ou non cumpran as condici\u00f3ns descritas nestas Bases Xur\u00eddicas e os requisitos de participaci\u00f3n que puidesen foron definidos. <\/p>\n\n<p>Unha vez seleccionado o n\u00famero de ga\u00f1adores ou ga\u00f1adores que resulte de aplicaci\u00f3n en cada caso, Bizum, na s\u00faa condici\u00f3n de entidade organizadora da acci\u00f3n promocional, porase en contacto con eles a trav\u00e9s dos medios que se indiquen para o efecto e remitiralles o correspondente Documento de Aceptaci\u00f3n do Premio. que deber\u00e1n ser cumprimentadas e enviadas de acordo coas instruci\u00f3ns indicadas en cada caso.<\/p>\n\n<p><strong>D\u00c9CIMO.- Fraude<\/strong><\/p>\n\n<p>No caso de que Bizum detecte algunha anomal\u00eda ou te\u00f1a sospeitas de que un participante est\u00e1 a imposibilitar o normal desenvolvemento dunha determinada acci\u00f3n promocional, prexudicando os seus fins ou realizando actos fraudulentos que ameazan o seu desenvolvemento, Bizum res\u00e9rvase o dereito de rescindir o participante ou participantes implicados, todo iso sen prexu\u00edzo de cantas outras medidas legais considere oportunas adoptar.<\/p>\n\n<p><strong>UND\u00c9CIMA.- Exenci\u00f3n de responsabilidade<\/strong><\/p>\n\n<p>En calquera das acci\u00f3ns promocionais realizadas por Bizum queda exonerada de calquera responsabilidade que puidese derivarse de circunstancias imputables a terceiros que puidesen afectar o desenvolvemento das ditas acci\u00f3ns e, en particular, \u00e1 entrega dos premios asociados a cada unha delas. .<\/p>\n\n<p><strong>D\u00c9CIMO SEGUNDO.- Reclamaci\u00f3ns<\/strong><\/p>\n\n<p>Calquera reclamaci\u00f3n que xurda pola realizaci\u00f3n dunha determinada acci\u00f3n promocional deber\u00e1 presentarse no prazo de tres (3) meses seguintes \u00e1 data da s\u00faa celebraci\u00f3n.<\/p>\n\n<p><strong>D\u00c9CIMO TERCEIRA.- Protecci\u00f3n de datos<\/strong><\/p>\n\n<figure class=\"wp-block-table\"><table class=\"has-fixed-layout\"><tbody><tr><td><strong>Informaci\u00f3n b\u00e1sica sobre Protecci\u00f3n de Datos<\/strong><\/td><\/tr><\/tbody><\/table><\/figure>\n\n<figure class=\"wp-block-table\"><table class=\"has-fixed-layout\"><tbody><tr><td><strong>Responsable<\/strong><\/td><td>Bizum, SL<\/td><\/tr><tr><td><strong>Finalidade<\/strong><\/td><td>A participaci\u00f3n na promoci\u00f3n, acreditar o cumprimento dos requisitos de participaci\u00f3n e, se \u00e9 o caso, comunicaci\u00f3n e xesti\u00f3n da concesi\u00f3n do premio.<\/td><\/tr><tr><td><strong>Datos<\/strong><\/td><td>Nome, apelidos, tel\u00e9fono m\u00f3bil e enderezo postal.<\/td><\/tr><tr><td><strong>Lexitimaci\u00f3n<\/strong><\/td><td>Consentimento do interesado<\/td><\/tr><tr><td><strong>Destinatarios<\/strong><\/td><td>Non se ceder\u00e1n datos a terceiros salvo que sexa legalmente obrigatorio.<\/td><\/tr><tr><td><strong>Orixe<\/strong><\/td><td>Os datos obt\u00e9\u00f1ense do propio interesado<\/td><\/tr><tr><td><strong>Dereitos<\/strong><\/td><td>Acceder, rectificar e suprimir os datos, as\u00ed como outros dereitos, segundo se explica na informaci\u00f3n adicional<\/td><\/tr><tr><td><strong>Informaci\u00f3n adicional<\/strong><\/td><td>Podes consultar informaci\u00f3n adicional e detallada sobre Protecci\u00f3n de Datos no portal web <a href=\"https:\/\/www.bizum.com\/es\">www.bizum.com\/es<\/a><\/td><\/tr><\/tbody><\/table><\/figure>\n\n<p><strong>D\u00c9CIMO CUARTA.- Fiscalidade<\/strong><\/p>\n\n<p>De conformidade coa lexislaci\u00f3n aplicable, a tributaci\u00f3n relativa a cada un dos premios regularase en funci\u00f3n do seguinte:<\/p>\n\n<p>&#8211; (i) Os premios de valor superior a trescentos cincuenta e un c\u00e9ntimos de euro (300,51 \u20ac) estar\u00e1n suxeitos a retenci\u00f3n ou ingreso a conta do IRPF, que ser\u00e1 realizado por Bizum, que soportar a cantidade. As\u00ed mesmo, no seu momento, Bizum expedir\u00e1 a correspondente certificaci\u00f3n que facilite ao participante adxudicatario o cumprimento das s\u00faas obrigas tributarias. <br\/>&#8211; (ii) No que se refire aos premios de valor inferior a trescentos euros e cincuenta e un c\u00e9ntimos de euro (300,51 \u20ac), Bizum non ter\u00e1 a obriga de aplicar a retenci\u00f3n a conta do IRPF, sen prexu\u00edzo ao que se lles informa aos destinatarios de tales premios que te\u00f1en a consideraci\u00f3n de plusval\u00edas non derivadas de transmisi\u00f3ns, estando suxeitos a tributaci\u00f3n directa (IRPF), sendo responsabilidade de cada un deles o cumprimento das s\u00faas respectivas obrigas tributarias.<br\/>Bizum non se far\u00e1 responsable das repercusi\u00f3ns fiscais que a aceptaci\u00f3n dos premios puidese ter sobre a situaci\u00f3n fiscal dos ga\u00f1adores, que ser\u00e1n, en todo caso, \u00e1 s\u00faa conta.<\/p>\n\n<p><strong>D\u00c9CIMO QUINTO.- Autorizaci\u00f3n de uso e cesi\u00f3n de dereitos de imaxe<\/strong><\/p>\n\n<p>Cada un dos premiados autoriza a Bizum a reproducir e utilizar o seu nome, apelidos e imaxe, na publicaci\u00f3n da Lista de premiados que realice, a trav\u00e9s de calquera soporte ou medio de comunicaci\u00f3n (TV, Internet, Redes Sociais ou outros relacionados). a acci\u00f3n promocional que corresponda en cada caso, en todo o mundo e cunha duraci\u00f3n temporal de dous (2) anos a partir da data de aceptaci\u00f3n do premio, sen que isto dea dereito a remuneraci\u00f3n ou beneficio alg\u00fan, salvo o premio recibido. As creaci\u00f3ns que Bizum poida crear en relaci\u00f3n coa publicaci\u00f3n desta Lista de premiados ser\u00e1n propiedade de Bizum e entenderase que, en virtude do premio recibido, o participante premiado cede exclusivamente todos os dereitos de explotaci\u00f3n sobre elas, no que \u00e9 estritamente necesario para o desenvolvemento destas creaci\u00f3ns e sempre que isto non implique modificaci\u00f3n dos datos persoais do participante premiado. <\/p>\n\n<p>O devandito consentimento poder\u00e1 ser revogado, en calquera momento, polos ga\u00f1adores, debendo indemnizar, se \u00e9 o caso, Bizum polos danos e prexu\u00edzos que causen.<\/p>\n\n<p><strong>D\u00c9CIMO SEXTA.- Aceptaci\u00f3n das Bases Xur\u00eddicas<\/strong><\/p>\n\n<p>A participaci\u00f3n nas diferentes acci\u00f3ns promocionais implica a plena aceptaci\u00f3n das presentes Bases Xur\u00eddicas e dos requisitos de participaci\u00f3n que en cada caso sexan de aplicaci\u00f3n, as\u00ed como a aceptaci\u00f3n dos criterios de Bizum nas decisi\u00f3ns interpretativas que tome respecto das mesmas.<\/p>\n\n<p><strong>D\u00c9CIMO S\u00c9TIMA.- Modificaci\u00f3ns<\/strong><\/p>\n\n<p>Bizum, en caso de causas de forza maior alleas \u00e1 s\u00faa vontade, res\u00e9rvase o dereito a realizar calquera modificaci\u00f3n, suspender, acurtar ou ampliar a duraci\u00f3n dunha determinada acci\u00f3n promocional, compromet\u00e9ndose a darlle a ditas modificaci\u00f3ns o grao de publicidade que sexa necesario.<\/p>\n\n<p><strong>D\u00c9CIMO OITAVA.- Lexislaci\u00f3n aplicable e competencia<\/strong><\/p>\n\n<p>As acci\u00f3ns promocionais que Bizum poida levar a cabo rexeranse pola lexislaci\u00f3n com\u00fan espa\u00f1ola vixente.<\/p>\n\n<p>Para calquera controversia que puidese derivarse da interpretaci\u00f3n e aplicaci\u00f3n destas Bases Xur\u00eddicas ou dos requisitos para a participaci\u00f3n nunha determinada acci\u00f3n promocional, tanto Bizum como os distintos participantes som\u00e9tense expresamente \u00e1 xurisdici\u00f3n dos Xulgados e Tribunais de Madrid capital, sen prexu\u00edzo do xurisdici\u00f3n que por lei poida corresponder ao consumidor.<\/p>\n","protected":false},"excerpt":{"rendered":"<p>Bases legais para a PARTICIPACI\u00d3N EN ACCI\u00d3NS PROMOCIONAIS DE BIZUM, SL PRIMEIRA.- Obxecto Co obxectivo de fomentar a utilizaci\u00f3n dos distintos servizos que ofrece a empresa, a entidade mercantil Bizum, SL, con domicilio social en Madrid, r\u00faa Francisco Sancha, 12, e provista do NIF n\u00famero B-87599478 (en diante, \u201cBizum\u201d). , promove a realizaci\u00f3n de diferentes [&hellip;]<\/p>\n","protected":false},"author":14,"featured_media":0,"parent":0,"menu_order":0,"comment_status":"closed","ping_status":"closed","template":"page-text.php","meta":{"_acf_changed":false,"footnotes":""},"class_list":["post-28878","page","type-page","status-publish","hentry"],"acf":[],"yoast_head":"<!-- This site is optimized with the Yoast SEO plugin v27.5 - https:\/\/yoast.com\/product\/yoast-seo-wordpress\/ -->\n<title>Bases legais para sorteos e concursos - Bizum<\/title>\n<meta name=\"robots\" content=\"index, follow, max-snippet:-1, max-image-preview:large, max-video-preview:-1\" \/>\n<link rel=\"canonical\" href=\"https:\/\/bizum.com\/es\/gl\/bases-xuridicas-sorteos-e-concursos\/\" \/>\n<meta property=\"og:locale\" content=\"gl_ES\" \/>\n<meta property=\"og:type\" content=\"article\" \/>\n<meta property=\"og:title\" content=\"Bases legais para sorteos e concursos - Bizum\" \/>\n<meta property=\"og:description\" content=\"Bases legais para a PARTICIPACI\u00d3N EN ACCI\u00d3NS PROMOCIONAIS DE BIZUM, SL PRIMEIRA.- Obxecto Co obxectivo de fomentar a utilizaci\u00f3n dos distintos servizos que ofrece a empresa, a entidade mercantil Bizum, SL, con domicilio social en Madrid, r\u00faa Francisco Sancha, 12, e provista do NIF n\u00famero B-87599478 (en diante, \u201cBizum\u201d). , promove a realizaci\u00f3n de diferentes [&hellip;]\" \/>\n<meta property=\"og:url\" content=\"https:\/\/bizum.com\/es\/gl\/bases-xuridicas-sorteos-e-concursos\/\" \/>\n<meta property=\"og:site_name\" content=\"Bizum\" \/>\n<meta property=\"article:modified_time\" content=\"2025-01-16T13:12:41+00:00\" \/>\n<meta name=\"twitter:card\" content=\"summary_large_image\" \/>\n<meta name=\"twitter:label1\" content=\"Est. reading time\" \/>\n\t<meta name=\"twitter:data1\" content=\"7 minutes\" \/>\n<script type=\"application\/ld+json\" class=\"yoast-schema-graph\">{\"@context\":\"https:\\\/\\\/schema.org\",\"@graph\":[{\"@type\":\"WebPage\",\"@id\":\"https:\\\/\\\/bizum.com\\\/es\\\/gl\\\/bases-xuridicas-sorteos-e-concursos\\\/\",\"url\":\"https:\\\/\\\/bizum.com\\\/es\\\/gl\\\/bases-xuridicas-sorteos-e-concursos\\\/\",\"name\":\"Bases legais para sorteos e concursos - Bizum\",\"isPartOf\":{\"@id\":\"https:\\\/\\\/bizum.com\\\/es\\\/#website\"},\"datePublished\":\"2024-06-12T15:50:03+00:00\",\"dateModified\":\"2025-01-16T13:12:41+00:00\",\"breadcrumb\":{\"@id\":\"https:\\\/\\\/bizum.com\\\/es\\\/gl\\\/bases-xuridicas-sorteos-e-concursos\\\/#breadcrumb\"},\"inLanguage\":\"gl-ES\",\"potentialAction\":[{\"@type\":\"ReadAction\",\"target\":[\"https:\\\/\\\/bizum.com\\\/es\\\/gl\\\/bases-xuridicas-sorteos-e-concursos\\\/\"]}]},{\"@type\":\"BreadcrumbList\",\"@id\":\"https:\\\/\\\/bizum.com\\\/es\\\/gl\\\/bases-xuridicas-sorteos-e-concursos\\\/#breadcrumb\",\"itemListElement\":[{\"@type\":\"ListItem\",\"position\":1,\"name\":\"Home\",\"item\":\"https:\\\/\\\/bizum.com\\\/es\\\/gl\\\/\"},{\"@type\":\"ListItem\",\"position\":2,\"name\":\"Bases legais para sorteos e concursos\"}]},{\"@type\":\"WebSite\",\"@id\":\"https:\\\/\\\/bizum.com\\\/es\\\/#website\",\"url\":\"https:\\\/\\\/bizum.com\\\/es\\\/\",\"name\":\"Bizum\",\"description\":\"Con Bizum puedes enviar y recibir dinero entre amigos, pagar en comercios online y donar a la ONG que tu elijas, todo desde tu m\u00f3vil.\",\"potentialAction\":[{\"@type\":\"SearchAction\",\"target\":{\"@type\":\"EntryPoint\",\"urlTemplate\":\"https:\\\/\\\/bizum.com\\\/es\\\/?s={search_term_string}\"},\"query-input\":{\"@type\":\"PropertyValueSpecification\",\"valueRequired\":true,\"valueName\":\"search_term_string\"}}],\"inLanguage\":\"gl-ES\"}]}<\/script>\n<!-- \/ Yoast SEO plugin. -->","yoast_head_json":{"title":"Bases legais para sorteos e concursos - Bizum","robots":{"index":"index","follow":"follow","max-snippet":"max-snippet:-1","max-image-preview":"max-image-preview:large","max-video-preview":"max-video-preview:-1"},"canonical":"https:\/\/bizum.com\/es\/gl\/bases-xuridicas-sorteos-e-concursos\/","og_locale":"gl_ES","og_type":"article","og_title":"Bases legais para sorteos e concursos - Bizum","og_description":"Bases legais para a PARTICIPACI\u00d3N EN ACCI\u00d3NS PROMOCIONAIS DE BIZUM, SL PRIMEIRA.- Obxecto Co obxectivo de fomentar a utilizaci\u00f3n dos distintos servizos que ofrece a empresa, a entidade mercantil Bizum, SL, con domicilio social en Madrid, r\u00faa Francisco Sancha, 12, e provista do NIF n\u00famero B-87599478 (en diante, \u201cBizum\u201d). , promove a realizaci\u00f3n de diferentes [&hellip;]","og_url":"https:\/\/bizum.com\/es\/gl\/bases-xuridicas-sorteos-e-concursos\/","og_site_name":"Bizum","article_modified_time":"2025-01-16T13:12:41+00:00","twitter_card":"summary_large_image","twitter_misc":{"Est. reading time":"7 minutes"},"schema":{"@context":"https:\/\/schema.org","@graph":[{"@type":"WebPage","@id":"https:\/\/bizum.com\/es\/gl\/bases-xuridicas-sorteos-e-concursos\/","url":"https:\/\/bizum.com\/es\/gl\/bases-xuridicas-sorteos-e-concursos\/","name":"Bases legais para sorteos e concursos - Bizum","isPartOf":{"@id":"https:\/\/bizum.com\/es\/#website"},"datePublished":"2024-06-12T15:50:03+00:00","dateModified":"2025-01-16T13:12:41+00:00","breadcrumb":{"@id":"https:\/\/bizum.com\/es\/gl\/bases-xuridicas-sorteos-e-concursos\/#breadcrumb"},"inLanguage":"gl-ES","potentialAction":[{"@type":"ReadAction","target":["https:\/\/bizum.com\/es\/gl\/bases-xuridicas-sorteos-e-concursos\/"]}]},{"@type":"BreadcrumbList","@id":"https:\/\/bizum.com\/es\/gl\/bases-xuridicas-sorteos-e-concursos\/#breadcrumb","itemListElement":[{"@type":"ListItem","position":1,"name":"Home","item":"https:\/\/bizum.com\/es\/gl\/"},{"@type":"ListItem","position":2,"name":"Bases legais para sorteos e concursos"}]},{"@type":"WebSite","@id":"https:\/\/bizum.com\/es\/#website","url":"https:\/\/bizum.com\/es\/","name":"Bizum","description":"Con Bizum puedes enviar y recibir dinero entre amigos, pagar en comercios online y donar a la ONG que tu elijas, todo desde tu m\u00f3vil.","potentialAction":[{"@type":"SearchAction","target":{"@type":"EntryPoint","urlTemplate":"https:\/\/bizum.com\/es\/?s={search_term_string}"},"query-input":{"@type":"PropertyValueSpecification","valueRequired":true,"valueName":"search_term_string"}}],"inLanguage":"gl-ES"}]}},"_links":{"self":[{"href":"https:\/\/bizum.com\/es\/gl\/wp-json\/wp\/v2\/pages\/28878","targetHints":{"allow":["GET"]}}],"collection":[{"href":"https:\/\/bizum.com\/es\/gl\/wp-json\/wp\/v2\/pages"}],"about":[{"href":"https:\/\/bizum.com\/es\/gl\/wp-json\/wp\/v2\/types\/page"}],"author":[{"embeddable":true,"href":"https:\/\/bizum.com\/es\/gl\/wp-json\/wp\/v2\/users\/14"}],"replies":[{"embeddable":true,"href":"https:\/\/bizum.com\/es\/gl\/wp-json\/wp\/v2\/comments?post=28878"}],"version-history":[{"count":1,"href":"https:\/\/bizum.com\/es\/gl\/wp-json\/wp\/v2\/pages\/28878\/revisions"}],"predecessor-version":[{"id":31033,"href":"https:\/\/bizum.com\/es\/gl\/wp-json\/wp\/v2\/pages\/28878\/revisions\/31033"}],"wp:attachment":[{"href":"https:\/\/bizum.com\/es\/gl\/wp-json\/wp\/v2\/media?parent=28878"}],"curies":[{"name":"wp","href":"https:\/\/api.w.org\/{rel}","templated":true}]}}