{"id":28906,"date":"2024-06-12T15:50:30","date_gmt":"2024-06-12T15:50:30","guid":{"rendered":"https:\/\/bizum.com\/es\/comunicacions-comerciais\/"},"modified":"2025-01-28T11:46:15","modified_gmt":"2025-01-28T11:46:15","slug":"comunicacions-comerciais","status":"publish","type":"page","link":"https:\/\/bizum.com\/es\/gl\/comunicacions-comerciais\/","title":{"rendered":"Comunicaci\u00f3ns comerciais"},"content":{"rendered":"\n<p><strong>Responsable:<\/strong> Bizum, SL, con enderezo na r\u00faa Francisco Sancha, 12, 28034 Madrid e con NIF B-87599478 (en diante, \u00abBizum\u00bb).<br\/> Datos de contacto: Podes contactar connosco enviando comunicaci\u00f3n postal ao noso enderezo e\/ou por correo electr\u00f3nico contacto@bizum.es.<\/p>\n\n<p><strong>Finalidade:<\/strong> Tratamos os seus datos para comunicar e enviar informaci\u00f3n con fins comerciais ou publicitarios por correo electr\u00f3nico.<\/p>\n\n<p><strong>Per\u00edodo de conservaci\u00f3n:<\/strong> conservamos os seus datos ata que revogue o seu consentimento para enviar comunicaci\u00f3ns para estes fins. Unha vez rematado este prazo, conservaremos os seus datos, debidamente illados e bloqueados, durante un m\u00e1ximo de 5 anos segundo o artigo 1964 do C\u00f3digo Civil (prazo de prescrici\u00f3n das acci\u00f3ns persoais). <br\/>Lexitimaci\u00f3n: consentimento do interesado.<\/p>\n\n<p><strong>Destinatarios:<\/strong> Non se ceder\u00e1n datos a terceiros salvo obriga legal e naqueles casos expresamente previstos na informaci\u00f3n adicional.<\/p>\n\n<p><strong>Dereitos:<\/strong> Acceder, rectificar, eliminar e revogar o consentimento para o tratamento dos datos persoais, as\u00ed como outros dereitos, tal e como se explica na nosa Pol\u00edtica de Privacidade.<\/p>\n\n<p>Informaci\u00f3n adicional: Podes consultar informaci\u00f3n adicional e detallada sobre Protecci\u00f3n de Datos na nosa Pol\u00edtica de Privacidade.<\/p>\n","protected":false},"excerpt":{"rendered":"<p>Responsable: Bizum, SL, con enderezo na r\u00faa Francisco Sancha, 12, 28034 Madrid e con NIF B-87599478 (en diante, \u00abBizum\u00bb). Datos de contacto: Podes contactar connosco enviando comunicaci\u00f3n postal ao noso enderezo e\/ou por correo electr\u00f3nico contacto@bizum.es. Finalidade: Tratamos os seus datos para comunicar e enviar informaci\u00f3n con fins comerciais ou publicitarios por correo electr\u00f3nico. Per\u00edodo [&hellip;]<\/p>\n","protected":false},"author":14,"featured_media":0,"parent":0,"menu_order":0,"comment_status":"closed","ping_status":"closed","template":"page-text.php","meta":{"_acf_changed":false,"footnotes":""},"class_list":["post-28906","page","type-page","status-publish","hentry"],"acf":[],"yoast_head":"<!-- This site is optimized with the Yoast SEO plugin v27.5 - https:\/\/yoast.com\/product\/yoast-seo-wordpress\/ -->\n<title>Comunicaci\u00f3ns comerciais - Bizum<\/title>\n<meta name=\"robots\" content=\"index, follow, max-snippet:-1, max-image-preview:large, max-video-preview:-1\" \/>\n<link rel=\"canonical\" href=\"https:\/\/bizum.com\/es\/gl\/comunicacions-comerciais\/\" \/>\n<meta property=\"og:locale\" content=\"gl_ES\" \/>\n<meta property=\"og:type\" content=\"article\" \/>\n<meta property=\"og:title\" content=\"Comunicaci\u00f3ns comerciais - Bizum\" \/>\n<meta property=\"og:description\" content=\"Responsable: Bizum, SL, con enderezo na r\u00faa Francisco Sancha, 12, 28034 Madrid e con NIF B-87599478 (en diante, \u00abBizum\u00bb). Datos de contacto: Podes contactar connosco enviando comunicaci\u00f3n postal ao noso enderezo e\/ou por correo electr\u00f3nico contacto@bizum.es. Finalidade: Tratamos os seus datos para comunicar e enviar informaci\u00f3n con fins comerciais ou publicitarios por correo electr\u00f3nico. Per\u00edodo [&hellip;]\" \/>\n<meta property=\"og:url\" content=\"https:\/\/bizum.com\/es\/gl\/comunicacions-comerciais\/\" \/>\n<meta property=\"og:site_name\" content=\"Bizum\" \/>\n<meta property=\"article:modified_time\" content=\"2025-01-28T11:46:15+00:00\" \/>\n<meta name=\"twitter:card\" content=\"summary_large_image\" \/>\n<meta name=\"twitter:label1\" content=\"Est. reading time\" \/>\n\t<meta name=\"twitter:data1\" content=\"1 minute\" \/>\n<script type=\"application\/ld+json\" class=\"yoast-schema-graph\">{\"@context\":\"https:\\\/\\\/schema.org\",\"@graph\":[{\"@type\":\"WebPage\",\"@id\":\"https:\\\/\\\/bizum.com\\\/es\\\/gl\\\/comunicacions-comerciais\\\/\",\"url\":\"https:\\\/\\\/bizum.com\\\/es\\\/gl\\\/comunicacions-comerciais\\\/\",\"name\":\"Comunicaci\u00f3ns comerciais - Bizum\",\"isPartOf\":{\"@id\":\"https:\\\/\\\/bizum.com\\\/es\\\/#website\"},\"datePublished\":\"2024-06-12T15:50:30+00:00\",\"dateModified\":\"2025-01-28T11:46:15+00:00\",\"breadcrumb\":{\"@id\":\"https:\\\/\\\/bizum.com\\\/es\\\/gl\\\/comunicacions-comerciais\\\/#breadcrumb\"},\"inLanguage\":\"gl-ES\",\"potentialAction\":[{\"@type\":\"ReadAction\",\"target\":[\"https:\\\/\\\/bizum.com\\\/es\\\/gl\\\/comunicacions-comerciais\\\/\"]}]},{\"@type\":\"BreadcrumbList\",\"@id\":\"https:\\\/\\\/bizum.com\\\/es\\\/gl\\\/comunicacions-comerciais\\\/#breadcrumb\",\"itemListElement\":[{\"@type\":\"ListItem\",\"position\":1,\"name\":\"Home\",\"item\":\"https:\\\/\\\/bizum.com\\\/es\\\/gl\\\/\"},{\"@type\":\"ListItem\",\"position\":2,\"name\":\"Comunicaci\u00f3ns comerciais\"}]},{\"@type\":\"WebSite\",\"@id\":\"https:\\\/\\\/bizum.com\\\/es\\\/#website\",\"url\":\"https:\\\/\\\/bizum.com\\\/es\\\/\",\"name\":\"Bizum\",\"description\":\"Con Bizum puedes enviar y recibir dinero entre amigos, pagar en comercios online y donar a la ONG que tu elijas, todo desde tu m\u00f3vil.\",\"potentialAction\":[{\"@type\":\"SearchAction\",\"target\":{\"@type\":\"EntryPoint\",\"urlTemplate\":\"https:\\\/\\\/bizum.com\\\/es\\\/?s={search_term_string}\"},\"query-input\":{\"@type\":\"PropertyValueSpecification\",\"valueRequired\":true,\"valueName\":\"search_term_string\"}}],\"inLanguage\":\"gl-ES\"}]}<\/script>\n<!-- \/ Yoast SEO plugin. -->","yoast_head_json":{"title":"Comunicaci\u00f3ns comerciais - Bizum","robots":{"index":"index","follow":"follow","max-snippet":"max-snippet:-1","max-image-preview":"max-image-preview:large","max-video-preview":"max-video-preview:-1"},"canonical":"https:\/\/bizum.com\/es\/gl\/comunicacions-comerciais\/","og_locale":"gl_ES","og_type":"article","og_title":"Comunicaci\u00f3ns comerciais - Bizum","og_description":"Responsable: Bizum, SL, con enderezo na r\u00faa Francisco Sancha, 12, 28034 Madrid e con NIF B-87599478 (en diante, \u00abBizum\u00bb). Datos de contacto: Podes contactar connosco enviando comunicaci\u00f3n postal ao noso enderezo e\/ou por correo electr\u00f3nico contacto@bizum.es. Finalidade: Tratamos os seus datos para comunicar e enviar informaci\u00f3n con fins comerciais ou publicitarios por correo electr\u00f3nico. Per\u00edodo [&hellip;]","og_url":"https:\/\/bizum.com\/es\/gl\/comunicacions-comerciais\/","og_site_name":"Bizum","article_modified_time":"2025-01-28T11:46:15+00:00","twitter_card":"summary_large_image","twitter_misc":{"Est. reading time":"1 minute"},"schema":{"@context":"https:\/\/schema.org","@graph":[{"@type":"WebPage","@id":"https:\/\/bizum.com\/es\/gl\/comunicacions-comerciais\/","url":"https:\/\/bizum.com\/es\/gl\/comunicacions-comerciais\/","name":"Comunicaci\u00f3ns comerciais - Bizum","isPartOf":{"@id":"https:\/\/bizum.com\/es\/#website"},"datePublished":"2024-06-12T15:50:30+00:00","dateModified":"2025-01-28T11:46:15+00:00","breadcrumb":{"@id":"https:\/\/bizum.com\/es\/gl\/comunicacions-comerciais\/#breadcrumb"},"inLanguage":"gl-ES","potentialAction":[{"@type":"ReadAction","target":["https:\/\/bizum.com\/es\/gl\/comunicacions-comerciais\/"]}]},{"@type":"BreadcrumbList","@id":"https:\/\/bizum.com\/es\/gl\/comunicacions-comerciais\/#breadcrumb","itemListElement":[{"@type":"ListItem","position":1,"name":"Home","item":"https:\/\/bizum.com\/es\/gl\/"},{"@type":"ListItem","position":2,"name":"Comunicaci\u00f3ns comerciais"}]},{"@type":"WebSite","@id":"https:\/\/bizum.com\/es\/#website","url":"https:\/\/bizum.com\/es\/","name":"Bizum","description":"Con Bizum puedes enviar y recibir dinero entre amigos, pagar en comercios online y donar a la ONG que tu elijas, todo desde tu m\u00f3vil.","potentialAction":[{"@type":"SearchAction","target":{"@type":"EntryPoint","urlTemplate":"https:\/\/bizum.com\/es\/?s={search_term_string}"},"query-input":{"@type":"PropertyValueSpecification","valueRequired":true,"valueName":"search_term_string"}}],"inLanguage":"gl-ES"}]}},"_links":{"self":[{"href":"https:\/\/bizum.com\/es\/gl\/wp-json\/wp\/v2\/pages\/28906","targetHints":{"allow":["GET"]}}],"collection":[{"href":"https:\/\/bizum.com\/es\/gl\/wp-json\/wp\/v2\/pages"}],"about":[{"href":"https:\/\/bizum.com\/es\/gl\/wp-json\/wp\/v2\/types\/page"}],"author":[{"embeddable":true,"href":"https:\/\/bizum.com\/es\/gl\/wp-json\/wp\/v2\/users\/14"}],"replies":[{"embeddable":true,"href":"https:\/\/bizum.com\/es\/gl\/wp-json\/wp\/v2\/comments?post=28906"}],"version-history":[{"count":1,"href":"https:\/\/bizum.com\/es\/gl\/wp-json\/wp\/v2\/pages\/28906\/revisions"}],"predecessor-version":[{"id":34939,"href":"https:\/\/bizum.com\/es\/gl\/wp-json\/wp\/v2\/pages\/28906\/revisions\/34939"}],"wp:attachment":[{"href":"https:\/\/bizum.com\/es\/gl\/wp-json\/wp\/v2\/media?parent=28906"}],"curies":[{"name":"wp","href":"https:\/\/api.w.org\/{rel}","templated":true}]}}