{"id":33988,"date":"2024-07-28T11:05:23","date_gmt":"2024-07-28T11:05:23","guid":{"rendered":"https:\/\/bizum.com\/es\/aviso-legal-2\/"},"modified":"2025-01-16T13:11:33","modified_gmt":"2025-01-16T13:11:33","slug":"aviso-legal-2","status":"publish","type":"page","link":"https:\/\/bizum.com\/es\/gl\/aviso-legal-2\/","title":{"rendered":"Aviso legal"},"content":{"rendered":"\n<p>Bizum, SL (\u201cBizum\u201d), con domicilio en Madrid, r\u00faa Francisco Sancha, n\u00famero 12, e con NIF n\u00famero B-87599478, inscrita no Rexistro Mercantil de Madrid, tomo 35.043, folio 30, folla n\u00famero M-630249, 1o. rexistro, \u00e9 o propietario do porto accesible na URL <a href=\"https:\/\/www.bizum.com\" target=\"_blank\" rel=\"noreferrer noopener\">https:\/\/www.bizum.com<\/a> .<\/p>\n\n<p>O acceso ao portal Bizum e \u00e1 informaci\u00f3n relacionada con calquera dos produtos e servizos nel contidos confire a condici\u00f3n de Usuario e implica a aceptaci\u00f3n das condici\u00f3ns previstas neste Aviso Legal. Por iso, recomend\u00e1moslle que lea atentamente o seu contido se desexa acceder e utilizar a informaci\u00f3n e os servizos que se ofrecen dende o portal Bizum. <\/p>\n\n<h3 class=\"wp-block-heading\"><strong>Validez da informaci\u00f3n<\/strong><\/h3>\n\n<p>A informaci\u00f3n e condici\u00f3ns contidas nestas p\u00e1xinas son as vixentes a partir da data da s\u00faa \u00faltima actualizaci\u00f3n. Bizum res\u00e9rvase o dereito de modificalos en calquera momento, caso en que entrar\u00e1n en vigor a partir da s\u00faa publicaci\u00f3n e ser\u00e1n de aplicaci\u00f3n a todos os usuarios do portal a partir desa data. Os contidos do portal Bizum, especialmente as referencias informativas e publicitarias, salvo indicaci\u00f3n expresa en contrario, non constit\u00faen unha oferta vinculante. Bizum res\u00e9rvase o dereito a introducir modificaci\u00f3ns ou omitir parcial ou totalmente os contidos actuais do portal de Bizum cando o considere oportuno, as\u00ed como impedir ou restrinxir o acceso de forma temporal ou permanente.   <\/p>\n\n<h3 class=\"wp-block-heading\"><strong>Establecemento de ligaz\u00f3ns a terceiros<\/strong><\/h3>\n\n<p>O portal de Bizum poder\u00e1 po\u00f1er a disposici\u00f3n dos seus Usuarios dispositivos de enlace t\u00e9cnico que, seleccionados polo Usuario, os redireccionar\u00e1n a un sitio web distinto de Bizum.<\/p>\n\n<p>Nesta situaci\u00f3n, Bizum, como prestadora de servizos da sociedade da informaci\u00f3n, de conformidade co artigo 17 da Lei 34\/2002, do 11 de xullo, de Servizos da Sociedade da Informaci\u00f3n e de Comercio Electr\u00f3nico, quedar\u00e1 exenta de responsabilidade pola informaci\u00f3n que axude a realizar. accesible a trav\u00e9s das ligaz\u00f3ns publicadas na s\u00faa p\u00e1xina web, salvo no caso de que te\u00f1a co\u00f1ecemento do contido il\u00edcito das ligaz\u00f3ns publicadas na s\u00faa p\u00e1xina web e non proceda \u00e1 s\u00faa eliminaci\u00f3n.<\/p>\n\n<p>Os usuarios que te\u00f1an co\u00f1ecemento de que calquera das ligaz\u00f3ns publicadas na p\u00e1xina web redirixen a contidos inadecuados, poder\u00e1n comunicalo a Bizum no enderezo do seu domicilio social indicado ao comezo deste Aviso Legal, indicando nome, enderezo (postal ou electr\u00f3nico) e n\u00famero de tel\u00e9fono de o Usuario, unha descrici\u00f3n do contido il\u00edcito comunicado e unha declaraci\u00f3n expresa da exactitude do comunicado, sen prexu\u00edzo de que iso non implique co\u00f1ecemento por parte de Bizum do contido comunicado.<\/p>\n\n<p>As\u00ed mesmo, Bizum non se fai responsable dos danos ocasionados pola ilegalidade, calidade ou contidos ou servizos desactualizados dos sitios web enlazados, nin por calquera outro dano que non sexa directamente imputable a Bizum, salvo o previsto no citado artigo 17. da Informaci\u00f3n. Dereito de Servizos da Sociedade.<\/p>\n\n<h3 class=\"wp-block-heading\"><strong>asistente virtual<\/strong><\/h3>\n\n<p>O Asistente Virtual do portal Bizum, \u201cBizzi\u201d, \u00e9 un sistema que presta axuda aos Usuarios deste sitio web mediante un procedemento de preguntas e respostas e proporciona a informaci\u00f3n solicitada mediante resposta directa ou, ofrecendo aos Usuarios a posibilidade de que Bizum, como propietario do portal, contacta con eles.<\/p>\n\n<p>Os usuarios comprom\u00e9tense a facer un uso axeitado deste servizo, de acordo coas condici\u00f3ns de uso aqu\u00ed descritas, para non inserir a trav\u00e9s del contidos inadecuados ou ofensivos.<\/p>\n\n<p>No caso de que exista contradici\u00f3n entre a informaci\u00f3n facilitada a trav\u00e9s do Asistente Virtual \u201cBizzi\u201d e a mostrada no portal web de Bizum, prevalecer\u00e1 en todo caso a informaci\u00f3n facilitada pola devandita p\u00e1xina web.<\/p>\n\n<h3 class=\"wp-block-heading\"><strong>Datos persoais<\/strong><\/h3>\n\n<p>Bizum cumpre \u00edntegramente coa lexislaci\u00f3n vixente en materia de protecci\u00f3n de datos persoais e cos compromisos de confidencialidade inherentes \u00e1 s\u00faa actividade. Bizum adoptou as medidas t\u00e9cnicas necesarias para manter o nivel de seguridade requirido, segundo a natureza dos datos persoais tratados e as circunstancias do tratamento, co fin de evitar, na medida do posible e sempre segundo o estado da t\u00e9cnica, a s\u00faa alteraci\u00f3n, perda, tratamento ou acceso non autorizado. <\/p>\n\n<p>Inform\u00e1moslle de que os datos identificativos que nos facilite ao utilizar a canle de comunicaci\u00f3n \u201cContacto\u201d na URL <a href=\"https:\/\/www.bizum.com\">https:\/\/www.bizum.com<\/a> ou a canle de Asistente Virtual \u201cBizzi\u201d ser\u00e1n inclu\u00eddos nun ficheiro propiedade de Bizum, SL (domicilio social: Francisco Sancha, 12 -28034 Madrid), co fin de dar unha resposta adecuada \u00e1 solicitude de informaci\u00f3n realizada a trav\u00e9s do portal Bizum. Solicitamos que o contido da consulta ou mensaxe enviada a trav\u00e9s da canle de comunicaci\u00f3n \u201cContacto\u201d ou a trav\u00e9s da canle do Asistente Virtual \u201cBizzi\u201d se limite a inclu\u00edr a informaci\u00f3n estritamente necesaria. <\/p>\n\n<p>Inform\u00e1moslle que pode exercer os seus dereitos de acceso, rectificaci\u00f3n, cancelaci\u00f3n e oposici\u00f3n ao tratamento dos seus datos de contacto, ante Bizum, SL, con domicilio social situado na r\u00faa Francisco Sancha, 12 \u2013 28034 Madrid, indicando a seguinte informaci\u00f3n no seu solicitude: nome, apelidos, enderezo para efectos de notificaci\u00f3n e fotocopia do DNI ou calquera outro documento legalmente v\u00e1lido que acredite a s\u00faa identidade e solicitude.<\/p>\n\n<p>Algunhas das p\u00e1xinas do portal Bizum contan con \u201ccookies\u201d, que son pequenos ficheiros de datos que se xeran no ordenador do Usuario e que permiten aos nosos sistemas recordar algunhas caracter\u00edsticas ou preferencias de navegaci\u00f3n do Usuario. Para m\u00e1is informaci\u00f3n podes ler a nosa <a href=\"https:\/\/bizum.es\/politica-de-privacidad\/\">Pol\u00edtica de cookies.<\/a> <\/p>\n\n<h3 class=\"wp-block-heading\"><strong>Propiedade intelectual e industrial<\/strong><\/h3>\n\n<p>O portal Bizum, as p\u00e1xinas que comprende e a informaci\u00f3n ou elementos neles contidos, incl\u00faen textos, documentos, fotograf\u00edas, debuxos, representaci\u00f3ns gr\u00e1ficas, bases de datos, programas inform\u00e1ticos, as\u00ed como logotipos, marcas, nomes comerciais, ou outros signos distintivos por dereitos de propiedade intelectual ou industrial, dos que Bizum \u00e9 titular ou lex\u00edtimo licenciatario.<\/p>\n\n<p>Bizum non outorga ningunha garant\u00eda sobre a licitude da informaci\u00f3n ou elementos contidos nas p\u00e1xinas do portal Bizum cando a titularidade dos mesmos non corresponda a Bizum.<\/p>\n\n<h3 class=\"wp-block-heading\"><strong>Usos prohibidos e permitidos<\/strong><\/h3>\n\n<p>Queda prohibida calquera forma de explotaci\u00f3n, inclu\u00edndo todo tipo de reproduci\u00f3n, distribuci\u00f3n, cesi\u00f3n a terceiros, comunicaci\u00f3n p\u00fablica e transformaci\u00f3n, por calquera tipo de soporte e soporte, das citadas obras, creaci\u00f3ns e signos distintivos sen autorizaci\u00f3n previa e expresa dos seus respectivos. titulares. O incumprimento desta prohibici\u00f3n poder\u00e1 ser constitutivo de infracci\u00f3n sancionada pola lexislaci\u00f3n vixente. <\/p>\n\n<p>Queda prohibido, salvo nos casos expresamente autorizados por Bizum, establecer ligaz\u00f3ns, hiperv\u00ednculos ou ligaz\u00f3ns, desde portais ou sitios web de terceiros a p\u00e1xinas web de Bizum distintas \u00e1 p\u00e1xina principal do portal Bizum, accesible na URL <a href=\"https:\/\/www.bizum.com\">https:\/\/www. .bizum.com<\/a> , ou aquel que o substit\u00faa no futuro, as\u00ed como presentar as p\u00e1xinas web de Bizum ou a informaci\u00f3n nelas contida baixo marcos, signos distintivos, marcas ou nomes sociais ou comerciais doutra persoa, empresa ou entidade.<\/p>\n\n<h3 class=\"wp-block-heading\"><strong>Responsabilidades<\/strong><\/h3>\n\n<p>Bizum non garante o acceso continuado, nin a correcta visualizaci\u00f3n, descarga ou utilizaci\u00f3n dos elementos e informaci\u00f3ns contidas nas p\u00e1xinas do portal Bizum, que poidan verse impedidos, dificultados ou interrompidos por factores ou circunstancias alleas \u00e1 s\u00faa vontade.<\/p>\n\n<p>Bizum non se fai responsable da informaci\u00f3n e demais contidos integrados en espazos ou p\u00e1xinas web alleas desde as que se accede mediante ligaz\u00f3ns, hiperv\u00ednculos ou ligaz\u00f3ns ao portal Bizum ou a calquera das s\u00faas p\u00e1xinas web, nin da informaci\u00f3n e contidos de ningunha web. p\u00e1xina de terceiros que se presenta baixo a aparencia ou signos distintivos de Bizum, salvo autorizaci\u00f3n expresa deste.<\/p>\n\n<p>Bizum non asume ningunha responsabilidade en relaci\u00f3n coa informaci\u00f3n, contidos de calquera tipo, produtos e servizos ofrecidos a trav\u00e9s do portal Bizum por terceiros ou entidades.<\/p>\n\n<p>Bizum non se fai responsable das inexactitudes que poidan conter na informaci\u00f3n facilitada a trav\u00e9s do Asistente Virtual \u201cBizzi\u201d.<\/p>\n\n<p>Bizum tampouco asume ningunha responsabilidade por danos, perdas, reclamaci\u00f3ns ou gastos, causados \u200b\u200bpor:<\/p>\n\n<p>1. Interferencias, interrupci\u00f3ns, avar\u00edas, omisi\u00f3ns, avar\u00edas telef\u00f3nicas, atrasos, bloqueos ou desconexi\u00f3ns no funcionamento do sistema electr\u00f3nico, causadas por deficiencias, sobrecargas e erros nas li\u00f1as e redes de telecomunicaci\u00f3ns, ou por calquera outra causa allea \u00e1 vontade de Bizum .<br\/> 2. Intrusi\u00f3ns ilex\u00edtimas mediante o uso de programas maliciosos de calquera tipo e a trav\u00e9s de calquera medio de comunicaci\u00f3n, como virus inform\u00e1ticos ou outros.<br\/> 3. uso indebido ou inadecuado do portal Bizum.<br\/> 4. erros de seguridade ou de navegaci\u00f3n causados \u200b\u200bpor un mal funcionamento do navegador ou polo uso de versi\u00f3ns non actualizadas do mesmo.<\/p>\n\n<h3 class=\"wp-block-heading\"><strong>Lei aplicable<\/strong><\/h3>\n\n<p>O contido deste Aviso Legal rexerase de acordo co dereito com\u00fan espa\u00f1ol.<\/p>\n\n<p>As partes someten a resoluci\u00f3n de calquera controversia ou reclamaci\u00f3n relacionada co sitio web de Bizum aos Xulgados e Tribunais do domicilio do consumidor.<\/p>\n","protected":false},"excerpt":{"rendered":"<p>Bizum, SL (\u201cBizum\u201d), con domicilio en Madrid, r\u00faa Francisco Sancha, n\u00famero 12, e con NIF n\u00famero B-87599478, inscrita no Rexistro Mercantil de Madrid, tomo 35.043, folio 30, folla n\u00famero M-630249, 1o. rexistro, \u00e9 o propietario do porto accesible na URL https:\/\/www.bizum.com . O acceso ao portal Bizum e \u00e1 informaci\u00f3n relacionada con calquera dos produtos [&hellip;]<\/p>\n","protected":false},"author":14,"featured_media":0,"parent":0,"menu_order":0,"comment_status":"closed","ping_status":"closed","template":"page-text.php","meta":{"_acf_changed":false,"footnotes":""},"class_list":["post-33988","page","type-page","status-publish","hentry"],"acf":[],"yoast_head":"<!-- This site is optimized with the Yoast SEO plugin v27.5 - https:\/\/yoast.com\/product\/yoast-seo-wordpress\/ -->\n<title>Aviso legal - Bizum<\/title>\n<meta name=\"robots\" content=\"index, follow, max-snippet:-1, max-image-preview:large, max-video-preview:-1\" \/>\n<link rel=\"canonical\" href=\"https:\/\/bizum.com\/es\/gl\/aviso-legal-2\/\" \/>\n<meta property=\"og:locale\" content=\"gl_ES\" \/>\n<meta property=\"og:type\" content=\"article\" \/>\n<meta property=\"og:title\" content=\"Aviso legal - Bizum\" \/>\n<meta property=\"og:description\" content=\"Bizum, SL (\u201cBizum\u201d), con domicilio en Madrid, r\u00faa Francisco Sancha, n\u00famero 12, e con NIF n\u00famero B-87599478, inscrita no Rexistro Mercantil de Madrid, tomo 35.043, folio 30, folla n\u00famero M-630249, 1o. rexistro, \u00e9 o propietario do porto accesible na URL https:\/\/www.bizum.com . O acceso ao portal Bizum e \u00e1 informaci\u00f3n relacionada con calquera dos produtos [&hellip;]\" \/>\n<meta property=\"og:url\" content=\"https:\/\/bizum.com\/es\/gl\/aviso-legal-2\/\" \/>\n<meta property=\"og:site_name\" content=\"Bizum\" \/>\n<meta property=\"article:modified_time\" content=\"2025-01-16T13:11:33+00:00\" \/>\n<meta name=\"twitter:card\" content=\"summary_large_image\" \/>\n<meta name=\"twitter:label1\" content=\"Est. reading time\" \/>\n\t<meta name=\"twitter:data1\" content=\"8 minutes\" \/>\n<script type=\"application\/ld+json\" class=\"yoast-schema-graph\">{\"@context\":\"https:\\\/\\\/schema.org\",\"@graph\":[{\"@type\":\"WebPage\",\"@id\":\"https:\\\/\\\/bizum.com\\\/es\\\/gl\\\/aviso-legal-2\\\/\",\"url\":\"https:\\\/\\\/bizum.com\\\/es\\\/gl\\\/aviso-legal-2\\\/\",\"name\":\"Aviso legal - Bizum\",\"isPartOf\":{\"@id\":\"https:\\\/\\\/bizum.com\\\/es\\\/#website\"},\"datePublished\":\"2024-07-28T11:05:23+00:00\",\"dateModified\":\"2025-01-16T13:11:33+00:00\",\"breadcrumb\":{\"@id\":\"https:\\\/\\\/bizum.com\\\/es\\\/gl\\\/aviso-legal-2\\\/#breadcrumb\"},\"inLanguage\":\"gl-ES\",\"potentialAction\":[{\"@type\":\"ReadAction\",\"target\":[\"https:\\\/\\\/bizum.com\\\/es\\\/gl\\\/aviso-legal-2\\\/\"]}]},{\"@type\":\"BreadcrumbList\",\"@id\":\"https:\\\/\\\/bizum.com\\\/es\\\/gl\\\/aviso-legal-2\\\/#breadcrumb\",\"itemListElement\":[{\"@type\":\"ListItem\",\"position\":1,\"name\":\"Home\",\"item\":\"https:\\\/\\\/bizum.com\\\/es\\\/gl\\\/\"},{\"@type\":\"ListItem\",\"position\":2,\"name\":\"Aviso legal\"}]},{\"@type\":\"WebSite\",\"@id\":\"https:\\\/\\\/bizum.com\\\/es\\\/#website\",\"url\":\"https:\\\/\\\/bizum.com\\\/es\\\/\",\"name\":\"Bizum\",\"description\":\"Con Bizum puedes enviar y recibir dinero entre amigos, pagar en comercios online y donar a la ONG que tu elijas, todo desde tu m\u00f3vil.\",\"potentialAction\":[{\"@type\":\"SearchAction\",\"target\":{\"@type\":\"EntryPoint\",\"urlTemplate\":\"https:\\\/\\\/bizum.com\\\/es\\\/?s={search_term_string}\"},\"query-input\":{\"@type\":\"PropertyValueSpecification\",\"valueRequired\":true,\"valueName\":\"search_term_string\"}}],\"inLanguage\":\"gl-ES\"}]}<\/script>\n<!-- \/ Yoast SEO plugin. -->","yoast_head_json":{"title":"Aviso legal - Bizum","robots":{"index":"index","follow":"follow","max-snippet":"max-snippet:-1","max-image-preview":"max-image-preview:large","max-video-preview":"max-video-preview:-1"},"canonical":"https:\/\/bizum.com\/es\/gl\/aviso-legal-2\/","og_locale":"gl_ES","og_type":"article","og_title":"Aviso legal - Bizum","og_description":"Bizum, SL (\u201cBizum\u201d), con domicilio en Madrid, r\u00faa Francisco Sancha, n\u00famero 12, e con NIF n\u00famero B-87599478, inscrita no Rexistro Mercantil de Madrid, tomo 35.043, folio 30, folla n\u00famero M-630249, 1o. rexistro, \u00e9 o propietario do porto accesible na URL https:\/\/www.bizum.com . O acceso ao portal Bizum e \u00e1 informaci\u00f3n relacionada con calquera dos produtos [&hellip;]","og_url":"https:\/\/bizum.com\/es\/gl\/aviso-legal-2\/","og_site_name":"Bizum","article_modified_time":"2025-01-16T13:11:33+00:00","twitter_card":"summary_large_image","twitter_misc":{"Est. reading time":"8 minutes"},"schema":{"@context":"https:\/\/schema.org","@graph":[{"@type":"WebPage","@id":"https:\/\/bizum.com\/es\/gl\/aviso-legal-2\/","url":"https:\/\/bizum.com\/es\/gl\/aviso-legal-2\/","name":"Aviso legal - Bizum","isPartOf":{"@id":"https:\/\/bizum.com\/es\/#website"},"datePublished":"2024-07-28T11:05:23+00:00","dateModified":"2025-01-16T13:11:33+00:00","breadcrumb":{"@id":"https:\/\/bizum.com\/es\/gl\/aviso-legal-2\/#breadcrumb"},"inLanguage":"gl-ES","potentialAction":[{"@type":"ReadAction","target":["https:\/\/bizum.com\/es\/gl\/aviso-legal-2\/"]}]},{"@type":"BreadcrumbList","@id":"https:\/\/bizum.com\/es\/gl\/aviso-legal-2\/#breadcrumb","itemListElement":[{"@type":"ListItem","position":1,"name":"Home","item":"https:\/\/bizum.com\/es\/gl\/"},{"@type":"ListItem","position":2,"name":"Aviso legal"}]},{"@type":"WebSite","@id":"https:\/\/bizum.com\/es\/#website","url":"https:\/\/bizum.com\/es\/","name":"Bizum","description":"Con Bizum puedes enviar y recibir dinero entre amigos, pagar en comercios online y donar a la ONG que tu elijas, todo desde tu m\u00f3vil.","potentialAction":[{"@type":"SearchAction","target":{"@type":"EntryPoint","urlTemplate":"https:\/\/bizum.com\/es\/?s={search_term_string}"},"query-input":{"@type":"PropertyValueSpecification","valueRequired":true,"valueName":"search_term_string"}}],"inLanguage":"gl-ES"}]}},"_links":{"self":[{"href":"https:\/\/bizum.com\/es\/gl\/wp-json\/wp\/v2\/pages\/33988","targetHints":{"allow":["GET"]}}],"collection":[{"href":"https:\/\/bizum.com\/es\/gl\/wp-json\/wp\/v2\/pages"}],"about":[{"href":"https:\/\/bizum.com\/es\/gl\/wp-json\/wp\/v2\/types\/page"}],"author":[{"embeddable":true,"href":"https:\/\/bizum.com\/es\/gl\/wp-json\/wp\/v2\/users\/14"}],"replies":[{"embeddable":true,"href":"https:\/\/bizum.com\/es\/gl\/wp-json\/wp\/v2\/comments?post=33988"}],"version-history":[{"count":1,"href":"https:\/\/bizum.com\/es\/gl\/wp-json\/wp\/v2\/pages\/33988\/revisions"}],"predecessor-version":[{"id":33989,"href":"https:\/\/bizum.com\/es\/gl\/wp-json\/wp\/v2\/pages\/33988\/revisions\/33989"}],"wp:attachment":[{"href":"https:\/\/bizum.com\/es\/gl\/wp-json\/wp\/v2\/media?parent=33988"}],"curies":[{"name":"wp","href":"https:\/\/api.w.org\/{rel}","templated":true}]}}