{"id":1439,"date":"2024-06-10T15:56:41","date_gmt":"2024-06-10T15:56:41","guid":{"rendered":"http:\/\/bizum.local\/?page_id=1439"},"modified":"2024-12-06T03:37:23","modified_gmt":"2024-12-06T03:37:23","slug":"bancos","status":"publish","type":"page","link":"https:\/\/bizum.com\/es\/bancos\/","title":{"rendered":"Entidades bancarias"},"content":{"rendered":"\n<div class=\"wp-block-columns is-layout-flex wp-container-core-columns-is-layout-28f84493 wp-block-columns-is-layout-flex\">\n<div class=\"wp-block-column is-vertically-aligned-center is-layout-flow wp-block-column-is-layout-flow\">\n<h2 class=\"wp-block-heading has-text-black-500-color has-text-color has-link-color has-xl-font-size wp-elements-70ffdab206311697bd9355455303eda8\">\u00bfConoces los bancos<br>con Bizum?<\/h2>\n\n\n\n<p class=\"has-text-gray-500-color has-text-color has-link-color wp-elements-2632a30a553011b9667a2b968b9a719d\" style=\"margin-top:var(--wp--preset--spacing--2);margin-bottom:var(--wp--preset--spacing--2)\">Bizum es una iniciativa de la banca espa\u00f1ola, por lo cu\u00e1l la mayor parte ofrece ya nuestras soluciones. Busca el tuyo y activa Bizum<\/p>\n<\/div>\n\n\n\n<div class=\"wp-block-column is-layout-flow wp-block-column-is-layout-flow\">\n\n<figure \n  class=\"wp-ax-image  wp-animated-image ax-image__y has-square-right  has-blue-squares ax-image__double \" \n  class=\"align wp-block-acf-mnz-animated-image\" \n  >\n  <div class=\"ax-image__item ax-image__bar-wrapper\">\n    <div class=\"ax-image__item-bar ax-image__item-bar-1\"><\/div>\n          <div class=\"ax-image__item-bar ax-image__item-bar-2\"><\/div>\n      <\/div>\n  <figure class=\"ax-image__item ax-image__figure\">\n    <img loading=\"lazy\" decoding=\"async\" width=\"616\" height=\"598\" src=\"https:\/\/bizum.com\/es\/wp-content\/uploads\/2024\/07\/bancos-con-bizum.png\" class=\"attachment-full size-full\" alt=\"\" srcset=\"https:\/\/bizum.com\/es\/wp-content\/uploads\/2024\/07\/bancos-con-bizum.png 616w, https:\/\/bizum.com\/es\/wp-content\/uploads\/2024\/07\/bancos-con-bizum-300x291.png 300w\" sizes=\"auto, (max-width: 616px) 100vw, 616px\" \/>  <\/figure>\n<\/figure><\/div>\n<\/div>\n\n\n\n<div id=\"content-entidades\"\n  data-filter=\"[53]\"\n  data-show-total=\"true\" \n  data-display-search-form=\"true\"\n  class=\"content-entidades\n  content-entidades-items-with-shadow\">\n<\/div>\n\n\n<div class=\"wp-block-columns has-white-100-color has-background-blue-600-background-color has-text-color has-background has-link-color wp-elements-6105f6b2003093f36a14a5f27e680861 is-layout-flex wp-container-core-columns-is-layout-966ac77c wp-block-columns-is-layout-flex\" style=\"border-radius:32px;margin-top:var(--wp--preset--spacing--2);margin-bottom:var(--wp--preset--spacing--2);padding-top:var(--wp--preset--spacing--2);padding-right:var(--wp--preset--spacing--2);padding-bottom:var(--wp--preset--spacing--2);padding-left:var(--wp--preset--spacing--2)\">\n<div class=\"wp-block-column is-layout-flow wp-block-column-is-layout-flow\">\n<h2 class=\"wp-block-heading has-text-white-500-color has-text-color has-link-color has-l-font-size wp-elements-6dae67f9b5f7fbc123a5a505db522542\" style=\"padding-bottom:var(--wp--preset--spacing--2)\">\u00bfC\u00f3mo usar Bizum<br>en la app de tu banco?<\/h2>\n\n\n\n<div class=\"wp-block-columns is-layout-flex wp-container-core-columns-is-layout-28f84493 wp-block-columns-is-layout-flex\">\n<div class=\"wp-block-column is-layout-flow wp-block-column-is-layout-flow\">\n<div class=\"wp-chip  wp-chip has-background-blue-500-background-color wp-chip--text\" style=\"margin-bottom:var(--wp--preset--spacing--15);\" class=\"align wp-block-acf-mnz-chip has-background has-background-blue-500-background-color\">\n  01\n<\/div>\n\n\n<p class=\"has-text-white-500-color has-text-color has-link-color has-m-font-size wp-elements-7ec9de3f5c21cc0b72dd1be27829bdeb\" style=\"padding-bottom:var(--wp--preset--spacing--1)\"><strong>Selecciona tu banco<\/strong><\/p>\n\n\n\n<p class=\"has-text-white-500-color has-text-color has-link-color wp-elements-9dfffdaadaea91febd6b7e9b97ab8649\">Consulta el listado de bancos que trabajan con Bizum y encuentra el tuyo<\/p>\n<\/div>\n\n\n\n<div class=\"wp-block-column is-layout-flow wp-block-column-is-layout-flow\">\n<div class=\"wp-chip  wp-chip has-background-blue-500-background-color wp-chip--text\" style=\"margin-bottom:var(--wp--preset--spacing--15);\" class=\"align wp-block-acf-mnz-chip has-background has-background-blue-500-background-color\">\n  02\n<\/div>\n\n\n<p class=\"has-text-white-500-color has-text-color has-link-color has-m-font-size wp-elements-b99541e8a73c77a19800c658957999d0\" style=\"padding-bottom:var(--wp--preset--spacing--1)\"><strong>Desc\u00e1rgate su app<\/strong><\/p>\n\n\n\n<p class=\"has-text-white-500-color has-text-color has-link-color wp-elements-7732548c8c42b3f1b0b894211b37e22d\">Si todav\u00eda no dispones de ella. Puedes acceder a la descarga desde su web o desde la tienda de aplicaciones<\/p>\n<\/div>\n\n\n\n<div class=\"wp-block-column is-layout-flow wp-block-column-is-layout-flow\">\n<div class=\"wp-chip  wp-chip has-background-blue-500-background-color wp-chip--text\" style=\"margin-bottom:var(--wp--preset--spacing--15);\" class=\"align wp-block-acf-mnz-chip has-background has-background-blue-500-background-color\">\n  03\n<\/div>\n\n\n<p class=\"has-text-white-500-color has-text-color has-link-color has-m-font-size wp-elements-66ad0b29484e1f9635de26a65ad1e1f6\" style=\"margin-bottom:var(--wp--preset--spacing--1)\"><strong>Entra a la app y \u00a1act\u00edvalo!<\/strong><\/p>\n\n\n\n<p class=\"has-text-white-500-color has-text-color has-link-color wp-elements-85b3c60947ef8ff4ae6ff24fe9eac91a\">Busca la opci\u00f3n enviar y recibir dinero con Bizum y activa el servicio con el n\u00famero de tel\u00e9fono asociado a tu cuenta<\/p>\n<\/div>\n<\/div>\n<\/div>\n<\/div>\n\n\n\n<div class=\"wp-block-columns is-layout-flex wp-container-core-columns-is-layout-28f84493 wp-block-columns-is-layout-flex\">\n<div class=\"wp-block-column is-vertically-aligned-center is-layout-flow wp-block-column-is-layout-flow\">\n<h2 class=\"wp-block-heading has-text-black-500-color has-text-color has-link-color has-l-font-size wp-elements-2b81fe1488dac4b2d22b84fd1baad985\">\u00bfM\u00e1s dudas? Revisa nuestras preguntas frecuentes<\/h2>\n\n\n\n<p class=\"has-text-gray-500-color has-text-color has-link-color wp-elements-3e8f19b219b615d80ea73fbab983c5c7\" style=\"margin-top:var(--wp--preset--spacing--2);margin-bottom:var(--wp--preset--spacing--2)\">Si no encuentras la respuesta a tu duda, tambi\u00e9n puedes <a href=\"https:\/\/bizum.com\/contacto\/\" data-type=\"page\" data-id=\"1620\">contactar con tu entidad proveedora del servicio para que te ayude<\/a><\/p>\n\n\n\n<div class=\"wp-button-wrapper \">\n  <a class=\" wp-button has-icon icon-arrow-up-right has-icon-after has-button-blue-600-background-color\"\n    data-event=\"cta_preguntas-frecuentes\"\n        target=\"\"\n    href=\"\/?page_id=1591\"\n        class=\"align wp-block-acf-mnz-button has-background has-button-blue-600-background-color\">\n          <span class=\"cta-icon\">\n        <svg width=\"24\" height=\"24\" viewBox=\"0 0 24 24\" fill=\"none\" xmlns=\"http:\/\/www.w3.org\/2000\/svg\">\n<path d=\"M7.92308 6H18M18 6V16.0769M18 6L6 18\" stroke=\"white\" stroke-width=\"2\" stroke-linecap=\"round\" stroke-linejoin=\"round\"\/>\n<\/svg>\n      <\/span>\n    \n    <span class=\"cta-title\">\n      Ver preguntas frecuentes    <\/span>\n\n  <\/a>\n<\/div><\/div>\n\n\n\n<div class=\"wp-block-column is-layout-flow wp-block-column-is-layout-flow\">\n\n<figure \n  class=\"wp-ax-image  wp-animated-image ax-image__y has-square-left is-round has-blue-squares ax-image__double \" \n  class=\"align wp-block-acf-mnz-animated-image\" \n  >\n  <div class=\"ax-image__item ax-image__bar-wrapper\">\n    <div class=\"ax-image__item-bar ax-image__item-bar-1\"><\/div>\n          <div class=\"ax-image__item-bar ax-image__item-bar-2\"><\/div>\n      <\/div>\n  <figure class=\"ax-image__item ax-image__figure\">\n    <img loading=\"lazy\" decoding=\"async\" width=\"616\" height=\"598\" src=\"https:\/\/bizum.com\/es\/wp-content\/uploads\/2024\/07\/preguntas-sobre-bizum.png\" class=\"attachment-full size-full\" alt=\"\" srcset=\"https:\/\/bizum.com\/es\/wp-content\/uploads\/2024\/07\/preguntas-sobre-bizum.png 616w, https:\/\/bizum.com\/es\/wp-content\/uploads\/2024\/07\/preguntas-sobre-bizum-300x291.png 300w\" sizes=\"auto, (max-width: 616px) 100vw, 616px\" \/>  <\/figure>\n<\/figure><\/div>\n<\/div>\n\n\n\n<section class=\"d-flex content-accessibility mt-2 mb-2  wp-accessibility content-accessibility__blue\"\n  class=\"align wp-block-acf-mnz-accessibility\">\n  <div class=\"item item-logo\">\n    <img loading=\"lazy\" decoding=\"async\" width=\"240\" height=\"72\" src=\"https:\/\/bizum.com\/es\/wp-content\/uploads\/2024\/06\/bizum-website-accessibility-logo.png\" class=\"logo\" alt=\"\" \/>  \n      <a href=\"https:\/\/bizum.com\/es\/accesibilidad\/\" class=\"has-xs-font-size has-text-gray-500-color fw-700 link-accessibility\">\n      Accesibilidad    <\/a>\n    \n  <\/div>\n\n  <div class=\"item item-social\">\n          <a class=\"icon icon-instagram\" href=\"https:\/\/www.instagram.com\/bizum_es\/\" target=\"_blank\" rel=\"noopener noreferrer\">\n        <svg width=\"24\" height=\"25\" viewBox=\"0 0 24 25\" fill=\"none\" xmlns=\"http:\/\/www.w3.org\/2000\/svg\">\n<path d=\"M12.0044 7.89912C9.16511 7.89912 6.87493 10.1034 6.87493 12.8362C6.87493 15.569 9.16511 17.7733 12.0044 17.7733C14.8437 17.7733 17.1339 15.569 17.1339 12.8362C17.1339 10.1034 14.8437 7.89912 12.0044 7.89912ZM12.0044 16.046C10.1696 16.046 8.66957 14.6065 8.66957 12.8362C8.66957 11.0659 10.1651 9.62646 12.0044 9.62646C13.8437 9.62646 15.3392 11.0659 15.3392 12.8362C15.3392 14.6065 13.8392 16.046 12.0044 16.046ZM18.5401 7.69717C18.5401 8.3374 18.0044 8.84873 17.3437 8.84873C16.6785 8.84873 16.1473 8.3331 16.1473 7.69717C16.1473 7.06123 16.683 6.5456 17.3437 6.5456C18.0044 6.5456 18.5401 7.06123 18.5401 7.69717ZM21.9374 8.86592C21.8615 7.32334 21.4955 5.95693 20.3214 4.83115C19.1517 3.70537 17.7321 3.35303 16.1294 3.27568C14.4776 3.18545 9.52672 3.18545 7.87493 3.27568C6.27672 3.34873 4.85707 3.70107 3.68297 4.82686C2.50886 5.95264 2.14725 7.31904 2.06689 8.86162C1.97314 10.4515 1.97314 15.2167 2.06689 16.8065C2.14279 18.3491 2.50886 19.7155 3.68297 20.8413C4.85707 21.9671 6.27225 22.3194 7.87493 22.3968C9.52672 22.487 14.4776 22.487 16.1294 22.3968C17.7321 22.3237 19.1517 21.9714 20.3214 20.8413C21.491 19.7155 21.8571 18.3491 21.9374 16.8065C22.0312 15.2167 22.0312 10.4558 21.9374 8.86592ZM19.8035 18.5124C19.4553 19.3546 18.7812 20.0034 17.9017 20.3429C16.5848 20.8456 13.4598 20.7296 12.0044 20.7296C10.549 20.7296 7.41957 20.8413 6.10707 20.3429C5.23207 20.0077 4.55797 19.3589 4.20529 18.5124C3.68297 17.2448 3.8035 14.237 3.8035 12.8362C3.8035 11.4354 3.68743 8.42334 4.20529 7.16006C4.5535 6.31787 5.22761 5.66904 6.10707 5.32959C7.42404 4.82685 10.549 4.94287 12.0044 4.94287C13.4598 4.94287 16.5892 4.83115 17.9017 5.32959C18.7767 5.66475 19.4508 6.31357 19.8035 7.16006C20.3258 8.42764 20.2053 11.4354 20.2053 12.8362C20.2053 14.237 20.3258 17.2491 19.8035 18.5124Z\" fill=\"#5A5A5A\"\/>\n<\/svg>\n      <\/a>\n              <a class=\"icon icon-facebook\"\n         href=\"https:\/\/es-es.facebook.com\/Soybizumer\/\" target=\"_blank\" rel=\"noopener noreferrer\">\n        <svg width=\"24\" height=\"25\" viewBox=\"0 0 24 25\" fill=\"none\" xmlns=\"http:\/\/www.w3.org\/2000\/svg\">\n<path d=\"M21 5.87653V20.8051C21 21.929 20.1362 22.8408 19.0714 22.8408H15.6442V15.3256H18.079L18.4286 12.4587H15.6442V10.6265C15.6442 9.79528 15.8612 9.23122 16.9902 9.23122H18.4286V6.66961C18.1795 6.63569 17.3277 6.55511 16.3312 6.55511C14.258 6.55511 12.8357 7.89104 12.8357 10.3466V12.4629H10.3929V15.3299H12.8397V22.8408H4.92857C3.86384 22.8408 3 21.929 3 20.8051V5.87653C3 4.75265 3.86384 3.84082 4.92857 3.84082H19.0714C20.1362 3.84082 21 4.75265 21 5.87653Z\" fill=\"#5A5A5A\"\/>\n<\/svg>\n      <\/a>\n              <a class=\"icon icon-linkedin\" \n         href=\"https:\/\/www.linkedin.com\/company\/bizum\" target=\"_blank\" rel=\"noopener noreferrer\">\n        <svg width=\"24\" height=\"25\" viewBox=\"0 0 24 25\" fill=\"none\" xmlns=\"http:\/\/www.w3.org\/2000\/svg\">\n<path d=\"M19.9522 2.84082H3.99241C2.89517 2.84082 1.99744 3.74083 1.99744 4.84084V20.841C1.99744 21.941 2.89517 22.841 3.99241 22.841H19.9522C21.0494 22.841 21.9471 21.941 21.9471 20.841V4.84084C21.9471 3.74083 21.0494 2.84082 19.9522 2.84082ZM7.98234 19.841H4.98989V10.8409H7.98234V19.841ZM6.48612 9.14088C5.48863 9.14088 4.69064 8.34087 4.69064 7.34086C4.69064 6.34085 5.48863 5.54085 6.48612 5.54085C7.4836 5.54085 8.28159 6.34085 8.28159 7.34086C8.28159 8.34087 7.4836 9.14088 6.48612 9.14088ZM18.9547 19.841H15.9622V14.5409C15.9622 13.741 15.264 13.0409 14.466 13.0409C13.668 13.0409 12.9698 13.741 12.9698 14.5409V19.841H9.97731V10.8409H12.9698V12.0409C13.4685 11.2409 14.5657 10.6409 15.4635 10.6409C17.3587 10.6409 18.9547 12.2409 18.9547 14.1409V19.841Z\" fill=\"#5A5A5A\"\/>\n<\/svg>\n      <\/a>\n              <a class=\"icon icon-twitterx\"\n         href=\"https:\/\/twitter.com\/Bizum_ES\" target=\"_blank\" rel=\"noopener noreferrer\">\n        <svg width=\"24\" height=\"25\" viewBox=\"0 0 24 25\" fill=\"none\" xmlns=\"http:\/\/www.w3.org\/2000\/svg\">\n<g clip-path=\"url(#clip0_1957_1973)\">\n<path d=\"M13.9047 11.3104L21.3513 2.84082H19.5873L13.1187 10.1933L7.956 2.84082H2L9.80867 13.9602L2 22.8408H3.764L10.5907 15.0746L16.044 22.8408H22M4.40067 4.1424H7.11067L19.586 21.6031H16.8753\" fill=\"#5A5A5A\"\/>\n<\/g>\n<defs>\n<clipPath id=\"clip0_1957_1973\">\n<rect width=\"20\" height=\"20\" fill=\"white\" transform=\"translate(2 2.84082)\"\/>\n<\/clipPath>\n<\/defs>\n<\/svg>\n      <\/a>\n              <a class=\"icon icon-youtube\"\n         href=\"https:\/\/www.youtube.com\/channel\/UC9tC8LcXdH1zteJQVyOEXHw\" target=\"_blank\" rel=\"noopener noreferrer\">\n        <svg width=\"24\" height=\"25\" viewBox=\"0 0 24 25\" fill=\"none\" xmlns=\"http:\/\/www.w3.org\/2000\/svg\">\n<path d=\"M21.8008 8.84082C21.8008 8.84082 21.6055 7.46191 21.0039 6.85645C20.2422 6.05957 19.3906 6.05566 19 6.00879C16.2031 5.80566 12.0039 5.80566 12.0039 5.80566H11.9961C11.9961 5.80566 7.79688 5.80566 5 6.00879C4.60938 6.05566 3.75781 6.05957 2.99609 6.85645C2.39453 7.46191 2.20312 8.84082 2.20312 8.84082C2.20312 8.84082 2 10.4619 2 12.0791V13.5947C2 15.2119 2.19922 16.833 2.19922 16.833C2.19922 16.833 2.39453 18.2119 2.99219 18.8174C3.75391 19.6143 4.75391 19.5869 5.19922 19.6729C6.80078 19.8252 12 19.8721 12 19.8721C12 19.8721 16.2031 19.8643 19 19.665C19.3906 19.6182 20.2422 19.6143 21.0039 18.8174C21.6055 18.2119 21.8008 16.833 21.8008 16.833C21.8008 16.833 22 15.2158 22 13.5947V12.0791C22 10.4619 21.8008 8.84082 21.8008 8.84082ZM9.93359 15.4346V9.81348L15.3359 12.6338L9.93359 15.4346Z\" fill=\"#5A5A5A\"\/>\n<\/svg>\n      <\/a>\n              <a class=\"icon icon-tiktok\"\n         href=\"https:\/\/www.tiktok.com\/@bizum_es\" target=\"_blank\" rel=\"noopener noreferrer\">\n        <svg width=\"24\" height=\"25\" viewBox=\"0 0 24 25\" fill=\"none\" xmlns=\"http:\/\/www.w3.org\/2000\/svg\">\n<g clip-path=\"url(#clip0_4032_1256)\">\n<path d=\"M16.2272 2.84082H12.8566V16.464C12.8566 18.0872 11.5602 19.4205 9.94697 19.4205C8.33369 19.4205 7.03732 18.0872 7.03732 16.464C7.03732 14.8698 8.30489 13.5654 9.86056 13.5075V10.0872C6.43235 10.1452 3.66675 12.9568 3.66675 16.464C3.66675 20.0003 6.48996 22.8408 9.97579 22.8408C13.4616 22.8408 16.2848 19.9713 16.2848 16.464V9.47849C17.5524 10.406 19.108 10.9568 20.7501 10.9858V7.56546C18.215 7.4785 16.2272 5.39154 16.2272 2.84082Z\" fill=\"#5A5A5A\"\/>\n<\/g>\n<defs>\n<clipPath id=\"clip0_4032_1256\">\n<rect width=\"20\" height=\"20\" fill=\"white\" transform=\"translate(2 2.84082)\"\/>\n<\/clipPath>\n<\/defs>\n<\/svg>\n      <\/a>\n      <\/div>\n<\/section>\n\n\n<section class=\"p-2 has-background-gray-100-background-color br-m mb-2\">\n\n  <div class=\"pb-1\">\n    <h3 class=\"has-text-black-500-color fw-500\">\n      Suscr\u00edbete a nuestra newsletter    <\/h3>\n  <\/div>\n\n  <div id=\"signup-newsletter\" class=\"test content-form has-text-black-500-color d-flex\">\n\n          <div class=\"content-form-newsletter\">\n        <script charset=\"utf-8\" type=\"text\/javascript\" src=\"\/\/js-eu1.hsforms.net\/forms\/embed\/v2.js\"><\/script>\n        <script>\n          hbspt.forms.create({\n            portalId: \"146523971\",\n            formId: \"281ac07c-61c8-411c-8e0e-58c18ac1a2e4\",\n            region: \"eu1\"\n          });\n        <\/script>\n      <\/div>\n    \n          <div class=\"wp-button-sostenibilidad-wrapper\">\n        <a\n          data-event=\"cta_huella-eco\"\n          href=\"https:\/\/bizum.com\/sostenibilidad\/\"\n          class=\"wp-button is-outlined has-button-blue-600-background-color\">\n          <span class=\"cta-title\">\n            Huella ECO 0.74          <\/span>\n        <\/a>\n      <\/div>\n      <\/div>\n<\/section>","protected":false},"excerpt":{"rendered":"<p>\u00bfConoces los bancoscon Bizum? Bizum es una iniciativa de la banca espa\u00f1ola, por lo cu\u00e1l la mayor parte ofrece ya nuestras soluciones. Busca el tuyo y activa Bizum \u00bfC\u00f3mo usar Bizumen la app de tu banco? Selecciona tu banco Consulta el listado de bancos que trabajan con Bizum y encuentra el tuyo Desc\u00e1rgate su app [&hellip;]<\/p>\n","protected":false},"author":14,"featured_media":0,"parent":0,"menu_order":0,"comment_status":"closed","ping_status":"closed","template":"","meta":{"_acf_changed":false,"footnotes":""},"class_list":["post-1439","page","type-page","status-publish","hentry"],"acf":[],"yoast_head":"<!-- This site is optimized with the Yoast SEO plugin v27.4 - https:\/\/yoast.com\/product\/yoast-seo-wordpress\/ -->\n<title>Conoce todos los bancos con Bizum, busca el tuyo y activa Bizum.<\/title>\n<meta name=\"description\" content=\"Bizum es una iniciativa de la banca espa\u00f1ola, contamos con el respaldo de la gran mayor\u00eda de bancos del pa\u00eds. Consulta el listado de bancos con Bizum.\" \/>\n<meta name=\"robots\" content=\"index, follow, max-snippet:-1, max-image-preview:large, max-video-preview:-1\" \/>\n<link rel=\"canonical\" href=\"https:\/\/bizum.com\/es\/bancos\/\" \/>\n<meta property=\"og:locale\" content=\"es_ES\" \/>\n<meta property=\"og:type\" content=\"article\" \/>\n<meta property=\"og:title\" content=\"Conoce todos los bancos con Bizum, busca el tuyo y activa Bizum.\" \/>\n<meta property=\"og:description\" content=\"Bizum es una iniciativa de la banca espa\u00f1ola, contamos con el respaldo de la gran mayor\u00eda de bancos del pa\u00eds. Consulta el listado de bancos con Bizum.\" \/>\n<meta property=\"og:url\" content=\"https:\/\/bizum.com\/es\/bancos\/\" \/>\n<meta property=\"og:site_name\" content=\"Bizum\" \/>\n<meta property=\"article:modified_time\" content=\"2024-12-06T03:37:23+00:00\" \/>\n<meta name=\"twitter:card\" content=\"summary_large_image\" \/>\n<meta name=\"twitter:label1\" content=\"Tiempo de lectura\" \/>\n\t<meta name=\"twitter:data1\" content=\"1 minuto\" \/>\n<script type=\"application\/ld+json\" class=\"yoast-schema-graph\">{\"@context\":\"https:\\\/\\\/schema.org\",\"@graph\":[{\"@type\":\"WebPage\",\"@id\":\"https:\\\/\\\/bizum.com\\\/es\\\/bancos\\\/\",\"url\":\"https:\\\/\\\/bizum.com\\\/es\\\/bancos\\\/\",\"name\":\"Conoce todos los bancos con Bizum, busca el tuyo y activa Bizum.\",\"isPartOf\":{\"@id\":\"https:\\\/\\\/bizum.com\\\/es\\\/#website\"},\"datePublished\":\"2024-06-10T15:56:41+00:00\",\"dateModified\":\"2024-12-06T03:37:23+00:00\",\"description\":\"Bizum es una iniciativa de la banca espa\u00f1ola, contamos con el respaldo de la gran mayor\u00eda de bancos del pa\u00eds. Consulta el listado de bancos con Bizum.\",\"breadcrumb\":{\"@id\":\"https:\\\/\\\/bizum.com\\\/es\\\/bancos\\\/#breadcrumb\"},\"inLanguage\":\"es\",\"potentialAction\":[{\"@type\":\"ReadAction\",\"target\":[\"https:\\\/\\\/bizum.com\\\/es\\\/bancos\\\/\"]}]},{\"@type\":\"BreadcrumbList\",\"@id\":\"https:\\\/\\\/bizum.com\\\/es\\\/bancos\\\/#breadcrumb\",\"itemListElement\":[{\"@type\":\"ListItem\",\"position\":1,\"name\":\"Home\",\"item\":\"https:\\\/\\\/bizum.com\\\/es\\\/\"},{\"@type\":\"ListItem\",\"position\":2,\"name\":\"Entidades bancarias\"}]},{\"@type\":\"WebSite\",\"@id\":\"https:\\\/\\\/bizum.com\\\/es\\\/#website\",\"url\":\"https:\\\/\\\/bizum.com\\\/es\\\/\",\"name\":\"Bizum\",\"description\":\"Con Bizum puedes enviar y recibir dinero entre amigos, pagar en comercios online y donar a la ONG que tu elijas, todo desde tu m\u00f3vil.\",\"potentialAction\":[{\"@type\":\"SearchAction\",\"target\":{\"@type\":\"EntryPoint\",\"urlTemplate\":\"https:\\\/\\\/bizum.com\\\/es\\\/?s={search_term_string}\"},\"query-input\":{\"@type\":\"PropertyValueSpecification\",\"valueRequired\":true,\"valueName\":\"search_term_string\"}}],\"inLanguage\":\"es\"}]}<\/script>\n<!-- \/ Yoast SEO plugin. -->","yoast_head_json":{"title":"Conoce todos los bancos con Bizum, busca el tuyo y activa Bizum.","description":"Bizum es una iniciativa de la banca espa\u00f1ola, contamos con el respaldo de la gran mayor\u00eda de bancos del pa\u00eds. Consulta el listado de bancos con Bizum.","robots":{"index":"index","follow":"follow","max-snippet":"max-snippet:-1","max-image-preview":"max-image-preview:large","max-video-preview":"max-video-preview:-1"},"canonical":"https:\/\/bizum.com\/es\/bancos\/","og_locale":"es_ES","og_type":"article","og_title":"Conoce todos los bancos con Bizum, busca el tuyo y activa Bizum.","og_description":"Bizum es una iniciativa de la banca espa\u00f1ola, contamos con el respaldo de la gran mayor\u00eda de bancos del pa\u00eds. Consulta el listado de bancos con Bizum.","og_url":"https:\/\/bizum.com\/es\/bancos\/","og_site_name":"Bizum","article_modified_time":"2024-12-06T03:37:23+00:00","twitter_card":"summary_large_image","twitter_misc":{"Tiempo de lectura":"1 minuto"},"schema":{"@context":"https:\/\/schema.org","@graph":[{"@type":"WebPage","@id":"https:\/\/bizum.com\/es\/bancos\/","url":"https:\/\/bizum.com\/es\/bancos\/","name":"Conoce todos los bancos con Bizum, busca el tuyo y activa Bizum.","isPartOf":{"@id":"https:\/\/bizum.com\/es\/#website"},"datePublished":"2024-06-10T15:56:41+00:00","dateModified":"2024-12-06T03:37:23+00:00","description":"Bizum es una iniciativa de la banca espa\u00f1ola, contamos con el respaldo de la gran mayor\u00eda de bancos del pa\u00eds. Consulta el listado de bancos con Bizum.","breadcrumb":{"@id":"https:\/\/bizum.com\/es\/bancos\/#breadcrumb"},"inLanguage":"es","potentialAction":[{"@type":"ReadAction","target":["https:\/\/bizum.com\/es\/bancos\/"]}]},{"@type":"BreadcrumbList","@id":"https:\/\/bizum.com\/es\/bancos\/#breadcrumb","itemListElement":[{"@type":"ListItem","position":1,"name":"Home","item":"https:\/\/bizum.com\/es\/"},{"@type":"ListItem","position":2,"name":"Entidades bancarias"}]},{"@type":"WebSite","@id":"https:\/\/bizum.com\/es\/#website","url":"https:\/\/bizum.com\/es\/","name":"Bizum","description":"Con Bizum puedes enviar y recibir dinero entre amigos, pagar en comercios online y donar a la ONG que tu elijas, todo desde tu m\u00f3vil.","potentialAction":[{"@type":"SearchAction","target":{"@type":"EntryPoint","urlTemplate":"https:\/\/bizum.com\/es\/?s={search_term_string}"},"query-input":{"@type":"PropertyValueSpecification","valueRequired":true,"valueName":"search_term_string"}}],"inLanguage":"es"}]}},"_links":{"self":[{"href":"https:\/\/bizum.com\/es\/wp-json\/wp\/v2\/pages\/1439","targetHints":{"allow":["GET"]}}],"collection":[{"href":"https:\/\/bizum.com\/es\/wp-json\/wp\/v2\/pages"}],"about":[{"href":"https:\/\/bizum.com\/es\/wp-json\/wp\/v2\/types\/page"}],"author":[{"embeddable":true,"href":"https:\/\/bizum.com\/es\/wp-json\/wp\/v2\/users\/14"}],"replies":[{"embeddable":true,"href":"https:\/\/bizum.com\/es\/wp-json\/wp\/v2\/comments?post=1439"}],"version-history":[{"count":1,"href":"https:\/\/bizum.com\/es\/wp-json\/wp\/v2\/pages\/1439\/revisions"}],"predecessor-version":[{"id":30765,"href":"https:\/\/bizum.com\/es\/wp-json\/wp\/v2\/pages\/1439\/revisions\/30765"}],"wp:attachment":[{"href":"https:\/\/bizum.com\/es\/wp-json\/wp\/v2\/media?parent=1439"}],"curies":[{"name":"wp","href":"https:\/\/api.w.org\/{rel}","templated":true}]}}