{"id":1663,"date":"2024-06-12T15:50:03","date_gmt":"2024-06-12T15:50:03","guid":{"rendered":"http:\/\/bizum.local\/?page_id=1663"},"modified":"2024-12-06T03:30:56","modified_gmt":"2024-12-06T03:30:56","slug":"bases-legales-sorteos-y-concursos","status":"publish","type":"page","link":"https:\/\/bizum.com\/es\/bases-legales-sorteos-y-concursos\/","title":{"rendered":"Bases legales sorteos y concursos"},"content":{"rendered":"\n<h3 class=\"wp-block-heading has-m-font-size\">Bases legales de PARTICIPACI\u00d3N EN ACCIONES PROMOCIONALES DE BIZUM, S.L.<\/h3>\n\n\n\n<p><strong>PRIMERA.- Objeto<\/strong><\/p>\n\n\n\n<p>Con el objetivo de incentivar el uso de los distintos servicios ofrecidos por la compa\u00f1\u00eda, la entidad mercantil Bizum, S.L., con domicilio social en Madrid, calle Francisco Sancha, 12, y provista de NIF n\u00famero B-87599478 (en adelante, \u201cBizum\u201d), promueve la realizaci\u00f3n de distintas acciones promocionales, las cuales se regir\u00e1n, en t\u00e9rminos generales, por las presentes bases legales (en adelante, \u201clas Bases Legales\u201d).<\/p>\n\n\n\n<p><strong>SEGUNDA. \u2013 Condiciones particulares<\/strong><\/p>\n\n\n\n<p>Los requisitos necesarios para participar en una determinada acci\u00f3n promocional se describen en el material de difusi\u00f3n de cada una de ellas, en el cual se incluir\u00e1, entre otras, la informaci\u00f3n relativa a la duraci\u00f3n de la acci\u00f3n correspondiente, la forma de participaci\u00f3n y los premios asociados a la misma.<\/p>\n\n\n\n<p><strong>TERCERA.- Periodo de la promoci\u00f3n<\/strong><\/p>\n\n\n\n<p>Las fechas de comienzo y de finalizaci\u00f3n de cada acci\u00f3n promocional quedar\u00e1n debidamente detalladas en el material de difusi\u00f3n asociado a la misma.<\/p>\n\n\n\n<p><strong>CUARTA.- \u00c1mbito territorial de la promoci\u00f3n<\/strong><\/p>\n\n\n\n<p>Las distintas acciones promocionales que lleve a cabo Bizum ser\u00e1n v\u00e1lidas dentro del territorio que se determine en cada caso en la correspondiente acci\u00f3n.<\/p>\n\n\n\n<p><strong>QUINTA. \u2013 Naturaleza de la promoci\u00f3n<\/strong><\/p>\n\n\n\n<p>La participaci\u00f3n en las distintas acciones promocionales realizadas por Bizum es gratuita y se articular\u00e1 bajo la mec\u00e1nica de concurso de participaci\u00f3n en Redes Sociales o, alternativamente, mediante la mec\u00e1nica de sorteo.<br>Ninguna de las promociones estar\u00e1 patrocinada, avalada, administrada, ni asociada de modo alguno a Instagram, Twitter o cualquier otra red social.<\/p>\n\n\n\n<p><strong>SEXTA. \u2013 Requisitos de participaci\u00f3n<\/strong><\/p>\n\n\n\n<p>Podr\u00e1n participar todas aquellas personas f\u00edsicas mayores de edad que, en su condici\u00f3n de consumidores, act\u00faen con un prop\u00f3sito ajeno a su actividad comercial, empresarial, oficio o profesi\u00f3n, est\u00e9n dadas de alta en el Servicio Bizum a trav\u00e9s de alguna de las Entidades Adheridas al mismo, y siempre y cuando se cumplan el resto de las condiciones o requisitos que puedan definirse para cada acci\u00f3n concreta.<\/p>\n\n\n\n<p>El listado de Entidades Adheridas podr\u00e1 consultarse en el enlace <a href=\"http:\/\/www.bizum.com\/es\">www.bizum.com\/es<\/a>.<\/p>\n\n\n\n<p>No podr\u00e1n participar los empleados de la compa\u00f1\u00eda organizadora Bizum.<\/p>\n\n\n\n<p><strong>S\u00c9PTIMA. \u2013 Funcionamiento de las acciones promocionales<\/strong><\/p>\n\n\n\n<p>Los detalles asociados a cada una de las acciones promocionales que Bizum realice, vendr\u00e1n identificados en el material de difusi\u00f3n asociado a cada una de ellas, no obstante, en l\u00edneas generales, se hace constar que:<\/p>\n\n\n\n<p>&#8211; (i) En caso de que la acci\u00f3n promocional se articule bajo la modalidad de \u201cconcurso\u201d, la f\u00f3rmula para elegir al ganador o ganadores de la misma se basar\u00e1 en el m\u00e9rito o pericia del participante, sin que \u00e9ste tenga que hacer ning\u00fan tipo de desembolso econ\u00f3mico para participar, ya sea directamente o por medio de llamadas telef\u00f3nicas, env\u00edo de mensajes de texto o de cualquier otro procedimiento electr\u00f3nico, inform\u00e1tico o telem\u00e1tico en el que exista una tarificaci\u00f3n adicional.<br>&#8211; (ii) En caso de que la acci\u00f3n promocional se articule bajo la modalidad de \u201csorteo\u201d, la f\u00f3rmula para elegir al ganador o ganadores de la misma se basar\u00e1 en la selecci\u00f3n bajo una combinaci\u00f3n aleatoria, sin que \u00e9ste tenga que abonar ning\u00fan sobreprecio ni tarificaci\u00f3n adicional, distinta, en su caso, del mero consumo del producto o servicio.<\/p>\n\n\n\n<p><strong>OCTAVA. \u2013 Premios<\/strong><\/p>\n\n\n\n<p>Los premios asociados a cada acci\u00f3n promocional se describir\u00e1n en el material de difusi\u00f3n asociado a cada una de ellas, en el cual se identificar\u00e1 la naturaleza de \u00e9stos y el n\u00famero de unidades.<br>Con car\u00e1cter general, los premios quedar\u00e1n sujetos a las siguientes condiciones:<\/p>\n\n\n\n<p>\u2013 Los premios no podr\u00e1n ser objeto de cambio, alteraci\u00f3n o compensaci\u00f3n alguna a petici\u00f3n del participante premiado.<br>\u2013 Los participantes premiados podr\u00e1n renunciar a los premios obtenidos, pero en ning\u00fan caso se ofrecer\u00e1 un premio alternativo, ni dicha renuncia dar\u00e1 derecho de indemnizaci\u00f3n o compensaci\u00f3n.<\/p>\n\n\n\n<p><strong>NOVENA. \u2013 Elecci\u00f3n y notificaci\u00f3n de los ganadores<\/strong><\/p>\n\n\n\n<p>La f\u00f3rmula que se emplear\u00e1 para la elecci\u00f3n del ganador o ganadores de cada acci\u00f3n promocional ser\u00e1 descrita en el material de difusi\u00f3n correspondiente. De igual modo, Bizum podr\u00e1 seleccionar tambi\u00e9n un n\u00famero determinado de suplentes que optar\u00edan al premio en caso de que los ganadores previamente identificados renunciaran al mismo, no se les pudiera localizar o no cumplieran con las condiciones descritas en las presentes Bases Legales y requisitos de participaci\u00f3n que se hubieran podido definir.<\/p>\n\n\n\n<p>Una vez seleccionados el n\u00famero de ganador o ganadores que en cada caso resulten aplicables, Bizum, en su condici\u00f3n de entidad organizadora de la acci\u00f3n promocional, se pondr\u00e1 en contacto con los mismos a trav\u00e9s de la v\u00eda se\u00f1alada a tal efecto y les remitir\u00e1 el correspondiente Documento de Aceptaci\u00f3n del Premio que deber\u00e1n cumplimentar y enviar conforme a las instrucciones que en cada caso se indiquen.<\/p>\n\n\n\n<p><strong>D\u00c9CIMA.- Fraude<\/strong><\/p>\n\n\n\n<p>En el caso de que Bizum detecte cualquier anomal\u00eda o tenga sospechas de que alg\u00fan participante est\u00e1 imposibilitando el normal desarrollo de una determinada acci\u00f3n promocional, perjudicando los fines de la misma, o llevando a cabo cualesquiera actos fraudulentos que atenten contra su desarrollo, Bizum se reserva el derecho de dar de baja al participante o participantes implicados, todo ello sin perjuicio de cualesquiera otras medidas legales que estime oportuno emprender.<\/p>\n\n\n\n<p><strong>UND\u00c9CIMA.- Exoneraci\u00f3n de responsabilidad<\/strong><\/p>\n\n\n\n<p>En cualquiera de las acciones promocionales realizadas por Bizum, \u00e9sta queda exonerada de cualquier responsabilidad que pudiera derivarse por circunstancia imputable a terceros que pudiera afectar al desarrollo de dichas acciones y, en especial, a la entrega de los premios asociados a cada una de ellas.<\/p>\n\n\n\n<p><strong>DECIMOSEGUNDA.- Reclamaciones<\/strong><\/p>\n\n\n\n<p>Cualesquiera reclamaciones que se originen por causa de la realizaci\u00f3n de una determinada acci\u00f3n promocional deber\u00e1 presentarse dentro del plazo de los tres (3) meses siguientes a la fecha de celebraci\u00f3n de esta.<\/p>\n\n\n\n<p><strong>DECIMOTERCERA.- Protecci\u00f3n de Datos<\/strong><\/p>\n\n\n\n<figure class=\"wp-block-table\"><table class=\"has-fixed-layout\"><tbody><tr><td><strong>Informaci\u00f3n b\u00e1sica sobre Protecci\u00f3n de Datos<\/strong><\/td><\/tr><\/tbody><\/table><\/figure>\n\n\n\n<figure class=\"wp-block-table\"><table class=\"has-fixed-layout\"><tbody><tr><td><strong>Responsable<\/strong><\/td><td>Bizum, S.L.<\/td><\/tr><tr><td><strong>Finalidad<\/strong><\/td><td>Participaci\u00f3n en la promoci\u00f3n, certificar el cumplimiento de los requisitos de participaci\u00f3n y, en su caso, comunicaci\u00f3n y gesti\u00f3n de la entrega del premio<\/td><\/tr><tr><td><strong>Datos<\/strong><\/td><td>Nombre, apellidos, n\u00famero de tel\u00e9fono m\u00f3vil y domicilio postal.<\/td><\/tr><tr><td><strong>Legitimaci\u00f3n<\/strong><\/td><td>Consentimiento del interesado<\/td><\/tr><tr><td><strong>Destinatarios<\/strong><\/td><td>No se ceder\u00e1n datos a terceros salvo obligaci\u00f3n legal.<\/td><\/tr><tr><td><strong>Procedencia<\/strong><\/td><td>Los datos son obtenidos del propio interesado<\/td><\/tr><tr><td><strong>Derechos<\/strong><\/td><td>Acceder, rectificar y suprimir los datos, as\u00ed como otros derechos, como se explica en la informaci\u00f3n adicional<\/td><\/tr><tr><td><strong>Informaci\u00f3n adicional<\/strong><\/td><td>Puede consultar la informaci\u00f3n adicional y detallada sobre Protecci\u00f3n de Datos en el portal web <a href=\"https:\/\/www.bizum.com\/es\">www.bizum.com\/es<\/a><\/td><\/tr><\/tbody><\/table><\/figure>\n\n\n\n<p><strong>DECIMOCUARTA.- Fiscalidad<\/strong><\/p>\n\n\n\n<p>De conformidad con la legislaci\u00f3n aplicable, la fiscalidad concerniente a cada uno de los premios se regular\u00e1 con base en lo siguiente:<\/p>\n\n\n\n<p>&#8211; (i) Los premios con valor superior a trescientos con cincuenta y un c\u00e9ntimos de euro (300,51 \u20ac) estar\u00e1n sujetos a retenci\u00f3n o ingreso a cuenta del Impuesto sobre la Renta de las Personas F\u00edsicas (IRPF), la cual ser\u00e1 practicada por Bizum, que soportar\u00e1 el importe de la misma. De igual modo, en su momento, Bizum expedir\u00e1 la oportuna certificaci\u00f3n que facilite al participante premiado el cumplimiento de sus obligaciones fiscales.<br>&#8211; (ii) Respecto de los premios con valor inferior a trescientos euros con cincuenta y un c\u00e9ntimos de euro (300,51 \u20ac), Bizum no tendr\u00e1 obligaci\u00f3n de aplicar la retenci\u00f3n a cuenta del Impuesto sobre la Renta de las Personas F\u00edsicas (IRPF), sin perjuicio de lo cual, se informa a los receptores de tales premios de que los mismos tienen la consideraci\u00f3n de ganancia patrimonial no derivada de transmisiones, quedando sujeta a tributaci\u00f3n directa (IRPF), siendo responsabilidad de cada uno de ellos el cumplimiento de sus respectivas obligaciones fiscales.<br>Bizum no ser\u00e1 responsable de las repercusiones fiscales que la aceptaci\u00f3n de los premios pudiera tener en la fiscalidad de los ganadores que ser\u00e1n, en todo caso, por cuenta de \u00e9stos.<\/p>\n\n\n\n<p><strong>DECIMOQUINTA.- Autorizaci\u00f3n de utilizaci\u00f3n de nombre y cesi\u00f3n de derechos de imagen<\/strong><\/p>\n\n\n\n<p>Cada uno de los ganadores autoriza a Bizum a reproducir y utilizar su nombre, apellidos e imagen, en la publicaci\u00f3n del Listado de participantes premiados que \u00e9sta realice, a trav\u00e9s de cualquier soporte o medio de comunicaci\u00f3n (TV, Internet, Redes Sociales u otros) relacionada con la acci\u00f3n promocional que en cada caso corresponda, en todo el mundo y con una duraci\u00f3n temporal de dos (2) a\u00f1os a contar desde la fecha de aceptaci\u00f3n del premio, sin que ello le confiera derecho de remuneraci\u00f3n o beneficio alguno, a excepci\u00f3n del premio recibido. Las creaciones que pueda elaborar Bizum en lo referente a la publicaci\u00f3n de este Listado de participantes premiados, ser\u00e1n titularidad de Bizum y se entender\u00e1 que, en virtud del premio recibido, el participante premiado cede en exclusiva todos los derechos de explotaci\u00f3n sobre los mismos, en lo estrictamente necesario para el desarrollo de estas creaciones y siempre que ello no implique modificaci\u00f3n de los datos personales del participante premiado.<\/p>\n\n\n\n<p>Dicho consentimiento podr\u00e1 ser revocado, en cualquier momento, por los ganadores, debiendo indemnizar, en su caso, a Bizum por los da\u00f1os y perjuicios causados.<\/p>\n\n\n\n<p><strong>DECIMOSEXTA.- Aceptaci\u00f3n de las Bases Legales<\/strong><\/p>\n\n\n\n<p>La participaci\u00f3n en las distintas acciones promocionales supone la aceptaci\u00f3n \u00edntegra de las presente Bases Legales y los requisitos de participaci\u00f3n que en cada caso puedan resultar aplicables, as\u00ed como la aceptaci\u00f3n del criterio de Bizum en las decisiones interpretativas que de las mismas efect\u00fae.<\/p>\n\n\n\n<p><strong>DECIMOS\u00c9PTIMA.- Modificaciones<\/strong><\/p>\n\n\n\n<p>Bizum, en el caso de existir causas de fuerza mayor ajenas a su control, se reserva el derecho de efectuar cualquier cambio, suspender, acortar o ampliar el periodo de duraci\u00f3n de una determinada acci\u00f3n promocional, comprometi\u00e9ndose a dar a dichas modificaciones el grado de publicidad que resulte necesario.<\/p>\n\n\n\n<p><strong>DECIMOCTAVA.- Legislaci\u00f3n aplicable y fuero<\/strong><\/p>\n\n\n\n<p>Las acciones promocionales que Bizum pueda realizar se regir\u00e1n por el derecho espa\u00f1ol com\u00fan vigente.<\/p>\n\n\n\n<p>Para toda controversia que pudiera surgir de la interpretaci\u00f3n y aplicaci\u00f3n de las presentes Bases Legales o de los requisitos de participaci\u00f3n de una determinada acci\u00f3n promocional, tanto Bizum como los distintos participantes, se someten expresamente a la jurisdicci\u00f3n de los Juzgados y Tribunales de Madrid capital, sin perjuicio del fuero que por ley pudiera corresponder al consumidor.<\/p>\n","protected":false},"excerpt":{"rendered":"<p>Bases legales de PARTICIPACI\u00d3N EN ACCIONES PROMOCIONALES DE BIZUM, S.L. PRIMERA.- Objeto Con el objetivo de incentivar el uso de los distintos servicios ofrecidos por la compa\u00f1\u00eda, la entidad mercantil Bizum, S.L., con domicilio social en Madrid, calle Francisco Sancha, 12, y provista de NIF n\u00famero B-87599478 (en adelante, \u201cBizum\u201d), promueve la realizaci\u00f3n de distintas [&hellip;]<\/p>\n","protected":false},"author":14,"featured_media":0,"parent":0,"menu_order":0,"comment_status":"closed","ping_status":"closed","template":"page-text.php","meta":{"_acf_changed":false,"footnotes":""},"class_list":["post-1663","page","type-page","status-publish","hentry"],"acf":[],"yoast_head":"<!-- This site is optimized with the Yoast SEO plugin v27.4 - https:\/\/yoast.com\/product\/yoast-seo-wordpress\/ -->\n<title>Bases legales sorteos y concursos - Bizum<\/title>\n<meta name=\"robots\" content=\"index, follow, max-snippet:-1, max-image-preview:large, max-video-preview:-1\" \/>\n<link rel=\"canonical\" href=\"https:\/\/bizum.com\/es\/bases-legales-sorteos-y-concursos\/\" \/>\n<meta property=\"og:locale\" content=\"es_ES\" \/>\n<meta property=\"og:type\" content=\"article\" \/>\n<meta property=\"og:title\" content=\"Bases legales sorteos y concursos - Bizum\" \/>\n<meta property=\"og:description\" content=\"Bases legales de PARTICIPACI\u00d3N EN ACCIONES PROMOCIONALES DE BIZUM, S.L. PRIMERA.- Objeto Con el objetivo de incentivar el uso de los distintos servicios ofrecidos por la compa\u00f1\u00eda, la entidad mercantil Bizum, S.L., con domicilio social en Madrid, calle Francisco Sancha, 12, y provista de NIF n\u00famero B-87599478 (en adelante, \u201cBizum\u201d), promueve la realizaci\u00f3n de distintas [&hellip;]\" \/>\n<meta property=\"og:url\" content=\"https:\/\/bizum.com\/es\/bases-legales-sorteos-y-concursos\/\" \/>\n<meta property=\"og:site_name\" content=\"Bizum\" \/>\n<meta property=\"article:modified_time\" content=\"2024-12-06T03:30:56+00:00\" \/>\n<meta name=\"twitter:card\" content=\"summary_large_image\" \/>\n<meta name=\"twitter:label1\" content=\"Tiempo de lectura\" \/>\n\t<meta name=\"twitter:data1\" content=\"8 minutos\" \/>\n<script type=\"application\/ld+json\" class=\"yoast-schema-graph\">{\"@context\":\"https:\\\/\\\/schema.org\",\"@graph\":[{\"@type\":\"WebPage\",\"@id\":\"https:\\\/\\\/bizum.com\\\/es\\\/bases-legales-sorteos-y-concursos\\\/\",\"url\":\"https:\\\/\\\/bizum.com\\\/es\\\/bases-legales-sorteos-y-concursos\\\/\",\"name\":\"Bases legales sorteos y concursos - Bizum\",\"isPartOf\":{\"@id\":\"https:\\\/\\\/bizum.com\\\/es\\\/#website\"},\"datePublished\":\"2024-06-12T15:50:03+00:00\",\"dateModified\":\"2024-12-06T03:30:56+00:00\",\"breadcrumb\":{\"@id\":\"https:\\\/\\\/bizum.com\\\/es\\\/bases-legales-sorteos-y-concursos\\\/#breadcrumb\"},\"inLanguage\":\"es\",\"potentialAction\":[{\"@type\":\"ReadAction\",\"target\":[\"https:\\\/\\\/bizum.com\\\/es\\\/bases-legales-sorteos-y-concursos\\\/\"]}]},{\"@type\":\"BreadcrumbList\",\"@id\":\"https:\\\/\\\/bizum.com\\\/es\\\/bases-legales-sorteos-y-concursos\\\/#breadcrumb\",\"itemListElement\":[{\"@type\":\"ListItem\",\"position\":1,\"name\":\"Home\",\"item\":\"https:\\\/\\\/bizum.com\\\/es\\\/\"},{\"@type\":\"ListItem\",\"position\":2,\"name\":\"Bases legales sorteos y concursos\"}]},{\"@type\":\"WebSite\",\"@id\":\"https:\\\/\\\/bizum.com\\\/es\\\/#website\",\"url\":\"https:\\\/\\\/bizum.com\\\/es\\\/\",\"name\":\"Bizum\",\"description\":\"Con Bizum puedes enviar y recibir dinero entre amigos, pagar en comercios online y donar a la ONG que tu elijas, todo desde tu m\u00f3vil.\",\"potentialAction\":[{\"@type\":\"SearchAction\",\"target\":{\"@type\":\"EntryPoint\",\"urlTemplate\":\"https:\\\/\\\/bizum.com\\\/es\\\/?s={search_term_string}\"},\"query-input\":{\"@type\":\"PropertyValueSpecification\",\"valueRequired\":true,\"valueName\":\"search_term_string\"}}],\"inLanguage\":\"es\"}]}<\/script>\n<!-- \/ Yoast SEO plugin. -->","yoast_head_json":{"title":"Bases legales sorteos y concursos - Bizum","robots":{"index":"index","follow":"follow","max-snippet":"max-snippet:-1","max-image-preview":"max-image-preview:large","max-video-preview":"max-video-preview:-1"},"canonical":"https:\/\/bizum.com\/es\/bases-legales-sorteos-y-concursos\/","og_locale":"es_ES","og_type":"article","og_title":"Bases legales sorteos y concursos - Bizum","og_description":"Bases legales de PARTICIPACI\u00d3N EN ACCIONES PROMOCIONALES DE BIZUM, S.L. PRIMERA.- Objeto Con el objetivo de incentivar el uso de los distintos servicios ofrecidos por la compa\u00f1\u00eda, la entidad mercantil Bizum, S.L., con domicilio social en Madrid, calle Francisco Sancha, 12, y provista de NIF n\u00famero B-87599478 (en adelante, \u201cBizum\u201d), promueve la realizaci\u00f3n de distintas [&hellip;]","og_url":"https:\/\/bizum.com\/es\/bases-legales-sorteos-y-concursos\/","og_site_name":"Bizum","article_modified_time":"2024-12-06T03:30:56+00:00","twitter_card":"summary_large_image","twitter_misc":{"Tiempo de lectura":"8 minutos"},"schema":{"@context":"https:\/\/schema.org","@graph":[{"@type":"WebPage","@id":"https:\/\/bizum.com\/es\/bases-legales-sorteos-y-concursos\/","url":"https:\/\/bizum.com\/es\/bases-legales-sorteos-y-concursos\/","name":"Bases legales sorteos y concursos - Bizum","isPartOf":{"@id":"https:\/\/bizum.com\/es\/#website"},"datePublished":"2024-06-12T15:50:03+00:00","dateModified":"2024-12-06T03:30:56+00:00","breadcrumb":{"@id":"https:\/\/bizum.com\/es\/bases-legales-sorteos-y-concursos\/#breadcrumb"},"inLanguage":"es","potentialAction":[{"@type":"ReadAction","target":["https:\/\/bizum.com\/es\/bases-legales-sorteos-y-concursos\/"]}]},{"@type":"BreadcrumbList","@id":"https:\/\/bizum.com\/es\/bases-legales-sorteos-y-concursos\/#breadcrumb","itemListElement":[{"@type":"ListItem","position":1,"name":"Home","item":"https:\/\/bizum.com\/es\/"},{"@type":"ListItem","position":2,"name":"Bases legales sorteos y concursos"}]},{"@type":"WebSite","@id":"https:\/\/bizum.com\/es\/#website","url":"https:\/\/bizum.com\/es\/","name":"Bizum","description":"Con Bizum puedes enviar y recibir dinero entre amigos, pagar en comercios online y donar a la ONG que tu elijas, todo desde tu m\u00f3vil.","potentialAction":[{"@type":"SearchAction","target":{"@type":"EntryPoint","urlTemplate":"https:\/\/bizum.com\/es\/?s={search_term_string}"},"query-input":{"@type":"PropertyValueSpecification","valueRequired":true,"valueName":"search_term_string"}}],"inLanguage":"es"}]}},"_links":{"self":[{"href":"https:\/\/bizum.com\/es\/wp-json\/wp\/v2\/pages\/1663","targetHints":{"allow":["GET"]}}],"collection":[{"href":"https:\/\/bizum.com\/es\/wp-json\/wp\/v2\/pages"}],"about":[{"href":"https:\/\/bizum.com\/es\/wp-json\/wp\/v2\/types\/page"}],"author":[{"embeddable":true,"href":"https:\/\/bizum.com\/es\/wp-json\/wp\/v2\/users\/14"}],"replies":[{"embeddable":true,"href":"https:\/\/bizum.com\/es\/wp-json\/wp\/v2\/comments?post=1663"}],"version-history":[{"count":1,"href":"https:\/\/bizum.com\/es\/wp-json\/wp\/v2\/pages\/1663\/revisions"}],"predecessor-version":[{"id":31029,"href":"https:\/\/bizum.com\/es\/wp-json\/wp\/v2\/pages\/1663\/revisions\/31029"}],"wp:attachment":[{"href":"https:\/\/bizum.com\/es\/wp-json\/wp\/v2\/media?parent=1663"}],"curies":[{"name":"wp","href":"https:\/\/api.w.org\/{rel}","templated":true}]}}