{"id":1665,"date":"2024-06-12T15:50:30","date_gmt":"2024-06-12T15:50:30","guid":{"rendered":"http:\/\/bizum.local\/?page_id=1665"},"modified":"2025-01-28T11:45:07","modified_gmt":"2025-01-28T11:45:07","slug":"comunicaciones-comerciales","status":"publish","type":"page","link":"https:\/\/bizum.com\/es\/comunicaciones-comerciales\/","title":{"rendered":"Comunicaciones comerciales"},"content":{"rendered":"\n<p><strong>Responsable:<\/strong>\u00a0Bizum, S.L., con domicilio en la calle Francisco Sancha, 12, 28034 Madrid y con NIF B-87599478 (en adelante, \u201cBizum\u201d).<br>Datos de contacto:\u00a0Puede contactar con nosotros dirigiendo comunicaci\u00f3n postal a nuestro domicilio y\/o a trav\u00e9s de correo electr\u00f3nico\u00a0contacto@bizum.es.<\/p>\n\n\n\n<p><strong>Finalidad:&nbsp;<\/strong>Tratamos sus datos para la comunicaci\u00f3n y env\u00edo de informaci\u00f3n con fines comerciales o publicitarios por correo electr\u00f3nico.<\/p>\n\n\n\n<p><strong>Plazo de conservaci\u00f3n:<\/strong>&nbsp;Conservamos sus datos hasta que revoque su consentimiento al env\u00edo de comunicaciones con estos fines. Una vez finalizado dicho periodo de tiempo, conservaremos sus datos, debidamente aislados y bloqueados, durante un m\u00e1ximo de 5 a\u00f1os conforme al Art\u00edculo 1964 del C\u00f3digo Civil (plazo de prescripci\u00f3n de las acciones personales).<br>Legitimaci\u00f3n:&nbsp;Consentimiento del interesado.<\/p>\n\n\n\n<p><strong>Destinatarios:&nbsp;<\/strong>No se ceder\u00e1n datos a terceros salvo obligaci\u00f3n legal y en aquellos casos expresamente previstos en la informaci\u00f3n adicional.<\/p>\n\n\n\n<p><strong>Derechos:&nbsp;<\/strong>Acceder, rectificar, suprimir y revocar el consentimiento al tratamiento de datos personales, as\u00ed como otros derechos, tal y como se explica en&nbsp;nuestra Pol\u00edtica&nbsp;de Privacidad.<\/p>\n\n\n\n<p>Informaci\u00f3n adicional:&nbsp;Puede consultar la informaci\u00f3n adicional y detallada sobre Protecci\u00f3n de Datos, en nuestra&nbsp;Pol\u00edtica de Privacidad.<\/p>\n","protected":false},"excerpt":{"rendered":"<p>Responsable:\u00a0Bizum, S.L., con domicilio en la calle Francisco Sancha, 12, 28034 Madrid y con NIF B-87599478 (en adelante, \u201cBizum\u201d).Datos de contacto:\u00a0Puede contactar con nosotros dirigiendo comunicaci\u00f3n postal a nuestro domicilio y\/o a trav\u00e9s de correo electr\u00f3nico\u00a0contacto@bizum.es. Finalidad:&nbsp;Tratamos sus datos para la comunicaci\u00f3n y env\u00edo de informaci\u00f3n con fines comerciales o publicitarios por correo electr\u00f3nico. Plazo [&hellip;]<\/p>\n","protected":false},"author":14,"featured_media":0,"parent":0,"menu_order":0,"comment_status":"closed","ping_status":"closed","template":"page-text.php","meta":{"_acf_changed":false,"footnotes":""},"class_list":["post-1665","page","type-page","status-publish","hentry"],"acf":[],"yoast_head":"<!-- This site is optimized with the Yoast SEO plugin v27.5 - https:\/\/yoast.com\/product\/yoast-seo-wordpress\/ -->\n<title>Comunicaciones comerciales - Bizum<\/title>\n<meta name=\"robots\" content=\"index, follow, max-snippet:-1, max-image-preview:large, max-video-preview:-1\" \/>\n<link rel=\"canonical\" href=\"https:\/\/bizum.com\/es\/comunicaciones-comerciales\/\" \/>\n<meta property=\"og:locale\" content=\"es_ES\" \/>\n<meta property=\"og:type\" content=\"article\" \/>\n<meta property=\"og:title\" content=\"Comunicaciones comerciales - Bizum\" \/>\n<meta property=\"og:description\" content=\"Responsable:\u00a0Bizum, S.L., con domicilio en la calle Francisco Sancha, 12, 28034 Madrid y con NIF B-87599478 (en adelante, \u201cBizum\u201d).Datos de contacto:\u00a0Puede contactar con nosotros dirigiendo comunicaci\u00f3n postal a nuestro domicilio y\/o a trav\u00e9s de correo electr\u00f3nico\u00a0contacto@bizum.es. Finalidad:&nbsp;Tratamos sus datos para la comunicaci\u00f3n y env\u00edo de informaci\u00f3n con fines comerciales o publicitarios por correo electr\u00f3nico. Plazo [&hellip;]\" \/>\n<meta property=\"og:url\" content=\"https:\/\/bizum.com\/es\/comunicaciones-comerciales\/\" \/>\n<meta property=\"og:site_name\" content=\"Bizum\" \/>\n<meta property=\"article:modified_time\" content=\"2025-01-28T11:45:07+00:00\" \/>\n<meta name=\"twitter:card\" content=\"summary_large_image\" \/>\n<meta name=\"twitter:label1\" content=\"Tiempo de lectura\" \/>\n\t<meta name=\"twitter:data1\" content=\"1 minuto\" \/>\n<script type=\"application\/ld+json\" class=\"yoast-schema-graph\">{\"@context\":\"https:\\\/\\\/schema.org\",\"@graph\":[{\"@type\":\"WebPage\",\"@id\":\"https:\\\/\\\/bizum.com\\\/es\\\/comunicaciones-comerciales\\\/\",\"url\":\"https:\\\/\\\/bizum.com\\\/es\\\/comunicaciones-comerciales\\\/\",\"name\":\"Comunicaciones comerciales - Bizum\",\"isPartOf\":{\"@id\":\"https:\\\/\\\/bizum.com\\\/es\\\/#website\"},\"datePublished\":\"2024-06-12T15:50:30+00:00\",\"dateModified\":\"2025-01-28T11:45:07+00:00\",\"breadcrumb\":{\"@id\":\"https:\\\/\\\/bizum.com\\\/es\\\/comunicaciones-comerciales\\\/#breadcrumb\"},\"inLanguage\":\"es\",\"potentialAction\":[{\"@type\":\"ReadAction\",\"target\":[\"https:\\\/\\\/bizum.com\\\/es\\\/comunicaciones-comerciales\\\/\"]}]},{\"@type\":\"BreadcrumbList\",\"@id\":\"https:\\\/\\\/bizum.com\\\/es\\\/comunicaciones-comerciales\\\/#breadcrumb\",\"itemListElement\":[{\"@type\":\"ListItem\",\"position\":1,\"name\":\"Home\",\"item\":\"https:\\\/\\\/bizum.com\\\/es\\\/\"},{\"@type\":\"ListItem\",\"position\":2,\"name\":\"Comunicaciones comerciales\"}]},{\"@type\":\"WebSite\",\"@id\":\"https:\\\/\\\/bizum.com\\\/es\\\/#website\",\"url\":\"https:\\\/\\\/bizum.com\\\/es\\\/\",\"name\":\"Bizum\",\"description\":\"Con Bizum puedes enviar y recibir dinero entre amigos, pagar en comercios online y donar a la ONG que tu elijas, todo desde tu m\u00f3vil.\",\"potentialAction\":[{\"@type\":\"SearchAction\",\"target\":{\"@type\":\"EntryPoint\",\"urlTemplate\":\"https:\\\/\\\/bizum.com\\\/es\\\/?s={search_term_string}\"},\"query-input\":{\"@type\":\"PropertyValueSpecification\",\"valueRequired\":true,\"valueName\":\"search_term_string\"}}],\"inLanguage\":\"es\"}]}<\/script>\n<!-- \/ Yoast SEO plugin. -->","yoast_head_json":{"title":"Comunicaciones comerciales - Bizum","robots":{"index":"index","follow":"follow","max-snippet":"max-snippet:-1","max-image-preview":"max-image-preview:large","max-video-preview":"max-video-preview:-1"},"canonical":"https:\/\/bizum.com\/es\/comunicaciones-comerciales\/","og_locale":"es_ES","og_type":"article","og_title":"Comunicaciones comerciales - Bizum","og_description":"Responsable:\u00a0Bizum, S.L., con domicilio en la calle Francisco Sancha, 12, 28034 Madrid y con NIF B-87599478 (en adelante, \u201cBizum\u201d).Datos de contacto:\u00a0Puede contactar con nosotros dirigiendo comunicaci\u00f3n postal a nuestro domicilio y\/o a trav\u00e9s de correo electr\u00f3nico\u00a0contacto@bizum.es. Finalidad:&nbsp;Tratamos sus datos para la comunicaci\u00f3n y env\u00edo de informaci\u00f3n con fines comerciales o publicitarios por correo electr\u00f3nico. Plazo [&hellip;]","og_url":"https:\/\/bizum.com\/es\/comunicaciones-comerciales\/","og_site_name":"Bizum","article_modified_time":"2025-01-28T11:45:07+00:00","twitter_card":"summary_large_image","twitter_misc":{"Tiempo de lectura":"1 minuto"},"schema":{"@context":"https:\/\/schema.org","@graph":[{"@type":"WebPage","@id":"https:\/\/bizum.com\/es\/comunicaciones-comerciales\/","url":"https:\/\/bizum.com\/es\/comunicaciones-comerciales\/","name":"Comunicaciones comerciales - Bizum","isPartOf":{"@id":"https:\/\/bizum.com\/es\/#website"},"datePublished":"2024-06-12T15:50:30+00:00","dateModified":"2025-01-28T11:45:07+00:00","breadcrumb":{"@id":"https:\/\/bizum.com\/es\/comunicaciones-comerciales\/#breadcrumb"},"inLanguage":"es","potentialAction":[{"@type":"ReadAction","target":["https:\/\/bizum.com\/es\/comunicaciones-comerciales\/"]}]},{"@type":"BreadcrumbList","@id":"https:\/\/bizum.com\/es\/comunicaciones-comerciales\/#breadcrumb","itemListElement":[{"@type":"ListItem","position":1,"name":"Home","item":"https:\/\/bizum.com\/es\/"},{"@type":"ListItem","position":2,"name":"Comunicaciones comerciales"}]},{"@type":"WebSite","@id":"https:\/\/bizum.com\/es\/#website","url":"https:\/\/bizum.com\/es\/","name":"Bizum","description":"Con Bizum puedes enviar y recibir dinero entre amigos, pagar en comercios online y donar a la ONG que tu elijas, todo desde tu m\u00f3vil.","potentialAction":[{"@type":"SearchAction","target":{"@type":"EntryPoint","urlTemplate":"https:\/\/bizum.com\/es\/?s={search_term_string}"},"query-input":{"@type":"PropertyValueSpecification","valueRequired":true,"valueName":"search_term_string"}}],"inLanguage":"es"}]}},"_links":{"self":[{"href":"https:\/\/bizum.com\/es\/wp-json\/wp\/v2\/pages\/1665","targetHints":{"allow":["GET"]}}],"collection":[{"href":"https:\/\/bizum.com\/es\/wp-json\/wp\/v2\/pages"}],"about":[{"href":"https:\/\/bizum.com\/es\/wp-json\/wp\/v2\/types\/page"}],"author":[{"embeddable":true,"href":"https:\/\/bizum.com\/es\/wp-json\/wp\/v2\/users\/14"}],"replies":[{"embeddable":true,"href":"https:\/\/bizum.com\/es\/wp-json\/wp\/v2\/comments?post=1665"}],"version-history":[{"count":1,"href":"https:\/\/bizum.com\/es\/wp-json\/wp\/v2\/pages\/1665\/revisions"}],"predecessor-version":[{"id":34936,"href":"https:\/\/bizum.com\/es\/wp-json\/wp\/v2\/pages\/1665\/revisions\/34936"}],"wp:attachment":[{"href":"https:\/\/bizum.com\/es\/wp-json\/wp\/v2\/media?parent=1665"}],"curies":[{"name":"wp","href":"https:\/\/api.w.org\/{rel}","templated":true}]}}