{"id":26829,"date":"2024-07-28T11:03:14","date_gmt":"2024-07-28T11:03:14","guid":{"rendered":"http:\/\/bizum.com\/?page_id=26829"},"modified":"2024-10-16T13:41:04","modified_gmt":"2024-10-16T13:41:04","slug":"politica-de-cookies","status":"publish","type":"page","link":"https:\/\/bizum.com\/es\/politica-de-cookies\/","title":{"rendered":"Pol\u00edtica de cookies"},"content":{"rendered":"\n<h4 class=\"wp-block-heading\"><strong>1.- Definici\u00f3n y funci\u00f3n gen\u00e9rica de las cookies<\/strong><\/h4>\n\n\n\n<p>Este sitio web utiliza cookies y\/o tecnolog\u00edas similares que funcionan como un fichero que se descarga en su ordenador y que permite registrar su actividad cuando navega, almacenando y recuperando informaci\u00f3n sobre sus h\u00e1bitos de navegaci\u00f3n en su equipo.<\/p>\n\n\n\n<p>En general, estas tecnolog\u00edas, dependiendo de la informaci\u00f3n que contengan y de la forma en la que se utilice el equipo, pueden servir para finalidades muy diversas, como, por ejemplo, para reconocer al usuario, obtener informaci\u00f3n sobre sus h\u00e1bitos de navegaci\u00f3n o personalizar la forma en que se muestra el contenido al usuario.<\/p>\n\n\n\n<h4 class=\"wp-block-heading\"><strong>2.- Tipos y finalidad de las cookies utilizadas.<\/strong><\/h4>\n\n\n\n<p>Los tipos de cookies y\/o tecnolog\u00edas similares que utilizamos en el sitio web de Bizum y los usos concretos que hacemos de ellas son los que se describen a continuaci\u00f3n.<\/p>\n\n\n\n<p><strong>Seg\u00fan la entidad que las gestiona.<\/strong><\/p>\n\n\n\n<p><strong>Cookies propias:<\/strong> son enviadas al terminal del usuario desde un equipo o dominio gestionado por el procesador de Bizum, siendo \u00e9ste a su vez, quien gestiona la informaci\u00f3n obtenida por medio de estas cookies para la prestaci\u00f3n del servicio solicitado por el usuario.<\/p>\n\n\n\n<p><strong>Cookies de terceros:<\/strong> son aquellas que se env\u00edan al terminal del usuario desde un equipo o dominio que no es gestionado por Bizum, sino por otra entidad que trata los datos obtenidos a trav\u00e9s de las cookies.<\/p>\n\n\n\n<p>En concreto el sitio web de Bizum utiliza cookies de los siguientes terceros: Bidr, Youtube y Doubleclick.<\/p>\n\n\n\n<p><strong>Seg\u00fan la finalidad para la que se usan.<\/strong><\/p>\n\n\n\n<p><strong>Cookies t\u00e9cnicas:<\/strong> Son aqu\u00e9llas que permiten al usuario la navegaci\u00f3n a trav\u00e9s del sitio web y la utilizaci\u00f3n de las diferentes opciones o servicios que en ella existen. Entre otros, permiten, por ejemplo, habilitar las funciones y servicios del sitio web de Bizum, identificar la sesi\u00f3n, controlar el tr\u00e1fico y la comunicaci\u00f3n de datos, acceder a \u00e1reas de acceso restringido, realizar la solicitud de inscripci\u00f3n o participaci\u00f3n en un evento, utilizar elementos de seguridad durante la navegaci\u00f3n, almacenar contenidos para la difusi\u00f3n de v\u00eddeos o sonido, habilitar contenidos din\u00e1micos en v\u00eddeos o texto, o compartir contenidos a trav\u00e9s de redes sociales.<\/p>\n\n\n\n<p><strong>Cookies de preferencias o personalizaci\u00f3n:<\/strong> Son aquellas que permiten recordar informaci\u00f3n para que el usuario acceda al servicio con determinadas caracter\u00edsticas que pueden diferenciar su experiencia de la de otros usuarios, tales como, por ejemplo, el idioma, el n\u00famero de resultados a mostrar cuando el usuario realiza una b\u00fasqueda, el aspecto o contenido del servicio en funci\u00f3n del tipo de navegador a trav\u00e9s del cual el usuario accede al servicio, etc.<\/p>\n\n\n\n<p><strong>Cookies de an\u00e1lisis o medici\u00f3n:<\/strong> Son aquellas que permiten analizar y hacer un seguimiento del comportamiento de los usuarios del sitio web, incluida la cuantificaci\u00f3n de los impactos de los anuncios. La informaci\u00f3n recogida mediante este tipo de cookies se utiliza en la medici\u00f3n de la actividad de los sitios web, con el fin de introducir mejoras en la oferta de productos o servicios de Bizum en funci\u00f3n del an\u00e1lisis de los datos del uso que hacen los usuarios del servicio.<\/p>\n\n\n\n<p><strong>Cookies publicitarias comportamentales:<\/strong> son aquellas que, tratadas por Bizum o por terceros, permiten a Bizum analizar los h\u00e1bitos de navegaci\u00f3n en internet de sus usuarios con la finalidad de mostrarle publicidad relacionada con su perfil de navegaci\u00f3n.<\/p>\n\n\n\n<p><strong>Seg\u00fan el plazo de tiempo que permanecen activadas.<\/strong><\/p>\n\n\n\n<p><strong>Cookies de sesi\u00f3n:<\/strong> Son aquellas que recaban y almacenan datos mientras el usuario accede al sitio web. Se emplean para almacenar informaci\u00f3n que solo interesa conservar para la prestaci\u00f3n de un servicio concreto solicitado por el usuario en una sesi\u00f3n y desaparecen al terminar la sesi\u00f3n.<\/p>\n\n\n\n<p><strong>Cookies persistentes:<\/strong> son aquellas en las que los datos siguen almacenados en el terminal y se puede acceder a ellos y tratarlos durante un per\u00edodo determinado.<\/p>\n\n\n\n<h4 class=\"wp-block-heading\"><strong>3.- Forma de aceptar, denegar, revocar el consentimiento o eliminar las cookies<\/strong>.<\/h4>\n\n\n\n<p>Se ofrece al Usuario la posibilidad de otorgar o denegar su consentimiento al uso de cookies a trav\u00e9s del mensaje informativo que aparece en su pantalla cuando accede a este sitio web por primera vez. Asimismo, le informamos que el mensaje informativo se mantendr\u00e1 hasta que otorgue el consentimiento, lo deniegue, o configure las cookies seg\u00fan sus preferencias personales.<\/p>\n\n\n\n<p>El usuario podr\u00e1 retirar el consentimiento previamente otorgado o configurar las cookies en cualquier momento, cuando lo desee, desde el siguiente <a>PANEL DE CONFIGURACI\u00d3N.<\/a><\/p>\n\n\n\n<p>Mediante este panel el usuario puede optar entre aceptar o no las cookies utilizadas y configurarlas en cualquier momento por las categor\u00edas enumeradas.<\/p>\n\n\n\n<p>Con relaci\u00f3n a las cookies proporcionadas por el navegador que el usuario est\u00e9 utilizando, tenga en cuenta que si acepta las cookies de terceros, deber\u00e1 eliminarlas desde las opciones del navegador.<\/p>\n\n\n\n<p>Puede usted permitir o bloquear las cookies, as\u00ed como borrar sus datos de navegaci\u00f3n (incluidas las cookies) desde el navegador que usted utiliza.<\/p>\n\n\n\n<p>Estos ajustes suelen encontrarse en las \u201copciones\u201d o \u201cpreferencias\u201d de su navegador. Le orientamos a continuaci\u00f3n de los pasos para acceder al men\u00fa de configuraci\u00f3n de cookies en los siguientes navegadores principales:<\/p>\n\n\n\n<p>&#8211; <strong>Internet Explorer:<\/strong> Herramientas -&gt; Opciones de Internet \u2013&gt; Privacidad -&gt; Configuraci\u00f3n. Para m\u00e1s informaci\u00f3n,puede consultar el soporte de Microsoft o la Ayuda del navegador.<\/p>\n\n\n\n<p>&#8211; <strong>Firefox:<\/strong> Herramientas -&gt; Opciones -&gt; Privacidad -&gt; Historial -&gt; Configuraci\u00f3n Personalizada. Para m\u00e1s informaci\u00f3n, puede consultar el soporte de Mozilla o la Ayuda del navegador.<\/p>\n\n\n\n<p>&#8211; <strong>Chrome:<\/strong> Configuraci\u00f3n -&gt; Mostrar opciones avanzadas -&gt; Privacidad -&gt; Configuraci\u00f3n de contenido. Para m\u00e1s informaci\u00f3n, puede consultar el soporte de Google o la Ayuda del navegador.<\/p>\n\n\n\n<p>&#8211; <strong>Safari:<\/strong> Preferencias -&gt; Seguridad. Para m\u00e1s informaci\u00f3n, puede consultar el soporte de Apple o la Ayuda del navegador.<\/p>\n\n\n\n<h4 class=\"wp-block-heading\"><strong>4.- Informaci\u00f3n sobre transferencias de datos a terceros pa\u00edses<\/strong><\/h4>\n\n\n\n<p>En su caso, las transferencias de datos personales realizadas por Bizum a un tercer pa\u00eds u organizaci\u00f3n internacional y, en el caso de las transferencias indicadas en el art\u00edculo 49, apartado 1, p\u00e1rrafo segundo del RGDP, se llevar\u00e1n a cabo con las garant\u00edas adecuadas.<\/p>\n\n\n\n<p>En cuanto a las transferencias que, en su caso, realicen los terceros identificados en esta pol\u00edtica de cookies puedes informarte en sus correspondientes pol\u00edticas en los enlaces facilitados en el panel de configuraci\u00f3n.<\/p>\n\n\n\n<p><strong>Periodo de conservaci\u00f3n de los datos recabados<\/strong><\/p>\n\n\n\n<p>Bizum conservar\u00e1, debidamente bloqueada, una copia de los datos, en tanto pudiese derivarse responsabilidades de su relaci\u00f3n con el usuario. Transcurrido dicho periodo legal de conservaci\u00f3n, proceder\u00e1 a la destrucci\u00f3n segura de la informaci\u00f3n.<\/p>\n\n\n\n<h4 class=\"wp-block-heading\"><strong>5.- Cambios en la Pol\u00edtica de Cookies.<\/strong><\/h4>\n\n\n\n<p>Pueden introducirse modificaciones en la Pol\u00edtica de Cookies a consecuencia de cambios en los fines de uso de las cookies o en los terceros que hacen uso de ellas, por lo que en estos casos ser\u00e1 necesario actualizar la pol\u00edtica de cookies y solicitar al usuario la renovaci\u00f3n del consentimiento y permitirle que tome una nueva decisi\u00f3n sobre las cookies.<\/p>\n\n\n\n<p>A estos efectos Bizum informar\u00e1 a los usuarios y solicitar\u00e1 un nuevo consentimiento al visitar la p\u00e1gina web por primera vez, tras haber sido modificada la pol\u00edtica de cookies.<\/p>\n\n\n\n<p>Sin perjuicio de lo anterior, Bizum le informa, que solicitar\u00e1 de nuevo el consentimiento del usuario peri\u00f3dicamente, una vez transcurridos 24 meses desde la obtenci\u00f3n del consentimiento prestado por el usuario.<\/p>\n\n\n\n<h4 class=\"wp-block-heading\"><strong>6.- Otra informaci\u00f3n del art. 13 del RGPD<\/strong><\/h4>\n\n\n\n<p>En relaci\u00f3n con la informaci\u00f3n exigida por el art\u00edculo 13 del RGPD que no se refiere de forma espec\u00edfica a las cookies est\u00e1 disponible para el usuario en la pol\u00edtica de privacidad del sitio web.<\/p>\n\n\n\n<p>Si tiene dudas sobre esta pol\u00edtica de cookies, puede contactar con Bizum, S.L. en Calle de Francisco Sancha 12, 28034, Madrid, titular del portal accesible en la direcci\u00f3n URL http:\/\/www.bizum.com\/es (http:\/\/www.bizum.com\/es).<\/p>\n","protected":false},"excerpt":{"rendered":"<p>1.- Definici\u00f3n y funci\u00f3n gen\u00e9rica de las cookies Este sitio web utiliza cookies y\/o tecnolog\u00edas similares que funcionan como un fichero que se descarga en su ordenador y que permite registrar su actividad cuando navega, almacenando y recuperando informaci\u00f3n sobre sus h\u00e1bitos de navegaci\u00f3n en su equipo. En general, estas tecnolog\u00edas, dependiendo de la informaci\u00f3n [&hellip;]<\/p>\n","protected":false},"author":14,"featured_media":0,"parent":0,"menu_order":0,"comment_status":"closed","ping_status":"closed","template":"page-text.php","meta":{"_acf_changed":false,"footnotes":""},"class_list":["post-26829","page","type-page","status-publish","hentry"],"acf":[],"yoast_head":"<!-- This site is optimized with the Yoast SEO plugin v27.4 - https:\/\/yoast.com\/product\/yoast-seo-wordpress\/ -->\n<title>Pol\u00edtica de cookies - Bizum<\/title>\n<meta name=\"robots\" content=\"index, follow, max-snippet:-1, max-image-preview:large, max-video-preview:-1\" \/>\n<link rel=\"canonical\" href=\"https:\/\/bizum.com\/es\/politica-de-cookies\/\" \/>\n<meta property=\"og:locale\" content=\"es_ES\" \/>\n<meta property=\"og:type\" content=\"article\" \/>\n<meta property=\"og:title\" content=\"Pol\u00edtica de cookies - Bizum\" \/>\n<meta property=\"og:description\" content=\"1.- Definici\u00f3n y funci\u00f3n gen\u00e9rica de las cookies Este sitio web utiliza cookies y\/o tecnolog\u00edas similares que funcionan como un fichero que se descarga en su ordenador y que permite registrar su actividad cuando navega, almacenando y recuperando informaci\u00f3n sobre sus h\u00e1bitos de navegaci\u00f3n en su equipo. En general, estas tecnolog\u00edas, dependiendo de la informaci\u00f3n [&hellip;]\" \/>\n<meta property=\"og:url\" content=\"https:\/\/bizum.com\/es\/politica-de-cookies\/\" \/>\n<meta property=\"og:site_name\" content=\"Bizum\" \/>\n<meta property=\"article:modified_time\" content=\"2024-10-16T13:41:04+00:00\" \/>\n<meta name=\"twitter:card\" content=\"summary_large_image\" \/>\n<meta name=\"twitter:label1\" content=\"Tiempo de lectura\" \/>\n\t<meta name=\"twitter:data1\" content=\"6 minutos\" \/>\n<script type=\"application\/ld+json\" class=\"yoast-schema-graph\">{\"@context\":\"https:\\\/\\\/schema.org\",\"@graph\":[{\"@type\":\"WebPage\",\"@id\":\"https:\\\/\\\/bizum.com\\\/es\\\/politica-de-cookies\\\/\",\"url\":\"https:\\\/\\\/bizum.com\\\/es\\\/politica-de-cookies\\\/\",\"name\":\"Pol\u00edtica de cookies - Bizum\",\"isPartOf\":{\"@id\":\"https:\\\/\\\/bizum.com\\\/es\\\/#website\"},\"datePublished\":\"2024-07-28T11:03:14+00:00\",\"dateModified\":\"2024-10-16T13:41:04+00:00\",\"breadcrumb\":{\"@id\":\"https:\\\/\\\/bizum.com\\\/es\\\/politica-de-cookies\\\/#breadcrumb\"},\"inLanguage\":\"es\",\"potentialAction\":[{\"@type\":\"ReadAction\",\"target\":[\"https:\\\/\\\/bizum.com\\\/es\\\/politica-de-cookies\\\/\"]}]},{\"@type\":\"BreadcrumbList\",\"@id\":\"https:\\\/\\\/bizum.com\\\/es\\\/politica-de-cookies\\\/#breadcrumb\",\"itemListElement\":[{\"@type\":\"ListItem\",\"position\":1,\"name\":\"Home\",\"item\":\"https:\\\/\\\/bizum.com\\\/es\\\/\"},{\"@type\":\"ListItem\",\"position\":2,\"name\":\"Pol\u00edtica de cookies\"}]},{\"@type\":\"WebSite\",\"@id\":\"https:\\\/\\\/bizum.com\\\/es\\\/#website\",\"url\":\"https:\\\/\\\/bizum.com\\\/es\\\/\",\"name\":\"Bizum\",\"description\":\"Con Bizum puedes enviar y recibir dinero entre amigos, pagar en comercios online y donar a la ONG que tu elijas, todo desde tu m\u00f3vil.\",\"potentialAction\":[{\"@type\":\"SearchAction\",\"target\":{\"@type\":\"EntryPoint\",\"urlTemplate\":\"https:\\\/\\\/bizum.com\\\/es\\\/?s={search_term_string}\"},\"query-input\":{\"@type\":\"PropertyValueSpecification\",\"valueRequired\":true,\"valueName\":\"search_term_string\"}}],\"inLanguage\":\"es\"}]}<\/script>\n<!-- \/ Yoast SEO plugin. -->","yoast_head_json":{"title":"Pol\u00edtica de cookies - Bizum","robots":{"index":"index","follow":"follow","max-snippet":"max-snippet:-1","max-image-preview":"max-image-preview:large","max-video-preview":"max-video-preview:-1"},"canonical":"https:\/\/bizum.com\/es\/politica-de-cookies\/","og_locale":"es_ES","og_type":"article","og_title":"Pol\u00edtica de cookies - Bizum","og_description":"1.- Definici\u00f3n y funci\u00f3n gen\u00e9rica de las cookies Este sitio web utiliza cookies y\/o tecnolog\u00edas similares que funcionan como un fichero que se descarga en su ordenador y que permite registrar su actividad cuando navega, almacenando y recuperando informaci\u00f3n sobre sus h\u00e1bitos de navegaci\u00f3n en su equipo. En general, estas tecnolog\u00edas, dependiendo de la informaci\u00f3n [&hellip;]","og_url":"https:\/\/bizum.com\/es\/politica-de-cookies\/","og_site_name":"Bizum","article_modified_time":"2024-10-16T13:41:04+00:00","twitter_card":"summary_large_image","twitter_misc":{"Tiempo de lectura":"6 minutos"},"schema":{"@context":"https:\/\/schema.org","@graph":[{"@type":"WebPage","@id":"https:\/\/bizum.com\/es\/politica-de-cookies\/","url":"https:\/\/bizum.com\/es\/politica-de-cookies\/","name":"Pol\u00edtica de cookies - Bizum","isPartOf":{"@id":"https:\/\/bizum.com\/es\/#website"},"datePublished":"2024-07-28T11:03:14+00:00","dateModified":"2024-10-16T13:41:04+00:00","breadcrumb":{"@id":"https:\/\/bizum.com\/es\/politica-de-cookies\/#breadcrumb"},"inLanguage":"es","potentialAction":[{"@type":"ReadAction","target":["https:\/\/bizum.com\/es\/politica-de-cookies\/"]}]},{"@type":"BreadcrumbList","@id":"https:\/\/bizum.com\/es\/politica-de-cookies\/#breadcrumb","itemListElement":[{"@type":"ListItem","position":1,"name":"Home","item":"https:\/\/bizum.com\/es\/"},{"@type":"ListItem","position":2,"name":"Pol\u00edtica de cookies"}]},{"@type":"WebSite","@id":"https:\/\/bizum.com\/es\/#website","url":"https:\/\/bizum.com\/es\/","name":"Bizum","description":"Con Bizum puedes enviar y recibir dinero entre amigos, pagar en comercios online y donar a la ONG que tu elijas, todo desde tu m\u00f3vil.","potentialAction":[{"@type":"SearchAction","target":{"@type":"EntryPoint","urlTemplate":"https:\/\/bizum.com\/es\/?s={search_term_string}"},"query-input":{"@type":"PropertyValueSpecification","valueRequired":true,"valueName":"search_term_string"}}],"inLanguage":"es"}]}},"_links":{"self":[{"href":"https:\/\/bizum.com\/es\/wp-json\/wp\/v2\/pages\/26829","targetHints":{"allow":["GET"]}}],"collection":[{"href":"https:\/\/bizum.com\/es\/wp-json\/wp\/v2\/pages"}],"about":[{"href":"https:\/\/bizum.com\/es\/wp-json\/wp\/v2\/types\/page"}],"author":[{"embeddable":true,"href":"https:\/\/bizum.com\/es\/wp-json\/wp\/v2\/users\/14"}],"replies":[{"embeddable":true,"href":"https:\/\/bizum.com\/es\/wp-json\/wp\/v2\/comments?post=26829"}],"version-history":[{"count":0,"href":"https:\/\/bizum.com\/es\/wp-json\/wp\/v2\/pages\/26829\/revisions"}],"wp:attachment":[{"href":"https:\/\/bizum.com\/es\/wp-json\/wp\/v2\/media?parent=26829"}],"curies":[{"name":"wp","href":"https:\/\/api.w.org\/{rel}","templated":true}]}}