{"id":27306,"date":"2024-09-23T07:37:03","date_gmt":"2024-09-23T07:37:03","guid":{"rendered":"https:\/\/bizum.com\/?page_id=27306"},"modified":"2025-01-16T13:22:15","modified_gmt":"2025-01-16T13:22:15","slug":"integrar-bizum-para-donaciones","status":"publish","type":"page","link":"https:\/\/bizum.com\/es\/integrar-bizum-para-donaciones\/","title":{"rendered":"Integra Bizum para donaciones"},"content":{"rendered":"\n<div class=\"wp-block-columns is-layout-flex wp-container-core-columns-is-layout-28f84493 wp-block-columns-is-layout-flex\">\n<div class=\"wp-block-column is-vertically-aligned-center is-layout-flow wp-block-column-is-layout-flow\">\n<h2 class=\"wp-block-heading has-xl-font-size\">Descubre c\u00f3mo recibir donaciones con Bizum<\/h2>\n\n\n\n<p style=\"padding-top:var(--wp--preset--spacing--2);padding-bottom:var(--wp--preset--spacing--2)\">Consigue tu c\u00f3digo de donaci\u00f3n de cinco cifras y p\u00f3nselo f\u00e1cil a tus donantes para colaborar<\/p>\n<\/div>\n\n\n\n<div class=\"wp-block-column is-layout-flow wp-block-column-is-layout-flow\">\n\n<figure \n  class=\"wp-ax-image  wp-animated-image ax-image__x has-square-left  has-blue-squares ax-image__double \" \n  class=\"align wp-block-acf-mnz-animated-image\" \n  >\n  <div class=\"ax-image__item ax-image__bar-wrapper\">\n    <div class=\"ax-image__item-bar ax-image__item-bar-1\"><\/div>\n          <div class=\"ax-image__item-bar ax-image__item-bar-2\"><\/div>\n      <\/div>\n  <figure class=\"ax-image__item ax-image__figure\">\n    <img loading=\"lazy\" decoding=\"async\" width=\"616\" height=\"598\" src=\"https:\/\/bizum.com\/es\/wp-content\/uploads\/2024\/07\/identificador-online-bizum.png\" class=\"attachment-full size-full\" alt=\"\" srcset=\"https:\/\/bizum.com\/es\/wp-content\/uploads\/2024\/07\/identificador-online-bizum.png 616w, https:\/\/bizum.com\/es\/wp-content\/uploads\/2024\/07\/identificador-online-bizum-300x291.png 300w\" sizes=\"auto, (max-width: 616px) 100vw, 616px\" \/>  <\/figure>\n<\/figure><\/div>\n<\/div>\n\n\n\n<div class=\"wp-block-columns has-white-100-color has-background-blue-600-background-color has-text-color has-background has-link-color wp-elements-b4385dfd2313f1ab54b778c82cd47422 is-layout-flex wp-container-core-columns-is-layout-966ac77c wp-block-columns-is-layout-flex\" style=\"border-radius:32px;margin-top:var(--wp--preset--spacing--2);margin-bottom:var(--wp--preset--spacing--2);padding-top:var(--wp--preset--spacing--2);padding-right:var(--wp--preset--spacing--2);padding-bottom:var(--wp--preset--spacing--2);padding-left:var(--wp--preset--spacing--2)\">\n<div class=\"wp-block-column is-layout-flow wp-block-column-is-layout-flow\">\n<h2 class=\"wp-block-heading has-text-align-center has-text-white-500-color has-text-color has-link-color has-l-font-size wp-elements-32fcd9393864998b2355e64935656f99\" style=\"padding-bottom:var(--wp--preset--spacing--2)\">\u00bfC\u00f3mo ofrecer Bizum en tu organizaci\u00f3n?<\/h2>\n\n\n\n<div class=\"wp-block-columns is-layout-flex wp-container-core-columns-is-layout-28f84493 wp-block-columns-is-layout-flex\">\n<div class=\"wp-block-column is-vertically-aligned-center is-layout-flow wp-block-column-is-layout-flow\" style=\"padding-bottom:var(--wp--preset--spacing--3)\">\n<p class=\"has-text-align-center has-text-white-500-color has-text-color has-link-color wp-elements-8b2f8815b98867a477cc2cbb136d38f3\">Para cualquier duda sobre el proceso, contacta con tu entidad bancaria o con Bizum<\/p>\n\n\n\n<div class=\"wp-button-wrapper wp-elements-47657151367af767be8d4668ab5306b8\">\n  <a class=\"align-center wp-button-link has-border-bottom has-icon is-underlined has-icon-after icon-arrow-up-right has-button-link-white-500-color is-center wp-elements-47657151367af767be8d4668ab5306b8\"\n    data-event=\"null\"\n        target=\"\"\n    href=\"https:\/\/bizum.com\/contacto\/\"\n        style=\"margin-top:var(--wp--preset--spacing--1);margin-bottom:var(--wp--preset--spacing--1);\" class=\"aligncenter wp-elements-47657151367af767be8d4668ab5306b8 wp-block-acf-mnz-button-link has-text-color has-button-link-white-500-color\">\n          <span class=\"cta-icon\">\n        <svg width=\"24\" height=\"24\" viewBox=\"0 0 24 24\" fill=\"none\" xmlns=\"http:\/\/www.w3.org\/2000\/svg\">\n<path d=\"M7.92308 6H18M18 6V16.0769M18 6L6 18\" stroke=\"black\" stroke-width=\"2\" stroke-linecap=\"round\" stroke-linejoin=\"round\"\/>\n<\/svg>\n      <\/span>\n    \n    <span class=\"cta-title\">\n      Contacta    <\/span>\n\n  <\/a>\n<\/div><\/div>\n<\/div>\n\n\n\n<div class=\"wp-block-columns is-layout-flex wp-container-core-columns-is-layout-28f84493 wp-block-columns-is-layout-flex\">\n<div class=\"wp-block-column is-layout-flow wp-block-column-is-layout-flow\">\n<div class=\"wp-chip  wp-chip has-background-blue-500-background-color wp-chip--text\" style=\"margin-bottom:var(--wp--preset--spacing--15);\" class=\"align wp-block-acf-mnz-chip has-background has-background-blue-500-background-color\">\n  01\n<\/div>\n\n\n<p class=\"has-text-white-500-color has-text-color has-link-color has-m-font-size wp-elements-a8ffbeeb5e99f54cca702ad688d437cc\" style=\"padding-bottom:var(--wp--preset--spacing--1)\"><strong>Contacta con tu banco<\/strong><\/p>\n\n\n\n<p class=\"has-text-white-500-color has-text-color has-link-color wp-elements-d74cbad8094d76e6e9b6d72e33e65650\" style=\"padding-bottom:var(--wp--preset--spacing--1)\">Consulta el listado de bancos que dispone de Bizum para entidades sociales<\/p>\n<\/div>\n\n\n\n<div class=\"wp-block-column is-layout-flow wp-block-column-is-layout-flow\">\n<div class=\"wp-chip  wp-chip has-background-blue-500-background-color wp-chip--text\" style=\"margin-bottom:var(--wp--preset--spacing--15);\" class=\"align wp-block-acf-mnz-chip has-background has-background-blue-500-background-color\">\n  02\n<\/div>\n\n\n<p class=\"has-text-white-500-color has-text-color has-link-color has-m-font-size wp-elements-c4ad25506e4970f91a882efa843157d5\" style=\"padding-bottom:var(--wp--preset--spacing--1)\"><strong>Habilita tu c\u00f3digo <\/strong><\/p>\n\n\n\n<p class=\"has-text-white-500-color has-text-color has-link-color wp-elements-02911791d4c1aa637ed1e26dd64486cb\" style=\"padding-bottom:var(--wp--preset--spacing--1)\">Pide a tu banco crear un c\u00f3digo de donaci\u00f3n de Bizum, formado por cinco cifras, para tu causa<\/p>\n<\/div>\n\n\n\n<div class=\"wp-block-column is-layout-flow wp-block-column-is-layout-flow\">\n<div class=\"wp-chip  wp-chip has-background-blue-500-background-color wp-chip--text\" style=\"margin-bottom:var(--wp--preset--spacing--15);\" class=\"align wp-block-acf-mnz-chip has-background has-background-blue-500-background-color\">\n  03\n<\/div>\n\n\n<p class=\"has-text-white-500-color has-text-color has-link-color has-m-font-size wp-elements-fbb6c70cdc51d2b2e260ff64c83cf628\" style=\"margin-bottom:var(--wp--preset--spacing--1)\"><strong>Recibe donaciones<\/strong><\/p>\n\n\n\n<p class=\"has-text-white-500-color has-text-color has-link-color wp-elements-8151fd4835dd81a57ffde78e61f21b38\" style=\"margin-bottom:var(--wp--preset--spacing--1)\">Una vez habilitado el c\u00f3digo de Bizum, podr\u00e1s empezar a recibir donaciones directamente en tu cuenta<\/p>\n<\/div>\n<\/div>\n<\/div>\n<\/div>\n\n\n\n<div class=\"wp-block-columns is-layout-flex wp-container-core-columns-is-layout-91ca3140 wp-block-columns-is-layout-flex\" style=\"border-radius:32px;margin-top:var(--wp--preset--spacing--2);margin-bottom:var(--wp--preset--spacing--2)\">\n<div class=\"wp-block-column is-layout-flow wp-block-column-is-layout-flow\">\n<h2 class=\"wp-block-heading has-l-font-size\">Bancos con los que podr\u00e1s integrar Bizum<\/h2>\n\n\n\n<p class=\"has-sm-font-size\" style=\"padding-top:var(--wp--preset--spacing--1);padding-bottom:var(--wp--preset--spacing--2)\">Descubre si la entidad con la que colaboras ofrece Bizum para entidades sociales. Si no la encuentras, ponte en contacto con tu banco para saber si est\u00e1n trabajando en ofrecer la soluci\u00f3n<\/p>\n\n\n\n<div id=\"content-entidades\"\n  data-filter=\"[56]\"\n  data-show-total=\"false\" \n  data-display-search-form=\"true\"\n  class=\"content-entidades\n  content-entidades-items-with-shadow\">\n<\/div><\/div>\n<\/div>\n\n\n\n<div class=\"wp-block-columns has-background-blue-600-background-color has-background is-layout-flex wp-container-core-columns-is-layout-a663031c wp-block-columns-is-layout-flex\" style=\"border-radius:32px;margin-bottom:var(--wp--preset--spacing--2);padding-top:var(--wp--preset--spacing--2);padding-right:var(--wp--preset--spacing--2);padding-bottom:var(--wp--preset--spacing--2);padding-left:var(--wp--preset--spacing--2)\">\n<div class=\"wp-block-column is-layout-flow wp-block-column-is-layout-flow\">\n<h2 class=\"wp-block-heading has-text-white-500-color has-text-color has-link-color has-l-font-size wp-elements-c18a5a6356418a7f46cb021a7bcc1989\">Cont\u00e1ctanos y resolveremos tus dudas<\/h2>\n\n\n\n<p class=\"has-text-white-500-color has-text-color has-link-color wp-elements-1a361615fca8178f2f14669051c85382\" style=\"padding-top:var(--wp--preset--spacing--2);padding-bottom:var(--wp--preset--spacing--2)\">Escr\u00edbenos y nos pondremos en contacto contigo tan pronto como podamos<\/p>\n<\/div>\n\n\n\n<div class=\"wp-block-column is-layout-flow wp-block-column-is-layout-flow\">\n<div class=\"wpcf7 no-js\" id=\"wpcf7-f1647-o1\" lang=\"es-ES\" dir=\"ltr\" data-wpcf7-id=\"1647\">\n<div class=\"screen-reader-response\"><p role=\"status\" aria-live=\"polite\" aria-atomic=\"true\"><\/p> <ul><\/ul><\/div>\n<form action=\"\/es\/wp-json\/wp\/v2\/pages\/27306#wpcf7-f1647-o1\" method=\"post\" class=\"wpcf7-form init\" aria-label=\"Formulario de contacto\" enctype=\"multipart\/form-data\" novalidate=\"novalidate\" data-status=\"init\">\n<fieldset class=\"hidden-fields-container\"><input type=\"hidden\" name=\"_wpcf7\" value=\"1647\" \/><input type=\"hidden\" name=\"_wpcf7_version\" value=\"6.1.5\" \/><input type=\"hidden\" name=\"_wpcf7_locale\" value=\"es_ES\" \/><input type=\"hidden\" name=\"_wpcf7_unit_tag\" value=\"wpcf7-f1647-o1\" \/><input type=\"hidden\" name=\"_wpcf7_container_post\" value=\"0\" \/><input type=\"hidden\" name=\"_wpcf7_posted_data_hash\" value=\"\" \/>\n<\/fieldset>\n<div id=\"contact\" class=\"content-form\">\n  <div class=\"grid-2 gap-2\">\n    <div class=\"item field\">\n      <label for=\"firstName\">Nombre*<\/label>\n      <span class=\"wpcf7-form-control-wrap\" data-name=\"firstName\"><input size=\"40\" maxlength=\"400\" class=\"wpcf7-form-control wpcf7-text wpcf7-validates-as-required text\" id=\"firstName\" aria-required=\"true\" aria-invalid=\"false\" placeholder=\"Nombre\" value=\"\" type=\"text\" name=\"firstName\" \/><\/span>\n    <\/div>\n    <div class=\"item field\">\n      <label for=\"lastName\">Apellidos*<\/label>\n      <span class=\"wpcf7-form-control-wrap\" data-name=\"lastName\"><input size=\"40\" maxlength=\"400\" class=\"wpcf7-form-control wpcf7-text wpcf7-validates-as-required text\" id=\"lastName\" aria-required=\"true\" aria-invalid=\"false\" placeholder=\"Apellidos\" value=\"\" type=\"text\" name=\"lastName\" \/><\/span>\n    <\/div>\n    <div class=\"item field\">\n      <label for=\"userEmail\">Email*<\/label>\n      <span class=\"wpcf7-form-control-wrap\" data-name=\"userEmail\"><input size=\"40\" maxlength=\"400\" class=\"wpcf7-form-control wpcf7-email wpcf7-validates-as-required wpcf7-text wpcf7-validates-as-email text\" id=\"userEmail\" aria-required=\"true\" aria-invalid=\"false\" placeholder=\"Email\" value=\"\" type=\"email\" name=\"userEmail\" \/><\/span>\n    <\/div>\n    <div class=\"item field\">\n      <label for=\"queEres\">\u00bfQu\u00e9 eres?*<\/label>\n      <span class=\"wpcf7-form-control-wrap\" data-name=\"queEres\"><select class=\"wpcf7-form-control wpcf7-select wpcf7-validates-as-required text\" id=\"queEres\" aria-required=\"true\" aria-invalid=\"false\" name=\"queEres\"><option value=\"Particular\">Particular<\/option><option value=\"Empresa\">Empresa<\/option><option value=\"ONG\">ONG<\/option><option value=\"Otro\">Otro<\/option><\/select><\/span>\n    <\/div>\n    <div class=\"item field\">\n      <label for=\"entidadBancaria\">Entidad bancaria*<\/label>\n      <select name=\"elige_entidad\" class=\"text wpcf7-validates-as-required\" id=\"elige_entidad\" aria-required=\"true\" required=\"required\" aria-invalid=\"false\"> <option value=\"\" disabled selected>Elige tu entidad<\/option><option value=\"caixabank\">CaixaBank<\/option><option value=\"santander\">Banco Santander<\/option><option value=\"bbva\">BBVA<\/option><option value=\"sabadell\">Banco Sabadell<\/option><option value=\"unicaja\">Unicaja<\/option><option value=\"kutxabank\">Kutxabank<\/option><option value=\"caja-rural\">Caja Rural<\/option><option value=\"bankinter\">Bankinter<\/option><option value=\"ibercaja\">Ibercaja<\/option><option value=\"cajamar\">Cajamar<\/option><option value=\"abanca\">Abanca<\/option><option value=\"laboral-kutxa\">Laboral Kutxa<\/option><option value=\"banca-march\">Banca March<\/option><option value=\"eurocaja-rural\">Eurocaja Rural<\/option><option value=\"caja-de-ingenieros\">Caja de Ingenieros<\/option><option value=\"banca-pueyo\">Banca Pueyo<\/option><option value=\"banco-mediolanum\">Banco Mediolanum<\/option><option value=\"cajalmendralejo\">Cajalmendralejo<\/option><option value=\"arquia\">Arquia<\/option><option value=\"b100\">B100<\/option><option value=\"banco-de-depositos\">Banco de Dep\u00f3sitos<\/option><option value=\"banco-pichincha\">Banco Pichincha<\/option><option value=\"bunq\">Bunq<\/option><option value=\"caixa-guissona\">Caixa Guissona<\/option><option value=\"caixa-ontinyent\">Caixa Ontinyent<\/option><option value=\"cbnk\">CBNK<\/option><option value=\"colonya-caixa-pollenca\">Colonya Caixa Pollen\u00e7a<\/option><option value=\"creand\">Creand<\/option><option value=\"deutsche-bank\">Deutsche Bank<\/option><option value=\"imagin\">Imagin<\/option><option value=\"ing\">ING<\/option><option value=\"morabanc\">Morabanc<\/option><option value=\"myandbank\">myandbank<\/option><option value=\"myinvestor\">MyInvestor<\/option><option value=\"n26\">N26<\/option><option value=\"openbank\">Openbank<\/option><option value=\"renta4\">Renta4<\/option><option value=\"revolut\">Revolut<\/option><option value=\"trade-republic\">Trade Republic<\/option> <\/select>\n    <\/div>\n    <div class=\"item field\">\n      <label for=\"userPhone\">Adjunta un archivo<\/label>\n      <span class=\"wpcf7-form-control-wrap\" data-name=\"file-1\"><input size=\"40\" class=\"wpcf7-form-control wpcf7-file file\" id=\"file-1\" accept=\"audio\/*,video\/*,image\/*\" aria-invalid=\"false\" type=\"file\" name=\"file-1\" \/><\/span>\n    <\/div>\n  <\/div>\n  <div class=\"item field pt-1\">\n    <label for=\"userWebsite\">Asunto<\/label>\n    <span class=\"wpcf7-form-control-wrap\" data-name=\"asunto\"><select class=\"wpcf7-form-control wpcf7-select wpcf7-validates-as-required text\" id=\"asunto\" aria-required=\"true\" aria-invalid=\"false\" name=\"asunto\"><option value=\"\">Selecciona<\/option><option value=\"Activaci\u00f3n\">Activaci\u00f3n<\/option><option value=\"Consulta\">Consulta<\/option><option value=\"Incidencia\">Incidencia<\/option><option value=\"Estafa\">Estafa<\/option><option value=\"Ejercicio de derechos\">Ejercicio de derechos<\/option><option value=\"Otro\">Otro<\/option><\/select><\/span>\n  <\/div>\n  <div id=\"field-asuntoEspecificar\" class=\"field pt-1\" style=\"display:none;\">\n    <label for=\"userWebsite\">Especificar asunto<\/label>\n    <span class=\"wpcf7-form-control-wrap\" data-name=\"asuntoEspecificar\"><input size=\"40\" maxlength=\"400\" class=\"wpcf7-form-control wpcf7-text text\" id=\"asuntoEspecificar\" aria-invalid=\"false\" placeholder=\"Especificar asunto\" value=\"\" type=\"text\" name=\"asuntoEspecificar\" \/><\/span>\n  <\/div>\n  <div class=\"field pt-1\">\n    <label for=\"message\">\u00bfEn qu\u00e9 podemos ayudarte?<\/label>\n    <span class=\"wpcf7-form-control-wrap\" data-name=\"message\"><textarea cols=\"40\" rows=\"10\" maxlength=\"2000\" class=\"wpcf7-form-control wpcf7-textarea text\" id=\"message\" aria-invalid=\"false\" placeholder=\"Cu\u00e9ntanos lo que necesitas\" name=\"message\"><\/textarea><\/span>\n  <\/div>\n  <div class=\"item field field-checkbox pt-1\">\n    <span class=\"wpcf7-form-control-wrap\" data-name=\"termsAndConditions\"><span class=\"wpcf7-form-control wpcf7-acceptance\"><span class=\"wpcf7-list-item\"><label><input type=\"checkbox\" name=\"termsAndConditions\" value=\"1\" class=\"checkbox\" aria-invalid=\"false\" \/><span class=\"wpcf7-list-item-label\">Acepto los <a href=\"https:\/\/bizum.com\/es\/politica-de-privacidad\/\">t\u00e9rminos y condiciones, pol\u00edticas de privacidad<\/a> y <a href=\"https:\/\/bizum.com\/es\/aviso-legal\/\">aviso legal<\/a>.<\/span><\/label><\/span><\/span><\/span>\n  <\/div>\n  <div class=\"item field field-checkbox pt-1\">\n    <span class=\"wpcf7-form-control-wrap\" data-name=\"acceptPromotionalContent\"><span class=\"wpcf7-form-control wpcf7-acceptance optional\"><span class=\"wpcf7-list-item\"><label><input type=\"checkbox\" name=\"acceptPromotionalContent\" value=\"1\" class=\"checkbox\" id=\"acceptPromotionalContent\" aria-invalid=\"false\" \/><span class=\"wpcf7-list-item-label\">Acepto recibir comunicaciones por correo electr\u00f3nico.<\/span><\/label><\/span><\/span><\/span>\n  <\/div>\n  <div class=\"field field-submit pt-2\"><input class=\"wpcf7-form-control wpcf7-submit has-spinner wp-button wp-button-arrow-up-right is-outlined\" type=\"submit\" value=\"Enviar consulta\" \/><\/div>\n<\/div><div class=\"wpcf7-response-output\" aria-hidden=\"true\"><\/div>\n<\/form>\n<\/div>\n\n<\/div>\n<\/div>\n\n\n\n<section class=\"p-2 has-background-gray-100-background-color br-m mb-2\">\n\n  <div class=\"pb-1\">\n    <h3 class=\"has-text-black-500-color fw-500\">\n      Suscr\u00edbete a nuestra newsletter    <\/h3>\n  <\/div>\n\n  <div id=\"signup-newsletter\" class=\"test content-form has-text-black-500-color d-flex\">\n\n          <div class=\"content-form-newsletter\">\n        <script charset=\"utf-8\" type=\"text\/javascript\" src=\"\/\/js-eu1.hsforms.net\/forms\/embed\/v2.js\"><\/script>\n        <script>\n          hbspt.forms.create({\n            portalId: \"146523971\",\n            formId: \"281ac07c-61c8-411c-8e0e-58c18ac1a2e4\",\n            region: \"eu1\"\n          });\n        <\/script>\n      <\/div>\n    \n          <div class=\"wp-button-sostenibilidad-wrapper\">\n        <a\n          data-event=\"cta_huella-eco\"\n          href=\"https:\/\/bizum.com\/sostenibilidad\/\"\n          class=\"wp-button is-outlined has-button-blue-600-background-color\">\n          <span class=\"cta-title\">\n            Huella ECO 0.74          <\/span>\n        <\/a>\n      <\/div>\n      <\/div>\n<\/section>","protected":false},"excerpt":{"rendered":"<p>Descubre c\u00f3mo recibir donaciones con Bizum Consigue tu c\u00f3digo de donaci\u00f3n de cinco cifras y p\u00f3nselo f\u00e1cil a tus donantes para colaborar \u00bfC\u00f3mo ofrecer Bizum en tu organizaci\u00f3n? Para cualquier duda sobre el proceso, contacta con tu entidad bancaria o con Bizum Contacta con tu banco Consulta el listado de bancos que dispone de Bizum [&hellip;]<\/p>\n","protected":false},"author":14,"featured_media":0,"parent":0,"menu_order":0,"comment_status":"closed","ping_status":"closed","template":"","meta":{"_acf_changed":false,"footnotes":""},"class_list":["post-27306","page","type-page","status-publish","hentry"],"acf":[],"yoast_head":"<!-- This site is optimized with the Yoast SEO plugin v27.4 - https:\/\/yoast.com\/product\/yoast-seo-wordpress\/ -->\n<title>Integra Bizum para donaciones - Bizum<\/title>\n<meta name=\"robots\" content=\"index, follow, max-snippet:-1, max-image-preview:large, max-video-preview:-1\" \/>\n<link rel=\"canonical\" href=\"https:\/\/bizum.com\/es\/integrar-bizum-para-donaciones\/\" \/>\n<meta property=\"og:locale\" content=\"es_ES\" \/>\n<meta property=\"og:type\" content=\"article\" \/>\n<meta property=\"og:title\" content=\"Integra Bizum para donaciones - Bizum\" \/>\n<meta property=\"og:description\" content=\"Descubre c\u00f3mo recibir donaciones con Bizum Consigue tu c\u00f3digo de donaci\u00f3n de cinco cifras y p\u00f3nselo f\u00e1cil a tus donantes para colaborar \u00bfC\u00f3mo ofrecer Bizum en tu organizaci\u00f3n? Para cualquier duda sobre el proceso, contacta con tu entidad bancaria o con Bizum Contacta con tu banco Consulta el listado de bancos que dispone de Bizum [&hellip;]\" \/>\n<meta property=\"og:url\" content=\"https:\/\/bizum.com\/es\/integrar-bizum-para-donaciones\/\" \/>\n<meta property=\"og:site_name\" content=\"Bizum\" \/>\n<meta property=\"article:modified_time\" content=\"2025-01-16T13:22:15+00:00\" \/>\n<meta name=\"twitter:card\" content=\"summary_large_image\" \/>\n<meta name=\"twitter:label1\" content=\"Tiempo de lectura\" \/>\n\t<meta name=\"twitter:data1\" content=\"1 minuto\" \/>\n<script type=\"application\/ld+json\" class=\"yoast-schema-graph\">{\"@context\":\"https:\\\/\\\/schema.org\",\"@graph\":[{\"@type\":\"WebPage\",\"@id\":\"https:\\\/\\\/bizum.com\\\/es\\\/integrar-bizum-para-donaciones\\\/\",\"url\":\"https:\\\/\\\/bizum.com\\\/es\\\/integrar-bizum-para-donaciones\\\/\",\"name\":\"Integra Bizum para donaciones - Bizum\",\"isPartOf\":{\"@id\":\"https:\\\/\\\/bizum.com\\\/es\\\/#website\"},\"datePublished\":\"2024-09-23T07:37:03+00:00\",\"dateModified\":\"2025-01-16T13:22:15+00:00\",\"breadcrumb\":{\"@id\":\"https:\\\/\\\/bizum.com\\\/es\\\/integrar-bizum-para-donaciones\\\/#breadcrumb\"},\"inLanguage\":\"es\",\"potentialAction\":[{\"@type\":\"ReadAction\",\"target\":[\"https:\\\/\\\/bizum.com\\\/es\\\/integrar-bizum-para-donaciones\\\/\"]}]},{\"@type\":\"BreadcrumbList\",\"@id\":\"https:\\\/\\\/bizum.com\\\/es\\\/integrar-bizum-para-donaciones\\\/#breadcrumb\",\"itemListElement\":[{\"@type\":\"ListItem\",\"position\":1,\"name\":\"Home\",\"item\":\"https:\\\/\\\/bizum.com\\\/es\\\/\"},{\"@type\":\"ListItem\",\"position\":2,\"name\":\"Integra Bizum para donaciones\"}]},{\"@type\":\"WebSite\",\"@id\":\"https:\\\/\\\/bizum.com\\\/es\\\/#website\",\"url\":\"https:\\\/\\\/bizum.com\\\/es\\\/\",\"name\":\"Bizum\",\"description\":\"Con Bizum puedes enviar y recibir dinero entre amigos, pagar en comercios online y donar a la ONG que tu elijas, todo desde tu m\u00f3vil.\",\"potentialAction\":[{\"@type\":\"SearchAction\",\"target\":{\"@type\":\"EntryPoint\",\"urlTemplate\":\"https:\\\/\\\/bizum.com\\\/es\\\/?s={search_term_string}\"},\"query-input\":{\"@type\":\"PropertyValueSpecification\",\"valueRequired\":true,\"valueName\":\"search_term_string\"}}],\"inLanguage\":\"es\"}]}<\/script>\n<!-- \/ Yoast SEO plugin. -->","yoast_head_json":{"title":"Integra Bizum para donaciones - Bizum","robots":{"index":"index","follow":"follow","max-snippet":"max-snippet:-1","max-image-preview":"max-image-preview:large","max-video-preview":"max-video-preview:-1"},"canonical":"https:\/\/bizum.com\/es\/integrar-bizum-para-donaciones\/","og_locale":"es_ES","og_type":"article","og_title":"Integra Bizum para donaciones - Bizum","og_description":"Descubre c\u00f3mo recibir donaciones con Bizum Consigue tu c\u00f3digo de donaci\u00f3n de cinco cifras y p\u00f3nselo f\u00e1cil a tus donantes para colaborar \u00bfC\u00f3mo ofrecer Bizum en tu organizaci\u00f3n? Para cualquier duda sobre el proceso, contacta con tu entidad bancaria o con Bizum Contacta con tu banco Consulta el listado de bancos que dispone de Bizum [&hellip;]","og_url":"https:\/\/bizum.com\/es\/integrar-bizum-para-donaciones\/","og_site_name":"Bizum","article_modified_time":"2025-01-16T13:22:15+00:00","twitter_card":"summary_large_image","twitter_misc":{"Tiempo de lectura":"1 minuto"},"schema":{"@context":"https:\/\/schema.org","@graph":[{"@type":"WebPage","@id":"https:\/\/bizum.com\/es\/integrar-bizum-para-donaciones\/","url":"https:\/\/bizum.com\/es\/integrar-bizum-para-donaciones\/","name":"Integra Bizum para donaciones - Bizum","isPartOf":{"@id":"https:\/\/bizum.com\/es\/#website"},"datePublished":"2024-09-23T07:37:03+00:00","dateModified":"2025-01-16T13:22:15+00:00","breadcrumb":{"@id":"https:\/\/bizum.com\/es\/integrar-bizum-para-donaciones\/#breadcrumb"},"inLanguage":"es","potentialAction":[{"@type":"ReadAction","target":["https:\/\/bizum.com\/es\/integrar-bizum-para-donaciones\/"]}]},{"@type":"BreadcrumbList","@id":"https:\/\/bizum.com\/es\/integrar-bizum-para-donaciones\/#breadcrumb","itemListElement":[{"@type":"ListItem","position":1,"name":"Home","item":"https:\/\/bizum.com\/es\/"},{"@type":"ListItem","position":2,"name":"Integra Bizum para donaciones"}]},{"@type":"WebSite","@id":"https:\/\/bizum.com\/es\/#website","url":"https:\/\/bizum.com\/es\/","name":"Bizum","description":"Con Bizum puedes enviar y recibir dinero entre amigos, pagar en comercios online y donar a la ONG que tu elijas, todo desde tu m\u00f3vil.","potentialAction":[{"@type":"SearchAction","target":{"@type":"EntryPoint","urlTemplate":"https:\/\/bizum.com\/es\/?s={search_term_string}"},"query-input":{"@type":"PropertyValueSpecification","valueRequired":true,"valueName":"search_term_string"}}],"inLanguage":"es"}]}},"_links":{"self":[{"href":"https:\/\/bizum.com\/es\/wp-json\/wp\/v2\/pages\/27306","targetHints":{"allow":["GET"]}}],"collection":[{"href":"https:\/\/bizum.com\/es\/wp-json\/wp\/v2\/pages"}],"about":[{"href":"https:\/\/bizum.com\/es\/wp-json\/wp\/v2\/types\/page"}],"author":[{"embeddable":true,"href":"https:\/\/bizum.com\/es\/wp-json\/wp\/v2\/users\/14"}],"replies":[{"embeddable":true,"href":"https:\/\/bizum.com\/es\/wp-json\/wp\/v2\/comments?post=27306"}],"version-history":[{"count":1,"href":"https:\/\/bizum.com\/es\/wp-json\/wp\/v2\/pages\/27306\/revisions"}],"predecessor-version":[{"id":30774,"href":"https:\/\/bizum.com\/es\/wp-json\/wp\/v2\/pages\/27306\/revisions\/30774"}],"wp:attachment":[{"href":"https:\/\/bizum.com\/es\/wp-json\/wp\/v2\/media?parent=27306"}],"curies":[{"name":"wp","href":"https:\/\/api.w.org\/{rel}","templated":true}]}}