{"id":44826,"date":"2025-06-01T18:08:17","date_gmt":"2025-06-01T18:08:17","guid":{"rendered":"https:\/\/bizum.com\/es\/?page_id=44826"},"modified":"2025-08-13T14:23:10","modified_gmt":"2025-08-13T14:23:10","slug":"internacional","status":"publish","type":"page","link":"https:\/\/bizum.com\/es\/internacional\/","title":{"rendered":"Internacional"},"content":{"rendered":"\n<div class=\"wp-block-columns is-layout-flex wp-container-core-columns-is-layout-2c568fc7 wp-block-columns-is-layout-flex\" style=\"margin-bottom:var(--wp--preset--spacing--1-5)\">\n<div class=\"wp-block-column is-vertically-aligned-center is-layout-flow wp-block-column-is-layout-flow\">\n<h1 class=\"wp-block-heading has-xl-font-size\">Ahora tambi\u00e9n puedes hacer pagos internacionales al instante<\/h1>\n\n\n\n<p class=\"has-text-black-500-color has-text-color has-link-color has-sm-font-size wp-elements-2eea90c45bf5b2d2a44d1d969c6074d0\" style=\"padding-top:var(--wp--preset--spacing--2);padding-bottom:var(--wp--preset--spacing--2)\">Ya puedas enviar y recibir dinero de tus contactos de Portugal e Italia, \u00a1tan f\u00e1cil como siempre! Solo necesitas el tel\u00e9fono, como vienes haciendo entre Espa\u00f1a y Andorra. <\/p>\n\n\n\n<div class=\"wp-button-wrapper \">\n  <a class=\" wp-button f-xs has-icon icon-arrow-up-right has-button-blue-600-background-color\"\n    data-event=\"cta_activar-bizum\"\n        target=\"\"\n    href=\"https:\/\/bizum.com\/es\/activar-bizum\/\"\n        class=\"align wp-block-acf-mnz-button has-background has-button-blue-600-background-color has-xs-font-size\">\n          <span class=\"cta-icon\">\n        <svg width=\"24\" height=\"24\" viewBox=\"0 0 24 24\" fill=\"none\" xmlns=\"http:\/\/www.w3.org\/2000\/svg\">\n<path d=\"M7.92308 6H18M18 6V16.0769M18 6L6 18\" stroke=\"white\" stroke-width=\"2\" stroke-linecap=\"round\" stroke-linejoin=\"round\"\/>\n<\/svg>\n      <\/span>\n    \n    <span class=\"cta-title\">\n      Activar Bizum    <\/span>\n\n  <\/a>\n<\/div><\/div>\n\n\n\n<div class=\"wp-block-column is-layout-flow wp-block-column-is-layout-flow\">\n\n<figure \n  class=\"wp-ax-image  wp-animated-image ax-image__x has-square-left  has-blue-squares ax-image__double \" \n  class=\"align wp-block-acf-mnz-animated-image\" \n  >\n  <div class=\"ax-image__item ax-image__bar-wrapper\">\n    <div class=\"ax-image__item-bar ax-image__item-bar-1\"><\/div>\n          <div class=\"ax-image__item-bar ax-image__item-bar-2\"><\/div>\n      <\/div>\n  <figure class=\"ax-image__item ax-image__figure\">\n    <img loading=\"lazy\" decoding=\"async\" width=\"616\" height=\"598\" src=\"https:\/\/bizum.com\/es\/wp-content\/uploads\/2024\/07\/aprende-a-usar-bizum.png\" class=\"attachment-full size-full\" alt=\"\" srcset=\"https:\/\/bizum.com\/es\/wp-content\/uploads\/2024\/07\/aprende-a-usar-bizum.png 616w, https:\/\/bizum.com\/es\/wp-content\/uploads\/2024\/07\/aprende-a-usar-bizum-300x291.png 300w\" sizes=\"auto, (max-width: 616px) 100vw, 616px\" \/>  <\/figure>\n<\/figure><\/div>\n<\/div>\n\n\n\n<div class=\"wp-block-columns has-background-gray-125-background-color has-background is-layout-flex wp-container-core-columns-is-layout-f144793a wp-block-columns-is-layout-flex\" style=\"border-radius:32px;padding-top:var(--wp--preset--spacing--1-5);padding-bottom:var(--wp--preset--spacing--1-5)\">\n<div class=\"wp-block-column is-layout-flow wp-block-column-is-layout-flow\">\n<h2 class=\"wp-block-heading has-l-font-size\" style=\"margin-bottom:var(--wp--preset--spacing--2)\">Soluciones compatibles con Bizum<\/h2>\n\n\n\n<p class=\"has-sm-font-size\">Gracias la iniciativa de colaboraci\u00f3n entre soluciones de pagos internacionales, <a href=\"https:\/\/www.linkedin.com\/company\/europa-european-payments-alliance\/?viewAsMember=true\" target=\"_blank\" rel=\"noreferrer noopener nofollow\">EuroPA<\/a>, ya puedes enviar y recibir dinero entre estas soluciones al instante, desde tu app bancaria de siempre y sin complicaciones.<\/p>\n<\/div>\n\n\n\n<div class=\"wp-block-column is-vertically-aligned-top is-layout-flow wp-block-column-is-layout-flow\">\n<div class=\"wp-block-group has-background-blue-500-color has-text-color has-link-color wp-elements-5cf8487028162ac40c562dd77275f78b is-vertical is-content-justification-center is-layout-flex wp-container-core-group-is-layout-5e763914 wp-block-group-is-layout-flex\">\n<div class=\"wp-block-columns are-vertically-aligned-center has-card-white-500-background-color has-white-background-color has-background is-layout-flex wp-container-core-columns-is-layout-28f84493 wp-block-columns-is-layout-flex\" style=\"border-radius:24px\">\n<div class=\"wp-block-column is-vertically-aligned-center is-layout-flow wp-block-column-is-layout-flow\">\n<figure class=\"wp-block-image aligncenter size-large\"><img decoding=\"async\" src=\"https:\/\/bizum.com\/es\/wp-content\/uploads\/2025\/05\/bancomat.png\" alt=\"\"\/><\/figure>\n<\/div>\n<\/div>\n\n\n\n<div class=\"wp-block-columns are-vertically-aligned-center has-card-white-500-background-color has-white-background-color has-background is-layout-flex wp-container-core-columns-is-layout-f5ed822e wp-block-columns-is-layout-flex\" style=\"border-radius:24px;margin-top:var(--wp--preset--spacing--1-5)\">\n<div class=\"wp-block-column is-vertically-aligned-center is-layout-flow wp-block-column-is-layout-flow\">\n<figure class=\"wp-block-image aligncenter size-large\"><a href=\"https:\/\/www.mbway.pt\/internacional\/interligacao\/\" target=\"_blank\" rel=\" noreferrer noopener\"><img decoding=\"async\" src=\"https:\/\/bizum.com\/es\/wp-content\/uploads\/2025\/05\/mbway.png\" alt=\"\"\/><\/a><\/figure>\n<\/div>\n<\/div>\n<\/div>\n<\/div>\n<\/div>\n\n\n\n<div class=\"wp-block-columns is-layout-flex wp-container-core-columns-is-layout-91ca3140 wp-block-columns-is-layout-flex\" style=\"margin-top:var(--wp--preset--spacing--2);margin-bottom:var(--wp--preset--spacing--2)\">\n<div class=\"wp-block-column is-layout-flow wp-block-column-is-layout-flow\">\n<h2 class=\"wp-block-heading has-text-align-center has-l-font-size\">\u00bfC\u00f3mo realizar un bizum internacional?<\/h2>\n\n\n\n<p class=\"has-text-align-center has-sm-font-size\" style=\"margin-top:var(--wp--preset--spacing--1);margin-bottom:var(--wp--preset--spacing--2)\">Tan f\u00e1cil como hacer un bizum de siempre, solo necesitas el n\u00famero de tel\u00e9fono de la persona a la que quieres enviar dinero.<\/p>\n\n\n\n<div class=\"wp-block-columns is-layout-flex wp-container-core-columns-is-layout-28f84493 wp-block-columns-is-layout-flex\">\n<div class=\"wp-block-column has-background-blue-600-background-color has-background is-layout-flow wp-block-column-is-layout-flow\" style=\"border-radius:80px;padding-top:40px;padding-right:40px;padding-bottom:40px;padding-left:40px\">\n<div class=\"wp-chip  wp-chip has-background-blue-500-background-color wp-chip--text\" style=\"margin-bottom:var(--wp--preset--spacing--1);\" class=\"align wp-block-acf-mnz-chip has-background has-background-blue-500-background-color\">\n  01\n<\/div>\n\n\n<p class=\"has-text-white-500-color has-text-color has-link-color has-m-font-size wp-elements-5e7639ecff7b52a86be08cfef34b6f54\">Accede a Bizum desde la app de tu banco<\/p>\n<\/div>\n\n\n\n<div class=\"wp-block-column has-background-blue-600-background-color has-background is-layout-flow wp-block-column-is-layout-flow\" style=\"border-radius:80px;padding-top:40px;padding-right:40px;padding-bottom:40px;padding-left:40px\">\n<div class=\"wp-chip  wp-chip has-background-blue-500-background-color wp-chip--text\" style=\"margin-bottom:var(--wp--preset--spacing--1);\" class=\"align wp-block-acf-mnz-chip has-background has-background-blue-500-background-color\">\n  02\n<\/div>\n\n\n<p class=\"has-text-white-500-color has-text-color has-link-color has-m-font-size wp-elements-9c0dc8604cfd46d00666e1e92a8ea8cd\">Introduce el n\u00famero de m\u00f3vil y el importe<\/p>\n<\/div>\n\n\n\n<div class=\"wp-block-column has-background-blue-600-background-color has-background is-layout-flow wp-block-column-is-layout-flow\" style=\"border-radius:80px;padding-top:40px;padding-right:40px;padding-bottom:40px;padding-left:40px\">\n<div class=\"wp-chip  wp-chip has-background-blue-500-background-color wp-chip--text\" style=\"margin-bottom:var(--wp--preset--spacing--1);\" class=\"align wp-block-acf-mnz-chip has-background has-background-blue-500-background-color\">\n  03\n<\/div>\n\n\n<p class=\"has-text-white-500-color has-text-color has-link-color has-m-font-size wp-elements-2bf78dbdc0840d592e349f0afd53f926\">Pincha enviar y \u00a1haz bizum!<\/p>\n<\/div>\n<\/div>\n<\/div>\n<\/div>\n\n\n\n<div class=\"wp-block-columns is-layout-flex wp-container-core-columns-is-layout-28f84493 wp-block-columns-is-layout-flex\">\n<div class=\"wp-block-column is-vertically-aligned-center is-layout-flow wp-block-column-is-layout-flow\">\n\n<figure \n  class=\"wp-ax-image  wp-animated-image ax-image__y has-square-left  has-blue-squares ax-image__double \" \n  class=\"align wp-block-acf-mnz-animated-image\" \n  >\n  <div class=\"ax-image__item ax-image__bar-wrapper\">\n    <div class=\"ax-image__item-bar ax-image__item-bar-1\"><\/div>\n          <div class=\"ax-image__item-bar ax-image__item-bar-2\"><\/div>\n      <\/div>\n  <figure class=\"ax-image__item ax-image__figure\">\n    <img loading=\"lazy\" decoding=\"async\" width=\"616\" height=\"598\" src=\"https:\/\/bizum.com\/es\/wp-content\/uploads\/2024\/07\/amigos-con-bizum.png\" class=\"attachment-full size-full\" alt=\"\" srcset=\"https:\/\/bizum.com\/es\/wp-content\/uploads\/2024\/07\/amigos-con-bizum.png 616w, https:\/\/bizum.com\/es\/wp-content\/uploads\/2024\/07\/amigos-con-bizum-300x291.png 300w\" sizes=\"auto, (max-width: 616px) 100vw, 616px\" \/>  <\/figure>\n<\/figure><\/div>\n\n\n\n<div class=\"wp-block-column is-vertically-aligned-center is-layout-flow wp-block-column-is-layout-flow\">\n<h2 class=\"wp-block-heading has-text-black-500-color has-text-color has-link-color has-l-font-size wp-elements-9d23ea5ef320dcd03a7c276e347b0fc6\">Salda cuentas aqu\u00ed y all\u00e1 en 10 segundos incluso fuera de Espa\u00f1a y Andorra<\/h2>\n\n\n\n<p class=\"has-text-black-500-color has-text-color has-link-color wp-elements-e1f37db2879034183cb2110fdf6d402f\" style=\"padding-top:var(--wp--preset--spacing--2);padding-bottom:var(--wp--preset--spacing--2)\">Ahora puedes dividir gastos o devolver dinero a tus amigos de Portugal e Italia, aunque no usen Bizum. Paga uno y el resto le env\u00eda su parte desde su m\u00f3vil. Sin esperas, y con total seguridad.<\/p>\n<\/div>\n<\/div>\n\n\n\n<div class=\"wp-block-columns has-background-blue-600-background-color has-background is-layout-flex wp-container-core-columns-is-layout-91ca3140 wp-block-columns-is-layout-flex\" style=\"border-radius:32px;margin-top:var(--wp--preset--spacing--2);margin-bottom:var(--wp--preset--spacing--2)\">\n<div class=\"wp-block-column is-layout-flow wp-block-column-is-layout-flow\">\n<section class=\"slider-entidades br-ml  wp-slider-entidades has-background-white-500-color wp-elements-67ddb22ff09f4806fdd184ef0b5aa709\" class=\"align wp-elements-67ddb22ff09f4806fdd184ef0b5aa709 wp-block-acf-mnz-slider-entidades has-text-color has-background-white-500-color\">\n  <header>\n    <div class=\"acf-innerblocks-container\">\n\n<h2 class=\"wp-block-heading has-text-white-500-color has-text-color has-link-color has-ml-font-size wp-elements-b79668fe10ed000dba4e60dd03ae9d15\">Bancos con los que podr\u00e1s enviar y recibir bizums internacionales<\/h2>\n\n\n\n<p class=\"has-text-white-500-color has-text-color has-link-color wp-elements-17776ea0df14bb43271211e304d14512\">Selecciona tu banco para obtener su app si a\u00fan no la tienes y empieza a utilizar Bizum<\/p>\n\n\n\n<div class=\"wp-button-wrapper wp-elements-af776061c988486ce73cc0d44319a302\">\n  <a class=\" wp-button-link has-border-bottom has-icon is-underlined icon-arrow-up-right has-button-link-white-500-color wp-elements-af776061c988486ce73cc0d44319a302\"\n    data-event=\"cta_bancos\"\n        target=\"\"\n    href=\"https:\/\/bizum.com\/es\/bancos\/\"\n        style=\"margin-bottom:var(--wp--preset--spacing--2);\" class=\"align wp-elements-af776061c988486ce73cc0d44319a302 wp-block-acf-mnz-button-link has-text-color has-button-link-white-500-color\">\n          <span class=\"cta-icon\">\n        <svg width=\"24\" height=\"24\" viewBox=\"0 0 24 24\" fill=\"none\" xmlns=\"http:\/\/www.w3.org\/2000\/svg\">\n<path d=\"M7.92308 6H18M18 6V16.0769M18 6L6 18\" stroke=\"black\" stroke-width=\"2\" stroke-linecap=\"round\" stroke-linejoin=\"round\"\/>\n<\/svg>\n      <\/span>\n    \n    <span class=\"cta-title\">\n      Ver todas las entidades    <\/span>\n\n  <\/a>\n<\/div>\n<\/div>\n  <\/header>\n    <div class=\"slider-entidades-swiper content-entidades\"\n    data-filter=\"[153]\"\n    data-per-slide=\"5\"\n    data-display-search-form=\"false\"\n    data-autoplay=\"true\">\n  <\/div>\n<\/section><\/div>\n<\/div>\n\n\n\n<div class=\"wp-block-columns is-layout-flex wp-container-core-columns-is-layout-28f84493 wp-block-columns-is-layout-flex\">\n<div class=\"wp-block-column is-vertically-aligned-center is-layout-flow wp-block-column-is-layout-flow\">\n\n<figure \n  class=\"wp-ax-image  wp-animated-image ax-image__y has-square-left is-round has-blue-squares ax-image__double \" \n  class=\"align wp-block-acf-mnz-animated-image\" \n  >\n  <div class=\"ax-image__item ax-image__bar-wrapper\">\n    <div class=\"ax-image__item-bar ax-image__item-bar-1\"><\/div>\n          <div class=\"ax-image__item-bar ax-image__item-bar-2\"><\/div>\n      <\/div>\n  <figure class=\"ax-image__item ax-image__figure\">\n    <img loading=\"lazy\" decoding=\"async\" width=\"616\" height=\"598\" src=\"https:\/\/bizum.com\/es\/wp-content\/uploads\/2024\/07\/dudas-frecuentes-sobre-bizum-empresas.png\" class=\"attachment-full size-full\" alt=\"\" srcset=\"https:\/\/bizum.com\/es\/wp-content\/uploads\/2024\/07\/dudas-frecuentes-sobre-bizum-empresas.png 616w, https:\/\/bizum.com\/es\/wp-content\/uploads\/2024\/07\/dudas-frecuentes-sobre-bizum-empresas-300x291.png 300w\" sizes=\"auto, (max-width: 616px) 100vw, 616px\" \/>  <\/figure>\n<\/figure><\/div>\n\n\n\n<div class=\"wp-block-column is-layout-flow wp-block-column-is-layout-flow\">\n<h2 class=\"wp-block-heading has-text-black-500-color has-text-color has-link-color has-l-font-size wp-elements-487cda03c9df6b3594aca6dc6da9e600\">\u00bfTe quedan dudas?<br>Revisa nuestras preguntas frecuentes<\/h2>\n\n\n\n<p class=\"has-text-black-500-color has-text-color has-link-color wp-elements-6bce8db0bc14654c876e72274f6895e5\" style=\"padding-top:var(--wp--preset--spacing--2);padding-bottom:var(--wp--preset--spacing--2)\">Si no encuentras la respuesta a tu duda, tambi\u00e9n puedes <a data-type=\"page\" data-id=\"1620\" href=\"https:\/\/bizum.com\/contacto\/\">contactar con tu entidad proveedora del servicio para que te ayude<\/a><\/p>\n\n\n\n<div class=\"wp-button-wrapper \">\n  <a class=\" wp-button has-button-blue-600-background-color\"\n    data-event=\"cta_preguntas-frecuentes\"\n        target=\"\"\n    href=\"\/?page_id=1591\"\n        class=\"align wp-block-acf-mnz-button has-background has-button-blue-600-background-color\">\n    \n    <span class=\"cta-title\">\n      Ver preguntas frecuentes    <\/span>\n\n  <\/a>\n<\/div><\/div>\n<\/div>\n\n\n\n<p><\/p>\n","protected":false},"excerpt":{"rendered":"<p>Ahora tambi\u00e9n puedes hacer pagos internacionales al instante Ya puedas enviar y recibir dinero de tus contactos de Portugal e Italia, \u00a1tan f\u00e1cil como siempre! Solo necesitas el tel\u00e9fono, como vienes haciendo entre Espa\u00f1a y Andorra. Soluciones compatibles con Bizum Gracias la iniciativa de colaboraci\u00f3n entre soluciones de pagos internacionales, EuroPA, ya puedes enviar y [&hellip;]<\/p>\n","protected":false},"author":16,"featured_media":0,"parent":0,"menu_order":0,"comment_status":"closed","ping_status":"closed","template":"","meta":{"_acf_changed":false,"footnotes":""},"class_list":["post-44826","page","type-page","status-publish","hentry"],"acf":[],"yoast_head":"<!-- This site is optimized with the Yoast SEO plugin v27.4 - https:\/\/yoast.com\/product\/yoast-seo-wordpress\/ -->\n<title>Internacional - Bizum<\/title>\n<meta name=\"robots\" content=\"index, follow, max-snippet:-1, max-image-preview:large, max-video-preview:-1\" \/>\n<link rel=\"canonical\" href=\"https:\/\/bizum.com\/es\/internacional\/\" \/>\n<meta property=\"og:locale\" content=\"es_ES\" \/>\n<meta property=\"og:type\" content=\"article\" \/>\n<meta property=\"og:title\" content=\"Internacional - Bizum\" \/>\n<meta property=\"og:description\" content=\"Ahora tambi\u00e9n puedes hacer pagos internacionales al instante Ya puedas enviar y recibir dinero de tus contactos de Portugal e Italia, \u00a1tan f\u00e1cil como siempre! Solo necesitas el tel\u00e9fono, como vienes haciendo entre Espa\u00f1a y Andorra. Soluciones compatibles con Bizum Gracias la iniciativa de colaboraci\u00f3n entre soluciones de pagos internacionales, EuroPA, ya puedes enviar y [&hellip;]\" \/>\n<meta property=\"og:url\" content=\"https:\/\/bizum.com\/es\/internacional\/\" \/>\n<meta property=\"og:site_name\" content=\"Bizum\" \/>\n<meta property=\"article:modified_time\" content=\"2025-08-13T14:23:10+00:00\" \/>\n<meta property=\"og:image\" content=\"https:\/\/bizum.com\/es\/wp-content\/uploads\/2025\/05\/bancomat.png\" \/>\n<meta name=\"twitter:card\" content=\"summary_large_image\" \/>\n<meta name=\"twitter:label1\" content=\"Tiempo de lectura\" \/>\n\t<meta name=\"twitter:data1\" content=\"2 minutos\" \/>\n<script type=\"application\/ld+json\" class=\"yoast-schema-graph\">{\"@context\":\"https:\\\/\\\/schema.org\",\"@graph\":[{\"@type\":\"WebPage\",\"@id\":\"https:\\\/\\\/bizum.com\\\/es\\\/internacional\\\/\",\"url\":\"https:\\\/\\\/bizum.com\\\/es\\\/internacional\\\/\",\"name\":\"Internacional - Bizum\",\"isPartOf\":{\"@id\":\"https:\\\/\\\/bizum.com\\\/es\\\/#website\"},\"primaryImageOfPage\":{\"@id\":\"https:\\\/\\\/bizum.com\\\/es\\\/internacional\\\/#primaryimage\"},\"image\":{\"@id\":\"https:\\\/\\\/bizum.com\\\/es\\\/internacional\\\/#primaryimage\"},\"thumbnailUrl\":\"https:\\\/\\\/bizum.com\\\/es\\\/wp-content\\\/uploads\\\/2025\\\/05\\\/bancomat.png\",\"datePublished\":\"2025-06-01T18:08:17+00:00\",\"dateModified\":\"2025-08-13T14:23:10+00:00\",\"breadcrumb\":{\"@id\":\"https:\\\/\\\/bizum.com\\\/es\\\/internacional\\\/#breadcrumb\"},\"inLanguage\":\"es\",\"potentialAction\":[{\"@type\":\"ReadAction\",\"target\":[\"https:\\\/\\\/bizum.com\\\/es\\\/internacional\\\/\"]}]},{\"@type\":\"ImageObject\",\"inLanguage\":\"es\",\"@id\":\"https:\\\/\\\/bizum.com\\\/es\\\/internacional\\\/#primaryimage\",\"url\":\"https:\\\/\\\/bizum.com\\\/es\\\/wp-content\\\/uploads\\\/2025\\\/05\\\/bancomat.png\",\"contentUrl\":\"https:\\\/\\\/bizum.com\\\/es\\\/wp-content\\\/uploads\\\/2025\\\/05\\\/bancomat.png\",\"width\":132,\"height\":60},{\"@type\":\"BreadcrumbList\",\"@id\":\"https:\\\/\\\/bizum.com\\\/es\\\/internacional\\\/#breadcrumb\",\"itemListElement\":[{\"@type\":\"ListItem\",\"position\":1,\"name\":\"Home\",\"item\":\"https:\\\/\\\/bizum.com\\\/es\\\/\"},{\"@type\":\"ListItem\",\"position\":2,\"name\":\"Internacional\"}]},{\"@type\":\"WebSite\",\"@id\":\"https:\\\/\\\/bizum.com\\\/es\\\/#website\",\"url\":\"https:\\\/\\\/bizum.com\\\/es\\\/\",\"name\":\"Bizum\",\"description\":\"Con Bizum puedes enviar y recibir dinero entre amigos, pagar en comercios online y donar a la ONG que tu elijas, todo desde tu m\u00f3vil.\",\"potentialAction\":[{\"@type\":\"SearchAction\",\"target\":{\"@type\":\"EntryPoint\",\"urlTemplate\":\"https:\\\/\\\/bizum.com\\\/es\\\/?s={search_term_string}\"},\"query-input\":{\"@type\":\"PropertyValueSpecification\",\"valueRequired\":true,\"valueName\":\"search_term_string\"}}],\"inLanguage\":\"es\"}]}<\/script>\n<!-- \/ Yoast SEO plugin. -->","yoast_head_json":{"title":"Internacional - Bizum","robots":{"index":"index","follow":"follow","max-snippet":"max-snippet:-1","max-image-preview":"max-image-preview:large","max-video-preview":"max-video-preview:-1"},"canonical":"https:\/\/bizum.com\/es\/internacional\/","og_locale":"es_ES","og_type":"article","og_title":"Internacional - Bizum","og_description":"Ahora tambi\u00e9n puedes hacer pagos internacionales al instante Ya puedas enviar y recibir dinero de tus contactos de Portugal e Italia, \u00a1tan f\u00e1cil como siempre! Solo necesitas el tel\u00e9fono, como vienes haciendo entre Espa\u00f1a y Andorra. Soluciones compatibles con Bizum Gracias la iniciativa de colaboraci\u00f3n entre soluciones de pagos internacionales, EuroPA, ya puedes enviar y [&hellip;]","og_url":"https:\/\/bizum.com\/es\/internacional\/","og_site_name":"Bizum","article_modified_time":"2025-08-13T14:23:10+00:00","og_image":[{"url":"https:\/\/bizum.com\/es\/wp-content\/uploads\/2025\/05\/bancomat.png","type":"","width":"","height":""}],"twitter_card":"summary_large_image","twitter_misc":{"Tiempo de lectura":"2 minutos"},"schema":{"@context":"https:\/\/schema.org","@graph":[{"@type":"WebPage","@id":"https:\/\/bizum.com\/es\/internacional\/","url":"https:\/\/bizum.com\/es\/internacional\/","name":"Internacional - Bizum","isPartOf":{"@id":"https:\/\/bizum.com\/es\/#website"},"primaryImageOfPage":{"@id":"https:\/\/bizum.com\/es\/internacional\/#primaryimage"},"image":{"@id":"https:\/\/bizum.com\/es\/internacional\/#primaryimage"},"thumbnailUrl":"https:\/\/bizum.com\/es\/wp-content\/uploads\/2025\/05\/bancomat.png","datePublished":"2025-06-01T18:08:17+00:00","dateModified":"2025-08-13T14:23:10+00:00","breadcrumb":{"@id":"https:\/\/bizum.com\/es\/internacional\/#breadcrumb"},"inLanguage":"es","potentialAction":[{"@type":"ReadAction","target":["https:\/\/bizum.com\/es\/internacional\/"]}]},{"@type":"ImageObject","inLanguage":"es","@id":"https:\/\/bizum.com\/es\/internacional\/#primaryimage","url":"https:\/\/bizum.com\/es\/wp-content\/uploads\/2025\/05\/bancomat.png","contentUrl":"https:\/\/bizum.com\/es\/wp-content\/uploads\/2025\/05\/bancomat.png","width":132,"height":60},{"@type":"BreadcrumbList","@id":"https:\/\/bizum.com\/es\/internacional\/#breadcrumb","itemListElement":[{"@type":"ListItem","position":1,"name":"Home","item":"https:\/\/bizum.com\/es\/"},{"@type":"ListItem","position":2,"name":"Internacional"}]},{"@type":"WebSite","@id":"https:\/\/bizum.com\/es\/#website","url":"https:\/\/bizum.com\/es\/","name":"Bizum","description":"Con Bizum puedes enviar y recibir dinero entre amigos, pagar en comercios online y donar a la ONG que tu elijas, todo desde tu m\u00f3vil.","potentialAction":[{"@type":"SearchAction","target":{"@type":"EntryPoint","urlTemplate":"https:\/\/bizum.com\/es\/?s={search_term_string}"},"query-input":{"@type":"PropertyValueSpecification","valueRequired":true,"valueName":"search_term_string"}}],"inLanguage":"es"}]}},"_links":{"self":[{"href":"https:\/\/bizum.com\/es\/wp-json\/wp\/v2\/pages\/44826","targetHints":{"allow":["GET"]}}],"collection":[{"href":"https:\/\/bizum.com\/es\/wp-json\/wp\/v2\/pages"}],"about":[{"href":"https:\/\/bizum.com\/es\/wp-json\/wp\/v2\/types\/page"}],"author":[{"embeddable":true,"href":"https:\/\/bizum.com\/es\/wp-json\/wp\/v2\/users\/16"}],"replies":[{"embeddable":true,"href":"https:\/\/bizum.com\/es\/wp-json\/wp\/v2\/comments?post=44826"}],"version-history":[{"count":70,"href":"https:\/\/bizum.com\/es\/wp-json\/wp\/v2\/pages\/44826\/revisions"}],"predecessor-version":[{"id":52540,"href":"https:\/\/bizum.com\/es\/wp-json\/wp\/v2\/pages\/44826\/revisions\/52540"}],"wp:attachment":[{"href":"https:\/\/bizum.com\/es\/wp-json\/wp\/v2\/media?parent=44826"}],"curies":[{"name":"wp","href":"https:\/\/api.w.org\/{rel}","templated":true}]}}