{"id":44965,"date":"2025-06-01T18:10:19","date_gmt":"2025-06-01T18:10:19","guid":{"rendered":"https:\/\/bizum.com\/es\/?page_id=44965"},"modified":"2025-06-05T10:28:02","modified_gmt":"2025-06-05T10:28:02","slug":"menores","status":"publish","type":"page","link":"https:\/\/bizum.com\/es\/menores\/","title":{"rendered":"Menores"},"content":{"rendered":"\n<div class=\"wp-block-columns is-layout-flex wp-container-core-columns-is-layout-2c568fc7 wp-block-columns-is-layout-flex\" style=\"margin-bottom:var(--wp--preset--spacing--1-5)\">\n<div class=\"wp-block-column is-vertically-aligned-center is-layout-flow wp-block-column-is-layout-flow\">\n<h1 class=\"wp-block-heading has-xl-font-size\">Bizum para menores de edad<\/h1>\n\n\n\n<p class=\"has-text-black-500-color has-text-color has-link-color has-sm-font-size wp-elements-6d104b187d7e832ad6d3cf579601d6f7\" style=\"padding-top:var(--wp--preset--spacing--2);padding-bottom:var(--wp--preset--spacing--2)\">Si tienes entre 12 y 17 a\u00f1os, ya puedes empezar a recibir y enviar dinero y hacer compras online con Bizum. Inf\u00f3rmate, con tu tutor, en tu banco.<\/p>\n\n\n\n<div class=\"wp-button-wrapper \">\n  <a class=\" wp-button f-xs has-icon icon-arrow-up-right has-button-blue-600-background-color\"\n    data-event=\"cta_activar-bizum\"\n        target=\"\"\n    href=\"\/?page_id=375\"\n        class=\"align wp-block-acf-mnz-button has-background has-button-blue-600-background-color has-xs-font-size\">\n          <span class=\"cta-icon\">\n        <svg width=\"24\" height=\"24\" viewBox=\"0 0 24 24\" fill=\"none\" xmlns=\"http:\/\/www.w3.org\/2000\/svg\">\n<path d=\"M7.92308 6H18M18 6V16.0769M18 6L6 18\" stroke=\"white\" stroke-width=\"2\" stroke-linecap=\"round\" stroke-linejoin=\"round\"\/>\n<\/svg>\n      <\/span>\n    \n    <span class=\"cta-title\">\n      Activar Bizum    <\/span>\n\n  <\/a>\n<\/div><\/div>\n\n\n\n<div class=\"wp-block-column is-layout-flow wp-block-column-is-layout-flow\">\n\n<figure \n  class=\"wp-ax-image  wp-animated-image ax-image__x has-square-left  has-blue-squares ax-image__double \" \n  class=\"align wp-block-acf-mnz-animated-image\" \n  >\n  <div class=\"ax-image__item ax-image__bar-wrapper\">\n    <div class=\"ax-image__item-bar ax-image__item-bar-1\"><\/div>\n          <div class=\"ax-image__item-bar ax-image__item-bar-2\"><\/div>\n      <\/div>\n  <figure class=\"ax-image__item ax-image__figure\">\n    <img loading=\"lazy\" decoding=\"async\" width=\"616\" height=\"598\" src=\"https:\/\/bizum.com\/es\/wp-content\/uploads\/2025\/05\/bizum-para-menores.png\" class=\"attachment-full size-full\" alt=\"\" srcset=\"https:\/\/bizum.com\/es\/wp-content\/uploads\/2025\/05\/bizum-para-menores.png 616w, https:\/\/bizum.com\/es\/wp-content\/uploads\/2025\/05\/bizum-para-menores-300x291.png 300w\" sizes=\"auto, (max-width: 616px) 100vw, 616px\" \/>  <\/figure>\n<\/figure><\/div>\n<\/div>\n\n\n\n<div class=\"wp-block-columns has-background-gray-125-background-color has-background is-layout-flex wp-container-core-columns-is-layout-91ca3140 wp-block-columns-is-layout-flex\" style=\"border-radius:32px;margin-top:var(--wp--preset--spacing--2);margin-bottom:var(--wp--preset--spacing--2)\">\n<div class=\"wp-block-column is-layout-flow wp-block-column-is-layout-flow\">\n<section class=\"slider-entidades br-ml  wp-slider-entidades has-background-white-500-color wp-elements-f25e399163f49c7dc580621703cf1a6a\" class=\"align wp-elements-f25e399163f49c7dc580621703cf1a6a wp-block-acf-mnz-slider-entidades has-text-color has-background-white-500-color\">\n  <header>\n    <div class=\"acf-innerblocks-container\">\n\n<h2 class=\"wp-block-heading has-text-black-500-color has-text-color has-link-color has-ml-font-size wp-elements-8e60fe8bed82b8123bcd52129d3ca216\">Bancos con los que podr\u00e1s activar Bizum<\/h2>\n\n\n\n<p class=\"has-text-black-500-color has-text-color has-link-color wp-elements-542211b692afa96790aca257cc84f367\">Selecciona tu banco para obtener su app si a\u00fan no la tienes y empieza a utilizar Bizum<\/p>\n\n\n\n<div class=\"wp-button-wrapper wp-elements-e4e7d68649294570d09d66e35186ab35\">\n  <a class=\" wp-button-link has-border-bottom has-icon is-underlined icon-arrow-up-right has-button-link-black-500-color wp-elements-e4e7d68649294570d09d66e35186ab35\"\n    data-event=\"cta_bancos\"\n        target=\"\"\n    href=\"\/?page_id=1439\"\n        style=\"margin-bottom:var(--wp--preset--spacing--2);\" class=\"align wp-elements-e4e7d68649294570d09d66e35186ab35 wp-block-acf-mnz-button-link has-text-color has-button-link-black-500-color\">\n          <span class=\"cta-icon\">\n        <svg width=\"24\" height=\"24\" viewBox=\"0 0 24 24\" fill=\"none\" xmlns=\"http:\/\/www.w3.org\/2000\/svg\">\n<path d=\"M7.92308 6H18M18 6V16.0769M18 6L6 18\" stroke=\"black\" stroke-width=\"2\" stroke-linecap=\"round\" stroke-linejoin=\"round\"\/>\n<\/svg>\n      <\/span>\n    \n    <span class=\"cta-title\">\n      Ver todas las entidades    <\/span>\n\n  <\/a>\n<\/div>\n<\/div>\n  <\/header>\n    <div class=\"slider-entidades-swiper content-entidades\"\n    data-filter=\"[154]\"\n    data-per-slide=\"5\"\n    data-display-search-form=\"false\"\n    data-autoplay=\"false\">\n  <\/div>\n<\/section><\/div>\n<\/div>\n\n\n\n<div class=\"wp-block-columns is-layout-flex wp-container-core-columns-is-layout-28f84493 wp-block-columns-is-layout-flex\">\n<div class=\"wp-block-column is-vertically-aligned-center is-layout-flow wp-block-column-is-layout-flow\">\n\n<figure \n  class=\"wp-ax-image  wp-animated-image ax-image__y has-square-left  has-blue-squares ax-image__double \" \n  class=\"align wp-block-acf-mnz-animated-image\" \n  >\n  <div class=\"ax-image__item ax-image__bar-wrapper\">\n    <div class=\"ax-image__item-bar ax-image__item-bar-1\"><\/div>\n          <div class=\"ax-image__item-bar ax-image__item-bar-2\"><\/div>\n      <\/div>\n  <figure class=\"ax-image__item ax-image__figure\">\n    <img loading=\"lazy\" decoding=\"async\" width=\"616\" height=\"598\" src=\"https:\/\/bizum.com\/es\/wp-content\/uploads\/2025\/05\/enviar-recibir-dinero-menores.png\" class=\"attachment-full size-full\" alt=\"\" srcset=\"https:\/\/bizum.com\/es\/wp-content\/uploads\/2025\/05\/enviar-recibir-dinero-menores.png 616w, https:\/\/bizum.com\/es\/wp-content\/uploads\/2025\/05\/enviar-recibir-dinero-menores-300x291.png 300w\" sizes=\"auto, (max-width: 616px) 100vw, 616px\" \/>  <\/figure>\n<\/figure><\/div>\n\n\n\n<div class=\"wp-block-column is-vertically-aligned-center is-layout-flow wp-block-column-is-layout-flow\">\n<h2 class=\"wp-block-heading has-text-black-500-color has-text-color has-link-color has-l-font-size wp-elements-1072b3a823a1c4133253cd2d871dc25d\">Enviar y recibir dinero m\u00e1s r\u00e1pido que nunca<\/h2>\n\n\n\n<p class=\"has-text-black-500-color has-text-color has-link-color wp-elements-423f8f26eb48aa0d3768585eb98f17f2\" style=\"padding-top:var(--wp--preset--spacing--2);padding-bottom:var(--wp--preset--spacing--2)\">Solo necesitas tu m\u00f3vil y el n\u00famero de tel\u00e9fono. Podr\u00e1s recibir ese regalo de tus seres queridos y saldar deuda con tus amistades. Con el control y supervisi\u00f3n de tu tutor. 100% seguro.<\/p>\n\n\n\n<div class=\"wp-button-wrapper \">\n  <a class=\" wp-button-link has-border-bottom has-icon is-underlined has-icon-after icon-arrow-up-right\"\n    data-event=\"text_mas-informacion\"\n        target=\"\"\n    href=\"\/?page_id=1456\"\n        class=\"align wp-block-acf-mnz-button-link\">\n          <span class=\"cta-icon\">\n        <svg width=\"24\" height=\"24\" viewBox=\"0 0 24 24\" fill=\"none\" xmlns=\"http:\/\/www.w3.org\/2000\/svg\">\n<path d=\"M7.92308 6H18M18 6V16.0769M18 6L6 18\" stroke=\"black\" stroke-width=\"2\" stroke-linecap=\"round\" stroke-linejoin=\"round\"\/>\n<\/svg>\n      <\/span>\n    \n    <span class=\"cta-title\">\n      M\u00e1s informaci\u00f3n    <\/span>\n\n  <\/a>\n<\/div><\/div>\n<\/div>\n\n\n\n<div class=\"wp-block-columns is-layout-flex wp-container-core-columns-is-layout-28f84493 wp-block-columns-is-layout-flex\">\n<div class=\"wp-block-column is-vertically-aligned-center is-layout-flow wp-block-column-is-layout-flow\">\n<h2 class=\"wp-block-heading has-text-black-500-color has-text-color has-link-color has-l-font-size wp-elements-f2b42e49a3321dc7d9ac8a97a41c31cb\">Paga en miles de comercios online<\/h2>\n\n\n\n<p class=\"has-text-black-500-color has-text-color has-link-color wp-elements-36926894d8547d60c7cd027fe335d230\" style=\"padding-top:var(--wp--preset--spacing--2);padding-bottom:var(--wp--preset--spacing--2)\">Realiza tus compras online de manera r\u00e1pida y segura.<br>Solo tienes que elegir la opci\u00f3n \u201cPagar con Bizum\u201d, indicar tu n\u00famero de tel\u00e9fono, abrir la notificaci\u00f3n de la app bancaria y validar la operaci\u00f3n. \u00a1As\u00ed de f\u00e1cil y de seguro!<\/p>\n\n\n\n<div class=\"wp-button-wrapper \">\n  <a class=\" wp-button-link has-border-bottom has-icon is-underlined has-icon-after icon-arrow-up-right\"\n    data-event=\"text_mas-informacion\"\n        target=\"\"\n    href=\"\/?page_id=1489\"\n        class=\"align wp-block-acf-mnz-button-link\">\n          <span class=\"cta-icon\">\n        <svg width=\"24\" height=\"24\" viewBox=\"0 0 24 24\" fill=\"none\" xmlns=\"http:\/\/www.w3.org\/2000\/svg\">\n<path d=\"M7.92308 6H18M18 6V16.0769M18 6L6 18\" stroke=\"black\" stroke-width=\"2\" stroke-linecap=\"round\" stroke-linejoin=\"round\"\/>\n<\/svg>\n      <\/span>\n    \n    <span class=\"cta-title\">\n      M\u00e1s informaci\u00f3n    <\/span>\n\n  <\/a>\n<\/div><\/div>\n\n\n\n<div class=\"wp-block-column is-vertically-aligned-center is-layout-flow wp-block-column-is-layout-flow\">\n\n<figure \n  class=\"wp-ax-image  wp-animated-image ax-image__y has-square-left  has-blue-squares ax-image__double \" \n  class=\"align wp-block-acf-mnz-animated-image\" \n  >\n  <div class=\"ax-image__item ax-image__bar-wrapper\">\n    <div class=\"ax-image__item-bar ax-image__item-bar-1\"><\/div>\n          <div class=\"ax-image__item-bar ax-image__item-bar-2\"><\/div>\n      <\/div>\n  <figure class=\"ax-image__item ax-image__figure\">\n    <img loading=\"lazy\" decoding=\"async\" width=\"616\" height=\"598\" src=\"https:\/\/bizum.com\/es\/wp-content\/uploads\/2025\/05\/pago-comercios-menores.png\" class=\"attachment-full size-full\" alt=\"\" srcset=\"https:\/\/bizum.com\/es\/wp-content\/uploads\/2025\/05\/pago-comercios-menores.png 616w, https:\/\/bizum.com\/es\/wp-content\/uploads\/2025\/05\/pago-comercios-menores-300x291.png 300w\" sizes=\"auto, (max-width: 616px) 100vw, 616px\" \/>  <\/figure>\n<\/figure><\/div>\n<\/div>\n\n\n\n<div class=\"wp-block-columns is-layout-flex wp-container-core-columns-is-layout-28f84493 wp-block-columns-is-layout-flex\">\n<div class=\"wp-block-column is-vertically-aligned-center is-layout-flow wp-block-column-is-layout-flow\">\n\n<figure \n  class=\"wp-ax-image  wp-animated-image ax-image__y has-square-left  has-blue-squares ax-image__double \" \n  class=\"align wp-block-acf-mnz-animated-image\" \n  >\n  <div class=\"ax-image__item ax-image__bar-wrapper\">\n    <div class=\"ax-image__item-bar ax-image__item-bar-1\"><\/div>\n          <div class=\"ax-image__item-bar ax-image__item-bar-2\"><\/div>\n      <\/div>\n  <figure class=\"ax-image__item ax-image__figure\">\n    <img loading=\"lazy\" decoding=\"async\" width=\"616\" height=\"598\" src=\"https:\/\/bizum.com\/es\/wp-content\/uploads\/2025\/05\/pago-presencial-menores.png\" class=\"attachment-full size-full\" alt=\"\" srcset=\"https:\/\/bizum.com\/es\/wp-content\/uploads\/2025\/05\/pago-presencial-menores.png 616w, https:\/\/bizum.com\/es\/wp-content\/uploads\/2025\/05\/pago-presencial-menores-300x291.png 300w\" sizes=\"auto, (max-width: 616px) 100vw, 616px\" \/>  <\/figure>\n<\/figure><\/div>\n\n\n\n<div class=\"wp-block-column is-vertically-aligned-center is-layout-flow wp-block-column-is-layout-flow\">\n<h2 class=\"wp-block-heading has-text-black-500-color has-text-color has-link-color has-l-font-size wp-elements-12aba0da138dcba2643178bf355012c9\">Paga con Bizum de forma presencial<\/h2>\n\n\n\n<p class=\"has-text-black-500-color has-text-color has-link-color wp-elements-003cad60dbeaef13adc941c53a6d5b9c\" style=\"padding-top:var(--wp--preset--spacing--2);padding-bottom:var(--wp--preset--spacing--2)\">La merienda con el grupo, la piscina en verano,&#8230; No necesitar\u00e1s m\u00e1s que Bizum.<\/p>\n\n\n\n<div class=\"wp-button-wrapper \">\n  <a class=\" wp-button-link has-border-bottom has-icon is-underlined has-icon-after icon-arrow-up-right\"\n    data-event=\"text_mas-informacion\"\n        target=\"\"\n    href=\"\/?page_id=1750\"\n        class=\"align wp-block-acf-mnz-button-link\">\n          <span class=\"cta-icon\">\n        <svg width=\"24\" height=\"24\" viewBox=\"0 0 24 24\" fill=\"none\" xmlns=\"http:\/\/www.w3.org\/2000\/svg\">\n<path d=\"M7.92308 6H18M18 6V16.0769M18 6L6 18\" stroke=\"black\" stroke-width=\"2\" stroke-linecap=\"round\" stroke-linejoin=\"round\"\/>\n<\/svg>\n      <\/span>\n    \n    <span class=\"cta-title\">\n      M\u00e1s informaci\u00f3n    <\/span>\n\n  <\/a>\n<\/div><\/div>\n<\/div>\n\n\n\n<div class=\"wp-block-columns is-layout-flex wp-container-core-columns-is-layout-28f84493 wp-block-columns-is-layout-flex\">\n<div class=\"wp-block-column is-vertically-aligned-center is-layout-flow wp-block-column-is-layout-flow\">\n<h2 class=\"wp-block-heading has-text-black-500-color has-text-color has-link-color has-l-font-size wp-elements-487cda03c9df6b3594aca6dc6da9e600\">\u00bfTe quedan dudas?<br>Revisa nuestras preguntas frecuentes<\/h2>\n\n\n\n<p class=\"has-text-black-500-color has-text-color has-link-color wp-elements-6bce8db0bc14654c876e72274f6895e5\" style=\"padding-top:var(--wp--preset--spacing--2);padding-bottom:var(--wp--preset--spacing--2)\">Si no encuentras la respuesta a tu duda, tambi\u00e9n puedes <a data-type=\"page\" data-id=\"1620\" href=\"https:\/\/bizum.com\/contacto\/\">contactar con tu entidad proveedora del servicio para que te ayude<\/a><\/p>\n\n\n\n<div class=\"wp-button-wrapper \">\n  <a class=\" wp-button has-button-blue-600-background-color\"\n    data-event=\"cta_preguntas-frecuentes\"\n        target=\"\"\n    href=\"\/?page_id=1591\"\n        class=\"align wp-block-acf-mnz-button has-background has-button-blue-600-background-color\">\n    \n    <span class=\"cta-title\">\n      Ver preguntas frecuentes    <\/span>\n\n  <\/a>\n<\/div><\/div>\n\n\n\n<div class=\"wp-block-column is-vertically-aligned-center is-layout-flow wp-block-column-is-layout-flow\">\n\n<figure \n  class=\"wp-ax-image  wp-animated-image ax-image__y has-square-left is-round has-blue-squares ax-image__double \" \n  class=\"align wp-block-acf-mnz-animated-image\" \n  >\n  <div class=\"ax-image__item ax-image__bar-wrapper\">\n    <div class=\"ax-image__item-bar ax-image__item-bar-1\"><\/div>\n          <div class=\"ax-image__item-bar ax-image__item-bar-2\"><\/div>\n      <\/div>\n  <figure class=\"ax-image__item ax-image__figure\">\n    <img loading=\"lazy\" decoding=\"async\" width=\"616\" height=\"598\" src=\"https:\/\/bizum.com\/es\/wp-content\/uploads\/2025\/05\/faq-menores.png\" class=\"attachment-full size-full\" alt=\"\" srcset=\"https:\/\/bizum.com\/es\/wp-content\/uploads\/2025\/05\/faq-menores.png 616w, https:\/\/bizum.com\/es\/wp-content\/uploads\/2025\/05\/faq-menores-300x291.png 300w\" sizes=\"auto, (max-width: 616px) 100vw, 616px\" \/>  <\/figure>\n<\/figure><\/div>\n<\/div>\n","protected":false},"excerpt":{"rendered":"<p>Bizum para menores de edad Si tienes entre 12 y 17 a\u00f1os, ya puedes empezar a recibir y enviar dinero y hacer compras online con Bizum. Inf\u00f3rmate, con tu tutor, en tu banco. Enviar y recibir dinero m\u00e1s r\u00e1pido que nunca Solo necesitas tu m\u00f3vil y el n\u00famero de tel\u00e9fono. Podr\u00e1s recibir ese regalo de [&hellip;]<\/p>\n","protected":false},"author":16,"featured_media":0,"parent":0,"menu_order":0,"comment_status":"closed","ping_status":"closed","template":"","meta":{"_acf_changed":false,"footnotes":""},"class_list":["post-44965","page","type-page","status-publish","hentry"],"acf":[],"yoast_head":"<!-- This site is optimized with the Yoast SEO plugin v27.5 - https:\/\/yoast.com\/product\/yoast-seo-wordpress\/ -->\n<title>Menores - Bizum<\/title>\n<meta name=\"robots\" content=\"index, follow, max-snippet:-1, max-image-preview:large, max-video-preview:-1\" \/>\n<link rel=\"canonical\" href=\"https:\/\/bizum.com\/es\/menores\/\" \/>\n<meta property=\"og:locale\" content=\"es_ES\" \/>\n<meta property=\"og:type\" content=\"article\" \/>\n<meta property=\"og:title\" content=\"Menores - Bizum\" \/>\n<meta property=\"og:description\" content=\"Bizum para menores de edad Si tienes entre 12 y 17 a\u00f1os, ya puedes empezar a recibir y enviar dinero y hacer compras online con Bizum. Inf\u00f3rmate, con tu tutor, en tu banco. Enviar y recibir dinero m\u00e1s r\u00e1pido que nunca Solo necesitas tu m\u00f3vil y el n\u00famero de tel\u00e9fono. Podr\u00e1s recibir ese regalo de [&hellip;]\" \/>\n<meta property=\"og:url\" content=\"https:\/\/bizum.com\/es\/menores\/\" \/>\n<meta property=\"og:site_name\" content=\"Bizum\" \/>\n<meta property=\"article:modified_time\" content=\"2025-06-05T10:28:02+00:00\" \/>\n<meta name=\"twitter:card\" content=\"summary_large_image\" \/>\n<meta name=\"twitter:label1\" content=\"Tiempo de lectura\" \/>\n\t<meta name=\"twitter:data1\" content=\"1 minuto\" \/>\n<script type=\"application\/ld+json\" class=\"yoast-schema-graph\">{\"@context\":\"https:\\\/\\\/schema.org\",\"@graph\":[{\"@type\":\"WebPage\",\"@id\":\"https:\\\/\\\/bizum.com\\\/es\\\/menores\\\/\",\"url\":\"https:\\\/\\\/bizum.com\\\/es\\\/menores\\\/\",\"name\":\"Menores - Bizum\",\"isPartOf\":{\"@id\":\"https:\\\/\\\/bizum.com\\\/es\\\/#website\"},\"datePublished\":\"2025-06-01T18:10:19+00:00\",\"dateModified\":\"2025-06-05T10:28:02+00:00\",\"breadcrumb\":{\"@id\":\"https:\\\/\\\/bizum.com\\\/es\\\/menores\\\/#breadcrumb\"},\"inLanguage\":\"es\",\"potentialAction\":[{\"@type\":\"ReadAction\",\"target\":[\"https:\\\/\\\/bizum.com\\\/es\\\/menores\\\/\"]}]},{\"@type\":\"BreadcrumbList\",\"@id\":\"https:\\\/\\\/bizum.com\\\/es\\\/menores\\\/#breadcrumb\",\"itemListElement\":[{\"@type\":\"ListItem\",\"position\":1,\"name\":\"Home\",\"item\":\"https:\\\/\\\/bizum.com\\\/es\\\/\"},{\"@type\":\"ListItem\",\"position\":2,\"name\":\"Menores\"}]},{\"@type\":\"WebSite\",\"@id\":\"https:\\\/\\\/bizum.com\\\/es\\\/#website\",\"url\":\"https:\\\/\\\/bizum.com\\\/es\\\/\",\"name\":\"Bizum\",\"description\":\"Con Bizum puedes enviar y recibir dinero entre amigos, pagar en comercios online y donar a la ONG que tu elijas, todo desde tu m\u00f3vil.\",\"potentialAction\":[{\"@type\":\"SearchAction\",\"target\":{\"@type\":\"EntryPoint\",\"urlTemplate\":\"https:\\\/\\\/bizum.com\\\/es\\\/?s={search_term_string}\"},\"query-input\":{\"@type\":\"PropertyValueSpecification\",\"valueRequired\":true,\"valueName\":\"search_term_string\"}}],\"inLanguage\":\"es\"}]}<\/script>\n<!-- \/ Yoast SEO plugin. -->","yoast_head_json":{"title":"Menores - Bizum","robots":{"index":"index","follow":"follow","max-snippet":"max-snippet:-1","max-image-preview":"max-image-preview:large","max-video-preview":"max-video-preview:-1"},"canonical":"https:\/\/bizum.com\/es\/menores\/","og_locale":"es_ES","og_type":"article","og_title":"Menores - Bizum","og_description":"Bizum para menores de edad Si tienes entre 12 y 17 a\u00f1os, ya puedes empezar a recibir y enviar dinero y hacer compras online con Bizum. Inf\u00f3rmate, con tu tutor, en tu banco. Enviar y recibir dinero m\u00e1s r\u00e1pido que nunca Solo necesitas tu m\u00f3vil y el n\u00famero de tel\u00e9fono. Podr\u00e1s recibir ese regalo de [&hellip;]","og_url":"https:\/\/bizum.com\/es\/menores\/","og_site_name":"Bizum","article_modified_time":"2025-06-05T10:28:02+00:00","twitter_card":"summary_large_image","twitter_misc":{"Tiempo de lectura":"1 minuto"},"schema":{"@context":"https:\/\/schema.org","@graph":[{"@type":"WebPage","@id":"https:\/\/bizum.com\/es\/menores\/","url":"https:\/\/bizum.com\/es\/menores\/","name":"Menores - Bizum","isPartOf":{"@id":"https:\/\/bizum.com\/es\/#website"},"datePublished":"2025-06-01T18:10:19+00:00","dateModified":"2025-06-05T10:28:02+00:00","breadcrumb":{"@id":"https:\/\/bizum.com\/es\/menores\/#breadcrumb"},"inLanguage":"es","potentialAction":[{"@type":"ReadAction","target":["https:\/\/bizum.com\/es\/menores\/"]}]},{"@type":"BreadcrumbList","@id":"https:\/\/bizum.com\/es\/menores\/#breadcrumb","itemListElement":[{"@type":"ListItem","position":1,"name":"Home","item":"https:\/\/bizum.com\/es\/"},{"@type":"ListItem","position":2,"name":"Menores"}]},{"@type":"WebSite","@id":"https:\/\/bizum.com\/es\/#website","url":"https:\/\/bizum.com\/es\/","name":"Bizum","description":"Con Bizum puedes enviar y recibir dinero entre amigos, pagar en comercios online y donar a la ONG que tu elijas, todo desde tu m\u00f3vil.","potentialAction":[{"@type":"SearchAction","target":{"@type":"EntryPoint","urlTemplate":"https:\/\/bizum.com\/es\/?s={search_term_string}"},"query-input":{"@type":"PropertyValueSpecification","valueRequired":true,"valueName":"search_term_string"}}],"inLanguage":"es"}]}},"_links":{"self":[{"href":"https:\/\/bizum.com\/es\/wp-json\/wp\/v2\/pages\/44965","targetHints":{"allow":["GET"]}}],"collection":[{"href":"https:\/\/bizum.com\/es\/wp-json\/wp\/v2\/pages"}],"about":[{"href":"https:\/\/bizum.com\/es\/wp-json\/wp\/v2\/types\/page"}],"author":[{"embeddable":true,"href":"https:\/\/bizum.com\/es\/wp-json\/wp\/v2\/users\/16"}],"replies":[{"embeddable":true,"href":"https:\/\/bizum.com\/es\/wp-json\/wp\/v2\/comments?post=44965"}],"version-history":[{"count":14,"href":"https:\/\/bizum.com\/es\/wp-json\/wp\/v2\/pages\/44965\/revisions"}],"predecessor-version":[{"id":46067,"href":"https:\/\/bizum.com\/es\/wp-json\/wp\/v2\/pages\/44965\/revisions\/46067"}],"wp:attachment":[{"href":"https:\/\/bizum.com\/es\/wp-json\/wp\/v2\/media?parent=44965"}],"curies":[{"name":"wp","href":"https:\/\/api.w.org\/{rel}","templated":true}]}}